{"id":22610,"date":"2025-01-25T02:02:08","date_gmt":"2025-01-25T00:02:08","guid":{"rendered":"https:\/\/avira-reusables.com\/collection\/unkategorisiert\/avira-alok-600ml-wasserflasche-aus-rcs-rec-360-stahl-navy-blau\/"},"modified":"2026-03-12T02:19:00","modified_gmt":"2026-03-12T00:19:00","slug":"avira-alok-600ml-wasserflasche-aus-rcs-rec-360-stahl-navy-blau","status":"publish","type":"product","link":"https:\/\/avira-reusables.com\/de\/collection\/unkategorisiert\/avira-alok-600ml-wasserflasche-aus-rcs-rec-360-stahl-navy-blau\/","title":{"rendered":"Avira Alok 360 Klick-Wasserflasche aus RCS rec. Stahl, 600ml, navy blau"},"content":{"rendered":"<p>Die Alok wurde f\u00fcr ein nahtloses 360-Grad-Trinkerlebnis entwickelt, das das volle Aroma Ihres Kaffees zur Geltung bringt. Sie l\u00e4sst sich leicht mit einer Hand \u00f6ffnen und ist ideal f\u00fcr den Alltag unterwegs. Der Deckel l\u00e4sst sich leicht reinigen, und das Geh\u00e4use ist aus RCS-zertifiziert recyceltem Stahl gefertigt, was es sowohl nachhaltig als auch BPA-frei macht. Mit einem Fassungsverm\u00f6gen von 600ml wird sie in einer FSC\u00ae-zertifizierten Kraftverpackung geliefert, die als Telefonhalter, Stifthalter oder sogar als Blumentopfhalter verwendet werden kann! Gesamter recycelter Inhalt: 77% basierend auf dem Gesamtgewicht des Artikels. Nur Handw\u00e4sche. 2% des Erl\u00f6ses jedes verkauften Impact-Produkts werden an Water.org gespendet.<\/p>\n","protected":false},"excerpt":{"rendered":"<p>Die Alok wurde f\u00fcr ein nahtloses 360-Grad-Trinkerlebnis entwickelt, das das volle Aroma Ihres Kaffees zur Geltung bringt. Sie l\u00e4sst sich leicht mit einer Hand \u00f6ffnen und ist ideal f\u00fcr den Alltag unterwegs. Der Deckel l\u00e4sst sich leicht reinigen, und das Geh\u00e4use ist aus RCS-zertifiziert recyceltem Stahl gefertigt, was es sowohl nachhaltig als auch BPA-frei macht. [&hellip;]<\/p>\n","protected":false},"featured_media":22663,"template":"","meta":{"_acf_changed":false},"product_cat":[],"product_tag":[],"class_list":["post-22610","product","type-product","status-publish","has-post-thumbnail","hentry"],"acf":[],"yoast_head":"<!-- This site is optimized with the Yoast SEO plugin v27.0 - https:\/\/yoast.com\/product\/yoast-seo-wordpress\/ -->\n<title>Avira Alok 360 Klick-Wasserflasche aus RCS rec. Stahl, 600ml, navy blau - Avira<\/title>\n<meta name=\"robots\" content=\"index, follow, max-snippet:-1, max-image-preview:large, max-video-preview:-1\" \/>\n<link rel=\"canonical\" href=\"https:\/\/avira-reusables.com\/de\/collection\/unkategorisiert\/avira-alok-600ml-wasserflasche-aus-rcs-rec-360-stahl-navy-blau\/\" \/>\n<meta property=\"og:locale\" content=\"de_DE\" \/>\n<meta property=\"og:type\" content=\"article\" \/>\n<meta property=\"og:title\" content=\"Avira Alok 360 Klick-Wasserflasche aus RCS rec. Stahl, 600ml, navy blau - Avira\" \/>\n<meta property=\"og:description\" content=\"Die Alok wurde f\u00fcr ein nahtloses 360-Grad-Trinkerlebnis entwickelt, das das volle Aroma Ihres Kaffees zur Geltung bringt. Sie l\u00e4sst sich leicht mit einer Hand \u00f6ffnen und ist ideal f\u00fcr den Alltag unterwegs. Der Deckel l\u00e4sst sich leicht reinigen, und das Geh\u00e4use ist aus RCS-zertifiziert recyceltem Stahl gefertigt, was es sowohl nachhaltig als auch BPA-frei macht. [&hellip;]\" \/>\n<meta property=\"og:url\" content=\"https:\/\/avira-reusables.com\/de\/collection\/unkategorisiert\/avira-alok-600ml-wasserflasche-aus-rcs-rec-360-stahl-navy-blau\/\" \/>\n<meta property=\"og:site_name\" content=\"Avira\" \/>\n<meta property=\"article:modified_time\" content=\"2026-03-12T00:19:00+00:00\" \/>\n<meta property=\"og:image\" content=\"https:\/\/avira-reusables.com\/wp-content\/uploads\/sites\/2\/2025\/01\/P438.0925__S_0__0680854620a74f5582e322a21e75b8fa.jpg\" \/>\n\t<meta property=\"og:image:width\" content=\"1024\" \/>\n\t<meta property=\"og:image:height\" content=\"1024\" \/>\n\t<meta property=\"og:image:type\" content=\"image\/jpeg\" \/>\n<meta name=\"twitter:card\" content=\"summary_large_image\" \/>\n<meta name=\"twitter:label1\" content=\"Gesch\u00e4tzte Lesezeit\" \/>\n\t<meta name=\"twitter:data1\" content=\"1\u00a0Minute\" \/>\n<script type=\"application\/ld+json\" class=\"yoast-schema-graph\">{\"@context\":\"https:\/\/schema.org\",\"@graph\":[{\"@type\":\"WebPage\",\"@id\":\"https:\/\/avira-reusables.com\/de\/collection\/unkategorisiert\/avira-alok-600ml-wasserflasche-aus-rcs-rec-360-stahl-navy-blau\/\",\"url\":\"https:\/\/avira-reusables.com\/de\/collection\/unkategorisiert\/avira-alok-600ml-wasserflasche-aus-rcs-rec-360-stahl-navy-blau\/\",\"name\":\"Avira Alok 360 Klick-Wasserflasche aus RCS rec. Stahl, 600ml, navy blau - Avira\",\"isPartOf\":{\"@id\":\"https:\/\/avira-reusables.com\/de\/#website\"},\"primaryImageOfPage\":{\"@id\":\"https:\/\/avira-reusables.com\/de\/collection\/unkategorisiert\/avira-alok-600ml-wasserflasche-aus-rcs-rec-360-stahl-navy-blau\/#primaryimage\"},\"image\":{\"@id\":\"https:\/\/avira-reusables.com\/de\/collection\/unkategorisiert\/avira-alok-600ml-wasserflasche-aus-rcs-rec-360-stahl-navy-blau\/#primaryimage\"},\"thumbnailUrl\":\"https:\/\/avira-reusables.com\/wp-content\/uploads\/sites\/2\/2025\/01\/P438.0925__S_0__0680854620a74f5582e322a21e75b8fa.jpg\",\"datePublished\":\"2025-01-25T00:02:08+00:00\",\"dateModified\":\"2026-03-12T00:19:00+00:00\",\"breadcrumb\":{\"@id\":\"https:\/\/avira-reusables.com\/de\/collection\/unkategorisiert\/avira-alok-600ml-wasserflasche-aus-rcs-rec-360-stahl-navy-blau\/#breadcrumb\"},\"inLanguage\":\"de\",\"potentialAction\":[{\"@type\":\"ReadAction\",\"target\":[\"https:\/\/avira-reusables.com\/de\/collection\/unkategorisiert\/avira-alok-600ml-wasserflasche-aus-rcs-rec-360-stahl-navy-blau\/\"]}]},{\"@type\":\"ImageObject\",\"inLanguage\":\"de\",\"@id\":\"https:\/\/avira-reusables.com\/de\/collection\/unkategorisiert\/avira-alok-600ml-wasserflasche-aus-rcs-rec-360-stahl-navy-blau\/#primaryimage\",\"url\":\"https:\/\/avira-reusables.com\/wp-content\/uploads\/sites\/2\/2025\/01\/P438.0925__S_0__0680854620a74f5582e322a21e75b8fa.jpg\",\"contentUrl\":\"https:\/\/avira-reusables.com\/wp-content\/uploads\/sites\/2\/2025\/01\/P438.0925__S_0__0680854620a74f5582e322a21e75b8fa.jpg\",\"width\":1024,\"height\":1024},{\"@type\":\"BreadcrumbList\",\"@id\":\"https:\/\/avira-reusables.com\/de\/collection\/unkategorisiert\/avira-alok-600ml-wasserflasche-aus-rcs-rec-360-stahl-navy-blau\/#breadcrumb\",\"itemListElement\":[{\"@type\":\"ListItem\",\"position\":1,\"name\":\"Home\",\"item\":\"https:\/\/avira-reusables.com\/de\/\"},{\"@type\":\"ListItem\",\"position\":2,\"name\":\"Sammlung\",\"item\":\"https:\/\/avira-reusables.com\/de\/sammlung\/\"},{\"@type\":\"ListItem\",\"position\":3,\"name\":\"Avira Alok 360 Klick-Wasserflasche aus RCS rec. Stahl, 600ml, navy blau\"}]},{\"@type\":\"WebSite\",\"@id\":\"https:\/\/avira-reusables.com\/de\/#website\",\"url\":\"https:\/\/avira-reusables.com\/de\/\",\"name\":\"Avira\",\"description\":\"Made of 100% recycled materials\",\"potentialAction\":[{\"@type\":\"SearchAction\",\"target\":{\"@type\":\"EntryPoint\",\"urlTemplate\":\"https:\/\/avira-reusables.com\/de\/?s={search_term_string}\"},\"query-input\":{\"@type\":\"PropertyValueSpecification\",\"valueRequired\":true,\"valueName\":\"search_term_string\"}}],\"inLanguage\":\"de\"}]}<\/script>\n<!-- \/ Yoast SEO plugin. -->","yoast_head_json":{"title":"Avira Alok 360 Klick-Wasserflasche aus RCS rec. Stahl, 600ml, navy blau - Avira","robots":{"index":"index","follow":"follow","max-snippet":"max-snippet:-1","max-image-preview":"max-image-preview:large","max-video-preview":"max-video-preview:-1"},"canonical":"https:\/\/avira-reusables.com\/de\/collection\/unkategorisiert\/avira-alok-600ml-wasserflasche-aus-rcs-rec-360-stahl-navy-blau\/","og_locale":"de_DE","og_type":"article","og_title":"Avira Alok 360 Klick-Wasserflasche aus RCS rec. Stahl, 600ml, navy blau - Avira","og_description":"Die Alok wurde f\u00fcr ein nahtloses 360-Grad-Trinkerlebnis entwickelt, das das volle Aroma Ihres Kaffees zur Geltung bringt. Sie l\u00e4sst sich leicht mit einer Hand \u00f6ffnen und ist ideal f\u00fcr den Alltag unterwegs. Der Deckel l\u00e4sst sich leicht reinigen, und das Geh\u00e4use ist aus RCS-zertifiziert recyceltem Stahl gefertigt, was es sowohl nachhaltig als auch BPA-frei macht. [&hellip;]","og_url":"https:\/\/avira-reusables.com\/de\/collection\/unkategorisiert\/avira-alok-600ml-wasserflasche-aus-rcs-rec-360-stahl-navy-blau\/","og_site_name":"Avira","article_modified_time":"2026-03-12T00:19:00+00:00","og_image":[{"width":1024,"height":1024,"url":"https:\/\/avira-reusables.com\/wp-content\/uploads\/sites\/2\/2025\/01\/P438.0925__S_0__0680854620a74f5582e322a21e75b8fa.jpg","type":"image\/jpeg"}],"twitter_card":"summary_large_image","twitter_misc":{"Gesch\u00e4tzte Lesezeit":"1\u00a0Minute"},"schema":{"@context":"https:\/\/schema.org","@graph":[{"@type":"WebPage","@id":"https:\/\/avira-reusables.com\/de\/collection\/unkategorisiert\/avira-alok-600ml-wasserflasche-aus-rcs-rec-360-stahl-navy-blau\/","url":"https:\/\/avira-reusables.com\/de\/collection\/unkategorisiert\/avira-alok-600ml-wasserflasche-aus-rcs-rec-360-stahl-navy-blau\/","name":"Avira Alok 360 Klick-Wasserflasche aus RCS rec. Stahl, 600ml, navy blau - Avira","isPartOf":{"@id":"https:\/\/avira-reusables.com\/de\/#website"},"primaryImageOfPage":{"@id":"https:\/\/avira-reusables.com\/de\/collection\/unkategorisiert\/avira-alok-600ml-wasserflasche-aus-rcs-rec-360-stahl-navy-blau\/#primaryimage"},"image":{"@id":"https:\/\/avira-reusables.com\/de\/collection\/unkategorisiert\/avira-alok-600ml-wasserflasche-aus-rcs-rec-360-stahl-navy-blau\/#primaryimage"},"thumbnailUrl":"https:\/\/avira-reusables.com\/wp-content\/uploads\/sites\/2\/2025\/01\/P438.0925__S_0__0680854620a74f5582e322a21e75b8fa.jpg","datePublished":"2025-01-25T00:02:08+00:00","dateModified":"2026-03-12T00:19:00+00:00","breadcrumb":{"@id":"https:\/\/avira-reusables.com\/de\/collection\/unkategorisiert\/avira-alok-600ml-wasserflasche-aus-rcs-rec-360-stahl-navy-blau\/#breadcrumb"},"inLanguage":"de","potentialAction":[{"@type":"ReadAction","target":["https:\/\/avira-reusables.com\/de\/collection\/unkategorisiert\/avira-alok-600ml-wasserflasche-aus-rcs-rec-360-stahl-navy-blau\/"]}]},{"@type":"ImageObject","inLanguage":"de","@id":"https:\/\/avira-reusables.com\/de\/collection\/unkategorisiert\/avira-alok-600ml-wasserflasche-aus-rcs-rec-360-stahl-navy-blau\/#primaryimage","url":"https:\/\/avira-reusables.com\/wp-content\/uploads\/sites\/2\/2025\/01\/P438.0925__S_0__0680854620a74f5582e322a21e75b8fa.jpg","contentUrl":"https:\/\/avira-reusables.com\/wp-content\/uploads\/sites\/2\/2025\/01\/P438.0925__S_0__0680854620a74f5582e322a21e75b8fa.jpg","width":1024,"height":1024},{"@type":"BreadcrumbList","@id":"https:\/\/avira-reusables.com\/de\/collection\/unkategorisiert\/avira-alok-600ml-wasserflasche-aus-rcs-rec-360-stahl-navy-blau\/#breadcrumb","itemListElement":[{"@type":"ListItem","position":1,"name":"Home","item":"https:\/\/avira-reusables.com\/de\/"},{"@type":"ListItem","position":2,"name":"Sammlung","item":"https:\/\/avira-reusables.com\/de\/sammlung\/"},{"@type":"ListItem","position":3,"name":"Avira Alok 360 Klick-Wasserflasche aus RCS rec. Stahl, 600ml, navy blau"}]},{"@type":"WebSite","@id":"https:\/\/avira-reusables.com\/de\/#website","url":"https:\/\/avira-reusables.com\/de\/","name":"Avira","description":"Made of 100% recycled materials","potentialAction":[{"@type":"SearchAction","target":{"@type":"EntryPoint","urlTemplate":"https:\/\/avira-reusables.com\/de\/?s={search_term_string}"},"query-input":{"@type":"PropertyValueSpecification","valueRequired":true,"valueName":"search_term_string"}}],"inLanguage":"de"}]}},"_links":{"self":[{"href":"https:\/\/avira-reusables.com\/de\/wp-json\/wp\/v2\/product\/22610","targetHints":{"allow":["GET"]}}],"collection":[{"href":"https:\/\/avira-reusables.com\/de\/wp-json\/wp\/v2\/product"}],"about":[{"href":"https:\/\/avira-reusables.com\/de\/wp-json\/wp\/v2\/types\/product"}],"wp:featuredmedia":[{"embeddable":true,"href":"https:\/\/avira-reusables.com\/de\/wp-json\/wp\/v2\/media\/22663"}],"wp:attachment":[{"href":"https:\/\/avira-reusables.com\/de\/wp-json\/wp\/v2\/media?parent=22610"}],"wp:term":[{"taxonomy":"product_cat","embeddable":true,"href":"https:\/\/avira-reusables.com\/de\/wp-json\/wp\/v2\/product_cat?post=22610"},{"taxonomy":"product_tag","embeddable":true,"href":"https:\/\/avira-reusables.com\/de\/wp-json\/wp\/v2\/product_tag?post=22610"}],"curies":[{"name":"wp","href":"https:\/\/api.w.org\/{rel}","templated":true}]}}