{"id":23404,"date":"2026-01-01T02:02:10","date_gmt":"2026-01-01T00:02:10","guid":{"rendered":"https:\/\/avira-reusables.com\/collection\/unkategorisiert\/avira-ayala-crossbody-duosip-becher-aus-rcs-rec-stahl-schwarz\/"},"modified":"2026-04-29T01:16:33","modified_gmt":"2026-04-28T23:16:33","slug":"avira-ayala-crossbody-duosip-becher-aus-rcs-rec-stahl-schwarz","status":"publish","type":"product","link":"https:\/\/avira-reusables.com\/de\/collection\/products\/avira-ayala-crossbody-duosip-becher-aus-rcs-rec-stahl-schwarz\/","title":{"rendered":"Avira Ayala Crossbody Duosip Becher aus RCS rec. Stahl, schwarz"},"content":{"rendered":"<p>Lernen Sie den Ayala Becher kennen. Dank seines intelligenten Verschlusssystems, seines Tragegriffs und seines abnehmbaren Tragebands k\u00f6nnen Sie ihn quer \u00fcber den K\u00f6rper tragen, um die H\u00e4nde beim Schlendern frei zu haben, oder ihn ganz einfach \u00fcber die Schulter h\u00e4ngen. Mit 600ml Fassungsverm\u00f6gen hat er eine perfekte Gr\u00f6\u00dfe. Er besteht aus RCS-zertifiziert recyceltem Stahl mit einem silikonbeschichteten Boden und kombiniert Langlebigkeit mit durchdachtem Design, das die Umweltbelastung minimiert. Verpackt in umweltfreundlichem FSC\u00ae-zertifiziertem Kraftpapier, ist die Box mehr als nur eine Verpackung \u2013 sie kann als praktisches Schreibtischaccessoire wiederverwendet werden. Gesamtanteil an recyceltem Material: 58%, bezogen auf das Gesamtgewicht des Artikels. Und wie bei jedem Impact-Produkt werden 2% des Erl\u00f6ses an Water.org gespendet. Nur Handw\u00e4sche.<\/p>\n","protected":false},"excerpt":{"rendered":"<p>Lernen Sie den Ayala Becher kennen. Dank seines intelligenten Verschlusssystems, seines Tragegriffs und seines abnehmbaren Tragebands k\u00f6nnen Sie ihn quer \u00fcber den K\u00f6rper tragen, um die H\u00e4nde beim Schlendern frei zu haben, oder ihn ganz einfach \u00fcber die Schulter h\u00e4ngen. Mit 600ml Fassungsverm\u00f6gen hat er eine perfekte Gr\u00f6\u00dfe. Er besteht aus RCS-zertifiziert recyceltem Stahl mit [&hellip;]<\/p>\n","protected":false},"featured_media":23817,"template":"","meta":{"_acf_changed":false},"product_cat":[28],"product_tag":[],"class_list":["post-23404","product","type-product","status-publish","has-post-thumbnail","hentry","product_cat-products"],"acf":[],"yoast_head":"<!-- This site is optimized with the Yoast SEO plugin v27.0 - https:\/\/yoast.com\/product\/yoast-seo-wordpress\/ -->\n<title>Avira Ayala Crossbody Duosip Becher aus RCS rec. Stahl, schwarz - Avira<\/title>\n<meta name=\"robots\" content=\"index, follow, max-snippet:-1, max-image-preview:large, max-video-preview:-1\" \/>\n<link rel=\"canonical\" href=\"https:\/\/avira-reusables.com\/de\/collection\/products\/avira-ayala-crossbody-duosip-becher-aus-rcs-rec-stahl-schwarz\/\" \/>\n<meta property=\"og:locale\" content=\"de_DE\" \/>\n<meta property=\"og:type\" content=\"article\" \/>\n<meta property=\"og:title\" content=\"Avira Ayala Crossbody Duosip Becher aus RCS rec. Stahl, schwarz - Avira\" \/>\n<meta property=\"og:description\" content=\"Lernen Sie den Ayala Becher kennen. Dank seines intelligenten Verschlusssystems, seines Tragegriffs und seines abnehmbaren Tragebands k\u00f6nnen Sie ihn quer \u00fcber den K\u00f6rper tragen, um die H\u00e4nde beim Schlendern frei zu haben, oder ihn ganz einfach \u00fcber die Schulter h\u00e4ngen. Mit 600ml Fassungsverm\u00f6gen hat er eine perfekte Gr\u00f6\u00dfe. Er besteht aus RCS-zertifiziert recyceltem Stahl mit [&hellip;]\" \/>\n<meta property=\"og:url\" content=\"https:\/\/avira-reusables.com\/de\/collection\/products\/avira-ayala-crossbody-duosip-becher-aus-rcs-rec-stahl-schwarz\/\" \/>\n<meta property=\"og:site_name\" content=\"Avira\" \/>\n<meta property=\"article:modified_time\" content=\"2026-04-28T23:16:33+00:00\" \/>\n<meta property=\"og:image\" content=\"https:\/\/avira-reusables.com\/wp-content\/uploads\/sites\/2\/2026\/04\/P438.1101__S_0__b9b3f65f78fe4213883358240f1df004.jpg\" \/>\n\t<meta property=\"og:image:width\" content=\"1024\" \/>\n\t<meta property=\"og:image:height\" content=\"1024\" \/>\n\t<meta property=\"og:image:type\" content=\"image\/jpeg\" \/>\n<meta name=\"twitter:card\" content=\"summary_large_image\" \/>\n<meta name=\"twitter:label1\" content=\"Gesch\u00e4tzte Lesezeit\" \/>\n\t<meta name=\"twitter:data1\" content=\"1\u00a0Minute\" \/>\n<script type=\"application\/ld+json\" class=\"yoast-schema-graph\">{\"@context\":\"https:\/\/schema.org\",\"@graph\":[{\"@type\":\"WebPage\",\"@id\":\"https:\/\/avira-reusables.com\/de\/collection\/products\/avira-ayala-crossbody-duosip-becher-aus-rcs-rec-stahl-schwarz\/\",\"url\":\"https:\/\/avira-reusables.com\/de\/collection\/products\/avira-ayala-crossbody-duosip-becher-aus-rcs-rec-stahl-schwarz\/\",\"name\":\"Avira Ayala Crossbody Duosip Becher aus RCS rec. Stahl, schwarz - Avira\",\"isPartOf\":{\"@id\":\"https:\/\/avira-reusables.com\/de\/#website\"},\"primaryImageOfPage\":{\"@id\":\"https:\/\/avira-reusables.com\/de\/collection\/products\/avira-ayala-crossbody-duosip-becher-aus-rcs-rec-stahl-schwarz\/#primaryimage\"},\"image\":{\"@id\":\"https:\/\/avira-reusables.com\/de\/collection\/products\/avira-ayala-crossbody-duosip-becher-aus-rcs-rec-stahl-schwarz\/#primaryimage\"},\"thumbnailUrl\":\"https:\/\/avira-reusables.com\/wp-content\/uploads\/sites\/2\/2026\/04\/P438.1101__S_0__b9b3f65f78fe4213883358240f1df004.jpg\",\"datePublished\":\"2026-01-01T00:02:10+00:00\",\"dateModified\":\"2026-04-28T23:16:33+00:00\",\"breadcrumb\":{\"@id\":\"https:\/\/avira-reusables.com\/de\/collection\/products\/avira-ayala-crossbody-duosip-becher-aus-rcs-rec-stahl-schwarz\/#breadcrumb\"},\"inLanguage\":\"de\",\"potentialAction\":[{\"@type\":\"ReadAction\",\"target\":[\"https:\/\/avira-reusables.com\/de\/collection\/products\/avira-ayala-crossbody-duosip-becher-aus-rcs-rec-stahl-schwarz\/\"]}]},{\"@type\":\"ImageObject\",\"inLanguage\":\"de\",\"@id\":\"https:\/\/avira-reusables.com\/de\/collection\/products\/avira-ayala-crossbody-duosip-becher-aus-rcs-rec-stahl-schwarz\/#primaryimage\",\"url\":\"https:\/\/avira-reusables.com\/wp-content\/uploads\/sites\/2\/2026\/04\/P438.1101__S_0__b9b3f65f78fe4213883358240f1df004.jpg\",\"contentUrl\":\"https:\/\/avira-reusables.com\/wp-content\/uploads\/sites\/2\/2026\/04\/P438.1101__S_0__b9b3f65f78fe4213883358240f1df004.jpg\",\"width\":1024,\"height\":1024},{\"@type\":\"BreadcrumbList\",\"@id\":\"https:\/\/avira-reusables.com\/de\/collection\/products\/avira-ayala-crossbody-duosip-becher-aus-rcs-rec-stahl-schwarz\/#breadcrumb\",\"itemListElement\":[{\"@type\":\"ListItem\",\"position\":1,\"name\":\"Home\",\"item\":\"https:\/\/avira-reusables.com\/de\/\"},{\"@type\":\"ListItem\",\"position\":2,\"name\":\"Sammlung\",\"item\":\"https:\/\/avira-reusables.com\/de\/sammlung\/\"},{\"@type\":\"ListItem\",\"position\":3,\"name\":\"Avira Ayala Crossbody Duosip Becher aus RCS rec. Stahl, schwarz\"}]},{\"@type\":\"WebSite\",\"@id\":\"https:\/\/avira-reusables.com\/de\/#website\",\"url\":\"https:\/\/avira-reusables.com\/de\/\",\"name\":\"Avira\",\"description\":\"Made of 100% recycled materials\",\"potentialAction\":[{\"@type\":\"SearchAction\",\"target\":{\"@type\":\"EntryPoint\",\"urlTemplate\":\"https:\/\/avira-reusables.com\/de\/?s={search_term_string}\"},\"query-input\":{\"@type\":\"PropertyValueSpecification\",\"valueRequired\":true,\"valueName\":\"search_term_string\"}}],\"inLanguage\":\"de\"}]}<\/script>\n<!-- \/ Yoast SEO plugin. -->","yoast_head_json":{"title":"Avira Ayala Crossbody Duosip Becher aus RCS rec. Stahl, schwarz - Avira","robots":{"index":"index","follow":"follow","max-snippet":"max-snippet:-1","max-image-preview":"max-image-preview:large","max-video-preview":"max-video-preview:-1"},"canonical":"https:\/\/avira-reusables.com\/de\/collection\/products\/avira-ayala-crossbody-duosip-becher-aus-rcs-rec-stahl-schwarz\/","og_locale":"de_DE","og_type":"article","og_title":"Avira Ayala Crossbody Duosip Becher aus RCS rec. Stahl, schwarz - Avira","og_description":"Lernen Sie den Ayala Becher kennen. Dank seines intelligenten Verschlusssystems, seines Tragegriffs und seines abnehmbaren Tragebands k\u00f6nnen Sie ihn quer \u00fcber den K\u00f6rper tragen, um die H\u00e4nde beim Schlendern frei zu haben, oder ihn ganz einfach \u00fcber die Schulter h\u00e4ngen. Mit 600ml Fassungsverm\u00f6gen hat er eine perfekte Gr\u00f6\u00dfe. Er besteht aus RCS-zertifiziert recyceltem Stahl mit [&hellip;]","og_url":"https:\/\/avira-reusables.com\/de\/collection\/products\/avira-ayala-crossbody-duosip-becher-aus-rcs-rec-stahl-schwarz\/","og_site_name":"Avira","article_modified_time":"2026-04-28T23:16:33+00:00","og_image":[{"width":1024,"height":1024,"url":"https:\/\/avira-reusables.com\/wp-content\/uploads\/sites\/2\/2026\/04\/P438.1101__S_0__b9b3f65f78fe4213883358240f1df004.jpg","type":"image\/jpeg"}],"twitter_card":"summary_large_image","twitter_misc":{"Gesch\u00e4tzte Lesezeit":"1\u00a0Minute"},"schema":{"@context":"https:\/\/schema.org","@graph":[{"@type":"WebPage","@id":"https:\/\/avira-reusables.com\/de\/collection\/products\/avira-ayala-crossbody-duosip-becher-aus-rcs-rec-stahl-schwarz\/","url":"https:\/\/avira-reusables.com\/de\/collection\/products\/avira-ayala-crossbody-duosip-becher-aus-rcs-rec-stahl-schwarz\/","name":"Avira Ayala Crossbody Duosip Becher aus RCS rec. Stahl, schwarz - Avira","isPartOf":{"@id":"https:\/\/avira-reusables.com\/de\/#website"},"primaryImageOfPage":{"@id":"https:\/\/avira-reusables.com\/de\/collection\/products\/avira-ayala-crossbody-duosip-becher-aus-rcs-rec-stahl-schwarz\/#primaryimage"},"image":{"@id":"https:\/\/avira-reusables.com\/de\/collection\/products\/avira-ayala-crossbody-duosip-becher-aus-rcs-rec-stahl-schwarz\/#primaryimage"},"thumbnailUrl":"https:\/\/avira-reusables.com\/wp-content\/uploads\/sites\/2\/2026\/04\/P438.1101__S_0__b9b3f65f78fe4213883358240f1df004.jpg","datePublished":"2026-01-01T00:02:10+00:00","dateModified":"2026-04-28T23:16:33+00:00","breadcrumb":{"@id":"https:\/\/avira-reusables.com\/de\/collection\/products\/avira-ayala-crossbody-duosip-becher-aus-rcs-rec-stahl-schwarz\/#breadcrumb"},"inLanguage":"de","potentialAction":[{"@type":"ReadAction","target":["https:\/\/avira-reusables.com\/de\/collection\/products\/avira-ayala-crossbody-duosip-becher-aus-rcs-rec-stahl-schwarz\/"]}]},{"@type":"ImageObject","inLanguage":"de","@id":"https:\/\/avira-reusables.com\/de\/collection\/products\/avira-ayala-crossbody-duosip-becher-aus-rcs-rec-stahl-schwarz\/#primaryimage","url":"https:\/\/avira-reusables.com\/wp-content\/uploads\/sites\/2\/2026\/04\/P438.1101__S_0__b9b3f65f78fe4213883358240f1df004.jpg","contentUrl":"https:\/\/avira-reusables.com\/wp-content\/uploads\/sites\/2\/2026\/04\/P438.1101__S_0__b9b3f65f78fe4213883358240f1df004.jpg","width":1024,"height":1024},{"@type":"BreadcrumbList","@id":"https:\/\/avira-reusables.com\/de\/collection\/products\/avira-ayala-crossbody-duosip-becher-aus-rcs-rec-stahl-schwarz\/#breadcrumb","itemListElement":[{"@type":"ListItem","position":1,"name":"Home","item":"https:\/\/avira-reusables.com\/de\/"},{"@type":"ListItem","position":2,"name":"Sammlung","item":"https:\/\/avira-reusables.com\/de\/sammlung\/"},{"@type":"ListItem","position":3,"name":"Avira Ayala Crossbody Duosip Becher aus RCS rec. Stahl, schwarz"}]},{"@type":"WebSite","@id":"https:\/\/avira-reusables.com\/de\/#website","url":"https:\/\/avira-reusables.com\/de\/","name":"Avira","description":"Made of 100% recycled materials","potentialAction":[{"@type":"SearchAction","target":{"@type":"EntryPoint","urlTemplate":"https:\/\/avira-reusables.com\/de\/?s={search_term_string}"},"query-input":{"@type":"PropertyValueSpecification","valueRequired":true,"valueName":"search_term_string"}}],"inLanguage":"de"}]}},"_links":{"self":[{"href":"https:\/\/avira-reusables.com\/de\/wp-json\/wp\/v2\/product\/23404","targetHints":{"allow":["GET"]}}],"collection":[{"href":"https:\/\/avira-reusables.com\/de\/wp-json\/wp\/v2\/product"}],"about":[{"href":"https:\/\/avira-reusables.com\/de\/wp-json\/wp\/v2\/types\/product"}],"wp:featuredmedia":[{"embeddable":true,"href":"https:\/\/avira-reusables.com\/de\/wp-json\/wp\/v2\/media\/23817"}],"wp:attachment":[{"href":"https:\/\/avira-reusables.com\/de\/wp-json\/wp\/v2\/media?parent=23404"}],"wp:term":[{"taxonomy":"product_cat","embeddable":true,"href":"https:\/\/avira-reusables.com\/de\/wp-json\/wp\/v2\/product_cat?post=23404"},{"taxonomy":"product_tag","embeddable":true,"href":"https:\/\/avira-reusables.com\/de\/wp-json\/wp\/v2\/product_tag?post=23404"}],"curies":[{"name":"wp","href":"https:\/\/api.w.org\/{rel}","templated":true}]}}