{"id":4582,"date":"2023-01-24T10:36:42","date_gmt":"2023-01-24T08:36:42","guid":{"rendered":"https:\/\/avira-reusables.com\/collection\/unkategorisiert\/avira-avior-rcs-recycelte-stainless-steel-flasche-500ml-lila\/"},"modified":"2026-03-12T02:16:28","modified_gmt":"2026-03-12T00:16:28","slug":"avira-avior-rcs-recycelte-stainless-steel-flasche-500ml-lila","status":"publish","type":"product","link":"https:\/\/avira-reusables.com\/de\/collection\/products\/avira-avior-rcs-recycelte-stainless-steel-flasche-500ml-lila\/","title":{"rendered":"Avira Avior RCS recycelte Stainless-Steel Flasche 500ml, lila"},"content":{"rendered":"<p>Die Avior Edelstahl-Vakuumflasche aus RCS recyceltem Stainless-Steel ist f\u00fcr lang anhaltenden Genuss Ihrer Getr\u00e4nke konzipiert! Die doppelwandige Vakuumkonstruktion aus recyceltem Stainless-Steel h\u00e4lt Ihre Getr\u00e4nke bis zu 20 Stunden gek\u00fchlt oder bis zu 10 Stunden warm. Sie Flasche passt in die meisten Standard-Getr\u00e4nkehalter im Auto, sodass Sie sie \u00fcberall hin mitnehmen k\u00f6nnen. Hergestellt aus RCS (Recycled Claim Standard)-zertifiziert recycelten Materialien. Die RCS-Zertifizierung gew\u00e4hrleistet eine vollst\u00e4ndig zertifizierte Lieferkette der recycelten Materialien. Gesamter Recyclinganteil: 80% basierend auf dem Gesamtgewicht des Artikels. BPA-frei. Fassungsverm\u00f6gen 500ml. Nur Handw\u00e4sche. Inklusive FSC\u00ae-zertifizierter Kraftverpackung. Verwandeln Sie die Kartonage doch in einen Telefonhalter, Bleistifthalter oder Blumentopf! 2% des Erl\u00f6ses jedes verkauften Impact-Produkts werden an Water.org gespendet.<\/p>\n","protected":false},"excerpt":{"rendered":"<p>Die Avior Edelstahl-Vakuumflasche aus RCS recyceltem Stainless-Steel ist f\u00fcr lang anhaltenden Genuss Ihrer Getr\u00e4nke konzipiert! Die doppelwandige Vakuumkonstruktion aus recyceltem Stainless-Steel h\u00e4lt Ihre Getr\u00e4nke bis zu 20 Stunden gek\u00fchlt oder bis zu 10 Stunden warm. Sie Flasche passt in die meisten Standard-Getr\u00e4nkehalter im Auto, sodass Sie sie \u00fcberall hin mitnehmen k\u00f6nnen. Hergestellt aus RCS (Recycled [&hellip;]<\/p>\n","protected":false},"featured_media":21606,"template":"","meta":{"_acf_changed":false},"product_cat":[28],"product_tag":[],"class_list":["post-4582","product","type-product","status-publish","has-post-thumbnail","hentry","product_cat-products"],"acf":[],"yoast_head":"<!-- This site is optimized with the Yoast SEO plugin v27.0 - https:\/\/yoast.com\/product\/yoast-seo-wordpress\/ -->\n<title>Avira Avior RCS recycelte Stainless-Steel Flasche 500ml, lila - Avira<\/title>\n<meta name=\"robots\" content=\"index, follow, max-snippet:-1, max-image-preview:large, max-video-preview:-1\" \/>\n<link rel=\"canonical\" href=\"https:\/\/avira-reusables.com\/de\/collection\/products\/avira-avior-rcs-recycelte-stainless-steel-flasche-500ml-lila\/\" \/>\n<meta property=\"og:locale\" content=\"de_DE\" \/>\n<meta property=\"og:type\" content=\"article\" \/>\n<meta property=\"og:title\" content=\"Avira Avior RCS recycelte Stainless-Steel Flasche 500ml, lila - Avira\" \/>\n<meta property=\"og:description\" content=\"Die Avior Edelstahl-Vakuumflasche aus RCS recyceltem Stainless-Steel ist f\u00fcr lang anhaltenden Genuss Ihrer Getr\u00e4nke konzipiert! Die doppelwandige Vakuumkonstruktion aus recyceltem Stainless-Steel h\u00e4lt Ihre Getr\u00e4nke bis zu 20 Stunden gek\u00fchlt oder bis zu 10 Stunden warm. Sie Flasche passt in die meisten Standard-Getr\u00e4nkehalter im Auto, sodass Sie sie \u00fcberall hin mitnehmen k\u00f6nnen. Hergestellt aus RCS (Recycled [&hellip;]\" \/>\n<meta property=\"og:url\" content=\"https:\/\/avira-reusables.com\/de\/collection\/products\/avira-avior-rcs-recycelte-stainless-steel-flasche-500ml-lila\/\" \/>\n<meta property=\"og:site_name\" content=\"Avira\" \/>\n<meta property=\"article:modified_time\" content=\"2026-03-12T00:16:28+00:00\" \/>\n<meta property=\"og:image\" content=\"https:\/\/avira-reusables.com\/wp-content\/uploads\/sites\/2\/2024\/05\/P438.009__S_0__34d8b084b4d5437ab5622f5e46215c76.jpg\" \/>\n\t<meta property=\"og:image:width\" content=\"1024\" \/>\n\t<meta property=\"og:image:height\" content=\"1024\" \/>\n\t<meta property=\"og:image:type\" content=\"image\/jpeg\" \/>\n<meta name=\"twitter:card\" content=\"summary_large_image\" \/>\n<meta name=\"twitter:label1\" content=\"Gesch\u00e4tzte Lesezeit\" \/>\n\t<meta name=\"twitter:data1\" content=\"1\u00a0Minute\" \/>\n<script type=\"application\/ld+json\" class=\"yoast-schema-graph\">{\"@context\":\"https:\/\/schema.org\",\"@graph\":[{\"@type\":\"WebPage\",\"@id\":\"https:\/\/avira-reusables.com\/de\/collection\/products\/avira-avior-rcs-recycelte-stainless-steel-flasche-500ml-lila\/\",\"url\":\"https:\/\/avira-reusables.com\/de\/collection\/products\/avira-avior-rcs-recycelte-stainless-steel-flasche-500ml-lila\/\",\"name\":\"Avira Avior RCS recycelte Stainless-Steel Flasche 500ml, lila - Avira\",\"isPartOf\":{\"@id\":\"https:\/\/avira-reusables.com\/de\/#website\"},\"primaryImageOfPage\":{\"@id\":\"https:\/\/avira-reusables.com\/de\/collection\/products\/avira-avior-rcs-recycelte-stainless-steel-flasche-500ml-lila\/#primaryimage\"},\"image\":{\"@id\":\"https:\/\/avira-reusables.com\/de\/collection\/products\/avira-avior-rcs-recycelte-stainless-steel-flasche-500ml-lila\/#primaryimage\"},\"thumbnailUrl\":\"https:\/\/avira-reusables.com\/wp-content\/uploads\/sites\/2\/2024\/05\/P438.009__S_0__34d8b084b4d5437ab5622f5e46215c76.jpg\",\"datePublished\":\"2023-01-24T08:36:42+00:00\",\"dateModified\":\"2026-03-12T00:16:28+00:00\",\"breadcrumb\":{\"@id\":\"https:\/\/avira-reusables.com\/de\/collection\/products\/avira-avior-rcs-recycelte-stainless-steel-flasche-500ml-lila\/#breadcrumb\"},\"inLanguage\":\"de\",\"potentialAction\":[{\"@type\":\"ReadAction\",\"target\":[\"https:\/\/avira-reusables.com\/de\/collection\/products\/avira-avior-rcs-recycelte-stainless-steel-flasche-500ml-lila\/\"]}]},{\"@type\":\"ImageObject\",\"inLanguage\":\"de\",\"@id\":\"https:\/\/avira-reusables.com\/de\/collection\/products\/avira-avior-rcs-recycelte-stainless-steel-flasche-500ml-lila\/#primaryimage\",\"url\":\"https:\/\/avira-reusables.com\/wp-content\/uploads\/sites\/2\/2024\/05\/P438.009__S_0__34d8b084b4d5437ab5622f5e46215c76.jpg\",\"contentUrl\":\"https:\/\/avira-reusables.com\/wp-content\/uploads\/sites\/2\/2024\/05\/P438.009__S_0__34d8b084b4d5437ab5622f5e46215c76.jpg\",\"width\":1024,\"height\":1024},{\"@type\":\"BreadcrumbList\",\"@id\":\"https:\/\/avira-reusables.com\/de\/collection\/products\/avira-avior-rcs-recycelte-stainless-steel-flasche-500ml-lila\/#breadcrumb\",\"itemListElement\":[{\"@type\":\"ListItem\",\"position\":1,\"name\":\"Home\",\"item\":\"https:\/\/avira-reusables.com\/de\/\"},{\"@type\":\"ListItem\",\"position\":2,\"name\":\"Sammlung\",\"item\":\"https:\/\/avira-reusables.com\/de\/sammlung\/\"},{\"@type\":\"ListItem\",\"position\":3,\"name\":\"Avira Avior RCS recycelte Stainless-Steel Flasche 500ml, lila\"}]},{\"@type\":\"WebSite\",\"@id\":\"https:\/\/avira-reusables.com\/de\/#website\",\"url\":\"https:\/\/avira-reusables.com\/de\/\",\"name\":\"Avira\",\"description\":\"Made of 100% recycled materials\",\"potentialAction\":[{\"@type\":\"SearchAction\",\"target\":{\"@type\":\"EntryPoint\",\"urlTemplate\":\"https:\/\/avira-reusables.com\/de\/?s={search_term_string}\"},\"query-input\":{\"@type\":\"PropertyValueSpecification\",\"valueRequired\":true,\"valueName\":\"search_term_string\"}}],\"inLanguage\":\"de\"}]}<\/script>\n<!-- \/ Yoast SEO plugin. -->","yoast_head_json":{"title":"Avira Avior RCS recycelte Stainless-Steel Flasche 500ml, lila - Avira","robots":{"index":"index","follow":"follow","max-snippet":"max-snippet:-1","max-image-preview":"max-image-preview:large","max-video-preview":"max-video-preview:-1"},"canonical":"https:\/\/avira-reusables.com\/de\/collection\/products\/avira-avior-rcs-recycelte-stainless-steel-flasche-500ml-lila\/","og_locale":"de_DE","og_type":"article","og_title":"Avira Avior RCS recycelte Stainless-Steel Flasche 500ml, lila - Avira","og_description":"Die Avior Edelstahl-Vakuumflasche aus RCS recyceltem Stainless-Steel ist f\u00fcr lang anhaltenden Genuss Ihrer Getr\u00e4nke konzipiert! Die doppelwandige Vakuumkonstruktion aus recyceltem Stainless-Steel h\u00e4lt Ihre Getr\u00e4nke bis zu 20 Stunden gek\u00fchlt oder bis zu 10 Stunden warm. Sie Flasche passt in die meisten Standard-Getr\u00e4nkehalter im Auto, sodass Sie sie \u00fcberall hin mitnehmen k\u00f6nnen. Hergestellt aus RCS (Recycled [&hellip;]","og_url":"https:\/\/avira-reusables.com\/de\/collection\/products\/avira-avior-rcs-recycelte-stainless-steel-flasche-500ml-lila\/","og_site_name":"Avira","article_modified_time":"2026-03-12T00:16:28+00:00","og_image":[{"width":1024,"height":1024,"url":"https:\/\/avira-reusables.com\/wp-content\/uploads\/sites\/2\/2024\/05\/P438.009__S_0__34d8b084b4d5437ab5622f5e46215c76.jpg","type":"image\/jpeg"}],"twitter_card":"summary_large_image","twitter_misc":{"Gesch\u00e4tzte Lesezeit":"1\u00a0Minute"},"schema":{"@context":"https:\/\/schema.org","@graph":[{"@type":"WebPage","@id":"https:\/\/avira-reusables.com\/de\/collection\/products\/avira-avior-rcs-recycelte-stainless-steel-flasche-500ml-lila\/","url":"https:\/\/avira-reusables.com\/de\/collection\/products\/avira-avior-rcs-recycelte-stainless-steel-flasche-500ml-lila\/","name":"Avira Avior RCS recycelte Stainless-Steel Flasche 500ml, lila - Avira","isPartOf":{"@id":"https:\/\/avira-reusables.com\/de\/#website"},"primaryImageOfPage":{"@id":"https:\/\/avira-reusables.com\/de\/collection\/products\/avira-avior-rcs-recycelte-stainless-steel-flasche-500ml-lila\/#primaryimage"},"image":{"@id":"https:\/\/avira-reusables.com\/de\/collection\/products\/avira-avior-rcs-recycelte-stainless-steel-flasche-500ml-lila\/#primaryimage"},"thumbnailUrl":"https:\/\/avira-reusables.com\/wp-content\/uploads\/sites\/2\/2024\/05\/P438.009__S_0__34d8b084b4d5437ab5622f5e46215c76.jpg","datePublished":"2023-01-24T08:36:42+00:00","dateModified":"2026-03-12T00:16:28+00:00","breadcrumb":{"@id":"https:\/\/avira-reusables.com\/de\/collection\/products\/avira-avior-rcs-recycelte-stainless-steel-flasche-500ml-lila\/#breadcrumb"},"inLanguage":"de","potentialAction":[{"@type":"ReadAction","target":["https:\/\/avira-reusables.com\/de\/collection\/products\/avira-avior-rcs-recycelte-stainless-steel-flasche-500ml-lila\/"]}]},{"@type":"ImageObject","inLanguage":"de","@id":"https:\/\/avira-reusables.com\/de\/collection\/products\/avira-avior-rcs-recycelte-stainless-steel-flasche-500ml-lila\/#primaryimage","url":"https:\/\/avira-reusables.com\/wp-content\/uploads\/sites\/2\/2024\/05\/P438.009__S_0__34d8b084b4d5437ab5622f5e46215c76.jpg","contentUrl":"https:\/\/avira-reusables.com\/wp-content\/uploads\/sites\/2\/2024\/05\/P438.009__S_0__34d8b084b4d5437ab5622f5e46215c76.jpg","width":1024,"height":1024},{"@type":"BreadcrumbList","@id":"https:\/\/avira-reusables.com\/de\/collection\/products\/avira-avior-rcs-recycelte-stainless-steel-flasche-500ml-lila\/#breadcrumb","itemListElement":[{"@type":"ListItem","position":1,"name":"Home","item":"https:\/\/avira-reusables.com\/de\/"},{"@type":"ListItem","position":2,"name":"Sammlung","item":"https:\/\/avira-reusables.com\/de\/sammlung\/"},{"@type":"ListItem","position":3,"name":"Avira Avior RCS recycelte Stainless-Steel Flasche 500ml, lila"}]},{"@type":"WebSite","@id":"https:\/\/avira-reusables.com\/de\/#website","url":"https:\/\/avira-reusables.com\/de\/","name":"Avira","description":"Made of 100% recycled materials","potentialAction":[{"@type":"SearchAction","target":{"@type":"EntryPoint","urlTemplate":"https:\/\/avira-reusables.com\/de\/?s={search_term_string}"},"query-input":{"@type":"PropertyValueSpecification","valueRequired":true,"valueName":"search_term_string"}}],"inLanguage":"de"}]}},"_links":{"self":[{"href":"https:\/\/avira-reusables.com\/de\/wp-json\/wp\/v2\/product\/4582","targetHints":{"allow":["GET"]}}],"collection":[{"href":"https:\/\/avira-reusables.com\/de\/wp-json\/wp\/v2\/product"}],"about":[{"href":"https:\/\/avira-reusables.com\/de\/wp-json\/wp\/v2\/types\/product"}],"wp:featuredmedia":[{"embeddable":true,"href":"https:\/\/avira-reusables.com\/de\/wp-json\/wp\/v2\/media\/21606"}],"wp:attachment":[{"href":"https:\/\/avira-reusables.com\/de\/wp-json\/wp\/v2\/media?parent=4582"}],"wp:term":[{"taxonomy":"product_cat","embeddable":true,"href":"https:\/\/avira-reusables.com\/de\/wp-json\/wp\/v2\/product_cat?post=4582"},{"taxonomy":"product_tag","embeddable":true,"href":"https:\/\/avira-reusables.com\/de\/wp-json\/wp\/v2\/product_tag?post=4582"}],"curies":[{"name":"wp","href":"https:\/\/api.w.org\/{rel}","templated":true}]}}