{"id":4900,"date":"2023-03-31T01:02:06","date_gmt":"2023-03-30T23:02:06","guid":{"rendered":"https:\/\/avira-reusables.com\/collection\/unkategorisiert\/p438-05-product-variation-2\/"},"modified":"2026-04-16T01:18:24","modified_gmt":"2026-04-15T23:18:24","slug":"p438-05-product-variation-2","status":"publish","type":"product","link":"https:\/\/avira-reusables.com\/de\/collection\/unkategorisiert\/p438-05-product-variation-2\/","title":{"rendered":"Ain 150ml Reisebecher aus RCS rec. Stainless-Steel, silber"},"content":{"rendered":"<p>Wir stellen den Avira Ain Mini-Reiseflasche vor &#8211; die perfekte L\u00f6sung f\u00fcr Ihren Koffeinbedarf f\u00fcr unterwegs. Mit einem Fassungsverm\u00f6gen von 150ml hat diese Flasche die ideale Gr\u00f6\u00dfe f\u00fcr einen schnellen Muntermacher unterwegs. Durch ihr schlankes Design und ihre praktische Gr\u00f6\u00dfe l\u00e4sst sie sich leicht in einer Tasche transportieren, und ihr Deckel verhindert das Auslaufen von Kaffee oder Tee. Hergestellt aus RCS-zertifiziert (Recycled Claim Standard) recycelten Materialien. Die RCS-Zertifizierung gew\u00e4hrleistet eine vollst\u00e4ndig zertifizierte Lieferkette f\u00fcr die recycelten Materialien. Gesamter recycelter Inhalt: 74%, bezogen auf das Gesamtgewicht des Artikels. Einschlie\u00dflich FSC\u00ae-zertifizierter Kraftverpackung. Verwandeln Sie die Box in einen Telefonhalter, Stifthalter oder Blumentopf!<\/p>\n","protected":false},"excerpt":{"rendered":"<p>Wir stellen den Avira Ain Mini-Reiseflasche vor &#8211; die perfekte L\u00f6sung f\u00fcr Ihren Koffeinbedarf f\u00fcr unterwegs. Mit einem Fassungsverm\u00f6gen von 150ml hat diese Flasche die ideale Gr\u00f6\u00dfe f\u00fcr einen schnellen Muntermacher unterwegs. Durch ihr schlankes Design und ihre praktische Gr\u00f6\u00dfe l\u00e4sst sie sich leicht in einer Tasche transportieren, und ihr Deckel verhindert das Auslaufen von [&hellip;]<\/p>\n","protected":false},"featured_media":23670,"template":"","meta":{"_acf_changed":false},"product_cat":[],"product_tag":[],"class_list":["post-4900","product","type-product","status-publish","has-post-thumbnail","hentry"],"acf":[],"yoast_head":"<!-- This site is optimized with the Yoast SEO plugin v27.0 - https:\/\/yoast.com\/product\/yoast-seo-wordpress\/ -->\n<title>Ain 150ml Reisebecher aus RCS rec. Stainless-Steel, silber - Avira<\/title>\n<meta name=\"robots\" content=\"index, follow, max-snippet:-1, max-image-preview:large, max-video-preview:-1\" \/>\n<link rel=\"canonical\" href=\"https:\/\/avira-reusables.com\/de\/collection\/unkategorisiert\/p438-05-product-variation-2\/\" \/>\n<meta property=\"og:locale\" content=\"de_DE\" \/>\n<meta property=\"og:type\" content=\"article\" \/>\n<meta property=\"og:title\" content=\"Ain 150ml Reisebecher aus RCS rec. Stainless-Steel, silber - Avira\" \/>\n<meta property=\"og:description\" content=\"Wir stellen den Avira Ain Mini-Reiseflasche vor &#8211; die perfekte L\u00f6sung f\u00fcr Ihren Koffeinbedarf f\u00fcr unterwegs. Mit einem Fassungsverm\u00f6gen von 150ml hat diese Flasche die ideale Gr\u00f6\u00dfe f\u00fcr einen schnellen Muntermacher unterwegs. Durch ihr schlankes Design und ihre praktische Gr\u00f6\u00dfe l\u00e4sst sie sich leicht in einer Tasche transportieren, und ihr Deckel verhindert das Auslaufen von [&hellip;]\" \/>\n<meta property=\"og:url\" content=\"https:\/\/avira-reusables.com\/de\/collection\/unkategorisiert\/p438-05-product-variation-2\/\" \/>\n<meta property=\"og:site_name\" content=\"Avira\" \/>\n<meta property=\"article:modified_time\" content=\"2026-04-15T23:18:24+00:00\" \/>\n<meta property=\"og:image\" content=\"https:\/\/avira-reusables.com\/wp-content\/uploads\/sites\/2\/2026\/04\/P438.052__S_0__f460c79af0924b05a0ba649c8af8c381.jpg\" \/>\n\t<meta property=\"og:image:width\" content=\"1024\" \/>\n\t<meta property=\"og:image:height\" content=\"1024\" \/>\n\t<meta property=\"og:image:type\" content=\"image\/jpeg\" \/>\n<meta name=\"twitter:card\" content=\"summary_large_image\" \/>\n<meta name=\"twitter:label1\" content=\"Gesch\u00e4tzte Lesezeit\" \/>\n\t<meta name=\"twitter:data1\" content=\"1\u00a0Minute\" \/>\n<script type=\"application\/ld+json\" class=\"yoast-schema-graph\">{\"@context\":\"https:\/\/schema.org\",\"@graph\":[{\"@type\":\"WebPage\",\"@id\":\"https:\/\/avira-reusables.com\/de\/collection\/unkategorisiert\/p438-05-product-variation-2\/\",\"url\":\"https:\/\/avira-reusables.com\/de\/collection\/unkategorisiert\/p438-05-product-variation-2\/\",\"name\":\"Ain 150ml Reisebecher aus RCS rec. Stainless-Steel, silber - Avira\",\"isPartOf\":{\"@id\":\"https:\/\/avira-reusables.com\/de\/#website\"},\"primaryImageOfPage\":{\"@id\":\"https:\/\/avira-reusables.com\/de\/collection\/unkategorisiert\/p438-05-product-variation-2\/#primaryimage\"},\"image\":{\"@id\":\"https:\/\/avira-reusables.com\/de\/collection\/unkategorisiert\/p438-05-product-variation-2\/#primaryimage\"},\"thumbnailUrl\":\"https:\/\/avira-reusables.com\/wp-content\/uploads\/sites\/2\/2026\/04\/P438.052__S_0__f460c79af0924b05a0ba649c8af8c381.jpg\",\"datePublished\":\"2023-03-30T23:02:06+00:00\",\"dateModified\":\"2026-04-15T23:18:24+00:00\",\"breadcrumb\":{\"@id\":\"https:\/\/avira-reusables.com\/de\/collection\/unkategorisiert\/p438-05-product-variation-2\/#breadcrumb\"},\"inLanguage\":\"de\",\"potentialAction\":[{\"@type\":\"ReadAction\",\"target\":[\"https:\/\/avira-reusables.com\/de\/collection\/unkategorisiert\/p438-05-product-variation-2\/\"]}]},{\"@type\":\"ImageObject\",\"inLanguage\":\"de\",\"@id\":\"https:\/\/avira-reusables.com\/de\/collection\/unkategorisiert\/p438-05-product-variation-2\/#primaryimage\",\"url\":\"https:\/\/avira-reusables.com\/wp-content\/uploads\/sites\/2\/2026\/04\/P438.052__S_0__f460c79af0924b05a0ba649c8af8c381.jpg\",\"contentUrl\":\"https:\/\/avira-reusables.com\/wp-content\/uploads\/sites\/2\/2026\/04\/P438.052__S_0__f460c79af0924b05a0ba649c8af8c381.jpg\",\"width\":1024,\"height\":1024},{\"@type\":\"BreadcrumbList\",\"@id\":\"https:\/\/avira-reusables.com\/de\/collection\/unkategorisiert\/p438-05-product-variation-2\/#breadcrumb\",\"itemListElement\":[{\"@type\":\"ListItem\",\"position\":1,\"name\":\"Home\",\"item\":\"https:\/\/avira-reusables.com\/de\/\"},{\"@type\":\"ListItem\",\"position\":2,\"name\":\"Sammlung\",\"item\":\"https:\/\/avira-reusables.com\/de\/sammlung\/\"},{\"@type\":\"ListItem\",\"position\":3,\"name\":\"Ain 150ml Reisebecher aus RCS rec. Stainless-Steel, silber\"}]},{\"@type\":\"WebSite\",\"@id\":\"https:\/\/avira-reusables.com\/de\/#website\",\"url\":\"https:\/\/avira-reusables.com\/de\/\",\"name\":\"Avira\",\"description\":\"Made of 100% recycled materials\",\"potentialAction\":[{\"@type\":\"SearchAction\",\"target\":{\"@type\":\"EntryPoint\",\"urlTemplate\":\"https:\/\/avira-reusables.com\/de\/?s={search_term_string}\"},\"query-input\":{\"@type\":\"PropertyValueSpecification\",\"valueRequired\":true,\"valueName\":\"search_term_string\"}}],\"inLanguage\":\"de\"}]}<\/script>\n<!-- \/ Yoast SEO plugin. -->","yoast_head_json":{"title":"Ain 150ml Reisebecher aus RCS rec. Stainless-Steel, silber - Avira","robots":{"index":"index","follow":"follow","max-snippet":"max-snippet:-1","max-image-preview":"max-image-preview:large","max-video-preview":"max-video-preview:-1"},"canonical":"https:\/\/avira-reusables.com\/de\/collection\/unkategorisiert\/p438-05-product-variation-2\/","og_locale":"de_DE","og_type":"article","og_title":"Ain 150ml Reisebecher aus RCS rec. Stainless-Steel, silber - Avira","og_description":"Wir stellen den Avira Ain Mini-Reiseflasche vor &#8211; die perfekte L\u00f6sung f\u00fcr Ihren Koffeinbedarf f\u00fcr unterwegs. Mit einem Fassungsverm\u00f6gen von 150ml hat diese Flasche die ideale Gr\u00f6\u00dfe f\u00fcr einen schnellen Muntermacher unterwegs. Durch ihr schlankes Design und ihre praktische Gr\u00f6\u00dfe l\u00e4sst sie sich leicht in einer Tasche transportieren, und ihr Deckel verhindert das Auslaufen von [&hellip;]","og_url":"https:\/\/avira-reusables.com\/de\/collection\/unkategorisiert\/p438-05-product-variation-2\/","og_site_name":"Avira","article_modified_time":"2026-04-15T23:18:24+00:00","og_image":[{"width":1024,"height":1024,"url":"https:\/\/avira-reusables.com\/wp-content\/uploads\/sites\/2\/2026\/04\/P438.052__S_0__f460c79af0924b05a0ba649c8af8c381.jpg","type":"image\/jpeg"}],"twitter_card":"summary_large_image","twitter_misc":{"Gesch\u00e4tzte Lesezeit":"1\u00a0Minute"},"schema":{"@context":"https:\/\/schema.org","@graph":[{"@type":"WebPage","@id":"https:\/\/avira-reusables.com\/de\/collection\/unkategorisiert\/p438-05-product-variation-2\/","url":"https:\/\/avira-reusables.com\/de\/collection\/unkategorisiert\/p438-05-product-variation-2\/","name":"Ain 150ml Reisebecher aus RCS rec. Stainless-Steel, silber - Avira","isPartOf":{"@id":"https:\/\/avira-reusables.com\/de\/#website"},"primaryImageOfPage":{"@id":"https:\/\/avira-reusables.com\/de\/collection\/unkategorisiert\/p438-05-product-variation-2\/#primaryimage"},"image":{"@id":"https:\/\/avira-reusables.com\/de\/collection\/unkategorisiert\/p438-05-product-variation-2\/#primaryimage"},"thumbnailUrl":"https:\/\/avira-reusables.com\/wp-content\/uploads\/sites\/2\/2026\/04\/P438.052__S_0__f460c79af0924b05a0ba649c8af8c381.jpg","datePublished":"2023-03-30T23:02:06+00:00","dateModified":"2026-04-15T23:18:24+00:00","breadcrumb":{"@id":"https:\/\/avira-reusables.com\/de\/collection\/unkategorisiert\/p438-05-product-variation-2\/#breadcrumb"},"inLanguage":"de","potentialAction":[{"@type":"ReadAction","target":["https:\/\/avira-reusables.com\/de\/collection\/unkategorisiert\/p438-05-product-variation-2\/"]}]},{"@type":"ImageObject","inLanguage":"de","@id":"https:\/\/avira-reusables.com\/de\/collection\/unkategorisiert\/p438-05-product-variation-2\/#primaryimage","url":"https:\/\/avira-reusables.com\/wp-content\/uploads\/sites\/2\/2026\/04\/P438.052__S_0__f460c79af0924b05a0ba649c8af8c381.jpg","contentUrl":"https:\/\/avira-reusables.com\/wp-content\/uploads\/sites\/2\/2026\/04\/P438.052__S_0__f460c79af0924b05a0ba649c8af8c381.jpg","width":1024,"height":1024},{"@type":"BreadcrumbList","@id":"https:\/\/avira-reusables.com\/de\/collection\/unkategorisiert\/p438-05-product-variation-2\/#breadcrumb","itemListElement":[{"@type":"ListItem","position":1,"name":"Home","item":"https:\/\/avira-reusables.com\/de\/"},{"@type":"ListItem","position":2,"name":"Sammlung","item":"https:\/\/avira-reusables.com\/de\/sammlung\/"},{"@type":"ListItem","position":3,"name":"Ain 150ml Reisebecher aus RCS rec. Stainless-Steel, silber"}]},{"@type":"WebSite","@id":"https:\/\/avira-reusables.com\/de\/#website","url":"https:\/\/avira-reusables.com\/de\/","name":"Avira","description":"Made of 100% recycled materials","potentialAction":[{"@type":"SearchAction","target":{"@type":"EntryPoint","urlTemplate":"https:\/\/avira-reusables.com\/de\/?s={search_term_string}"},"query-input":{"@type":"PropertyValueSpecification","valueRequired":true,"valueName":"search_term_string"}}],"inLanguage":"de"}]}},"_links":{"self":[{"href":"https:\/\/avira-reusables.com\/de\/wp-json\/wp\/v2\/product\/4900","targetHints":{"allow":["GET"]}}],"collection":[{"href":"https:\/\/avira-reusables.com\/de\/wp-json\/wp\/v2\/product"}],"about":[{"href":"https:\/\/avira-reusables.com\/de\/wp-json\/wp\/v2\/types\/product"}],"wp:featuredmedia":[{"embeddable":true,"href":"https:\/\/avira-reusables.com\/de\/wp-json\/wp\/v2\/media\/23670"}],"wp:attachment":[{"href":"https:\/\/avira-reusables.com\/de\/wp-json\/wp\/v2\/media?parent=4900"}],"wp:term":[{"taxonomy":"product_cat","embeddable":true,"href":"https:\/\/avira-reusables.com\/de\/wp-json\/wp\/v2\/product_cat?post=4900"},{"taxonomy":"product_tag","embeddable":true,"href":"https:\/\/avira-reusables.com\/de\/wp-json\/wp\/v2\/product_tag?post=4900"}],"curies":[{"name":"wp","href":"https:\/\/api.w.org\/{rel}","templated":true}]}}