{"id":4904,"date":"2023-03-31T01:02:06","date_gmt":"2023-03-30T23:02:06","guid":{"rendered":"https:\/\/avira-reusables.com\/collection\/unkategorisiert\/p438-06-product-variation-3\/"},"modified":"2026-04-16T01:18:34","modified_gmt":"2026-04-15T23:18:34","slug":"p438-06-product-variation-3","status":"publish","type":"product","link":"https:\/\/avira-reusables.com\/de\/collection\/unkategorisiert\/p438-06-product-variation-3\/","title":{"rendered":"Avira Alcor 600ml Wasserflasche aus RCS rec. Stainless-Steel, wei\u00df"},"content":{"rendered":"<p>Die Avira Alcor RCS-zertifizierte Wasserflasche aus recyceltem Edelstahl ist eine verl\u00e4ssliche Wahl, wenn es darum geht, auch unterwegs ausreichend Fl\u00fcssigkeit zu sich zu nehmen. Die Wasserflasche tr\u00e4gt dazu bei, die Umweltbelastung zu reduzieren, und bietet gleichzeitig eine lange Nutzungsdauer. Die einwandige Konstruktion sorgt daf\u00fcr, dass sie leicht und einfach zu tragen ist, und der auslaufsichere Deckel h\u00e4lt Ihr Getr\u00e4nk unterwegs sicher in der Flasche. Hergestellt aus RCS-zertifiziert (Recycled Claim Standard) recycelten Materialien. Die RCS-Zertifizierung gew\u00e4hrleistet eine vollst\u00e4ndig zertifizierte Lieferkette f\u00fcr die recycelten Materialien. Gesamter recycelter Inhalt: 91% bezogen auf das Gesamtgewicht des Artikels. Fassungsverm\u00f6gen: 600ml. Einschlie\u00dflich FSC\u00ae-zertifizierter Kraftverpackung. Verwandeln Sie die Box in einen Telefonhalter, Stifthalter oder Blumentopf! 2% des Erl\u00f6ses jedes verkauften Impact-Produkts werden an Water.org gespendet.<\/p>\n","protected":false},"excerpt":{"rendered":"<p>Die Avira Alcor RCS-zertifizierte Wasserflasche aus recyceltem Edelstahl ist eine verl\u00e4ssliche Wahl, wenn es darum geht, auch unterwegs ausreichend Fl\u00fcssigkeit zu sich zu nehmen. Die Wasserflasche tr\u00e4gt dazu bei, die Umweltbelastung zu reduzieren, und bietet gleichzeitig eine lange Nutzungsdauer. Die einwandige Konstruktion sorgt daf\u00fcr, dass sie leicht und einfach zu tragen ist, und der auslaufsichere [&hellip;]<\/p>\n","protected":false},"featured_media":23698,"template":"","meta":{"_acf_changed":false},"product_cat":[],"product_tag":[],"class_list":["post-4904","product","type-product","status-publish","has-post-thumbnail","hentry"],"acf":[],"yoast_head":"<!-- This site is optimized with the Yoast SEO plugin v27.0 - https:\/\/yoast.com\/product\/yoast-seo-wordpress\/ -->\n<title>Avira Alcor 600ml Wasserflasche aus RCS rec. Stainless-Steel, wei\u00df - Avira<\/title>\n<meta name=\"robots\" content=\"index, follow, max-snippet:-1, max-image-preview:large, max-video-preview:-1\" \/>\n<link rel=\"canonical\" href=\"https:\/\/avira-reusables.com\/de\/collection\/unkategorisiert\/p438-06-product-variation-3\/\" \/>\n<meta property=\"og:locale\" content=\"de_DE\" \/>\n<meta property=\"og:type\" content=\"article\" \/>\n<meta property=\"og:title\" content=\"Avira Alcor 600ml Wasserflasche aus RCS rec. Stainless-Steel, wei\u00df - Avira\" \/>\n<meta property=\"og:description\" content=\"Die Avira Alcor RCS-zertifizierte Wasserflasche aus recyceltem Edelstahl ist eine verl\u00e4ssliche Wahl, wenn es darum geht, auch unterwegs ausreichend Fl\u00fcssigkeit zu sich zu nehmen. Die Wasserflasche tr\u00e4gt dazu bei, die Umweltbelastung zu reduzieren, und bietet gleichzeitig eine lange Nutzungsdauer. Die einwandige Konstruktion sorgt daf\u00fcr, dass sie leicht und einfach zu tragen ist, und der auslaufsichere [&hellip;]\" \/>\n<meta property=\"og:url\" content=\"https:\/\/avira-reusables.com\/de\/collection\/unkategorisiert\/p438-06-product-variation-3\/\" \/>\n<meta property=\"og:site_name\" content=\"Avira\" \/>\n<meta property=\"article:modified_time\" content=\"2026-04-15T23:18:34+00:00\" \/>\n<meta property=\"og:image\" content=\"https:\/\/avira-reusables.com\/wp-content\/uploads\/sites\/2\/2026\/04\/P438.063__S_0__7d44598672ef439cbd956f08f29b69c3.jpg\" \/>\n\t<meta property=\"og:image:width\" content=\"1024\" \/>\n\t<meta property=\"og:image:height\" content=\"1024\" \/>\n\t<meta property=\"og:image:type\" content=\"image\/jpeg\" \/>\n<meta name=\"twitter:card\" content=\"summary_large_image\" \/>\n<meta name=\"twitter:label1\" content=\"Gesch\u00e4tzte Lesezeit\" \/>\n\t<meta name=\"twitter:data1\" content=\"1\u00a0Minute\" \/>\n<script type=\"application\/ld+json\" class=\"yoast-schema-graph\">{\"@context\":\"https:\/\/schema.org\",\"@graph\":[{\"@type\":\"WebPage\",\"@id\":\"https:\/\/avira-reusables.com\/de\/collection\/unkategorisiert\/p438-06-product-variation-3\/\",\"url\":\"https:\/\/avira-reusables.com\/de\/collection\/unkategorisiert\/p438-06-product-variation-3\/\",\"name\":\"Avira Alcor 600ml Wasserflasche aus RCS rec. Stainless-Steel, wei\u00df - Avira\",\"isPartOf\":{\"@id\":\"https:\/\/avira-reusables.com\/de\/#website\"},\"primaryImageOfPage\":{\"@id\":\"https:\/\/avira-reusables.com\/de\/collection\/unkategorisiert\/p438-06-product-variation-3\/#primaryimage\"},\"image\":{\"@id\":\"https:\/\/avira-reusables.com\/de\/collection\/unkategorisiert\/p438-06-product-variation-3\/#primaryimage\"},\"thumbnailUrl\":\"https:\/\/avira-reusables.com\/wp-content\/uploads\/sites\/2\/2026\/04\/P438.063__S_0__7d44598672ef439cbd956f08f29b69c3.jpg\",\"datePublished\":\"2023-03-30T23:02:06+00:00\",\"dateModified\":\"2026-04-15T23:18:34+00:00\",\"breadcrumb\":{\"@id\":\"https:\/\/avira-reusables.com\/de\/collection\/unkategorisiert\/p438-06-product-variation-3\/#breadcrumb\"},\"inLanguage\":\"de\",\"potentialAction\":[{\"@type\":\"ReadAction\",\"target\":[\"https:\/\/avira-reusables.com\/de\/collection\/unkategorisiert\/p438-06-product-variation-3\/\"]}]},{\"@type\":\"ImageObject\",\"inLanguage\":\"de\",\"@id\":\"https:\/\/avira-reusables.com\/de\/collection\/unkategorisiert\/p438-06-product-variation-3\/#primaryimage\",\"url\":\"https:\/\/avira-reusables.com\/wp-content\/uploads\/sites\/2\/2026\/04\/P438.063__S_0__7d44598672ef439cbd956f08f29b69c3.jpg\",\"contentUrl\":\"https:\/\/avira-reusables.com\/wp-content\/uploads\/sites\/2\/2026\/04\/P438.063__S_0__7d44598672ef439cbd956f08f29b69c3.jpg\",\"width\":1024,\"height\":1024},{\"@type\":\"BreadcrumbList\",\"@id\":\"https:\/\/avira-reusables.com\/de\/collection\/unkategorisiert\/p438-06-product-variation-3\/#breadcrumb\",\"itemListElement\":[{\"@type\":\"ListItem\",\"position\":1,\"name\":\"Home\",\"item\":\"https:\/\/avira-reusables.com\/de\/\"},{\"@type\":\"ListItem\",\"position\":2,\"name\":\"Sammlung\",\"item\":\"https:\/\/avira-reusables.com\/de\/sammlung\/\"},{\"@type\":\"ListItem\",\"position\":3,\"name\":\"Avira Alcor 600ml Wasserflasche aus RCS rec. Stainless-Steel, wei\u00df\"}]},{\"@type\":\"WebSite\",\"@id\":\"https:\/\/avira-reusables.com\/de\/#website\",\"url\":\"https:\/\/avira-reusables.com\/de\/\",\"name\":\"Avira\",\"description\":\"Made of 100% recycled materials\",\"potentialAction\":[{\"@type\":\"SearchAction\",\"target\":{\"@type\":\"EntryPoint\",\"urlTemplate\":\"https:\/\/avira-reusables.com\/de\/?s={search_term_string}\"},\"query-input\":{\"@type\":\"PropertyValueSpecification\",\"valueRequired\":true,\"valueName\":\"search_term_string\"}}],\"inLanguage\":\"de\"}]}<\/script>\n<!-- \/ Yoast SEO plugin. -->","yoast_head_json":{"title":"Avira Alcor 600ml Wasserflasche aus RCS rec. Stainless-Steel, wei\u00df - Avira","robots":{"index":"index","follow":"follow","max-snippet":"max-snippet:-1","max-image-preview":"max-image-preview:large","max-video-preview":"max-video-preview:-1"},"canonical":"https:\/\/avira-reusables.com\/de\/collection\/unkategorisiert\/p438-06-product-variation-3\/","og_locale":"de_DE","og_type":"article","og_title":"Avira Alcor 600ml Wasserflasche aus RCS rec. Stainless-Steel, wei\u00df - Avira","og_description":"Die Avira Alcor RCS-zertifizierte Wasserflasche aus recyceltem Edelstahl ist eine verl\u00e4ssliche Wahl, wenn es darum geht, auch unterwegs ausreichend Fl\u00fcssigkeit zu sich zu nehmen. Die Wasserflasche tr\u00e4gt dazu bei, die Umweltbelastung zu reduzieren, und bietet gleichzeitig eine lange Nutzungsdauer. Die einwandige Konstruktion sorgt daf\u00fcr, dass sie leicht und einfach zu tragen ist, und der auslaufsichere [&hellip;]","og_url":"https:\/\/avira-reusables.com\/de\/collection\/unkategorisiert\/p438-06-product-variation-3\/","og_site_name":"Avira","article_modified_time":"2026-04-15T23:18:34+00:00","og_image":[{"width":1024,"height":1024,"url":"https:\/\/avira-reusables.com\/wp-content\/uploads\/sites\/2\/2026\/04\/P438.063__S_0__7d44598672ef439cbd956f08f29b69c3.jpg","type":"image\/jpeg"}],"twitter_card":"summary_large_image","twitter_misc":{"Gesch\u00e4tzte Lesezeit":"1\u00a0Minute"},"schema":{"@context":"https:\/\/schema.org","@graph":[{"@type":"WebPage","@id":"https:\/\/avira-reusables.com\/de\/collection\/unkategorisiert\/p438-06-product-variation-3\/","url":"https:\/\/avira-reusables.com\/de\/collection\/unkategorisiert\/p438-06-product-variation-3\/","name":"Avira Alcor 600ml Wasserflasche aus RCS rec. Stainless-Steel, wei\u00df - Avira","isPartOf":{"@id":"https:\/\/avira-reusables.com\/de\/#website"},"primaryImageOfPage":{"@id":"https:\/\/avira-reusables.com\/de\/collection\/unkategorisiert\/p438-06-product-variation-3\/#primaryimage"},"image":{"@id":"https:\/\/avira-reusables.com\/de\/collection\/unkategorisiert\/p438-06-product-variation-3\/#primaryimage"},"thumbnailUrl":"https:\/\/avira-reusables.com\/wp-content\/uploads\/sites\/2\/2026\/04\/P438.063__S_0__7d44598672ef439cbd956f08f29b69c3.jpg","datePublished":"2023-03-30T23:02:06+00:00","dateModified":"2026-04-15T23:18:34+00:00","breadcrumb":{"@id":"https:\/\/avira-reusables.com\/de\/collection\/unkategorisiert\/p438-06-product-variation-3\/#breadcrumb"},"inLanguage":"de","potentialAction":[{"@type":"ReadAction","target":["https:\/\/avira-reusables.com\/de\/collection\/unkategorisiert\/p438-06-product-variation-3\/"]}]},{"@type":"ImageObject","inLanguage":"de","@id":"https:\/\/avira-reusables.com\/de\/collection\/unkategorisiert\/p438-06-product-variation-3\/#primaryimage","url":"https:\/\/avira-reusables.com\/wp-content\/uploads\/sites\/2\/2026\/04\/P438.063__S_0__7d44598672ef439cbd956f08f29b69c3.jpg","contentUrl":"https:\/\/avira-reusables.com\/wp-content\/uploads\/sites\/2\/2026\/04\/P438.063__S_0__7d44598672ef439cbd956f08f29b69c3.jpg","width":1024,"height":1024},{"@type":"BreadcrumbList","@id":"https:\/\/avira-reusables.com\/de\/collection\/unkategorisiert\/p438-06-product-variation-3\/#breadcrumb","itemListElement":[{"@type":"ListItem","position":1,"name":"Home","item":"https:\/\/avira-reusables.com\/de\/"},{"@type":"ListItem","position":2,"name":"Sammlung","item":"https:\/\/avira-reusables.com\/de\/sammlung\/"},{"@type":"ListItem","position":3,"name":"Avira Alcor 600ml Wasserflasche aus RCS rec. Stainless-Steel, wei\u00df"}]},{"@type":"WebSite","@id":"https:\/\/avira-reusables.com\/de\/#website","url":"https:\/\/avira-reusables.com\/de\/","name":"Avira","description":"Made of 100% recycled materials","potentialAction":[{"@type":"SearchAction","target":{"@type":"EntryPoint","urlTemplate":"https:\/\/avira-reusables.com\/de\/?s={search_term_string}"},"query-input":{"@type":"PropertyValueSpecification","valueRequired":true,"valueName":"search_term_string"}}],"inLanguage":"de"}]}},"_links":{"self":[{"href":"https:\/\/avira-reusables.com\/de\/wp-json\/wp\/v2\/product\/4904","targetHints":{"allow":["GET"]}}],"collection":[{"href":"https:\/\/avira-reusables.com\/de\/wp-json\/wp\/v2\/product"}],"about":[{"href":"https:\/\/avira-reusables.com\/de\/wp-json\/wp\/v2\/types\/product"}],"wp:featuredmedia":[{"embeddable":true,"href":"https:\/\/avira-reusables.com\/de\/wp-json\/wp\/v2\/media\/23698"}],"wp:attachment":[{"href":"https:\/\/avira-reusables.com\/de\/wp-json\/wp\/v2\/media?parent=4904"}],"wp:term":[{"taxonomy":"product_cat","embeddable":true,"href":"https:\/\/avira-reusables.com\/de\/wp-json\/wp\/v2\/product_cat?post=4904"},{"taxonomy":"product_tag","embeddable":true,"href":"https:\/\/avira-reusables.com\/de\/wp-json\/wp\/v2\/product_tag?post=4904"}],"curies":[{"name":"wp","href":"https:\/\/api.w.org\/{rel}","templated":true}]}}