{"id":6754,"date":"2023-09-22T01:00:09","date_gmt":"2023-09-21T23:00:09","guid":{"rendered":"https:\/\/avira-reusables.com\/collection\/uncategorized\/alya-rcs-recycelter-stainless-steel-becher-300ml-beige\/"},"modified":"2026-03-12T02:17:06","modified_gmt":"2026-03-12T00:17:06","slug":"alya-rcs-recycelter-stainless-steel-becher-300ml-beige","status":"publish","type":"product","link":"https:\/\/avira-reusables.com\/de\/collection\/unkategorisiert\/alya-rcs-recycelter-stainless-steel-becher-300ml-beige\/","title":{"rendered":"Alya RCS recycelter Stainless-Steel Becher 300ml, beige"},"content":{"rendered":"<p>Erreichen Sie Ihre t\u00e4glichen Trinkziele mit dem elegant anmutenden Alya-Becher. Der doppelwandige, vakuumisolierte Stainless-Steel-K\u00f6rper h\u00e4lt Ihr Lieblingsgetr\u00e4nk 6 Stunden warm und erfrischendes Wasser 8 Stunden gek\u00fchlt. Die Unterseite ist mit einem rutschfesten Silikonpad ausgestattet. Hergestellt aus RCS-zertifiziert recyceltem Edelstahl. RCS (Recycled Claim Standard) ist ein Standard zur \u00dcberpr\u00fcfung des Recyclinganteils eines Produkts in der gesamten Lieferkette. Gesamter Recyclinganteil: 63% basierend auf dem Gesamtgewicht des Artikels. BPA-frei. Fassungsverm\u00f6gen 300ml. Nur Handw\u00e4sche. Inklusive FSC\u00ae-zertifizierter Kraftverpackung. Werfen Sie die Box nicht weg, sondern verwenden Sie die Schachtel als Telefonhalter, Stifthalter oder Blumentopf! 2% des Erl\u00f6ses jedes verkauften Impact-Produkts werden an Water.org gespendet.<\/p>\n","protected":false},"excerpt":{"rendered":"<p>Erreichen Sie Ihre t\u00e4glichen Trinkziele mit dem elegant anmutenden Alya-Becher. Der doppelwandige, vakuumisolierte Stainless-Steel-K\u00f6rper h\u00e4lt Ihr Lieblingsgetr\u00e4nk 6 Stunden warm und erfrischendes Wasser 8 Stunden gek\u00fchlt. Die Unterseite ist mit einem rutschfesten Silikonpad ausgestattet. Hergestellt aus RCS-zertifiziert recyceltem Edelstahl. RCS (Recycled Claim Standard) ist ein Standard zur \u00dcberpr\u00fcfung des Recyclinganteils eines Produkts in der gesamten [&hellip;]<\/p>\n","protected":false},"featured_media":0,"template":"","meta":{"_acf_changed":false},"product_cat":[],"product_tag":[],"class_list":["post-6754","product","type-product","status-publish","hentry"],"acf":[],"yoast_head":"<!-- This site is optimized with the Yoast SEO plugin v27.0 - https:\/\/yoast.com\/product\/yoast-seo-wordpress\/ -->\n<title>Alya RCS recycelter Stainless-Steel Becher 300ml, beige - Avira<\/title>\n<meta name=\"robots\" content=\"index, follow, max-snippet:-1, max-image-preview:large, max-video-preview:-1\" \/>\n<link rel=\"canonical\" href=\"https:\/\/avira-reusables.com\/de\/collection\/unkategorisiert\/alya-rcs-recycelter-stainless-steel-becher-300ml-beige\/\" \/>\n<meta property=\"og:locale\" content=\"de_DE\" \/>\n<meta property=\"og:type\" content=\"article\" \/>\n<meta property=\"og:title\" content=\"Alya RCS recycelter Stainless-Steel Becher 300ml, beige - Avira\" \/>\n<meta property=\"og:description\" content=\"Erreichen Sie Ihre t\u00e4glichen Trinkziele mit dem elegant anmutenden Alya-Becher. Der doppelwandige, vakuumisolierte Stainless-Steel-K\u00f6rper h\u00e4lt Ihr Lieblingsgetr\u00e4nk 6 Stunden warm und erfrischendes Wasser 8 Stunden gek\u00fchlt. Die Unterseite ist mit einem rutschfesten Silikonpad ausgestattet. Hergestellt aus RCS-zertifiziert recyceltem Edelstahl. RCS (Recycled Claim Standard) ist ein Standard zur \u00dcberpr\u00fcfung des Recyclinganteils eines Produkts in der gesamten [&hellip;]\" \/>\n<meta property=\"og:url\" content=\"https:\/\/avira-reusables.com\/de\/collection\/unkategorisiert\/alya-rcs-recycelter-stainless-steel-becher-300ml-beige\/\" \/>\n<meta property=\"og:site_name\" content=\"Avira\" \/>\n<meta property=\"article:modified_time\" content=\"2026-03-12T00:17:06+00:00\" \/>\n<meta name=\"twitter:card\" content=\"summary_large_image\" \/>\n<meta name=\"twitter:label1\" content=\"Gesch\u00e4tzte Lesezeit\" \/>\n\t<meta name=\"twitter:data1\" content=\"1\u00a0Minute\" \/>\n<script type=\"application\/ld+json\" class=\"yoast-schema-graph\">{\"@context\":\"https:\/\/schema.org\",\"@graph\":[{\"@type\":\"WebPage\",\"@id\":\"https:\/\/avira-reusables.com\/de\/collection\/unkategorisiert\/alya-rcs-recycelter-stainless-steel-becher-300ml-beige\/\",\"url\":\"https:\/\/avira-reusables.com\/de\/collection\/unkategorisiert\/alya-rcs-recycelter-stainless-steel-becher-300ml-beige\/\",\"name\":\"Alya RCS recycelter Stainless-Steel Becher 300ml, beige - Avira\",\"isPartOf\":{\"@id\":\"https:\/\/avira-reusables.com\/de\/#website\"},\"datePublished\":\"2023-09-21T23:00:09+00:00\",\"dateModified\":\"2026-03-12T00:17:06+00:00\",\"breadcrumb\":{\"@id\":\"https:\/\/avira-reusables.com\/de\/collection\/unkategorisiert\/alya-rcs-recycelter-stainless-steel-becher-300ml-beige\/#breadcrumb\"},\"inLanguage\":\"de\",\"potentialAction\":[{\"@type\":\"ReadAction\",\"target\":[\"https:\/\/avira-reusables.com\/de\/collection\/unkategorisiert\/alya-rcs-recycelter-stainless-steel-becher-300ml-beige\/\"]}]},{\"@type\":\"BreadcrumbList\",\"@id\":\"https:\/\/avira-reusables.com\/de\/collection\/unkategorisiert\/alya-rcs-recycelter-stainless-steel-becher-300ml-beige\/#breadcrumb\",\"itemListElement\":[{\"@type\":\"ListItem\",\"position\":1,\"name\":\"Home\",\"item\":\"https:\/\/avira-reusables.com\/de\/\"},{\"@type\":\"ListItem\",\"position\":2,\"name\":\"Sammlung\",\"item\":\"https:\/\/avira-reusables.com\/de\/sammlung\/\"},{\"@type\":\"ListItem\",\"position\":3,\"name\":\"Alya RCS recycelter Stainless-Steel Becher 300ml, beige\"}]},{\"@type\":\"WebSite\",\"@id\":\"https:\/\/avira-reusables.com\/de\/#website\",\"url\":\"https:\/\/avira-reusables.com\/de\/\",\"name\":\"Avira\",\"description\":\"Made of 100% recycled materials\",\"potentialAction\":[{\"@type\":\"SearchAction\",\"target\":{\"@type\":\"EntryPoint\",\"urlTemplate\":\"https:\/\/avira-reusables.com\/de\/?s={search_term_string}\"},\"query-input\":{\"@type\":\"PropertyValueSpecification\",\"valueRequired\":true,\"valueName\":\"search_term_string\"}}],\"inLanguage\":\"de\"}]}<\/script>\n<!-- \/ Yoast SEO plugin. -->","yoast_head_json":{"title":"Alya RCS recycelter Stainless-Steel Becher 300ml, beige - Avira","robots":{"index":"index","follow":"follow","max-snippet":"max-snippet:-1","max-image-preview":"max-image-preview:large","max-video-preview":"max-video-preview:-1"},"canonical":"https:\/\/avira-reusables.com\/de\/collection\/unkategorisiert\/alya-rcs-recycelter-stainless-steel-becher-300ml-beige\/","og_locale":"de_DE","og_type":"article","og_title":"Alya RCS recycelter Stainless-Steel Becher 300ml, beige - Avira","og_description":"Erreichen Sie Ihre t\u00e4glichen Trinkziele mit dem elegant anmutenden Alya-Becher. Der doppelwandige, vakuumisolierte Stainless-Steel-K\u00f6rper h\u00e4lt Ihr Lieblingsgetr\u00e4nk 6 Stunden warm und erfrischendes Wasser 8 Stunden gek\u00fchlt. Die Unterseite ist mit einem rutschfesten Silikonpad ausgestattet. Hergestellt aus RCS-zertifiziert recyceltem Edelstahl. RCS (Recycled Claim Standard) ist ein Standard zur \u00dcberpr\u00fcfung des Recyclinganteils eines Produkts in der gesamten [&hellip;]","og_url":"https:\/\/avira-reusables.com\/de\/collection\/unkategorisiert\/alya-rcs-recycelter-stainless-steel-becher-300ml-beige\/","og_site_name":"Avira","article_modified_time":"2026-03-12T00:17:06+00:00","twitter_card":"summary_large_image","twitter_misc":{"Gesch\u00e4tzte Lesezeit":"1\u00a0Minute"},"schema":{"@context":"https:\/\/schema.org","@graph":[{"@type":"WebPage","@id":"https:\/\/avira-reusables.com\/de\/collection\/unkategorisiert\/alya-rcs-recycelter-stainless-steel-becher-300ml-beige\/","url":"https:\/\/avira-reusables.com\/de\/collection\/unkategorisiert\/alya-rcs-recycelter-stainless-steel-becher-300ml-beige\/","name":"Alya RCS recycelter Stainless-Steel Becher 300ml, beige - Avira","isPartOf":{"@id":"https:\/\/avira-reusables.com\/de\/#website"},"datePublished":"2023-09-21T23:00:09+00:00","dateModified":"2026-03-12T00:17:06+00:00","breadcrumb":{"@id":"https:\/\/avira-reusables.com\/de\/collection\/unkategorisiert\/alya-rcs-recycelter-stainless-steel-becher-300ml-beige\/#breadcrumb"},"inLanguage":"de","potentialAction":[{"@type":"ReadAction","target":["https:\/\/avira-reusables.com\/de\/collection\/unkategorisiert\/alya-rcs-recycelter-stainless-steel-becher-300ml-beige\/"]}]},{"@type":"BreadcrumbList","@id":"https:\/\/avira-reusables.com\/de\/collection\/unkategorisiert\/alya-rcs-recycelter-stainless-steel-becher-300ml-beige\/#breadcrumb","itemListElement":[{"@type":"ListItem","position":1,"name":"Home","item":"https:\/\/avira-reusables.com\/de\/"},{"@type":"ListItem","position":2,"name":"Sammlung","item":"https:\/\/avira-reusables.com\/de\/sammlung\/"},{"@type":"ListItem","position":3,"name":"Alya RCS recycelter Stainless-Steel Becher 300ml, beige"}]},{"@type":"WebSite","@id":"https:\/\/avira-reusables.com\/de\/#website","url":"https:\/\/avira-reusables.com\/de\/","name":"Avira","description":"Made of 100% recycled materials","potentialAction":[{"@type":"SearchAction","target":{"@type":"EntryPoint","urlTemplate":"https:\/\/avira-reusables.com\/de\/?s={search_term_string}"},"query-input":{"@type":"PropertyValueSpecification","valueRequired":true,"valueName":"search_term_string"}}],"inLanguage":"de"}]}},"_links":{"self":[{"href":"https:\/\/avira-reusables.com\/de\/wp-json\/wp\/v2\/product\/6754","targetHints":{"allow":["GET"]}}],"collection":[{"href":"https:\/\/avira-reusables.com\/de\/wp-json\/wp\/v2\/product"}],"about":[{"href":"https:\/\/avira-reusables.com\/de\/wp-json\/wp\/v2\/types\/product"}],"wp:attachment":[{"href":"https:\/\/avira-reusables.com\/de\/wp-json\/wp\/v2\/media?parent=6754"}],"wp:term":[{"taxonomy":"product_cat","embeddable":true,"href":"https:\/\/avira-reusables.com\/de\/wp-json\/wp\/v2\/product_cat?post=6754"},{"taxonomy":"product_tag","embeddable":true,"href":"https:\/\/avira-reusables.com\/de\/wp-json\/wp\/v2\/product_tag?post=6754"}],"curies":[{"name":"wp","href":"https:\/\/api.w.org\/{rel}","templated":true}]}}