{"id":8314,"date":"2024-01-03T02:02:07","date_gmt":"2024-01-03T00:02:07","guid":{"rendered":"https:\/\/avira-reusables.com\/collection\/unkategorisiert\/avira-ara-rcs-re-steel-fliptop-wasserflasche-500ml-navy-blau\/"},"modified":"2026-03-12T02:18:41","modified_gmt":"2026-03-12T00:18:41","slug":"avira-ara-rcs-re-steel-fliptop-wasserflasche-500ml-navy-blau","status":"publish","type":"product","link":"https:\/\/avira-reusables.com\/de\/collection\/unkategorisiert\/avira-ara-rcs-re-steel-fliptop-wasserflasche-500ml-navy-blau\/","title":{"rendered":"Avira Ara RCS Re-Steel Fliptop Wasserflasche 500ml, navy blau"},"content":{"rendered":"<p>Die Ara RCS Recycled Stainless Steel Vakuumflasche ist mit einem innovativen Fliptop-Deckel und einem Strohhalm ausgestattet und damit perfekt f\u00fcr den Sport oder f\u00fcr unterwegs geeignet. Ihre doppelwandige Konstruktion aus recyceltem Edelstahl h\u00e4lt Ihr Wasser bis zu 20 Stunden lang k\u00fchl. Die Flasche passt in die meisten Standardbecherhalter im Auto, sodass Sie sie \u00fcberallhin mitnehmen k\u00f6nnen. Sie wird aus RCS-zertifiziert (Recycled Claim Standard) recycelten Materialien hergestellt, die eine vollst\u00e4ndig zertifizierte Lieferkette f\u00fcr recycelte Materialien gew\u00e4hrleisten. Mit einem Gesamtanteil an recyceltem Material von 85%, bezogen auf das Gesamtgewicht des Artikels, ist sie umweltfreundlich und BPA-frei. Fassungsverm\u00f6gen von 500ml. In einer FSC\u00ae-zertifizierten Kraftverpackung k\u00f6nnen Sie die Box sogar als Telefonhalter, Stifthalter oder Blumentopf umfunktionieren! 2% des Erl\u00f6ses jedes verkauften Impact-Produkts werden an Water.org gespendet.<\/p>\n","protected":false},"excerpt":{"rendered":"<p>Die Ara RCS Recycled Stainless Steel Vakuumflasche ist mit einem innovativen Fliptop-Deckel und einem Strohhalm ausgestattet und damit perfekt f\u00fcr den Sport oder f\u00fcr unterwegs geeignet. Ihre doppelwandige Konstruktion aus recyceltem Edelstahl h\u00e4lt Ihr Wasser bis zu 20 Stunden lang k\u00fchl. Die Flasche passt in die meisten Standardbecherhalter im Auto, sodass Sie sie \u00fcberallhin mitnehmen [&hellip;]<\/p>\n","protected":false},"featured_media":20039,"template":"","meta":{"_acf_changed":false},"product_cat":[],"product_tag":[],"class_list":["post-8314","product","type-product","status-publish","has-post-thumbnail","hentry"],"acf":[],"yoast_head":"<!-- This site is optimized with the Yoast SEO plugin v27.0 - https:\/\/yoast.com\/product\/yoast-seo-wordpress\/ -->\n<title>Avira Ara RCS Re-Steel Fliptop Wasserflasche 500ml, navy blau - Avira<\/title>\n<meta name=\"robots\" content=\"index, follow, max-snippet:-1, max-image-preview:large, max-video-preview:-1\" \/>\n<link rel=\"canonical\" href=\"https:\/\/avira-reusables.com\/de\/collection\/unkategorisiert\/avira-ara-rcs-re-steel-fliptop-wasserflasche-500ml-navy-blau\/\" \/>\n<meta property=\"og:locale\" content=\"de_DE\" \/>\n<meta property=\"og:type\" content=\"article\" \/>\n<meta property=\"og:title\" content=\"Avira Ara RCS Re-Steel Fliptop Wasserflasche 500ml, navy blau - Avira\" \/>\n<meta property=\"og:description\" content=\"Die Ara RCS Recycled Stainless Steel Vakuumflasche ist mit einem innovativen Fliptop-Deckel und einem Strohhalm ausgestattet und damit perfekt f\u00fcr den Sport oder f\u00fcr unterwegs geeignet. Ihre doppelwandige Konstruktion aus recyceltem Edelstahl h\u00e4lt Ihr Wasser bis zu 20 Stunden lang k\u00fchl. Die Flasche passt in die meisten Standardbecherhalter im Auto, sodass Sie sie \u00fcberallhin mitnehmen [&hellip;]\" \/>\n<meta property=\"og:url\" content=\"https:\/\/avira-reusables.com\/de\/collection\/unkategorisiert\/avira-ara-rcs-re-steel-fliptop-wasserflasche-500ml-navy-blau\/\" \/>\n<meta property=\"og:site_name\" content=\"Avira\" \/>\n<meta property=\"article:modified_time\" content=\"2026-03-12T00:18:41+00:00\" \/>\n<meta property=\"og:image\" content=\"https:\/\/avira-reusables.com\/wp-content\/uploads\/sites\/2\/2024\/02\/P438.080__S_0__6302ede2c6904fb2a98a0c7131757418.jpg\" \/>\n\t<meta property=\"og:image:width\" content=\"1024\" \/>\n\t<meta property=\"og:image:height\" content=\"1024\" \/>\n\t<meta property=\"og:image:type\" content=\"image\/jpeg\" \/>\n<meta name=\"twitter:card\" content=\"summary_large_image\" \/>\n<meta name=\"twitter:label1\" content=\"Gesch\u00e4tzte Lesezeit\" \/>\n\t<meta name=\"twitter:data1\" content=\"1\u00a0Minute\" \/>\n<script type=\"application\/ld+json\" class=\"yoast-schema-graph\">{\"@context\":\"https:\/\/schema.org\",\"@graph\":[{\"@type\":\"WebPage\",\"@id\":\"https:\/\/avira-reusables.com\/de\/collection\/unkategorisiert\/avira-ara-rcs-re-steel-fliptop-wasserflasche-500ml-navy-blau\/\",\"url\":\"https:\/\/avira-reusables.com\/de\/collection\/unkategorisiert\/avira-ara-rcs-re-steel-fliptop-wasserflasche-500ml-navy-blau\/\",\"name\":\"Avira Ara RCS Re-Steel Fliptop Wasserflasche 500ml, navy blau - Avira\",\"isPartOf\":{\"@id\":\"https:\/\/avira-reusables.com\/de\/#website\"},\"primaryImageOfPage\":{\"@id\":\"https:\/\/avira-reusables.com\/de\/collection\/unkategorisiert\/avira-ara-rcs-re-steel-fliptop-wasserflasche-500ml-navy-blau\/#primaryimage\"},\"image\":{\"@id\":\"https:\/\/avira-reusables.com\/de\/collection\/unkategorisiert\/avira-ara-rcs-re-steel-fliptop-wasserflasche-500ml-navy-blau\/#primaryimage\"},\"thumbnailUrl\":\"https:\/\/avira-reusables.com\/wp-content\/uploads\/sites\/2\/2024\/02\/P438.080__S_0__6302ede2c6904fb2a98a0c7131757418.jpg\",\"datePublished\":\"2024-01-03T00:02:07+00:00\",\"dateModified\":\"2026-03-12T00:18:41+00:00\",\"breadcrumb\":{\"@id\":\"https:\/\/avira-reusables.com\/de\/collection\/unkategorisiert\/avira-ara-rcs-re-steel-fliptop-wasserflasche-500ml-navy-blau\/#breadcrumb\"},\"inLanguage\":\"de\",\"potentialAction\":[{\"@type\":\"ReadAction\",\"target\":[\"https:\/\/avira-reusables.com\/de\/collection\/unkategorisiert\/avira-ara-rcs-re-steel-fliptop-wasserflasche-500ml-navy-blau\/\"]}]},{\"@type\":\"ImageObject\",\"inLanguage\":\"de\",\"@id\":\"https:\/\/avira-reusables.com\/de\/collection\/unkategorisiert\/avira-ara-rcs-re-steel-fliptop-wasserflasche-500ml-navy-blau\/#primaryimage\",\"url\":\"https:\/\/avira-reusables.com\/wp-content\/uploads\/sites\/2\/2024\/02\/P438.080__S_0__6302ede2c6904fb2a98a0c7131757418.jpg\",\"contentUrl\":\"https:\/\/avira-reusables.com\/wp-content\/uploads\/sites\/2\/2024\/02\/P438.080__S_0__6302ede2c6904fb2a98a0c7131757418.jpg\",\"width\":1024,\"height\":1024},{\"@type\":\"BreadcrumbList\",\"@id\":\"https:\/\/avira-reusables.com\/de\/collection\/unkategorisiert\/avira-ara-rcs-re-steel-fliptop-wasserflasche-500ml-navy-blau\/#breadcrumb\",\"itemListElement\":[{\"@type\":\"ListItem\",\"position\":1,\"name\":\"Home\",\"item\":\"https:\/\/avira-reusables.com\/de\/\"},{\"@type\":\"ListItem\",\"position\":2,\"name\":\"Sammlung\",\"item\":\"https:\/\/avira-reusables.com\/de\/sammlung\/\"},{\"@type\":\"ListItem\",\"position\":3,\"name\":\"Avira Ara RCS Re-Steel Fliptop Wasserflasche 500ml, navy blau\"}]},{\"@type\":\"WebSite\",\"@id\":\"https:\/\/avira-reusables.com\/de\/#website\",\"url\":\"https:\/\/avira-reusables.com\/de\/\",\"name\":\"Avira\",\"description\":\"Made of 100% recycled materials\",\"potentialAction\":[{\"@type\":\"SearchAction\",\"target\":{\"@type\":\"EntryPoint\",\"urlTemplate\":\"https:\/\/avira-reusables.com\/de\/?s={search_term_string}\"},\"query-input\":{\"@type\":\"PropertyValueSpecification\",\"valueRequired\":true,\"valueName\":\"search_term_string\"}}],\"inLanguage\":\"de\"}]}<\/script>\n<!-- \/ Yoast SEO plugin. -->","yoast_head_json":{"title":"Avira Ara RCS Re-Steel Fliptop Wasserflasche 500ml, navy blau - Avira","robots":{"index":"index","follow":"follow","max-snippet":"max-snippet:-1","max-image-preview":"max-image-preview:large","max-video-preview":"max-video-preview:-1"},"canonical":"https:\/\/avira-reusables.com\/de\/collection\/unkategorisiert\/avira-ara-rcs-re-steel-fliptop-wasserflasche-500ml-navy-blau\/","og_locale":"de_DE","og_type":"article","og_title":"Avira Ara RCS Re-Steel Fliptop Wasserflasche 500ml, navy blau - Avira","og_description":"Die Ara RCS Recycled Stainless Steel Vakuumflasche ist mit einem innovativen Fliptop-Deckel und einem Strohhalm ausgestattet und damit perfekt f\u00fcr den Sport oder f\u00fcr unterwegs geeignet. Ihre doppelwandige Konstruktion aus recyceltem Edelstahl h\u00e4lt Ihr Wasser bis zu 20 Stunden lang k\u00fchl. Die Flasche passt in die meisten Standardbecherhalter im Auto, sodass Sie sie \u00fcberallhin mitnehmen [&hellip;]","og_url":"https:\/\/avira-reusables.com\/de\/collection\/unkategorisiert\/avira-ara-rcs-re-steel-fliptop-wasserflasche-500ml-navy-blau\/","og_site_name":"Avira","article_modified_time":"2026-03-12T00:18:41+00:00","og_image":[{"width":1024,"height":1024,"url":"https:\/\/avira-reusables.com\/wp-content\/uploads\/sites\/2\/2024\/02\/P438.080__S_0__6302ede2c6904fb2a98a0c7131757418.jpg","type":"image\/jpeg"}],"twitter_card":"summary_large_image","twitter_misc":{"Gesch\u00e4tzte Lesezeit":"1\u00a0Minute"},"schema":{"@context":"https:\/\/schema.org","@graph":[{"@type":"WebPage","@id":"https:\/\/avira-reusables.com\/de\/collection\/unkategorisiert\/avira-ara-rcs-re-steel-fliptop-wasserflasche-500ml-navy-blau\/","url":"https:\/\/avira-reusables.com\/de\/collection\/unkategorisiert\/avira-ara-rcs-re-steel-fliptop-wasserflasche-500ml-navy-blau\/","name":"Avira Ara RCS Re-Steel Fliptop Wasserflasche 500ml, navy blau - Avira","isPartOf":{"@id":"https:\/\/avira-reusables.com\/de\/#website"},"primaryImageOfPage":{"@id":"https:\/\/avira-reusables.com\/de\/collection\/unkategorisiert\/avira-ara-rcs-re-steel-fliptop-wasserflasche-500ml-navy-blau\/#primaryimage"},"image":{"@id":"https:\/\/avira-reusables.com\/de\/collection\/unkategorisiert\/avira-ara-rcs-re-steel-fliptop-wasserflasche-500ml-navy-blau\/#primaryimage"},"thumbnailUrl":"https:\/\/avira-reusables.com\/wp-content\/uploads\/sites\/2\/2024\/02\/P438.080__S_0__6302ede2c6904fb2a98a0c7131757418.jpg","datePublished":"2024-01-03T00:02:07+00:00","dateModified":"2026-03-12T00:18:41+00:00","breadcrumb":{"@id":"https:\/\/avira-reusables.com\/de\/collection\/unkategorisiert\/avira-ara-rcs-re-steel-fliptop-wasserflasche-500ml-navy-blau\/#breadcrumb"},"inLanguage":"de","potentialAction":[{"@type":"ReadAction","target":["https:\/\/avira-reusables.com\/de\/collection\/unkategorisiert\/avira-ara-rcs-re-steel-fliptop-wasserflasche-500ml-navy-blau\/"]}]},{"@type":"ImageObject","inLanguage":"de","@id":"https:\/\/avira-reusables.com\/de\/collection\/unkategorisiert\/avira-ara-rcs-re-steel-fliptop-wasserflasche-500ml-navy-blau\/#primaryimage","url":"https:\/\/avira-reusables.com\/wp-content\/uploads\/sites\/2\/2024\/02\/P438.080__S_0__6302ede2c6904fb2a98a0c7131757418.jpg","contentUrl":"https:\/\/avira-reusables.com\/wp-content\/uploads\/sites\/2\/2024\/02\/P438.080__S_0__6302ede2c6904fb2a98a0c7131757418.jpg","width":1024,"height":1024},{"@type":"BreadcrumbList","@id":"https:\/\/avira-reusables.com\/de\/collection\/unkategorisiert\/avira-ara-rcs-re-steel-fliptop-wasserflasche-500ml-navy-blau\/#breadcrumb","itemListElement":[{"@type":"ListItem","position":1,"name":"Home","item":"https:\/\/avira-reusables.com\/de\/"},{"@type":"ListItem","position":2,"name":"Sammlung","item":"https:\/\/avira-reusables.com\/de\/sammlung\/"},{"@type":"ListItem","position":3,"name":"Avira Ara RCS Re-Steel Fliptop Wasserflasche 500ml, navy blau"}]},{"@type":"WebSite","@id":"https:\/\/avira-reusables.com\/de\/#website","url":"https:\/\/avira-reusables.com\/de\/","name":"Avira","description":"Made of 100% recycled materials","potentialAction":[{"@type":"SearchAction","target":{"@type":"EntryPoint","urlTemplate":"https:\/\/avira-reusables.com\/de\/?s={search_term_string}"},"query-input":{"@type":"PropertyValueSpecification","valueRequired":true,"valueName":"search_term_string"}}],"inLanguage":"de"}]}},"_links":{"self":[{"href":"https:\/\/avira-reusables.com\/de\/wp-json\/wp\/v2\/product\/8314","targetHints":{"allow":["GET"]}}],"collection":[{"href":"https:\/\/avira-reusables.com\/de\/wp-json\/wp\/v2\/product"}],"about":[{"href":"https:\/\/avira-reusables.com\/de\/wp-json\/wp\/v2\/types\/product"}],"wp:featuredmedia":[{"embeddable":true,"href":"https:\/\/avira-reusables.com\/de\/wp-json\/wp\/v2\/media\/20039"}],"wp:attachment":[{"href":"https:\/\/avira-reusables.com\/de\/wp-json\/wp\/v2\/media?parent=8314"}],"wp:term":[{"taxonomy":"product_cat","embeddable":true,"href":"https:\/\/avira-reusables.com\/de\/wp-json\/wp\/v2\/product_cat?post=8314"},{"taxonomy":"product_tag","embeddable":true,"href":"https:\/\/avira-reusables.com\/de\/wp-json\/wp\/v2\/product_tag?post=8314"}],"curies":[{"name":"wp","href":"https:\/\/api.w.org\/{rel}","templated":true}]}}