{"id":21867,"date":"2024-05-30T01:00:09","date_gmt":"2024-05-29T23:00:09","guid":{"rendered":"https:\/\/avira-reusables.com\/collection\/sin%20categor\u00eda\/botella-avior-1l-de-acero-rcs-negro-azul-marino\/"},"modified":"2026-03-12T02:22:37","modified_gmt":"2026-03-12T00:22:37","slug":"botella-avior-1l-de-acero-rcs-negro-azul-marino","status":"publish","type":"product","link":"https:\/\/avira-reusables.com\/es\/collection\/sin categor\u00eda\/botella-avior-1l-de-acero-rcs-negro-azul-marino\/","title":{"rendered":"Botella acero RCS 1L, azul marino"},"content":{"rendered":"<p>La botella al vac\u00edo de acero inoxidable reciclado Avior RCS est\u00e1 dise\u00f1ada para disfrutar de tus bebidas durante mucho tiempo! La construcci\u00f3n de vac\u00edo de acero inoxidable reciclado de doble pared mantiene las bebidas fr\u00edas hasta 20 horas o calientes hasta 10 horas. Esta botella se adapta a la mayor\u00eda de los portavasos est\u00e1ndar para autom\u00f3viles, por lo que puedes llevarla a cualquier parte. Fabricado con materiales reciclados certificados RCS (Recycled Claim Standard). La certificaci\u00f3n RCS garantiza una cadena de suministro completamente certificada de los materiales reciclados. Contenido reciclado total: 84% basado en el peso total del art\u00edculo. Sin BPA. Capacidad 1000ml. Incluye embalaje kraft certificado FSC\u00ae. Reutiliza la caja en un soporte para tel\u00e9fono, un portal\u00e1pices o una maceta! El 2% de las ganancias de la venta de cada producto Impact se donar\u00e1 a Water.org.<\/p>\n","protected":false},"excerpt":{"rendered":"<p>La botella al vac\u00edo de acero inoxidable reciclado Avior RCS est\u00e1 dise\u00f1ada para disfrutar de tus bebidas durante mucho tiempo! La construcci\u00f3n de vac\u00edo de acero inoxidable reciclado de doble pared mantiene las bebidas fr\u00edas hasta 20 horas o calientes hasta 10 horas. Esta botella se adapta a la mayor\u00eda de los portavasos est\u00e1ndar para [&hellip;]<\/p>\n","protected":false},"featured_media":21806,"template":"","meta":{"_acf_changed":false},"product_cat":[],"product_tag":[],"class_list":["post-21867","product","type-product","status-publish","has-post-thumbnail","hentry"],"acf":[],"yoast_head":"<!-- This site is optimized with the Yoast SEO plugin v27.0 - https:\/\/yoast.com\/product\/yoast-seo-wordpress\/ -->\n<title>Botella acero RCS 1L, azul marino - Avira<\/title>\n<meta name=\"robots\" content=\"index, follow, max-snippet:-1, max-image-preview:large, max-video-preview:-1\" \/>\n<link rel=\"canonical\" href=\"https:\/\/avira-reusables.com\/es\/collection\/sin%20categor\u00eda\/botella-avior-1l-de-acero-rcs-negro-azul-marino\/\" \/>\n<meta property=\"og:locale\" content=\"es_ES\" \/>\n<meta property=\"og:type\" content=\"article\" \/>\n<meta property=\"og:title\" content=\"Botella acero RCS 1L, azul marino - Avira\" \/>\n<meta property=\"og:description\" content=\"La botella al vac\u00edo de acero inoxidable reciclado Avior RCS est\u00e1 dise\u00f1ada para disfrutar de tus bebidas durante mucho tiempo! La construcci\u00f3n de vac\u00edo de acero inoxidable reciclado de doble pared mantiene las bebidas fr\u00edas hasta 20 horas o calientes hasta 10 horas. Esta botella se adapta a la mayor\u00eda de los portavasos est\u00e1ndar para [&hellip;]\" \/>\n<meta property=\"og:url\" content=\"https:\/\/avira-reusables.com\/es\/collection\/sin categor\u00eda\/botella-avior-1l-de-acero-rcs-negro-azul-marino\/\" \/>\n<meta property=\"og:site_name\" content=\"Avira\" \/>\n<meta property=\"article:modified_time\" content=\"2026-03-12T00:22:37+00:00\" \/>\n<meta property=\"og:image\" content=\"https:\/\/avira-reusables.com\/wp-content\/uploads\/sites\/2\/2024\/05\/P438.0125__S_0__dc40766973314f74a82b9bd6c73fb7bc.jpg\" \/>\n\t<meta property=\"og:image:width\" content=\"1024\" \/>\n\t<meta property=\"og:image:height\" content=\"1024\" \/>\n\t<meta property=\"og:image:type\" content=\"image\/jpeg\" \/>\n<meta name=\"twitter:card\" content=\"summary_large_image\" \/>\n<meta name=\"twitter:label1\" content=\"Tiempo de lectura\" \/>\n\t<meta name=\"twitter:data1\" content=\"1 minuto\" \/>\n<script type=\"application\/ld+json\" class=\"yoast-schema-graph\">{\"@context\":\"https:\/\/schema.org\",\"@graph\":[{\"@type\":\"WebPage\",\"@id\":\"https:\/\/avira-reusables.com\/es\/collection\/sin categor\u00eda\/botella-avior-1l-de-acero-rcs-negro-azul-marino\/\",\"url\":\"https:\/\/avira-reusables.com\/es\/collection\/sin categor\u00eda\/botella-avior-1l-de-acero-rcs-negro-azul-marino\/\",\"name\":\"Botella acero RCS 1L, azul marino - Avira\",\"isPartOf\":{\"@id\":\"https:\/\/avira-reusables.com\/es\/#website\"},\"primaryImageOfPage\":{\"@id\":\"https:\/\/avira-reusables.com\/es\/collection\/sin categor\u00eda\/botella-avior-1l-de-acero-rcs-negro-azul-marino\/#primaryimage\"},\"image\":{\"@id\":\"https:\/\/avira-reusables.com\/es\/collection\/sin categor\u00eda\/botella-avior-1l-de-acero-rcs-negro-azul-marino\/#primaryimage\"},\"thumbnailUrl\":\"https:\/\/avira-reusables.com\/wp-content\/uploads\/sites\/2\/2024\/05\/P438.0125__S_0__dc40766973314f74a82b9bd6c73fb7bc.jpg\",\"datePublished\":\"2024-05-29T23:00:09+00:00\",\"dateModified\":\"2026-03-12T00:22:37+00:00\",\"breadcrumb\":{\"@id\":\"https:\/\/avira-reusables.com\/es\/collection\/sin categor\u00eda\/botella-avior-1l-de-acero-rcs-negro-azul-marino\/#breadcrumb\"},\"inLanguage\":\"es\",\"potentialAction\":[{\"@type\":\"ReadAction\",\"target\":[\"https:\/\/avira-reusables.com\/es\/collection\/sin categor\u00eda\/botella-avior-1l-de-acero-rcs-negro-azul-marino\/\"]}]},{\"@type\":\"ImageObject\",\"inLanguage\":\"es\",\"@id\":\"https:\/\/avira-reusables.com\/es\/collection\/sin categor\u00eda\/botella-avior-1l-de-acero-rcs-negro-azul-marino\/#primaryimage\",\"url\":\"https:\/\/avira-reusables.com\/wp-content\/uploads\/sites\/2\/2024\/05\/P438.0125__S_0__dc40766973314f74a82b9bd6c73fb7bc.jpg\",\"contentUrl\":\"https:\/\/avira-reusables.com\/wp-content\/uploads\/sites\/2\/2024\/05\/P438.0125__S_0__dc40766973314f74a82b9bd6c73fb7bc.jpg\",\"width\":1024,\"height\":1024},{\"@type\":\"BreadcrumbList\",\"@id\":\"https:\/\/avira-reusables.com\/es\/collection\/sin categor\u00eda\/botella-avior-1l-de-acero-rcs-negro-azul-marino\/#breadcrumb\",\"itemListElement\":[{\"@type\":\"ListItem\",\"position\":1,\"name\":\"Home\",\"item\":\"https:\/\/avira-reusables.com\/es\/\"},{\"@type\":\"ListItem\",\"position\":2,\"name\":\"Recopilaci\u00f3n\",\"item\":\"https:\/\/avira-reusables.com\/es\/recopilacion\/\"},{\"@type\":\"ListItem\",\"position\":3,\"name\":\"Botella acero RCS 1L, azul marino\"}]},{\"@type\":\"WebSite\",\"@id\":\"https:\/\/avira-reusables.com\/es\/#website\",\"url\":\"https:\/\/avira-reusables.com\/es\/\",\"name\":\"Avira\",\"description\":\"Made of 100% recycled materials\",\"potentialAction\":[{\"@type\":\"SearchAction\",\"target\":{\"@type\":\"EntryPoint\",\"urlTemplate\":\"https:\/\/avira-reusables.com\/es\/?s={search_term_string}\"},\"query-input\":{\"@type\":\"PropertyValueSpecification\",\"valueRequired\":true,\"valueName\":\"search_term_string\"}}],\"inLanguage\":\"es\"}]}<\/script>\n<!-- \/ Yoast SEO plugin. -->","yoast_head_json":{"title":"Botella acero RCS 1L, azul marino - Avira","robots":{"index":"index","follow":"follow","max-snippet":"max-snippet:-1","max-image-preview":"max-image-preview:large","max-video-preview":"max-video-preview:-1"},"canonical":"https:\/\/avira-reusables.com\/es\/collection\/sin categor\u00eda\/botella-avior-1l-de-acero-rcs-negro-azul-marino\/","og_locale":"es_ES","og_type":"article","og_title":"Botella acero RCS 1L, azul marino - Avira","og_description":"La botella al vac\u00edo de acero inoxidable reciclado Avior RCS est\u00e1 dise\u00f1ada para disfrutar de tus bebidas durante mucho tiempo! La construcci\u00f3n de vac\u00edo de acero inoxidable reciclado de doble pared mantiene las bebidas fr\u00edas hasta 20 horas o calientes hasta 10 horas. Esta botella se adapta a la mayor\u00eda de los portavasos est\u00e1ndar para [&hellip;]","og_url":"https:\/\/avira-reusables.com\/es\/collection\/sin categor\u00eda\/botella-avior-1l-de-acero-rcs-negro-azul-marino\/","og_site_name":"Avira","article_modified_time":"2026-03-12T00:22:37+00:00","og_image":[{"width":1024,"height":1024,"url":"https:\/\/avira-reusables.com\/wp-content\/uploads\/sites\/2\/2024\/05\/P438.0125__S_0__dc40766973314f74a82b9bd6c73fb7bc.jpg","type":"image\/jpeg"}],"twitter_card":"summary_large_image","twitter_misc":{"Tiempo de lectura":"1 minuto"},"schema":{"@context":"https:\/\/schema.org","@graph":[{"@type":"WebPage","@id":"https:\/\/avira-reusables.com\/es\/collection\/sin categor\u00eda\/botella-avior-1l-de-acero-rcs-negro-azul-marino\/","url":"https:\/\/avira-reusables.com\/es\/collection\/sin categor\u00eda\/botella-avior-1l-de-acero-rcs-negro-azul-marino\/","name":"Botella acero RCS 1L, azul marino - Avira","isPartOf":{"@id":"https:\/\/avira-reusables.com\/es\/#website"},"primaryImageOfPage":{"@id":"https:\/\/avira-reusables.com\/es\/collection\/sin categor\u00eda\/botella-avior-1l-de-acero-rcs-negro-azul-marino\/#primaryimage"},"image":{"@id":"https:\/\/avira-reusables.com\/es\/collection\/sin categor\u00eda\/botella-avior-1l-de-acero-rcs-negro-azul-marino\/#primaryimage"},"thumbnailUrl":"https:\/\/avira-reusables.com\/wp-content\/uploads\/sites\/2\/2024\/05\/P438.0125__S_0__dc40766973314f74a82b9bd6c73fb7bc.jpg","datePublished":"2024-05-29T23:00:09+00:00","dateModified":"2026-03-12T00:22:37+00:00","breadcrumb":{"@id":"https:\/\/avira-reusables.com\/es\/collection\/sin categor\u00eda\/botella-avior-1l-de-acero-rcs-negro-azul-marino\/#breadcrumb"},"inLanguage":"es","potentialAction":[{"@type":"ReadAction","target":["https:\/\/avira-reusables.com\/es\/collection\/sin categor\u00eda\/botella-avior-1l-de-acero-rcs-negro-azul-marino\/"]}]},{"@type":"ImageObject","inLanguage":"es","@id":"https:\/\/avira-reusables.com\/es\/collection\/sin categor\u00eda\/botella-avior-1l-de-acero-rcs-negro-azul-marino\/#primaryimage","url":"https:\/\/avira-reusables.com\/wp-content\/uploads\/sites\/2\/2024\/05\/P438.0125__S_0__dc40766973314f74a82b9bd6c73fb7bc.jpg","contentUrl":"https:\/\/avira-reusables.com\/wp-content\/uploads\/sites\/2\/2024\/05\/P438.0125__S_0__dc40766973314f74a82b9bd6c73fb7bc.jpg","width":1024,"height":1024},{"@type":"BreadcrumbList","@id":"https:\/\/avira-reusables.com\/es\/collection\/sin categor\u00eda\/botella-avior-1l-de-acero-rcs-negro-azul-marino\/#breadcrumb","itemListElement":[{"@type":"ListItem","position":1,"name":"Home","item":"https:\/\/avira-reusables.com\/es\/"},{"@type":"ListItem","position":2,"name":"Recopilaci\u00f3n","item":"https:\/\/avira-reusables.com\/es\/recopilacion\/"},{"@type":"ListItem","position":3,"name":"Botella acero RCS 1L, azul marino"}]},{"@type":"WebSite","@id":"https:\/\/avira-reusables.com\/es\/#website","url":"https:\/\/avira-reusables.com\/es\/","name":"Avira","description":"Made of 100% recycled materials","potentialAction":[{"@type":"SearchAction","target":{"@type":"EntryPoint","urlTemplate":"https:\/\/avira-reusables.com\/es\/?s={search_term_string}"},"query-input":{"@type":"PropertyValueSpecification","valueRequired":true,"valueName":"search_term_string"}}],"inLanguage":"es"}]}},"_links":{"self":[{"href":"https:\/\/avira-reusables.com\/es\/wp-json\/wp\/v2\/product\/21867","targetHints":{"allow":["GET"]}}],"collection":[{"href":"https:\/\/avira-reusables.com\/es\/wp-json\/wp\/v2\/product"}],"about":[{"href":"https:\/\/avira-reusables.com\/es\/wp-json\/wp\/v2\/types\/product"}],"wp:featuredmedia":[{"embeddable":true,"href":"https:\/\/avira-reusables.com\/es\/wp-json\/wp\/v2\/media\/21806"}],"wp:attachment":[{"href":"https:\/\/avira-reusables.com\/es\/wp-json\/wp\/v2\/media?parent=21867"}],"wp:term":[{"taxonomy":"product_cat","embeddable":true,"href":"https:\/\/avira-reusables.com\/es\/wp-json\/wp\/v2\/product_cat?post=21867"},{"taxonomy":"product_tag","embeddable":true,"href":"https:\/\/avira-reusables.com\/es\/wp-json\/wp\/v2\/product_tag?post=21867"}],"curies":[{"name":"wp","href":"https:\/\/api.w.org\/{rel}","templated":true}]}}