{"id":22618,"date":"2025-01-25T02:02:08","date_gmt":"2025-01-25T00:02:08","guid":{"rendered":"https:\/\/avira-reusables.com\/collection\/sin%20categor\u00eda\/botella-agua-avira-alok-rcs-re-steel-360-de-600-ml-azul-marino\/"},"modified":"2026-03-12T02:25:00","modified_gmt":"2026-03-12T00:25:00","slug":"botella-agua-avira-alok-rcs-re-steel-360-de-600-ml-azul-marino","status":"publish","type":"product","link":"https:\/\/avira-reusables.com\/es\/collection\/sin categor\u00eda\/botella-agua-avira-alok-rcs-re-steel-360-de-600-ml-azul-marino\/","title":{"rendered":"Botella agua Avira Alok RCS Re-Steel 360 de 600 ml, azul marino"},"content":{"rendered":"<p>Alok es una versi\u00f3n un poco m\u00e1s grande de nuestro \u00e9xito de ventas, dise\u00f1ada para una experienciaal beber de 360 \u200b\u200bgrados sin interrupciones que realza todo el aroma de tu caf\u00e9. Con una apertura f\u00e1cil con una sola mano, es ideal para estilos de vida en movimiento. La tapa es f\u00e1cil de limpiar y el cuerpo est\u00e1 elaborado con acero reciclado con certificaci\u00f3n RCS, lo que lo hace sostenible y libre de BPA. Con una capacidad de 600 ml, viene en una caja kraft con certificaci\u00f3n FSC\u00ae que se puede reutilizar como soporte para tel\u00e9fono, portal\u00e1pices o incluso como maceta. Contenido reciclado total: 77% en base al peso total del art\u00edculo. El 2% de las ganancias de la venta de cada producto Impact se donar\u00e1 a Water.org.<\/p>\n","protected":false},"excerpt":{"rendered":"<p>Alok es una versi\u00f3n un poco m\u00e1s grande de nuestro \u00e9xito de ventas, dise\u00f1ada para una experienciaal beber de 360 \u200b\u200bgrados sin interrupciones que realza todo el aroma de tu caf\u00e9. Con una apertura f\u00e1cil con una sola mano, es ideal para estilos de vida en movimiento. La tapa es f\u00e1cil de limpiar y el [&hellip;]<\/p>\n","protected":false},"featured_media":22665,"template":"","meta":{"_acf_changed":false},"product_cat":[],"product_tag":[],"class_list":["post-22618","product","type-product","status-publish","has-post-thumbnail","hentry"],"acf":[],"yoast_head":"<!-- This site is optimized with the Yoast SEO plugin v27.0 - https:\/\/yoast.com\/product\/yoast-seo-wordpress\/ -->\n<title>Botella agua Avira Alok RCS Re-Steel 360 de 600 ml, azul marino - Avira<\/title>\n<meta name=\"robots\" content=\"index, follow, max-snippet:-1, max-image-preview:large, max-video-preview:-1\" \/>\n<link rel=\"canonical\" href=\"https:\/\/avira-reusables.com\/es\/collection\/sin%20categor\u00eda\/botella-agua-avira-alok-rcs-re-steel-360-de-600-ml-azul-marino\/\" \/>\n<meta property=\"og:locale\" content=\"es_ES\" \/>\n<meta property=\"og:type\" content=\"article\" \/>\n<meta property=\"og:title\" content=\"Botella agua Avira Alok RCS Re-Steel 360 de 600 ml, azul marino - Avira\" \/>\n<meta property=\"og:description\" content=\"Alok es una versi\u00f3n un poco m\u00e1s grande de nuestro \u00e9xito de ventas, dise\u00f1ada para una experienciaal beber de 360 \u200b\u200bgrados sin interrupciones que realza todo el aroma de tu caf\u00e9. Con una apertura f\u00e1cil con una sola mano, es ideal para estilos de vida en movimiento. La tapa es f\u00e1cil de limpiar y el [&hellip;]\" \/>\n<meta property=\"og:url\" content=\"https:\/\/avira-reusables.com\/es\/collection\/sin categor\u00eda\/botella-agua-avira-alok-rcs-re-steel-360-de-600-ml-azul-marino\/\" \/>\n<meta property=\"og:site_name\" content=\"Avira\" \/>\n<meta property=\"article:modified_time\" content=\"2026-03-12T00:25:00+00:00\" \/>\n<meta property=\"og:image\" content=\"https:\/\/avira-reusables.com\/wp-content\/uploads\/sites\/2\/2025\/01\/P438.0925__S_0__0680854620a74f5582e322a21e75b8fa.jpg\" \/>\n\t<meta property=\"og:image:width\" content=\"1024\" \/>\n\t<meta property=\"og:image:height\" content=\"1024\" \/>\n\t<meta property=\"og:image:type\" content=\"image\/jpeg\" \/>\n<meta name=\"twitter:card\" content=\"summary_large_image\" \/>\n<meta name=\"twitter:label1\" content=\"Tiempo de lectura\" \/>\n\t<meta name=\"twitter:data1\" content=\"1 minuto\" \/>\n<script type=\"application\/ld+json\" class=\"yoast-schema-graph\">{\"@context\":\"https:\/\/schema.org\",\"@graph\":[{\"@type\":\"WebPage\",\"@id\":\"https:\/\/avira-reusables.com\/es\/collection\/sin categor\u00eda\/botella-agua-avira-alok-rcs-re-steel-360-de-600-ml-azul-marino\/\",\"url\":\"https:\/\/avira-reusables.com\/es\/collection\/sin categor\u00eda\/botella-agua-avira-alok-rcs-re-steel-360-de-600-ml-azul-marino\/\",\"name\":\"Botella agua Avira Alok RCS Re-Steel 360 de 600 ml, azul marino - Avira\",\"isPartOf\":{\"@id\":\"https:\/\/avira-reusables.com\/es\/#website\"},\"primaryImageOfPage\":{\"@id\":\"https:\/\/avira-reusables.com\/es\/collection\/sin categor\u00eda\/botella-agua-avira-alok-rcs-re-steel-360-de-600-ml-azul-marino\/#primaryimage\"},\"image\":{\"@id\":\"https:\/\/avira-reusables.com\/es\/collection\/sin categor\u00eda\/botella-agua-avira-alok-rcs-re-steel-360-de-600-ml-azul-marino\/#primaryimage\"},\"thumbnailUrl\":\"https:\/\/avira-reusables.com\/wp-content\/uploads\/sites\/2\/2025\/01\/P438.0925__S_0__0680854620a74f5582e322a21e75b8fa.jpg\",\"datePublished\":\"2025-01-25T00:02:08+00:00\",\"dateModified\":\"2026-03-12T00:25:00+00:00\",\"breadcrumb\":{\"@id\":\"https:\/\/avira-reusables.com\/es\/collection\/sin categor\u00eda\/botella-agua-avira-alok-rcs-re-steel-360-de-600-ml-azul-marino\/#breadcrumb\"},\"inLanguage\":\"es\",\"potentialAction\":[{\"@type\":\"ReadAction\",\"target\":[\"https:\/\/avira-reusables.com\/es\/collection\/sin categor\u00eda\/botella-agua-avira-alok-rcs-re-steel-360-de-600-ml-azul-marino\/\"]}]},{\"@type\":\"ImageObject\",\"inLanguage\":\"es\",\"@id\":\"https:\/\/avira-reusables.com\/es\/collection\/sin categor\u00eda\/botella-agua-avira-alok-rcs-re-steel-360-de-600-ml-azul-marino\/#primaryimage\",\"url\":\"https:\/\/avira-reusables.com\/wp-content\/uploads\/sites\/2\/2025\/01\/P438.0925__S_0__0680854620a74f5582e322a21e75b8fa.jpg\",\"contentUrl\":\"https:\/\/avira-reusables.com\/wp-content\/uploads\/sites\/2\/2025\/01\/P438.0925__S_0__0680854620a74f5582e322a21e75b8fa.jpg\",\"width\":1024,\"height\":1024},{\"@type\":\"BreadcrumbList\",\"@id\":\"https:\/\/avira-reusables.com\/es\/collection\/sin categor\u00eda\/botella-agua-avira-alok-rcs-re-steel-360-de-600-ml-azul-marino\/#breadcrumb\",\"itemListElement\":[{\"@type\":\"ListItem\",\"position\":1,\"name\":\"Home\",\"item\":\"https:\/\/avira-reusables.com\/es\/\"},{\"@type\":\"ListItem\",\"position\":2,\"name\":\"Recopilaci\u00f3n\",\"item\":\"https:\/\/avira-reusables.com\/es\/recopilacion\/\"},{\"@type\":\"ListItem\",\"position\":3,\"name\":\"Botella agua Avira Alok RCS Re-Steel 360 de 600 ml, azul marino\"}]},{\"@type\":\"WebSite\",\"@id\":\"https:\/\/avira-reusables.com\/es\/#website\",\"url\":\"https:\/\/avira-reusables.com\/es\/\",\"name\":\"Avira\",\"description\":\"Made of 100% recycled materials\",\"potentialAction\":[{\"@type\":\"SearchAction\",\"target\":{\"@type\":\"EntryPoint\",\"urlTemplate\":\"https:\/\/avira-reusables.com\/es\/?s={search_term_string}\"},\"query-input\":{\"@type\":\"PropertyValueSpecification\",\"valueRequired\":true,\"valueName\":\"search_term_string\"}}],\"inLanguage\":\"es\"}]}<\/script>\n<!-- \/ Yoast SEO plugin. -->","yoast_head_json":{"title":"Botella agua Avira Alok RCS Re-Steel 360 de 600 ml, azul marino - Avira","robots":{"index":"index","follow":"follow","max-snippet":"max-snippet:-1","max-image-preview":"max-image-preview:large","max-video-preview":"max-video-preview:-1"},"canonical":"https:\/\/avira-reusables.com\/es\/collection\/sin categor\u00eda\/botella-agua-avira-alok-rcs-re-steel-360-de-600-ml-azul-marino\/","og_locale":"es_ES","og_type":"article","og_title":"Botella agua Avira Alok RCS Re-Steel 360 de 600 ml, azul marino - Avira","og_description":"Alok es una versi\u00f3n un poco m\u00e1s grande de nuestro \u00e9xito de ventas, dise\u00f1ada para una experienciaal beber de 360 \u200b\u200bgrados sin interrupciones que realza todo el aroma de tu caf\u00e9. Con una apertura f\u00e1cil con una sola mano, es ideal para estilos de vida en movimiento. La tapa es f\u00e1cil de limpiar y el [&hellip;]","og_url":"https:\/\/avira-reusables.com\/es\/collection\/sin categor\u00eda\/botella-agua-avira-alok-rcs-re-steel-360-de-600-ml-azul-marino\/","og_site_name":"Avira","article_modified_time":"2026-03-12T00:25:00+00:00","og_image":[{"width":1024,"height":1024,"url":"https:\/\/avira-reusables.com\/wp-content\/uploads\/sites\/2\/2025\/01\/P438.0925__S_0__0680854620a74f5582e322a21e75b8fa.jpg","type":"image\/jpeg"}],"twitter_card":"summary_large_image","twitter_misc":{"Tiempo de lectura":"1 minuto"},"schema":{"@context":"https:\/\/schema.org","@graph":[{"@type":"WebPage","@id":"https:\/\/avira-reusables.com\/es\/collection\/sin categor\u00eda\/botella-agua-avira-alok-rcs-re-steel-360-de-600-ml-azul-marino\/","url":"https:\/\/avira-reusables.com\/es\/collection\/sin categor\u00eda\/botella-agua-avira-alok-rcs-re-steel-360-de-600-ml-azul-marino\/","name":"Botella agua Avira Alok RCS Re-Steel 360 de 600 ml, azul marino - Avira","isPartOf":{"@id":"https:\/\/avira-reusables.com\/es\/#website"},"primaryImageOfPage":{"@id":"https:\/\/avira-reusables.com\/es\/collection\/sin categor\u00eda\/botella-agua-avira-alok-rcs-re-steel-360-de-600-ml-azul-marino\/#primaryimage"},"image":{"@id":"https:\/\/avira-reusables.com\/es\/collection\/sin categor\u00eda\/botella-agua-avira-alok-rcs-re-steel-360-de-600-ml-azul-marino\/#primaryimage"},"thumbnailUrl":"https:\/\/avira-reusables.com\/wp-content\/uploads\/sites\/2\/2025\/01\/P438.0925__S_0__0680854620a74f5582e322a21e75b8fa.jpg","datePublished":"2025-01-25T00:02:08+00:00","dateModified":"2026-03-12T00:25:00+00:00","breadcrumb":{"@id":"https:\/\/avira-reusables.com\/es\/collection\/sin categor\u00eda\/botella-agua-avira-alok-rcs-re-steel-360-de-600-ml-azul-marino\/#breadcrumb"},"inLanguage":"es","potentialAction":[{"@type":"ReadAction","target":["https:\/\/avira-reusables.com\/es\/collection\/sin categor\u00eda\/botella-agua-avira-alok-rcs-re-steel-360-de-600-ml-azul-marino\/"]}]},{"@type":"ImageObject","inLanguage":"es","@id":"https:\/\/avira-reusables.com\/es\/collection\/sin categor\u00eda\/botella-agua-avira-alok-rcs-re-steel-360-de-600-ml-azul-marino\/#primaryimage","url":"https:\/\/avira-reusables.com\/wp-content\/uploads\/sites\/2\/2025\/01\/P438.0925__S_0__0680854620a74f5582e322a21e75b8fa.jpg","contentUrl":"https:\/\/avira-reusables.com\/wp-content\/uploads\/sites\/2\/2025\/01\/P438.0925__S_0__0680854620a74f5582e322a21e75b8fa.jpg","width":1024,"height":1024},{"@type":"BreadcrumbList","@id":"https:\/\/avira-reusables.com\/es\/collection\/sin categor\u00eda\/botella-agua-avira-alok-rcs-re-steel-360-de-600-ml-azul-marino\/#breadcrumb","itemListElement":[{"@type":"ListItem","position":1,"name":"Home","item":"https:\/\/avira-reusables.com\/es\/"},{"@type":"ListItem","position":2,"name":"Recopilaci\u00f3n","item":"https:\/\/avira-reusables.com\/es\/recopilacion\/"},{"@type":"ListItem","position":3,"name":"Botella agua Avira Alok RCS Re-Steel 360 de 600 ml, azul marino"}]},{"@type":"WebSite","@id":"https:\/\/avira-reusables.com\/es\/#website","url":"https:\/\/avira-reusables.com\/es\/","name":"Avira","description":"Made of 100% recycled materials","potentialAction":[{"@type":"SearchAction","target":{"@type":"EntryPoint","urlTemplate":"https:\/\/avira-reusables.com\/es\/?s={search_term_string}"},"query-input":{"@type":"PropertyValueSpecification","valueRequired":true,"valueName":"search_term_string"}}],"inLanguage":"es"}]}},"_links":{"self":[{"href":"https:\/\/avira-reusables.com\/es\/wp-json\/wp\/v2\/product\/22618","targetHints":{"allow":["GET"]}}],"collection":[{"href":"https:\/\/avira-reusables.com\/es\/wp-json\/wp\/v2\/product"}],"about":[{"href":"https:\/\/avira-reusables.com\/es\/wp-json\/wp\/v2\/types\/product"}],"wp:featuredmedia":[{"embeddable":true,"href":"https:\/\/avira-reusables.com\/es\/wp-json\/wp\/v2\/media\/22665"}],"wp:attachment":[{"href":"https:\/\/avira-reusables.com\/es\/wp-json\/wp\/v2\/media?parent=22618"}],"wp:term":[{"taxonomy":"product_cat","embeddable":true,"href":"https:\/\/avira-reusables.com\/es\/wp-json\/wp\/v2\/product_cat?post=22618"},{"taxonomy":"product_tag","embeddable":true,"href":"https:\/\/avira-reusables.com\/es\/wp-json\/wp\/v2\/product_tag?post=22618"}],"curies":[{"name":"wp","href":"https:\/\/api.w.org\/{rel}","templated":true}]}}