{"id":22621,"date":"2025-01-25T02:02:08","date_gmt":"2025-01-25T00:02:08","guid":{"rendered":"https:\/\/avira-reusables.com\/collection\/sin%20categor\u00eda\/taza-avira-alix-acero-inoxidable-rcs-sistema-de-clic-400-ml-blanco\/"},"modified":"2026-03-12T02:25:09","modified_gmt":"2026-03-12T00:25:09","slug":"taza-avira-alix-acero-inoxidable-rcs-sistema-de-clic-400-ml-blanco","status":"publish","type":"product","link":"https:\/\/avira-reusables.com\/es\/collection\/sin categor\u00eda\/taza-avira-alix-acero-inoxidable-rcs-sistema-de-clic-400-ml-blanco\/","title":{"rendered":"Taza Avira Alix acero inoxidable RCS clik 400 ml, blanco"},"content":{"rendered":"<p>Conoce a Alix, el compa\u00f1ero de caf\u00e9 definitivo, dise\u00f1ado para quienes viven la vida en movimiento. Con una apertura sencilla con un solo clic y una mano, est\u00e1 dise\u00f1ado para tomar sorbos r\u00e1pidos, lo que lo hace perfecto para tu viaje matutino al trabajo. La tapa elegante y f\u00e1cil de limpiar complementa su cuerpo, hecho de acero reciclado premium con certificaci\u00f3n RCS, que combina sostenibilidad con estilo. Con 400 ml, es el tama\u00f1o ideal para tus bebidas calientes favoritas. Envasada en papel kraft ecol\u00f3gico con certificaci\u00f3n FSC\u00ae, la caja es m\u00e1s que un simple envoltorio: se transforma en un elegante soporte para tel\u00e9fono, portal\u00e1pices o incluso en una minimaceta. Contenido reciclado total: 64%, basado en el peso total del art\u00edculo. El 2% de las ganancias de la venta de cada producto Impact se donar\u00e1 a Water.org.<\/p>\n","protected":false},"excerpt":{"rendered":"<p>Conoce a Alix, el compa\u00f1ero de caf\u00e9 definitivo, dise\u00f1ado para quienes viven la vida en movimiento. Con una apertura sencilla con un solo clic y una mano, est\u00e1 dise\u00f1ado para tomar sorbos r\u00e1pidos, lo que lo hace perfecto para tu viaje matutino al trabajo. La tapa elegante y f\u00e1cil de limpiar complementa su cuerpo, hecho [&hellip;]<\/p>\n","protected":false},"featured_media":22686,"template":"","meta":{"_acf_changed":false},"product_cat":[],"product_tag":[],"class_list":["post-22621","product","type-product","status-publish","has-post-thumbnail","hentry"],"acf":[],"yoast_head":"<!-- This site is optimized with the Yoast SEO plugin v27.0 - https:\/\/yoast.com\/product\/yoast-seo-wordpress\/ -->\n<title>Taza Avira Alix acero inoxidable RCS clik 400 ml, blanco - Avira<\/title>\n<meta name=\"robots\" content=\"index, follow, max-snippet:-1, max-image-preview:large, max-video-preview:-1\" \/>\n<link rel=\"canonical\" href=\"https:\/\/avira-reusables.com\/es\/collection\/sin%20categor\u00eda\/taza-avira-alix-acero-inoxidable-rcs-sistema-de-clic-400-ml-blanco\/\" \/>\n<meta property=\"og:locale\" content=\"es_ES\" \/>\n<meta property=\"og:type\" content=\"article\" \/>\n<meta property=\"og:title\" content=\"Taza Avira Alix acero inoxidable RCS clik 400 ml, blanco - Avira\" \/>\n<meta property=\"og:description\" content=\"Conoce a Alix, el compa\u00f1ero de caf\u00e9 definitivo, dise\u00f1ado para quienes viven la vida en movimiento. Con una apertura sencilla con un solo clic y una mano, est\u00e1 dise\u00f1ado para tomar sorbos r\u00e1pidos, lo que lo hace perfecto para tu viaje matutino al trabajo. La tapa elegante y f\u00e1cil de limpiar complementa su cuerpo, hecho [&hellip;]\" \/>\n<meta property=\"og:url\" content=\"https:\/\/avira-reusables.com\/es\/collection\/sin categor\u00eda\/taza-avira-alix-acero-inoxidable-rcs-sistema-de-clic-400-ml-blanco\/\" \/>\n<meta property=\"og:site_name\" content=\"Avira\" \/>\n<meta property=\"article:modified_time\" content=\"2026-03-12T00:25:09+00:00\" \/>\n<meta property=\"og:image\" content=\"https:\/\/avira-reusables.com\/wp-content\/uploads\/sites\/2\/2025\/01\/P438.1003__S_0__40a9cd13666c42a59e4060ee17f02b79.jpg\" \/>\n\t<meta property=\"og:image:width\" content=\"1024\" \/>\n\t<meta property=\"og:image:height\" content=\"1024\" \/>\n\t<meta property=\"og:image:type\" content=\"image\/jpeg\" \/>\n<meta name=\"twitter:card\" content=\"summary_large_image\" \/>\n<meta name=\"twitter:label1\" content=\"Tiempo de lectura\" \/>\n\t<meta name=\"twitter:data1\" content=\"1 minuto\" \/>\n<script type=\"application\/ld+json\" class=\"yoast-schema-graph\">{\"@context\":\"https:\/\/schema.org\",\"@graph\":[{\"@type\":\"WebPage\",\"@id\":\"https:\/\/avira-reusables.com\/es\/collection\/sin categor\u00eda\/taza-avira-alix-acero-inoxidable-rcs-sistema-de-clic-400-ml-blanco\/\",\"url\":\"https:\/\/avira-reusables.com\/es\/collection\/sin categor\u00eda\/taza-avira-alix-acero-inoxidable-rcs-sistema-de-clic-400-ml-blanco\/\",\"name\":\"Taza Avira Alix acero inoxidable RCS clik 400 ml, blanco - Avira\",\"isPartOf\":{\"@id\":\"https:\/\/avira-reusables.com\/es\/#website\"},\"primaryImageOfPage\":{\"@id\":\"https:\/\/avira-reusables.com\/es\/collection\/sin categor\u00eda\/taza-avira-alix-acero-inoxidable-rcs-sistema-de-clic-400-ml-blanco\/#primaryimage\"},\"image\":{\"@id\":\"https:\/\/avira-reusables.com\/es\/collection\/sin categor\u00eda\/taza-avira-alix-acero-inoxidable-rcs-sistema-de-clic-400-ml-blanco\/#primaryimage\"},\"thumbnailUrl\":\"https:\/\/avira-reusables.com\/wp-content\/uploads\/sites\/2\/2025\/01\/P438.1003__S_0__40a9cd13666c42a59e4060ee17f02b79.jpg\",\"datePublished\":\"2025-01-25T00:02:08+00:00\",\"dateModified\":\"2026-03-12T00:25:09+00:00\",\"breadcrumb\":{\"@id\":\"https:\/\/avira-reusables.com\/es\/collection\/sin categor\u00eda\/taza-avira-alix-acero-inoxidable-rcs-sistema-de-clic-400-ml-blanco\/#breadcrumb\"},\"inLanguage\":\"es\",\"potentialAction\":[{\"@type\":\"ReadAction\",\"target\":[\"https:\/\/avira-reusables.com\/es\/collection\/sin categor\u00eda\/taza-avira-alix-acero-inoxidable-rcs-sistema-de-clic-400-ml-blanco\/\"]}]},{\"@type\":\"ImageObject\",\"inLanguage\":\"es\",\"@id\":\"https:\/\/avira-reusables.com\/es\/collection\/sin categor\u00eda\/taza-avira-alix-acero-inoxidable-rcs-sistema-de-clic-400-ml-blanco\/#primaryimage\",\"url\":\"https:\/\/avira-reusables.com\/wp-content\/uploads\/sites\/2\/2025\/01\/P438.1003__S_0__40a9cd13666c42a59e4060ee17f02b79.jpg\",\"contentUrl\":\"https:\/\/avira-reusables.com\/wp-content\/uploads\/sites\/2\/2025\/01\/P438.1003__S_0__40a9cd13666c42a59e4060ee17f02b79.jpg\",\"width\":1024,\"height\":1024},{\"@type\":\"BreadcrumbList\",\"@id\":\"https:\/\/avira-reusables.com\/es\/collection\/sin categor\u00eda\/taza-avira-alix-acero-inoxidable-rcs-sistema-de-clic-400-ml-blanco\/#breadcrumb\",\"itemListElement\":[{\"@type\":\"ListItem\",\"position\":1,\"name\":\"Home\",\"item\":\"https:\/\/avira-reusables.com\/es\/\"},{\"@type\":\"ListItem\",\"position\":2,\"name\":\"Recopilaci\u00f3n\",\"item\":\"https:\/\/avira-reusables.com\/es\/recopilacion\/\"},{\"@type\":\"ListItem\",\"position\":3,\"name\":\"Taza Avira Alix acero inoxidable RCS clik 400 ml, blanco\"}]},{\"@type\":\"WebSite\",\"@id\":\"https:\/\/avira-reusables.com\/es\/#website\",\"url\":\"https:\/\/avira-reusables.com\/es\/\",\"name\":\"Avira\",\"description\":\"Made of 100% recycled materials\",\"potentialAction\":[{\"@type\":\"SearchAction\",\"target\":{\"@type\":\"EntryPoint\",\"urlTemplate\":\"https:\/\/avira-reusables.com\/es\/?s={search_term_string}\"},\"query-input\":{\"@type\":\"PropertyValueSpecification\",\"valueRequired\":true,\"valueName\":\"search_term_string\"}}],\"inLanguage\":\"es\"}]}<\/script>\n<!-- \/ Yoast SEO plugin. -->","yoast_head_json":{"title":"Taza Avira Alix acero inoxidable RCS clik 400 ml, blanco - Avira","robots":{"index":"index","follow":"follow","max-snippet":"max-snippet:-1","max-image-preview":"max-image-preview:large","max-video-preview":"max-video-preview:-1"},"canonical":"https:\/\/avira-reusables.com\/es\/collection\/sin categor\u00eda\/taza-avira-alix-acero-inoxidable-rcs-sistema-de-clic-400-ml-blanco\/","og_locale":"es_ES","og_type":"article","og_title":"Taza Avira Alix acero inoxidable RCS clik 400 ml, blanco - Avira","og_description":"Conoce a Alix, el compa\u00f1ero de caf\u00e9 definitivo, dise\u00f1ado para quienes viven la vida en movimiento. Con una apertura sencilla con un solo clic y una mano, est\u00e1 dise\u00f1ado para tomar sorbos r\u00e1pidos, lo que lo hace perfecto para tu viaje matutino al trabajo. La tapa elegante y f\u00e1cil de limpiar complementa su cuerpo, hecho [&hellip;]","og_url":"https:\/\/avira-reusables.com\/es\/collection\/sin categor\u00eda\/taza-avira-alix-acero-inoxidable-rcs-sistema-de-clic-400-ml-blanco\/","og_site_name":"Avira","article_modified_time":"2026-03-12T00:25:09+00:00","og_image":[{"width":1024,"height":1024,"url":"https:\/\/avira-reusables.com\/wp-content\/uploads\/sites\/2\/2025\/01\/P438.1003__S_0__40a9cd13666c42a59e4060ee17f02b79.jpg","type":"image\/jpeg"}],"twitter_card":"summary_large_image","twitter_misc":{"Tiempo de lectura":"1 minuto"},"schema":{"@context":"https:\/\/schema.org","@graph":[{"@type":"WebPage","@id":"https:\/\/avira-reusables.com\/es\/collection\/sin categor\u00eda\/taza-avira-alix-acero-inoxidable-rcs-sistema-de-clic-400-ml-blanco\/","url":"https:\/\/avira-reusables.com\/es\/collection\/sin categor\u00eda\/taza-avira-alix-acero-inoxidable-rcs-sistema-de-clic-400-ml-blanco\/","name":"Taza Avira Alix acero inoxidable RCS clik 400 ml, blanco - Avira","isPartOf":{"@id":"https:\/\/avira-reusables.com\/es\/#website"},"primaryImageOfPage":{"@id":"https:\/\/avira-reusables.com\/es\/collection\/sin categor\u00eda\/taza-avira-alix-acero-inoxidable-rcs-sistema-de-clic-400-ml-blanco\/#primaryimage"},"image":{"@id":"https:\/\/avira-reusables.com\/es\/collection\/sin categor\u00eda\/taza-avira-alix-acero-inoxidable-rcs-sistema-de-clic-400-ml-blanco\/#primaryimage"},"thumbnailUrl":"https:\/\/avira-reusables.com\/wp-content\/uploads\/sites\/2\/2025\/01\/P438.1003__S_0__40a9cd13666c42a59e4060ee17f02b79.jpg","datePublished":"2025-01-25T00:02:08+00:00","dateModified":"2026-03-12T00:25:09+00:00","breadcrumb":{"@id":"https:\/\/avira-reusables.com\/es\/collection\/sin categor\u00eda\/taza-avira-alix-acero-inoxidable-rcs-sistema-de-clic-400-ml-blanco\/#breadcrumb"},"inLanguage":"es","potentialAction":[{"@type":"ReadAction","target":["https:\/\/avira-reusables.com\/es\/collection\/sin categor\u00eda\/taza-avira-alix-acero-inoxidable-rcs-sistema-de-clic-400-ml-blanco\/"]}]},{"@type":"ImageObject","inLanguage":"es","@id":"https:\/\/avira-reusables.com\/es\/collection\/sin categor\u00eda\/taza-avira-alix-acero-inoxidable-rcs-sistema-de-clic-400-ml-blanco\/#primaryimage","url":"https:\/\/avira-reusables.com\/wp-content\/uploads\/sites\/2\/2025\/01\/P438.1003__S_0__40a9cd13666c42a59e4060ee17f02b79.jpg","contentUrl":"https:\/\/avira-reusables.com\/wp-content\/uploads\/sites\/2\/2025\/01\/P438.1003__S_0__40a9cd13666c42a59e4060ee17f02b79.jpg","width":1024,"height":1024},{"@type":"BreadcrumbList","@id":"https:\/\/avira-reusables.com\/es\/collection\/sin categor\u00eda\/taza-avira-alix-acero-inoxidable-rcs-sistema-de-clic-400-ml-blanco\/#breadcrumb","itemListElement":[{"@type":"ListItem","position":1,"name":"Home","item":"https:\/\/avira-reusables.com\/es\/"},{"@type":"ListItem","position":2,"name":"Recopilaci\u00f3n","item":"https:\/\/avira-reusables.com\/es\/recopilacion\/"},{"@type":"ListItem","position":3,"name":"Taza Avira Alix acero inoxidable RCS clik 400 ml, blanco"}]},{"@type":"WebSite","@id":"https:\/\/avira-reusables.com\/es\/#website","url":"https:\/\/avira-reusables.com\/es\/","name":"Avira","description":"Made of 100% recycled materials","potentialAction":[{"@type":"SearchAction","target":{"@type":"EntryPoint","urlTemplate":"https:\/\/avira-reusables.com\/es\/?s={search_term_string}"},"query-input":{"@type":"PropertyValueSpecification","valueRequired":true,"valueName":"search_term_string"}}],"inLanguage":"es"}]}},"_links":{"self":[{"href":"https:\/\/avira-reusables.com\/es\/wp-json\/wp\/v2\/product\/22621","targetHints":{"allow":["GET"]}}],"collection":[{"href":"https:\/\/avira-reusables.com\/es\/wp-json\/wp\/v2\/product"}],"about":[{"href":"https:\/\/avira-reusables.com\/es\/wp-json\/wp\/v2\/types\/product"}],"wp:featuredmedia":[{"embeddable":true,"href":"https:\/\/avira-reusables.com\/es\/wp-json\/wp\/v2\/media\/22686"}],"wp:attachment":[{"href":"https:\/\/avira-reusables.com\/es\/wp-json\/wp\/v2\/media?parent=22621"}],"wp:term":[{"taxonomy":"product_cat","embeddable":true,"href":"https:\/\/avira-reusables.com\/es\/wp-json\/wp\/v2\/product_cat?post=22621"},{"taxonomy":"product_tag","embeddable":true,"href":"https:\/\/avira-reusables.com\/es\/wp-json\/wp\/v2\/product_tag?post=22621"}],"curies":[{"name":"wp","href":"https:\/\/api.w.org\/{rel}","templated":true}]}}