{"id":23411,"date":"2026-01-01T02:02:21","date_gmt":"2026-01-01T00:02:21","guid":{"rendered":"https:\/\/avira-reusables.com\/collection\/sin%20categor\u00eda\/taza-con-cierre-avira-ayala-rcs-re-steel-duosip-azul-marino\/"},"modified":"2026-04-29T01:22:42","modified_gmt":"2026-04-28T23:22:42","slug":"taza-con-cierre-avira-ayala-rcs-re-steel-duosip-azul-marino","status":"publish","type":"product","link":"https:\/\/avira-reusables.com\/es\/collection\/products\/taza-con-cierre-avira-ayala-rcs-re-steel-duosip-azul-marino\/","title":{"rendered":"Taza con cierre Avira Ayala RCS Re-steel Duosip, azul marino"},"content":{"rendered":"<p>Conoce Ayala, tu vers\u00e1til compa\u00f1era de hidrataci\u00f3n, dise\u00f1ada para la vida urbana y m\u00e1s all\u00e1. Su sistema de cierre inteligente, asa de transporte y cord\u00f3n desmontable te permiten llevarla cruzada para desplazamientos con manos libres o colg\u00e1rtela del hombro con facilidad. Con 600 ml, tiene el tama\u00f1o perfecto para mantenerte fresco durante todo el d\u00eda. Fabricada con acero reciclado con certificaci\u00f3n RCS y base silenciada con silicona, combina durabilidad con un dise\u00f1o inteligente que minimiza el impacto. Presentada en papel kraft ecol\u00f3gico con certificaci\u00f3n FSC\u00ae, la caja es m\u00e1s que un simple embalaje: est\u00e1 dise\u00f1ada para reutilizarse en un pr\u00e1ctico accesorio de escritorio. Contenido reciclado total: 58%, basado en el peso total del art\u00edculo. Y con cada producto Impact, el 2% de las ganancias se donan a Water.org, lo que ayuda a proporcionar agua potable a quienes m\u00e1s la necesitan.<\/p>\n","protected":false},"excerpt":{"rendered":"<p>Conoce Ayala, tu vers\u00e1til compa\u00f1era de hidrataci\u00f3n, dise\u00f1ada para la vida urbana y m\u00e1s all\u00e1. Su sistema de cierre inteligente, asa de transporte y cord\u00f3n desmontable te permiten llevarla cruzada para desplazamientos con manos libres o colg\u00e1rtela del hombro con facilidad. Con 600 ml, tiene el tama\u00f1o perfecto para mantenerte fresco durante todo el d\u00eda. [&hellip;]<\/p>\n","protected":false},"featured_media":23840,"template":"","meta":{"_acf_changed":false},"product_cat":[28],"product_tag":[],"class_list":["post-23411","product","type-product","status-publish","has-post-thumbnail","hentry","product_cat-products"],"acf":[],"yoast_head":"<!-- This site is optimized with the Yoast SEO plugin v27.0 - https:\/\/yoast.com\/product\/yoast-seo-wordpress\/ -->\n<title>Taza con cierre Avira Ayala RCS Re-steel Duosip, azul marino - Avira<\/title>\n<meta name=\"robots\" content=\"index, follow, max-snippet:-1, max-image-preview:large, max-video-preview:-1\" \/>\n<link rel=\"canonical\" href=\"https:\/\/avira-reusables.com\/es\/collection\/products\/taza-con-cierre-avira-ayala-rcs-re-steel-duosip-azul-marino\/\" \/>\n<meta property=\"og:locale\" content=\"es_ES\" \/>\n<meta property=\"og:type\" content=\"article\" \/>\n<meta property=\"og:title\" content=\"Taza con cierre Avira Ayala RCS Re-steel Duosip, azul marino - Avira\" \/>\n<meta property=\"og:description\" content=\"Conoce Ayala, tu vers\u00e1til compa\u00f1era de hidrataci\u00f3n, dise\u00f1ada para la vida urbana y m\u00e1s all\u00e1. Su sistema de cierre inteligente, asa de transporte y cord\u00f3n desmontable te permiten llevarla cruzada para desplazamientos con manos libres o colg\u00e1rtela del hombro con facilidad. Con 600 ml, tiene el tama\u00f1o perfecto para mantenerte fresco durante todo el d\u00eda. [&hellip;]\" \/>\n<meta property=\"og:url\" content=\"https:\/\/avira-reusables.com\/es\/collection\/products\/taza-con-cierre-avira-ayala-rcs-re-steel-duosip-azul-marino\/\" \/>\n<meta property=\"og:site_name\" content=\"Avira\" \/>\n<meta property=\"article:modified_time\" content=\"2026-04-28T23:22:42+00:00\" \/>\n<meta property=\"og:image\" content=\"https:\/\/avira-reusables.com\/wp-content\/uploads\/sites\/2\/2026\/04\/P438.1125__S_0__60f4e50c16454dc7bdc56b4be05215f5.jpg\" \/>\n\t<meta property=\"og:image:width\" content=\"1024\" \/>\n\t<meta property=\"og:image:height\" content=\"1024\" \/>\n\t<meta property=\"og:image:type\" content=\"image\/jpeg\" \/>\n<meta name=\"twitter:card\" content=\"summary_large_image\" \/>\n<meta name=\"twitter:label1\" content=\"Tiempo de lectura\" \/>\n\t<meta name=\"twitter:data1\" content=\"1 minuto\" \/>\n<script type=\"application\/ld+json\" class=\"yoast-schema-graph\">{\"@context\":\"https:\/\/schema.org\",\"@graph\":[{\"@type\":\"WebPage\",\"@id\":\"https:\/\/avira-reusables.com\/es\/collection\/products\/taza-con-cierre-avira-ayala-rcs-re-steel-duosip-azul-marino\/\",\"url\":\"https:\/\/avira-reusables.com\/es\/collection\/products\/taza-con-cierre-avira-ayala-rcs-re-steel-duosip-azul-marino\/\",\"name\":\"Taza con cierre Avira Ayala RCS Re-steel Duosip, azul marino - Avira\",\"isPartOf\":{\"@id\":\"https:\/\/avira-reusables.com\/es\/#website\"},\"primaryImageOfPage\":{\"@id\":\"https:\/\/avira-reusables.com\/es\/collection\/products\/taza-con-cierre-avira-ayala-rcs-re-steel-duosip-azul-marino\/#primaryimage\"},\"image\":{\"@id\":\"https:\/\/avira-reusables.com\/es\/collection\/products\/taza-con-cierre-avira-ayala-rcs-re-steel-duosip-azul-marino\/#primaryimage\"},\"thumbnailUrl\":\"https:\/\/avira-reusables.com\/wp-content\/uploads\/sites\/2\/2026\/04\/P438.1125__S_0__60f4e50c16454dc7bdc56b4be05215f5.jpg\",\"datePublished\":\"2026-01-01T00:02:21+00:00\",\"dateModified\":\"2026-04-28T23:22:42+00:00\",\"breadcrumb\":{\"@id\":\"https:\/\/avira-reusables.com\/es\/collection\/products\/taza-con-cierre-avira-ayala-rcs-re-steel-duosip-azul-marino\/#breadcrumb\"},\"inLanguage\":\"es\",\"potentialAction\":[{\"@type\":\"ReadAction\",\"target\":[\"https:\/\/avira-reusables.com\/es\/collection\/products\/taza-con-cierre-avira-ayala-rcs-re-steel-duosip-azul-marino\/\"]}]},{\"@type\":\"ImageObject\",\"inLanguage\":\"es\",\"@id\":\"https:\/\/avira-reusables.com\/es\/collection\/products\/taza-con-cierre-avira-ayala-rcs-re-steel-duosip-azul-marino\/#primaryimage\",\"url\":\"https:\/\/avira-reusables.com\/wp-content\/uploads\/sites\/2\/2026\/04\/P438.1125__S_0__60f4e50c16454dc7bdc56b4be05215f5.jpg\",\"contentUrl\":\"https:\/\/avira-reusables.com\/wp-content\/uploads\/sites\/2\/2026\/04\/P438.1125__S_0__60f4e50c16454dc7bdc56b4be05215f5.jpg\",\"width\":1024,\"height\":1024},{\"@type\":\"BreadcrumbList\",\"@id\":\"https:\/\/avira-reusables.com\/es\/collection\/products\/taza-con-cierre-avira-ayala-rcs-re-steel-duosip-azul-marino\/#breadcrumb\",\"itemListElement\":[{\"@type\":\"ListItem\",\"position\":1,\"name\":\"Home\",\"item\":\"https:\/\/avira-reusables.com\/es\/\"},{\"@type\":\"ListItem\",\"position\":2,\"name\":\"Recopilaci\u00f3n\",\"item\":\"https:\/\/avira-reusables.com\/es\/recopilacion\/\"},{\"@type\":\"ListItem\",\"position\":3,\"name\":\"Taza con cierre Avira Ayala RCS Re-steel Duosip, azul marino\"}]},{\"@type\":\"WebSite\",\"@id\":\"https:\/\/avira-reusables.com\/es\/#website\",\"url\":\"https:\/\/avira-reusables.com\/es\/\",\"name\":\"Avira\",\"description\":\"Made of 100% recycled materials\",\"potentialAction\":[{\"@type\":\"SearchAction\",\"target\":{\"@type\":\"EntryPoint\",\"urlTemplate\":\"https:\/\/avira-reusables.com\/es\/?s={search_term_string}\"},\"query-input\":{\"@type\":\"PropertyValueSpecification\",\"valueRequired\":true,\"valueName\":\"search_term_string\"}}],\"inLanguage\":\"es\"}]}<\/script>\n<!-- \/ Yoast SEO plugin. -->","yoast_head_json":{"title":"Taza con cierre Avira Ayala RCS Re-steel Duosip, azul marino - Avira","robots":{"index":"index","follow":"follow","max-snippet":"max-snippet:-1","max-image-preview":"max-image-preview:large","max-video-preview":"max-video-preview:-1"},"canonical":"https:\/\/avira-reusables.com\/es\/collection\/products\/taza-con-cierre-avira-ayala-rcs-re-steel-duosip-azul-marino\/","og_locale":"es_ES","og_type":"article","og_title":"Taza con cierre Avira Ayala RCS Re-steel Duosip, azul marino - Avira","og_description":"Conoce Ayala, tu vers\u00e1til compa\u00f1era de hidrataci\u00f3n, dise\u00f1ada para la vida urbana y m\u00e1s all\u00e1. Su sistema de cierre inteligente, asa de transporte y cord\u00f3n desmontable te permiten llevarla cruzada para desplazamientos con manos libres o colg\u00e1rtela del hombro con facilidad. Con 600 ml, tiene el tama\u00f1o perfecto para mantenerte fresco durante todo el d\u00eda. [&hellip;]","og_url":"https:\/\/avira-reusables.com\/es\/collection\/products\/taza-con-cierre-avira-ayala-rcs-re-steel-duosip-azul-marino\/","og_site_name":"Avira","article_modified_time":"2026-04-28T23:22:42+00:00","og_image":[{"width":1024,"height":1024,"url":"https:\/\/avira-reusables.com\/wp-content\/uploads\/sites\/2\/2026\/04\/P438.1125__S_0__60f4e50c16454dc7bdc56b4be05215f5.jpg","type":"image\/jpeg"}],"twitter_card":"summary_large_image","twitter_misc":{"Tiempo de lectura":"1 minuto"},"schema":{"@context":"https:\/\/schema.org","@graph":[{"@type":"WebPage","@id":"https:\/\/avira-reusables.com\/es\/collection\/products\/taza-con-cierre-avira-ayala-rcs-re-steel-duosip-azul-marino\/","url":"https:\/\/avira-reusables.com\/es\/collection\/products\/taza-con-cierre-avira-ayala-rcs-re-steel-duosip-azul-marino\/","name":"Taza con cierre Avira Ayala RCS Re-steel Duosip, azul marino - Avira","isPartOf":{"@id":"https:\/\/avira-reusables.com\/es\/#website"},"primaryImageOfPage":{"@id":"https:\/\/avira-reusables.com\/es\/collection\/products\/taza-con-cierre-avira-ayala-rcs-re-steel-duosip-azul-marino\/#primaryimage"},"image":{"@id":"https:\/\/avira-reusables.com\/es\/collection\/products\/taza-con-cierre-avira-ayala-rcs-re-steel-duosip-azul-marino\/#primaryimage"},"thumbnailUrl":"https:\/\/avira-reusables.com\/wp-content\/uploads\/sites\/2\/2026\/04\/P438.1125__S_0__60f4e50c16454dc7bdc56b4be05215f5.jpg","datePublished":"2026-01-01T00:02:21+00:00","dateModified":"2026-04-28T23:22:42+00:00","breadcrumb":{"@id":"https:\/\/avira-reusables.com\/es\/collection\/products\/taza-con-cierre-avira-ayala-rcs-re-steel-duosip-azul-marino\/#breadcrumb"},"inLanguage":"es","potentialAction":[{"@type":"ReadAction","target":["https:\/\/avira-reusables.com\/es\/collection\/products\/taza-con-cierre-avira-ayala-rcs-re-steel-duosip-azul-marino\/"]}]},{"@type":"ImageObject","inLanguage":"es","@id":"https:\/\/avira-reusables.com\/es\/collection\/products\/taza-con-cierre-avira-ayala-rcs-re-steel-duosip-azul-marino\/#primaryimage","url":"https:\/\/avira-reusables.com\/wp-content\/uploads\/sites\/2\/2026\/04\/P438.1125__S_0__60f4e50c16454dc7bdc56b4be05215f5.jpg","contentUrl":"https:\/\/avira-reusables.com\/wp-content\/uploads\/sites\/2\/2026\/04\/P438.1125__S_0__60f4e50c16454dc7bdc56b4be05215f5.jpg","width":1024,"height":1024},{"@type":"BreadcrumbList","@id":"https:\/\/avira-reusables.com\/es\/collection\/products\/taza-con-cierre-avira-ayala-rcs-re-steel-duosip-azul-marino\/#breadcrumb","itemListElement":[{"@type":"ListItem","position":1,"name":"Home","item":"https:\/\/avira-reusables.com\/es\/"},{"@type":"ListItem","position":2,"name":"Recopilaci\u00f3n","item":"https:\/\/avira-reusables.com\/es\/recopilacion\/"},{"@type":"ListItem","position":3,"name":"Taza con cierre Avira Ayala RCS Re-steel Duosip, azul marino"}]},{"@type":"WebSite","@id":"https:\/\/avira-reusables.com\/es\/#website","url":"https:\/\/avira-reusables.com\/es\/","name":"Avira","description":"Made of 100% recycled materials","potentialAction":[{"@type":"SearchAction","target":{"@type":"EntryPoint","urlTemplate":"https:\/\/avira-reusables.com\/es\/?s={search_term_string}"},"query-input":{"@type":"PropertyValueSpecification","valueRequired":true,"valueName":"search_term_string"}}],"inLanguage":"es"}]}},"_links":{"self":[{"href":"https:\/\/avira-reusables.com\/es\/wp-json\/wp\/v2\/product\/23411","targetHints":{"allow":["GET"]}}],"collection":[{"href":"https:\/\/avira-reusables.com\/es\/wp-json\/wp\/v2\/product"}],"about":[{"href":"https:\/\/avira-reusables.com\/es\/wp-json\/wp\/v2\/types\/product"}],"wp:featuredmedia":[{"embeddable":true,"href":"https:\/\/avira-reusables.com\/es\/wp-json\/wp\/v2\/media\/23840"}],"wp:attachment":[{"href":"https:\/\/avira-reusables.com\/es\/wp-json\/wp\/v2\/media?parent=23411"}],"wp:term":[{"taxonomy":"product_cat","embeddable":true,"href":"https:\/\/avira-reusables.com\/es\/wp-json\/wp\/v2\/product_cat?post=23411"},{"taxonomy":"product_tag","embeddable":true,"href":"https:\/\/avira-reusables.com\/es\/wp-json\/wp\/v2\/product_tag?post=23411"}],"curies":[{"name":"wp","href":"https:\/\/api.w.org\/{rel}","templated":true}]}}