{"id":4630,"date":"2023-01-24T10:37:19","date_gmt":"2023-01-24T08:37:19","guid":{"rendered":"https:\/\/avira-reusables.com\/collection\/sin%20categor\u00eda\/botella-avira-atik-rcs-pet-reciclado-500ml-purpura\/"},"modified":"2026-04-16T01:22:06","modified_gmt":"2026-04-15T23:22:06","slug":"botella-avira-atik-rcs-pet-reciclado-500ml-purpura","status":"publish","type":"product","link":"https:\/\/avira-reusables.com\/es\/collection\/products\/botella-avira-atik-rcs-pet-reciclado-500ml-purpura\/","title":{"rendered":"Botella Atik RCS PET Reciclado 500ml, p\u00farpura"},"content":{"rendered":"<p>La botella Atik es excelente si valoras la portabilidad ligera y el dise\u00f1o minimalista. Ideal para hidratarse sobre la marcha. El cuerpo de la botella est\u00e1 hecho 100% de RPET certificado RCS. La certificaci\u00f3n RCS garantiza una cadena de suministro completamente certificada de los materiales reciclados. Lavar a mano \u00fanicamente. Este producto es solo para bebidas fr\u00edas. Contenido reciclado total: 80% basado en el peso total del art\u00edculo. Sin BPA. Capacidad 500ml. Incluye embalaje kraft certificado FSC\u00ae. Reutiliza la caja en un soporte para tel\u00e9fono, un portal\u00e1pices o una maceta! El 2% de las ganancias de la venta de cada producto Impact se donar\u00e1 a Water.org.<\/p>\n","protected":false},"excerpt":{"rendered":"<p>La botella Atik es excelente si valoras la portabilidad ligera y el dise\u00f1o minimalista. Ideal para hidratarse sobre la marcha. El cuerpo de la botella est\u00e1 hecho 100% de RPET certificado RCS. La certificaci\u00f3n RCS garantiza una cadena de suministro completamente certificada de los materiales reciclados. Lavar a mano \u00fanicamente. Este producto es solo para [&hellip;]<\/p>\n","protected":false},"featured_media":23623,"template":"","meta":{"_acf_changed":false},"product_cat":[28],"product_tag":[],"class_list":["post-4630","product","type-product","status-publish","has-post-thumbnail","hentry","product_cat-products"],"acf":[],"yoast_head":"<!-- This site is optimized with the Yoast SEO plugin v27.0 - https:\/\/yoast.com\/product\/yoast-seo-wordpress\/ -->\n<title>Botella Atik RCS PET Reciclado 500ml, p\u00farpura - Avira<\/title>\n<meta name=\"robots\" content=\"index, follow, max-snippet:-1, max-image-preview:large, max-video-preview:-1\" \/>\n<link rel=\"canonical\" href=\"https:\/\/avira-reusables.com\/es\/collection\/products\/botella-avira-atik-rcs-pet-reciclado-500ml-purpura\/\" \/>\n<meta property=\"og:locale\" content=\"es_ES\" \/>\n<meta property=\"og:type\" content=\"article\" \/>\n<meta property=\"og:title\" content=\"Botella Atik RCS PET Reciclado 500ml, p\u00farpura - Avira\" \/>\n<meta property=\"og:description\" content=\"La botella Atik es excelente si valoras la portabilidad ligera y el dise\u00f1o minimalista. Ideal para hidratarse sobre la marcha. El cuerpo de la botella est\u00e1 hecho 100% de RPET certificado RCS. La certificaci\u00f3n RCS garantiza una cadena de suministro completamente certificada de los materiales reciclados. Lavar a mano \u00fanicamente. Este producto es solo para [&hellip;]\" \/>\n<meta property=\"og:url\" content=\"https:\/\/avira-reusables.com\/es\/collection\/products\/botella-avira-atik-rcs-pet-reciclado-500ml-purpura\/\" \/>\n<meta property=\"og:site_name\" content=\"Avira\" \/>\n<meta property=\"article:modified_time\" content=\"2026-04-15T23:22:06+00:00\" \/>\n<meta property=\"og:image\" content=\"https:\/\/avira-reusables.com\/wp-content\/uploads\/sites\/2\/2026\/04\/P438.039__S_0__f73f9ca4716642c98c367c829c17f68e.jpg\" \/>\n\t<meta property=\"og:image:width\" content=\"1024\" \/>\n\t<meta property=\"og:image:height\" content=\"1024\" \/>\n\t<meta property=\"og:image:type\" content=\"image\/jpeg\" \/>\n<meta name=\"twitter:card\" content=\"summary_large_image\" \/>\n<meta name=\"twitter:label1\" content=\"Tiempo de lectura\" \/>\n\t<meta name=\"twitter:data1\" content=\"1 minuto\" \/>\n<script type=\"application\/ld+json\" class=\"yoast-schema-graph\">{\"@context\":\"https:\/\/schema.org\",\"@graph\":[{\"@type\":\"WebPage\",\"@id\":\"https:\/\/avira-reusables.com\/es\/collection\/products\/botella-avira-atik-rcs-pet-reciclado-500ml-purpura\/\",\"url\":\"https:\/\/avira-reusables.com\/es\/collection\/products\/botella-avira-atik-rcs-pet-reciclado-500ml-purpura\/\",\"name\":\"Botella Atik RCS PET Reciclado 500ml, p\u00farpura - Avira\",\"isPartOf\":{\"@id\":\"https:\/\/avira-reusables.com\/es\/#website\"},\"primaryImageOfPage\":{\"@id\":\"https:\/\/avira-reusables.com\/es\/collection\/products\/botella-avira-atik-rcs-pet-reciclado-500ml-purpura\/#primaryimage\"},\"image\":{\"@id\":\"https:\/\/avira-reusables.com\/es\/collection\/products\/botella-avira-atik-rcs-pet-reciclado-500ml-purpura\/#primaryimage\"},\"thumbnailUrl\":\"https:\/\/avira-reusables.com\/wp-content\/uploads\/sites\/2\/2026\/04\/P438.039__S_0__f73f9ca4716642c98c367c829c17f68e.jpg\",\"datePublished\":\"2023-01-24T08:37:19+00:00\",\"dateModified\":\"2026-04-15T23:22:06+00:00\",\"breadcrumb\":{\"@id\":\"https:\/\/avira-reusables.com\/es\/collection\/products\/botella-avira-atik-rcs-pet-reciclado-500ml-purpura\/#breadcrumb\"},\"inLanguage\":\"es\",\"potentialAction\":[{\"@type\":\"ReadAction\",\"target\":[\"https:\/\/avira-reusables.com\/es\/collection\/products\/botella-avira-atik-rcs-pet-reciclado-500ml-purpura\/\"]}]},{\"@type\":\"ImageObject\",\"inLanguage\":\"es\",\"@id\":\"https:\/\/avira-reusables.com\/es\/collection\/products\/botella-avira-atik-rcs-pet-reciclado-500ml-purpura\/#primaryimage\",\"url\":\"https:\/\/avira-reusables.com\/wp-content\/uploads\/sites\/2\/2026\/04\/P438.039__S_0__f73f9ca4716642c98c367c829c17f68e.jpg\",\"contentUrl\":\"https:\/\/avira-reusables.com\/wp-content\/uploads\/sites\/2\/2026\/04\/P438.039__S_0__f73f9ca4716642c98c367c829c17f68e.jpg\",\"width\":1024,\"height\":1024},{\"@type\":\"BreadcrumbList\",\"@id\":\"https:\/\/avira-reusables.com\/es\/collection\/products\/botella-avira-atik-rcs-pet-reciclado-500ml-purpura\/#breadcrumb\",\"itemListElement\":[{\"@type\":\"ListItem\",\"position\":1,\"name\":\"Home\",\"item\":\"https:\/\/avira-reusables.com\/es\/\"},{\"@type\":\"ListItem\",\"position\":2,\"name\":\"Recopilaci\u00f3n\",\"item\":\"https:\/\/avira-reusables.com\/es\/recopilacion\/\"},{\"@type\":\"ListItem\",\"position\":3,\"name\":\"Botella Atik RCS PET Reciclado 500ml, p\u00farpura\"}]},{\"@type\":\"WebSite\",\"@id\":\"https:\/\/avira-reusables.com\/es\/#website\",\"url\":\"https:\/\/avira-reusables.com\/es\/\",\"name\":\"Avira\",\"description\":\"Made of 100% recycled materials\",\"potentialAction\":[{\"@type\":\"SearchAction\",\"target\":{\"@type\":\"EntryPoint\",\"urlTemplate\":\"https:\/\/avira-reusables.com\/es\/?s={search_term_string}\"},\"query-input\":{\"@type\":\"PropertyValueSpecification\",\"valueRequired\":true,\"valueName\":\"search_term_string\"}}],\"inLanguage\":\"es\"}]}<\/script>\n<!-- \/ Yoast SEO plugin. -->","yoast_head_json":{"title":"Botella Atik RCS PET Reciclado 500ml, p\u00farpura - Avira","robots":{"index":"index","follow":"follow","max-snippet":"max-snippet:-1","max-image-preview":"max-image-preview:large","max-video-preview":"max-video-preview:-1"},"canonical":"https:\/\/avira-reusables.com\/es\/collection\/products\/botella-avira-atik-rcs-pet-reciclado-500ml-purpura\/","og_locale":"es_ES","og_type":"article","og_title":"Botella Atik RCS PET Reciclado 500ml, p\u00farpura - Avira","og_description":"La botella Atik es excelente si valoras la portabilidad ligera y el dise\u00f1o minimalista. Ideal para hidratarse sobre la marcha. El cuerpo de la botella est\u00e1 hecho 100% de RPET certificado RCS. La certificaci\u00f3n RCS garantiza una cadena de suministro completamente certificada de los materiales reciclados. Lavar a mano \u00fanicamente. Este producto es solo para [&hellip;]","og_url":"https:\/\/avira-reusables.com\/es\/collection\/products\/botella-avira-atik-rcs-pet-reciclado-500ml-purpura\/","og_site_name":"Avira","article_modified_time":"2026-04-15T23:22:06+00:00","og_image":[{"width":1024,"height":1024,"url":"https:\/\/avira-reusables.com\/wp-content\/uploads\/sites\/2\/2026\/04\/P438.039__S_0__f73f9ca4716642c98c367c829c17f68e.jpg","type":"image\/jpeg"}],"twitter_card":"summary_large_image","twitter_misc":{"Tiempo de lectura":"1 minuto"},"schema":{"@context":"https:\/\/schema.org","@graph":[{"@type":"WebPage","@id":"https:\/\/avira-reusables.com\/es\/collection\/products\/botella-avira-atik-rcs-pet-reciclado-500ml-purpura\/","url":"https:\/\/avira-reusables.com\/es\/collection\/products\/botella-avira-atik-rcs-pet-reciclado-500ml-purpura\/","name":"Botella Atik RCS PET Reciclado 500ml, p\u00farpura - Avira","isPartOf":{"@id":"https:\/\/avira-reusables.com\/es\/#website"},"primaryImageOfPage":{"@id":"https:\/\/avira-reusables.com\/es\/collection\/products\/botella-avira-atik-rcs-pet-reciclado-500ml-purpura\/#primaryimage"},"image":{"@id":"https:\/\/avira-reusables.com\/es\/collection\/products\/botella-avira-atik-rcs-pet-reciclado-500ml-purpura\/#primaryimage"},"thumbnailUrl":"https:\/\/avira-reusables.com\/wp-content\/uploads\/sites\/2\/2026\/04\/P438.039__S_0__f73f9ca4716642c98c367c829c17f68e.jpg","datePublished":"2023-01-24T08:37:19+00:00","dateModified":"2026-04-15T23:22:06+00:00","breadcrumb":{"@id":"https:\/\/avira-reusables.com\/es\/collection\/products\/botella-avira-atik-rcs-pet-reciclado-500ml-purpura\/#breadcrumb"},"inLanguage":"es","potentialAction":[{"@type":"ReadAction","target":["https:\/\/avira-reusables.com\/es\/collection\/products\/botella-avira-atik-rcs-pet-reciclado-500ml-purpura\/"]}]},{"@type":"ImageObject","inLanguage":"es","@id":"https:\/\/avira-reusables.com\/es\/collection\/products\/botella-avira-atik-rcs-pet-reciclado-500ml-purpura\/#primaryimage","url":"https:\/\/avira-reusables.com\/wp-content\/uploads\/sites\/2\/2026\/04\/P438.039__S_0__f73f9ca4716642c98c367c829c17f68e.jpg","contentUrl":"https:\/\/avira-reusables.com\/wp-content\/uploads\/sites\/2\/2026\/04\/P438.039__S_0__f73f9ca4716642c98c367c829c17f68e.jpg","width":1024,"height":1024},{"@type":"BreadcrumbList","@id":"https:\/\/avira-reusables.com\/es\/collection\/products\/botella-avira-atik-rcs-pet-reciclado-500ml-purpura\/#breadcrumb","itemListElement":[{"@type":"ListItem","position":1,"name":"Home","item":"https:\/\/avira-reusables.com\/es\/"},{"@type":"ListItem","position":2,"name":"Recopilaci\u00f3n","item":"https:\/\/avira-reusables.com\/es\/recopilacion\/"},{"@type":"ListItem","position":3,"name":"Botella Atik RCS PET Reciclado 500ml, p\u00farpura"}]},{"@type":"WebSite","@id":"https:\/\/avira-reusables.com\/es\/#website","url":"https:\/\/avira-reusables.com\/es\/","name":"Avira","description":"Made of 100% recycled materials","potentialAction":[{"@type":"SearchAction","target":{"@type":"EntryPoint","urlTemplate":"https:\/\/avira-reusables.com\/es\/?s={search_term_string}"},"query-input":{"@type":"PropertyValueSpecification","valueRequired":true,"valueName":"search_term_string"}}],"inLanguage":"es"}]}},"_links":{"self":[{"href":"https:\/\/avira-reusables.com\/es\/wp-json\/wp\/v2\/product\/4630","targetHints":{"allow":["GET"]}}],"collection":[{"href":"https:\/\/avira-reusables.com\/es\/wp-json\/wp\/v2\/product"}],"about":[{"href":"https:\/\/avira-reusables.com\/es\/wp-json\/wp\/v2\/types\/product"}],"wp:featuredmedia":[{"embeddable":true,"href":"https:\/\/avira-reusables.com\/es\/wp-json\/wp\/v2\/media\/23623"}],"wp:attachment":[{"href":"https:\/\/avira-reusables.com\/es\/wp-json\/wp\/v2\/media?parent=4630"}],"wp:term":[{"taxonomy":"product_cat","embeddable":true,"href":"https:\/\/avira-reusables.com\/es\/wp-json\/wp\/v2\/product_cat?post=4630"},{"taxonomy":"product_tag","embeddable":true,"href":"https:\/\/avira-reusables.com\/es\/wp-json\/wp\/v2\/product_tag?post=4630"}],"curies":[{"name":"wp","href":"https:\/\/api.w.org\/{rel}","templated":true}]}}