{"id":4907,"date":"2023-03-31T01:02:06","date_gmt":"2023-03-30T23:02:06","guid":{"rendered":"https:\/\/avira-reusables.com\/collection\/sin%20categor\u00eda\/p438-05-product-variation-2\/"},"modified":"2026-04-16T01:22:24","modified_gmt":"2026-04-15T23:22:24","slug":"p438-05-product-variation-2","status":"publish","type":"product","link":"https:\/\/avira-reusables.com\/es\/collection\/sin categor\u00eda\/p438-05-product-variation-2\/","title":{"rendered":"Mini vaso de viaje Ain RCS Re-steel 150ML, plata"},"content":{"rendered":"<p>Presentamos la mini botella de viaje Avira Ain: la soluci\u00f3n perfecta para tus necesidades de cafe\u00edna sobre la marcha. Con una capacidad de 150 ml, esta botella tiene el tama\u00f1o ideal para un r\u00e1pido empuj\u00f3n mientras est\u00e1s fuera de casa. Su dise\u00f1o elegante y tama\u00f1o conveniente hacen que sea f\u00e1cil de llevar en una bolsa y su tapa segura evita derrames y fugas. Fabricado con materiales reciclados certificados RCS (Recycled Claim Standard). La certificaci\u00f3n RCS garantiza una cadena de suministro completamente certificada de los materiales reciclados. Contenido reciclado total: 74% basado en el peso total del art\u00edculo. Incluye embalaje kraft certificado FSC\u00ae. Reutiliza la caja en un soporte para tel\u00e9fono, un portal\u00e1pices o una maceta!<\/p>\n","protected":false},"excerpt":{"rendered":"<p>Presentamos la mini botella de viaje Avira Ain: la soluci\u00f3n perfecta para tus necesidades de cafe\u00edna sobre la marcha. Con una capacidad de 150 ml, esta botella tiene el tama\u00f1o ideal para un r\u00e1pido empuj\u00f3n mientras est\u00e1s fuera de casa. Su dise\u00f1o elegante y tama\u00f1o conveniente hacen que sea f\u00e1cil de llevar en una bolsa [&hellip;]<\/p>\n","protected":false},"featured_media":23672,"template":"","meta":{"_acf_changed":false},"product_cat":[],"product_tag":[],"class_list":["post-4907","product","type-product","status-publish","has-post-thumbnail","hentry"],"acf":[],"yoast_head":"<!-- This site is optimized with the Yoast SEO plugin v27.0 - https:\/\/yoast.com\/product\/yoast-seo-wordpress\/ -->\n<title>Mini vaso de viaje Ain RCS Re-steel 150ML, plata - Avira<\/title>\n<meta name=\"robots\" content=\"index, follow, max-snippet:-1, max-image-preview:large, max-video-preview:-1\" \/>\n<link rel=\"canonical\" href=\"https:\/\/avira-reusables.com\/es\/collection\/sin%20categor\u00eda\/p438-05-product-variation-2\/\" \/>\n<meta property=\"og:locale\" content=\"es_ES\" \/>\n<meta property=\"og:type\" content=\"article\" \/>\n<meta property=\"og:title\" content=\"Mini vaso de viaje Ain RCS Re-steel 150ML, plata - Avira\" \/>\n<meta property=\"og:description\" content=\"Presentamos la mini botella de viaje Avira Ain: la soluci\u00f3n perfecta para tus necesidades de cafe\u00edna sobre la marcha. Con una capacidad de 150 ml, esta botella tiene el tama\u00f1o ideal para un r\u00e1pido empuj\u00f3n mientras est\u00e1s fuera de casa. Su dise\u00f1o elegante y tama\u00f1o conveniente hacen que sea f\u00e1cil de llevar en una bolsa [&hellip;]\" \/>\n<meta property=\"og:url\" content=\"https:\/\/avira-reusables.com\/es\/collection\/sin categor\u00eda\/p438-05-product-variation-2\/\" \/>\n<meta property=\"og:site_name\" content=\"Avira\" \/>\n<meta property=\"article:modified_time\" content=\"2026-04-15T23:22:24+00:00\" \/>\n<meta property=\"og:image\" content=\"https:\/\/avira-reusables.com\/wp-content\/uploads\/sites\/2\/2026\/04\/P438.052__S_0__f460c79af0924b05a0ba649c8af8c381.jpg\" \/>\n\t<meta property=\"og:image:width\" content=\"1024\" \/>\n\t<meta property=\"og:image:height\" content=\"1024\" \/>\n\t<meta property=\"og:image:type\" content=\"image\/jpeg\" \/>\n<meta name=\"twitter:card\" content=\"summary_large_image\" \/>\n<meta name=\"twitter:label1\" content=\"Tiempo de lectura\" \/>\n\t<meta name=\"twitter:data1\" content=\"1 minuto\" \/>\n<script type=\"application\/ld+json\" class=\"yoast-schema-graph\">{\"@context\":\"https:\/\/schema.org\",\"@graph\":[{\"@type\":\"WebPage\",\"@id\":\"https:\/\/avira-reusables.com\/es\/collection\/sin categor\u00eda\/p438-05-product-variation-2\/\",\"url\":\"https:\/\/avira-reusables.com\/es\/collection\/sin categor\u00eda\/p438-05-product-variation-2\/\",\"name\":\"Mini vaso de viaje Ain RCS Re-steel 150ML, plata - Avira\",\"isPartOf\":{\"@id\":\"https:\/\/avira-reusables.com\/es\/#website\"},\"primaryImageOfPage\":{\"@id\":\"https:\/\/avira-reusables.com\/es\/collection\/sin categor\u00eda\/p438-05-product-variation-2\/#primaryimage\"},\"image\":{\"@id\":\"https:\/\/avira-reusables.com\/es\/collection\/sin categor\u00eda\/p438-05-product-variation-2\/#primaryimage\"},\"thumbnailUrl\":\"https:\/\/avira-reusables.com\/wp-content\/uploads\/sites\/2\/2026\/04\/P438.052__S_0__f460c79af0924b05a0ba649c8af8c381.jpg\",\"datePublished\":\"2023-03-30T23:02:06+00:00\",\"dateModified\":\"2026-04-15T23:22:24+00:00\",\"breadcrumb\":{\"@id\":\"https:\/\/avira-reusables.com\/es\/collection\/sin categor\u00eda\/p438-05-product-variation-2\/#breadcrumb\"},\"inLanguage\":\"es\",\"potentialAction\":[{\"@type\":\"ReadAction\",\"target\":[\"https:\/\/avira-reusables.com\/es\/collection\/sin categor\u00eda\/p438-05-product-variation-2\/\"]}]},{\"@type\":\"ImageObject\",\"inLanguage\":\"es\",\"@id\":\"https:\/\/avira-reusables.com\/es\/collection\/sin categor\u00eda\/p438-05-product-variation-2\/#primaryimage\",\"url\":\"https:\/\/avira-reusables.com\/wp-content\/uploads\/sites\/2\/2026\/04\/P438.052__S_0__f460c79af0924b05a0ba649c8af8c381.jpg\",\"contentUrl\":\"https:\/\/avira-reusables.com\/wp-content\/uploads\/sites\/2\/2026\/04\/P438.052__S_0__f460c79af0924b05a0ba649c8af8c381.jpg\",\"width\":1024,\"height\":1024},{\"@type\":\"BreadcrumbList\",\"@id\":\"https:\/\/avira-reusables.com\/es\/collection\/sin categor\u00eda\/p438-05-product-variation-2\/#breadcrumb\",\"itemListElement\":[{\"@type\":\"ListItem\",\"position\":1,\"name\":\"Home\",\"item\":\"https:\/\/avira-reusables.com\/es\/\"},{\"@type\":\"ListItem\",\"position\":2,\"name\":\"Recopilaci\u00f3n\",\"item\":\"https:\/\/avira-reusables.com\/es\/recopilacion\/\"},{\"@type\":\"ListItem\",\"position\":3,\"name\":\"Mini vaso de viaje Ain RCS Re-steel 150ML, plata\"}]},{\"@type\":\"WebSite\",\"@id\":\"https:\/\/avira-reusables.com\/es\/#website\",\"url\":\"https:\/\/avira-reusables.com\/es\/\",\"name\":\"Avira\",\"description\":\"Made of 100% recycled materials\",\"potentialAction\":[{\"@type\":\"SearchAction\",\"target\":{\"@type\":\"EntryPoint\",\"urlTemplate\":\"https:\/\/avira-reusables.com\/es\/?s={search_term_string}\"},\"query-input\":{\"@type\":\"PropertyValueSpecification\",\"valueRequired\":true,\"valueName\":\"search_term_string\"}}],\"inLanguage\":\"es\"}]}<\/script>\n<!-- \/ Yoast SEO plugin. -->","yoast_head_json":{"title":"Mini vaso de viaje Ain RCS Re-steel 150ML, plata - Avira","robots":{"index":"index","follow":"follow","max-snippet":"max-snippet:-1","max-image-preview":"max-image-preview:large","max-video-preview":"max-video-preview:-1"},"canonical":"https:\/\/avira-reusables.com\/es\/collection\/sin categor\u00eda\/p438-05-product-variation-2\/","og_locale":"es_ES","og_type":"article","og_title":"Mini vaso de viaje Ain RCS Re-steel 150ML, plata - Avira","og_description":"Presentamos la mini botella de viaje Avira Ain: la soluci\u00f3n perfecta para tus necesidades de cafe\u00edna sobre la marcha. Con una capacidad de 150 ml, esta botella tiene el tama\u00f1o ideal para un r\u00e1pido empuj\u00f3n mientras est\u00e1s fuera de casa. Su dise\u00f1o elegante y tama\u00f1o conveniente hacen que sea f\u00e1cil de llevar en una bolsa [&hellip;]","og_url":"https:\/\/avira-reusables.com\/es\/collection\/sin categor\u00eda\/p438-05-product-variation-2\/","og_site_name":"Avira","article_modified_time":"2026-04-15T23:22:24+00:00","og_image":[{"width":1024,"height":1024,"url":"https:\/\/avira-reusables.com\/wp-content\/uploads\/sites\/2\/2026\/04\/P438.052__S_0__f460c79af0924b05a0ba649c8af8c381.jpg","type":"image\/jpeg"}],"twitter_card":"summary_large_image","twitter_misc":{"Tiempo de lectura":"1 minuto"},"schema":{"@context":"https:\/\/schema.org","@graph":[{"@type":"WebPage","@id":"https:\/\/avira-reusables.com\/es\/collection\/sin categor\u00eda\/p438-05-product-variation-2\/","url":"https:\/\/avira-reusables.com\/es\/collection\/sin categor\u00eda\/p438-05-product-variation-2\/","name":"Mini vaso de viaje Ain RCS Re-steel 150ML, plata - Avira","isPartOf":{"@id":"https:\/\/avira-reusables.com\/es\/#website"},"primaryImageOfPage":{"@id":"https:\/\/avira-reusables.com\/es\/collection\/sin categor\u00eda\/p438-05-product-variation-2\/#primaryimage"},"image":{"@id":"https:\/\/avira-reusables.com\/es\/collection\/sin categor\u00eda\/p438-05-product-variation-2\/#primaryimage"},"thumbnailUrl":"https:\/\/avira-reusables.com\/wp-content\/uploads\/sites\/2\/2026\/04\/P438.052__S_0__f460c79af0924b05a0ba649c8af8c381.jpg","datePublished":"2023-03-30T23:02:06+00:00","dateModified":"2026-04-15T23:22:24+00:00","breadcrumb":{"@id":"https:\/\/avira-reusables.com\/es\/collection\/sin categor\u00eda\/p438-05-product-variation-2\/#breadcrumb"},"inLanguage":"es","potentialAction":[{"@type":"ReadAction","target":["https:\/\/avira-reusables.com\/es\/collection\/sin categor\u00eda\/p438-05-product-variation-2\/"]}]},{"@type":"ImageObject","inLanguage":"es","@id":"https:\/\/avira-reusables.com\/es\/collection\/sin categor\u00eda\/p438-05-product-variation-2\/#primaryimage","url":"https:\/\/avira-reusables.com\/wp-content\/uploads\/sites\/2\/2026\/04\/P438.052__S_0__f460c79af0924b05a0ba649c8af8c381.jpg","contentUrl":"https:\/\/avira-reusables.com\/wp-content\/uploads\/sites\/2\/2026\/04\/P438.052__S_0__f460c79af0924b05a0ba649c8af8c381.jpg","width":1024,"height":1024},{"@type":"BreadcrumbList","@id":"https:\/\/avira-reusables.com\/es\/collection\/sin categor\u00eda\/p438-05-product-variation-2\/#breadcrumb","itemListElement":[{"@type":"ListItem","position":1,"name":"Home","item":"https:\/\/avira-reusables.com\/es\/"},{"@type":"ListItem","position":2,"name":"Recopilaci\u00f3n","item":"https:\/\/avira-reusables.com\/es\/recopilacion\/"},{"@type":"ListItem","position":3,"name":"Mini vaso de viaje Ain RCS Re-steel 150ML, plata"}]},{"@type":"WebSite","@id":"https:\/\/avira-reusables.com\/es\/#website","url":"https:\/\/avira-reusables.com\/es\/","name":"Avira","description":"Made of 100% recycled materials","potentialAction":[{"@type":"SearchAction","target":{"@type":"EntryPoint","urlTemplate":"https:\/\/avira-reusables.com\/es\/?s={search_term_string}"},"query-input":{"@type":"PropertyValueSpecification","valueRequired":true,"valueName":"search_term_string"}}],"inLanguage":"es"}]}},"_links":{"self":[{"href":"https:\/\/avira-reusables.com\/es\/wp-json\/wp\/v2\/product\/4907","targetHints":{"allow":["GET"]}}],"collection":[{"href":"https:\/\/avira-reusables.com\/es\/wp-json\/wp\/v2\/product"}],"about":[{"href":"https:\/\/avira-reusables.com\/es\/wp-json\/wp\/v2\/types\/product"}],"wp:featuredmedia":[{"embeddable":true,"href":"https:\/\/avira-reusables.com\/es\/wp-json\/wp\/v2\/media\/23672"}],"wp:attachment":[{"href":"https:\/\/avira-reusables.com\/es\/wp-json\/wp\/v2\/media?parent=4907"}],"wp:term":[{"taxonomy":"product_cat","embeddable":true,"href":"https:\/\/avira-reusables.com\/es\/wp-json\/wp\/v2\/product_cat?post=4907"},{"taxonomy":"product_tag","embeddable":true,"href":"https:\/\/avira-reusables.com\/es\/wp-json\/wp\/v2\/product_tag?post=4907"}],"curies":[{"name":"wp","href":"https:\/\/api.w.org\/{rel}","templated":true}]}}