{"id":6756,"date":"2023-09-22T01:00:09","date_gmt":"2023-09-21T23:00:09","guid":{"rendered":"https:\/\/avira-reusables.com\/collection\/uncategorized\/taza-alya-rcs-de-acero-300ml-beige\/"},"modified":"2026-03-12T02:23:05","modified_gmt":"2026-03-12T00:23:05","slug":"taza-alya-rcs-de-acero-300ml-beige","status":"publish","type":"product","link":"https:\/\/avira-reusables.com\/es\/collection\/sin categor\u00eda\/taza-alya-rcs-de-acero-300ml-beige\/","title":{"rendered":"Taza Alya RCS de acero 300 ml, beige"},"content":{"rendered":"<p>Mejora tus sorbos diarios y alcanza tus objetivos de hidrataci\u00f3n con nuestra elegante taza Alya. El cuerpo de acero inoxidable aislado al vac\u00edo de doble pared mantiene tu bebida favorita caliente durante 6 horas y el agua refrescante fr\u00eda durante 8 horas. La parte inferior cuenta con una almohadilla de silicona antideslizante. Fabricado con acero inoxidable reciclado certificado RCS y PP reciclado. RCS (Recycled Claim Standard) es un est\u00e1ndar para verificar el contenido reciclado de un producto a lo largo de toda la cadena de suministro. Contenido reciclado total: 63% basado en el peso total del art\u00edculo. Sin BPA. Capacidad 300ml. Incluye embalaje kraft certificado FSC\u00ae. No tires la caja, reutil\u00edzala en un soporte para tel\u00e9fono, un portal\u00e1pices o una maceta!. El 2% de las ganancias de cada producto Impact vendido se donar\u00e1 a Water.org.<\/p>\n","protected":false},"excerpt":{"rendered":"<p>Mejora tus sorbos diarios y alcanza tus objetivos de hidrataci\u00f3n con nuestra elegante taza Alya. El cuerpo de acero inoxidable aislado al vac\u00edo de doble pared mantiene tu bebida favorita caliente durante 6 horas y el agua refrescante fr\u00eda durante 8 horas. La parte inferior cuenta con una almohadilla de silicona antideslizante. Fabricado con acero [&hellip;]<\/p>\n","protected":false},"featured_media":0,"template":"","meta":{"_acf_changed":false},"product_cat":[],"product_tag":[],"class_list":["post-6756","product","type-product","status-publish","hentry"],"acf":[],"yoast_head":"<!-- This site is optimized with the Yoast SEO plugin v27.0 - https:\/\/yoast.com\/product\/yoast-seo-wordpress\/ -->\n<title>Taza Alya RCS de acero 300 ml, beige - Avira<\/title>\n<meta name=\"robots\" content=\"index, follow, max-snippet:-1, max-image-preview:large, max-video-preview:-1\" \/>\n<link rel=\"canonical\" href=\"https:\/\/avira-reusables.com\/es\/collection\/sin%20categor\u00eda\/taza-alya-rcs-de-acero-300ml-beige\/\" \/>\n<meta property=\"og:locale\" content=\"es_ES\" \/>\n<meta property=\"og:type\" content=\"article\" \/>\n<meta property=\"og:title\" content=\"Taza Alya RCS de acero 300 ml, beige - Avira\" \/>\n<meta property=\"og:description\" content=\"Mejora tus sorbos diarios y alcanza tus objetivos de hidrataci\u00f3n con nuestra elegante taza Alya. El cuerpo de acero inoxidable aislado al vac\u00edo de doble pared mantiene tu bebida favorita caliente durante 6 horas y el agua refrescante fr\u00eda durante 8 horas. La parte inferior cuenta con una almohadilla de silicona antideslizante. Fabricado con acero [&hellip;]\" \/>\n<meta property=\"og:url\" content=\"https:\/\/avira-reusables.com\/es\/collection\/sin categor\u00eda\/taza-alya-rcs-de-acero-300ml-beige\/\" \/>\n<meta property=\"og:site_name\" content=\"Avira\" \/>\n<meta property=\"article:modified_time\" content=\"2026-03-12T00:23:05+00:00\" \/>\n<meta name=\"twitter:card\" content=\"summary_large_image\" \/>\n<meta name=\"twitter:label1\" content=\"Tiempo de lectura\" \/>\n\t<meta name=\"twitter:data1\" content=\"1 minuto\" \/>\n<script type=\"application\/ld+json\" class=\"yoast-schema-graph\">{\"@context\":\"https:\/\/schema.org\",\"@graph\":[{\"@type\":\"WebPage\",\"@id\":\"https:\/\/avira-reusables.com\/es\/collection\/sin categor\u00eda\/taza-alya-rcs-de-acero-300ml-beige\/\",\"url\":\"https:\/\/avira-reusables.com\/es\/collection\/sin categor\u00eda\/taza-alya-rcs-de-acero-300ml-beige\/\",\"name\":\"Taza Alya RCS de acero 300 ml, beige - Avira\",\"isPartOf\":{\"@id\":\"https:\/\/avira-reusables.com\/es\/#website\"},\"datePublished\":\"2023-09-21T23:00:09+00:00\",\"dateModified\":\"2026-03-12T00:23:05+00:00\",\"breadcrumb\":{\"@id\":\"https:\/\/avira-reusables.com\/es\/collection\/sin categor\u00eda\/taza-alya-rcs-de-acero-300ml-beige\/#breadcrumb\"},\"inLanguage\":\"es\",\"potentialAction\":[{\"@type\":\"ReadAction\",\"target\":[\"https:\/\/avira-reusables.com\/es\/collection\/sin categor\u00eda\/taza-alya-rcs-de-acero-300ml-beige\/\"]}]},{\"@type\":\"BreadcrumbList\",\"@id\":\"https:\/\/avira-reusables.com\/es\/collection\/sin categor\u00eda\/taza-alya-rcs-de-acero-300ml-beige\/#breadcrumb\",\"itemListElement\":[{\"@type\":\"ListItem\",\"position\":1,\"name\":\"Home\",\"item\":\"https:\/\/avira-reusables.com\/es\/\"},{\"@type\":\"ListItem\",\"position\":2,\"name\":\"Recopilaci\u00f3n\",\"item\":\"https:\/\/avira-reusables.com\/es\/recopilacion\/\"},{\"@type\":\"ListItem\",\"position\":3,\"name\":\"Taza Alya RCS de acero 300 ml, beige\"}]},{\"@type\":\"WebSite\",\"@id\":\"https:\/\/avira-reusables.com\/es\/#website\",\"url\":\"https:\/\/avira-reusables.com\/es\/\",\"name\":\"Avira\",\"description\":\"Made of 100% recycled materials\",\"potentialAction\":[{\"@type\":\"SearchAction\",\"target\":{\"@type\":\"EntryPoint\",\"urlTemplate\":\"https:\/\/avira-reusables.com\/es\/?s={search_term_string}\"},\"query-input\":{\"@type\":\"PropertyValueSpecification\",\"valueRequired\":true,\"valueName\":\"search_term_string\"}}],\"inLanguage\":\"es\"}]}<\/script>\n<!-- \/ Yoast SEO plugin. -->","yoast_head_json":{"title":"Taza Alya RCS de acero 300 ml, beige - Avira","robots":{"index":"index","follow":"follow","max-snippet":"max-snippet:-1","max-image-preview":"max-image-preview:large","max-video-preview":"max-video-preview:-1"},"canonical":"https:\/\/avira-reusables.com\/es\/collection\/sin categor\u00eda\/taza-alya-rcs-de-acero-300ml-beige\/","og_locale":"es_ES","og_type":"article","og_title":"Taza Alya RCS de acero 300 ml, beige - Avira","og_description":"Mejora tus sorbos diarios y alcanza tus objetivos de hidrataci\u00f3n con nuestra elegante taza Alya. El cuerpo de acero inoxidable aislado al vac\u00edo de doble pared mantiene tu bebida favorita caliente durante 6 horas y el agua refrescante fr\u00eda durante 8 horas. La parte inferior cuenta con una almohadilla de silicona antideslizante. Fabricado con acero [&hellip;]","og_url":"https:\/\/avira-reusables.com\/es\/collection\/sin categor\u00eda\/taza-alya-rcs-de-acero-300ml-beige\/","og_site_name":"Avira","article_modified_time":"2026-03-12T00:23:05+00:00","twitter_card":"summary_large_image","twitter_misc":{"Tiempo de lectura":"1 minuto"},"schema":{"@context":"https:\/\/schema.org","@graph":[{"@type":"WebPage","@id":"https:\/\/avira-reusables.com\/es\/collection\/sin categor\u00eda\/taza-alya-rcs-de-acero-300ml-beige\/","url":"https:\/\/avira-reusables.com\/es\/collection\/sin categor\u00eda\/taza-alya-rcs-de-acero-300ml-beige\/","name":"Taza Alya RCS de acero 300 ml, beige - Avira","isPartOf":{"@id":"https:\/\/avira-reusables.com\/es\/#website"},"datePublished":"2023-09-21T23:00:09+00:00","dateModified":"2026-03-12T00:23:05+00:00","breadcrumb":{"@id":"https:\/\/avira-reusables.com\/es\/collection\/sin categor\u00eda\/taza-alya-rcs-de-acero-300ml-beige\/#breadcrumb"},"inLanguage":"es","potentialAction":[{"@type":"ReadAction","target":["https:\/\/avira-reusables.com\/es\/collection\/sin categor\u00eda\/taza-alya-rcs-de-acero-300ml-beige\/"]}]},{"@type":"BreadcrumbList","@id":"https:\/\/avira-reusables.com\/es\/collection\/sin categor\u00eda\/taza-alya-rcs-de-acero-300ml-beige\/#breadcrumb","itemListElement":[{"@type":"ListItem","position":1,"name":"Home","item":"https:\/\/avira-reusables.com\/es\/"},{"@type":"ListItem","position":2,"name":"Recopilaci\u00f3n","item":"https:\/\/avira-reusables.com\/es\/recopilacion\/"},{"@type":"ListItem","position":3,"name":"Taza Alya RCS de acero 300 ml, beige"}]},{"@type":"WebSite","@id":"https:\/\/avira-reusables.com\/es\/#website","url":"https:\/\/avira-reusables.com\/es\/","name":"Avira","description":"Made of 100% recycled materials","potentialAction":[{"@type":"SearchAction","target":{"@type":"EntryPoint","urlTemplate":"https:\/\/avira-reusables.com\/es\/?s={search_term_string}"},"query-input":{"@type":"PropertyValueSpecification","valueRequired":true,"valueName":"search_term_string"}}],"inLanguage":"es"}]}},"_links":{"self":[{"href":"https:\/\/avira-reusables.com\/es\/wp-json\/wp\/v2\/product\/6756","targetHints":{"allow":["GET"]}}],"collection":[{"href":"https:\/\/avira-reusables.com\/es\/wp-json\/wp\/v2\/product"}],"about":[{"href":"https:\/\/avira-reusables.com\/es\/wp-json\/wp\/v2\/types\/product"}],"wp:attachment":[{"href":"https:\/\/avira-reusables.com\/es\/wp-json\/wp\/v2\/media?parent=6756"}],"wp:term":[{"taxonomy":"product_cat","embeddable":true,"href":"https:\/\/avira-reusables.com\/es\/wp-json\/wp\/v2\/product_cat?post=6756"},{"taxonomy":"product_tag","embeddable":true,"href":"https:\/\/avira-reusables.com\/es\/wp-json\/wp\/v2\/product_tag?post=6756"}],"curies":[{"name":"wp","href":"https:\/\/api.w.org\/{rel}","templated":true}]}}