{"id":8321,"date":"2024-01-03T02:02:07","date_gmt":"2024-01-03T00:02:07","guid":{"rendered":"https:\/\/avira-reusables.com\/collection\/sin%20categor\u00eda\/fiambrera-avira-atlas-rcs-pp-reciclado-700ml-negro\/"},"modified":"2026-04-16T01:22:39","modified_gmt":"2026-04-15T23:22:39","slug":"fiambrera-avira-atlas-rcs-pp-reciclado-700ml-negro","status":"publish","type":"product","link":"https:\/\/avira-reusables.com\/es\/collection\/sin categor\u00eda\/fiambrera-avira-atlas-rcs-pp-reciclado-700ml-negro\/","title":{"rendered":"Fiambrera Avira Atlas RCS PP reciclado 700 ml, negro"},"content":{"rendered":"<p>Presentamos la fiambrera de pl\u00e1stico reciclado Atlas RCS. Menor impacto y capacidad de 700 ml, perfecta para comidas mientras viajas! Empieza a comer hoy mismo con fiambreras de menor impacto. Est\u00e1 fabricada con materiales reciclados certificados RCS (Recycled Claim Standard), lo que garantiza una cadena de suministro de materiales reciclados totalmente certificada. Con un contenido reciclado total del 62% basado en el peso total del art\u00edculo. Es ecol\u00f3gico y no contiene BPA. Incluye un embalaje kraft con certificaci\u00f3n FSC\u00ae, incluso puedes reutilizar la caja como soporte para tel\u00e9fono, portal\u00e1pices o maceta!. El 2% de las ganancias de cada producto Impact vendido se donar\u00e1 a Water.org.<\/p>\n","protected":false},"excerpt":{"rendered":"<p>Presentamos la fiambrera de pl\u00e1stico reciclado Atlas RCS. Menor impacto y capacidad de 700 ml, perfecta para comidas mientras viajas! Empieza a comer hoy mismo con fiambreras de menor impacto. Est\u00e1 fabricada con materiales reciclados certificados RCS (Recycled Claim Standard), lo que garantiza una cadena de suministro de materiales reciclados totalmente certificada. Con un contenido [&hellip;]<\/p>\n","protected":false},"featured_media":23714,"template":"","meta":{"_acf_changed":false},"product_cat":[],"product_tag":[],"class_list":["post-8321","product","type-product","status-publish","has-post-thumbnail","hentry"],"acf":[],"yoast_head":"<!-- This site is optimized with the Yoast SEO plugin v27.0 - https:\/\/yoast.com\/product\/yoast-seo-wordpress\/ -->\n<title>Fiambrera Avira Atlas RCS PP reciclado 700 ml, negro - Avira<\/title>\n<meta name=\"robots\" content=\"index, follow, max-snippet:-1, max-image-preview:large, max-video-preview:-1\" \/>\n<link rel=\"canonical\" href=\"https:\/\/avira-reusables.com\/es\/collection\/sin%20categor\u00eda\/fiambrera-avira-atlas-rcs-pp-reciclado-700ml-negro\/\" \/>\n<meta property=\"og:locale\" content=\"es_ES\" \/>\n<meta property=\"og:type\" content=\"article\" \/>\n<meta property=\"og:title\" content=\"Fiambrera Avira Atlas RCS PP reciclado 700 ml, negro - Avira\" \/>\n<meta property=\"og:description\" content=\"Presentamos la fiambrera de pl\u00e1stico reciclado Atlas RCS. Menor impacto y capacidad de 700 ml, perfecta para comidas mientras viajas! Empieza a comer hoy mismo con fiambreras de menor impacto. Est\u00e1 fabricada con materiales reciclados certificados RCS (Recycled Claim Standard), lo que garantiza una cadena de suministro de materiales reciclados totalmente certificada. Con un contenido [&hellip;]\" \/>\n<meta property=\"og:url\" content=\"https:\/\/avira-reusables.com\/es\/collection\/sin categor\u00eda\/fiambrera-avira-atlas-rcs-pp-reciclado-700ml-negro\/\" \/>\n<meta property=\"og:site_name\" content=\"Avira\" \/>\n<meta property=\"article:modified_time\" content=\"2026-04-15T23:22:39+00:00\" \/>\n<meta property=\"og:image\" content=\"https:\/\/avira-reusables.com\/wp-content\/uploads\/sites\/2\/2026\/04\/P438.071__S_0__81b5e9ec68604714840cee2984fe2bb2.jpg\" \/>\n\t<meta property=\"og:image:width\" content=\"1024\" \/>\n\t<meta property=\"og:image:height\" content=\"1024\" \/>\n\t<meta property=\"og:image:type\" content=\"image\/jpeg\" \/>\n<meta name=\"twitter:card\" content=\"summary_large_image\" \/>\n<meta name=\"twitter:label1\" content=\"Tiempo de lectura\" \/>\n\t<meta name=\"twitter:data1\" content=\"1 minuto\" \/>\n<script type=\"application\/ld+json\" class=\"yoast-schema-graph\">{\"@context\":\"https:\/\/schema.org\",\"@graph\":[{\"@type\":\"WebPage\",\"@id\":\"https:\/\/avira-reusables.com\/es\/collection\/sin categor\u00eda\/fiambrera-avira-atlas-rcs-pp-reciclado-700ml-negro\/\",\"url\":\"https:\/\/avira-reusables.com\/es\/collection\/sin categor\u00eda\/fiambrera-avira-atlas-rcs-pp-reciclado-700ml-negro\/\",\"name\":\"Fiambrera Avira Atlas RCS PP reciclado 700 ml, negro - Avira\",\"isPartOf\":{\"@id\":\"https:\/\/avira-reusables.com\/es\/#website\"},\"primaryImageOfPage\":{\"@id\":\"https:\/\/avira-reusables.com\/es\/collection\/sin categor\u00eda\/fiambrera-avira-atlas-rcs-pp-reciclado-700ml-negro\/#primaryimage\"},\"image\":{\"@id\":\"https:\/\/avira-reusables.com\/es\/collection\/sin categor\u00eda\/fiambrera-avira-atlas-rcs-pp-reciclado-700ml-negro\/#primaryimage\"},\"thumbnailUrl\":\"https:\/\/avira-reusables.com\/wp-content\/uploads\/sites\/2\/2026\/04\/P438.071__S_0__81b5e9ec68604714840cee2984fe2bb2.jpg\",\"datePublished\":\"2024-01-03T00:02:07+00:00\",\"dateModified\":\"2026-04-15T23:22:39+00:00\",\"breadcrumb\":{\"@id\":\"https:\/\/avira-reusables.com\/es\/collection\/sin categor\u00eda\/fiambrera-avira-atlas-rcs-pp-reciclado-700ml-negro\/#breadcrumb\"},\"inLanguage\":\"es\",\"potentialAction\":[{\"@type\":\"ReadAction\",\"target\":[\"https:\/\/avira-reusables.com\/es\/collection\/sin categor\u00eda\/fiambrera-avira-atlas-rcs-pp-reciclado-700ml-negro\/\"]}]},{\"@type\":\"ImageObject\",\"inLanguage\":\"es\",\"@id\":\"https:\/\/avira-reusables.com\/es\/collection\/sin categor\u00eda\/fiambrera-avira-atlas-rcs-pp-reciclado-700ml-negro\/#primaryimage\",\"url\":\"https:\/\/avira-reusables.com\/wp-content\/uploads\/sites\/2\/2026\/04\/P438.071__S_0__81b5e9ec68604714840cee2984fe2bb2.jpg\",\"contentUrl\":\"https:\/\/avira-reusables.com\/wp-content\/uploads\/sites\/2\/2026\/04\/P438.071__S_0__81b5e9ec68604714840cee2984fe2bb2.jpg\",\"width\":1024,\"height\":1024},{\"@type\":\"BreadcrumbList\",\"@id\":\"https:\/\/avira-reusables.com\/es\/collection\/sin categor\u00eda\/fiambrera-avira-atlas-rcs-pp-reciclado-700ml-negro\/#breadcrumb\",\"itemListElement\":[{\"@type\":\"ListItem\",\"position\":1,\"name\":\"Home\",\"item\":\"https:\/\/avira-reusables.com\/es\/\"},{\"@type\":\"ListItem\",\"position\":2,\"name\":\"Recopilaci\u00f3n\",\"item\":\"https:\/\/avira-reusables.com\/es\/recopilacion\/\"},{\"@type\":\"ListItem\",\"position\":3,\"name\":\"Fiambrera Avira Atlas RCS PP reciclado 700 ml, negro\"}]},{\"@type\":\"WebSite\",\"@id\":\"https:\/\/avira-reusables.com\/es\/#website\",\"url\":\"https:\/\/avira-reusables.com\/es\/\",\"name\":\"Avira\",\"description\":\"Made of 100% recycled materials\",\"potentialAction\":[{\"@type\":\"SearchAction\",\"target\":{\"@type\":\"EntryPoint\",\"urlTemplate\":\"https:\/\/avira-reusables.com\/es\/?s={search_term_string}\"},\"query-input\":{\"@type\":\"PropertyValueSpecification\",\"valueRequired\":true,\"valueName\":\"search_term_string\"}}],\"inLanguage\":\"es\"}]}<\/script>\n<!-- \/ Yoast SEO plugin. -->","yoast_head_json":{"title":"Fiambrera Avira Atlas RCS PP reciclado 700 ml, negro - Avira","robots":{"index":"index","follow":"follow","max-snippet":"max-snippet:-1","max-image-preview":"max-image-preview:large","max-video-preview":"max-video-preview:-1"},"canonical":"https:\/\/avira-reusables.com\/es\/collection\/sin categor\u00eda\/fiambrera-avira-atlas-rcs-pp-reciclado-700ml-negro\/","og_locale":"es_ES","og_type":"article","og_title":"Fiambrera Avira Atlas RCS PP reciclado 700 ml, negro - Avira","og_description":"Presentamos la fiambrera de pl\u00e1stico reciclado Atlas RCS. Menor impacto y capacidad de 700 ml, perfecta para comidas mientras viajas! Empieza a comer hoy mismo con fiambreras de menor impacto. Est\u00e1 fabricada con materiales reciclados certificados RCS (Recycled Claim Standard), lo que garantiza una cadena de suministro de materiales reciclados totalmente certificada. Con un contenido [&hellip;]","og_url":"https:\/\/avira-reusables.com\/es\/collection\/sin categor\u00eda\/fiambrera-avira-atlas-rcs-pp-reciclado-700ml-negro\/","og_site_name":"Avira","article_modified_time":"2026-04-15T23:22:39+00:00","og_image":[{"width":1024,"height":1024,"url":"https:\/\/avira-reusables.com\/wp-content\/uploads\/sites\/2\/2026\/04\/P438.071__S_0__81b5e9ec68604714840cee2984fe2bb2.jpg","type":"image\/jpeg"}],"twitter_card":"summary_large_image","twitter_misc":{"Tiempo de lectura":"1 minuto"},"schema":{"@context":"https:\/\/schema.org","@graph":[{"@type":"WebPage","@id":"https:\/\/avira-reusables.com\/es\/collection\/sin categor\u00eda\/fiambrera-avira-atlas-rcs-pp-reciclado-700ml-negro\/","url":"https:\/\/avira-reusables.com\/es\/collection\/sin categor\u00eda\/fiambrera-avira-atlas-rcs-pp-reciclado-700ml-negro\/","name":"Fiambrera Avira Atlas RCS PP reciclado 700 ml, negro - Avira","isPartOf":{"@id":"https:\/\/avira-reusables.com\/es\/#website"},"primaryImageOfPage":{"@id":"https:\/\/avira-reusables.com\/es\/collection\/sin categor\u00eda\/fiambrera-avira-atlas-rcs-pp-reciclado-700ml-negro\/#primaryimage"},"image":{"@id":"https:\/\/avira-reusables.com\/es\/collection\/sin categor\u00eda\/fiambrera-avira-atlas-rcs-pp-reciclado-700ml-negro\/#primaryimage"},"thumbnailUrl":"https:\/\/avira-reusables.com\/wp-content\/uploads\/sites\/2\/2026\/04\/P438.071__S_0__81b5e9ec68604714840cee2984fe2bb2.jpg","datePublished":"2024-01-03T00:02:07+00:00","dateModified":"2026-04-15T23:22:39+00:00","breadcrumb":{"@id":"https:\/\/avira-reusables.com\/es\/collection\/sin categor\u00eda\/fiambrera-avira-atlas-rcs-pp-reciclado-700ml-negro\/#breadcrumb"},"inLanguage":"es","potentialAction":[{"@type":"ReadAction","target":["https:\/\/avira-reusables.com\/es\/collection\/sin categor\u00eda\/fiambrera-avira-atlas-rcs-pp-reciclado-700ml-negro\/"]}]},{"@type":"ImageObject","inLanguage":"es","@id":"https:\/\/avira-reusables.com\/es\/collection\/sin categor\u00eda\/fiambrera-avira-atlas-rcs-pp-reciclado-700ml-negro\/#primaryimage","url":"https:\/\/avira-reusables.com\/wp-content\/uploads\/sites\/2\/2026\/04\/P438.071__S_0__81b5e9ec68604714840cee2984fe2bb2.jpg","contentUrl":"https:\/\/avira-reusables.com\/wp-content\/uploads\/sites\/2\/2026\/04\/P438.071__S_0__81b5e9ec68604714840cee2984fe2bb2.jpg","width":1024,"height":1024},{"@type":"BreadcrumbList","@id":"https:\/\/avira-reusables.com\/es\/collection\/sin categor\u00eda\/fiambrera-avira-atlas-rcs-pp-reciclado-700ml-negro\/#breadcrumb","itemListElement":[{"@type":"ListItem","position":1,"name":"Home","item":"https:\/\/avira-reusables.com\/es\/"},{"@type":"ListItem","position":2,"name":"Recopilaci\u00f3n","item":"https:\/\/avira-reusables.com\/es\/recopilacion\/"},{"@type":"ListItem","position":3,"name":"Fiambrera Avira Atlas RCS PP reciclado 700 ml, negro"}]},{"@type":"WebSite","@id":"https:\/\/avira-reusables.com\/es\/#website","url":"https:\/\/avira-reusables.com\/es\/","name":"Avira","description":"Made of 100% recycled materials","potentialAction":[{"@type":"SearchAction","target":{"@type":"EntryPoint","urlTemplate":"https:\/\/avira-reusables.com\/es\/?s={search_term_string}"},"query-input":{"@type":"PropertyValueSpecification","valueRequired":true,"valueName":"search_term_string"}}],"inLanguage":"es"}]}},"_links":{"self":[{"href":"https:\/\/avira-reusables.com\/es\/wp-json\/wp\/v2\/product\/8321","targetHints":{"allow":["GET"]}}],"collection":[{"href":"https:\/\/avira-reusables.com\/es\/wp-json\/wp\/v2\/product"}],"about":[{"href":"https:\/\/avira-reusables.com\/es\/wp-json\/wp\/v2\/types\/product"}],"wp:featuredmedia":[{"embeddable":true,"href":"https:\/\/avira-reusables.com\/es\/wp-json\/wp\/v2\/media\/23714"}],"wp:attachment":[{"href":"https:\/\/avira-reusables.com\/es\/wp-json\/wp\/v2\/media?parent=8321"}],"wp:term":[{"taxonomy":"product_cat","embeddable":true,"href":"https:\/\/avira-reusables.com\/es\/wp-json\/wp\/v2\/product_cat?post=8321"},{"taxonomy":"product_tag","embeddable":true,"href":"https:\/\/avira-reusables.com\/es\/wp-json\/wp\/v2\/product_tag?post=8321"}],"curies":[{"name":"wp","href":"https:\/\/api.w.org\/{rel}","templated":true}]}}