{"id":8323,"date":"2024-01-03T02:02:07","date_gmt":"2024-01-03T00:02:07","guid":{"rendered":"https:\/\/avira-reusables.com\/collection\/sin%20categor\u00eda\/botella-de-agua-avira-ara-rcs-con-tapa-de-acero-500ml-azul-marino\/"},"modified":"2026-04-16T01:22:44","modified_gmt":"2026-04-15T23:22:44","slug":"botella-de-agua-avira-ara-rcs-con-tapa-de-acero-500ml-azul-marino","status":"publish","type":"product","link":"https:\/\/avira-reusables.com\/es\/collection\/sin categor\u00eda\/botella-de-agua-avira-ara-rcs-con-tapa-de-acero-500ml-azul-marino\/","title":{"rendered":"Botella de agua Avira Ara RCS con tapa acero 500 ml, azul marino"},"content":{"rendered":"<p>La botella al vac\u00edo de acero inoxidable reciclado Ara RCS est\u00e1 dise\u00f1ada con una innovadora tapa abatible y una pajita, lo que la hace perfecta para deportes o actividades en movimiento. Su construcci\u00f3n de doble pared, hecha de acero inoxidable reciclado, mantiene el agua fr\u00eda hasta por 20 horas. Esta botella se adapta a la mayor\u00eda de los portavasos de autom\u00f3vil est\u00e1ndar, lo que te permite llevarla a donde quiera que vayas. Fabricado con materiales reciclados certificados RCS (Recycled Claim Standard), lo que garantiza una cadena de suministro de materiales reciclados totalmente certificada. Con un contenido reciclado total del 85% basado en el peso total del art\u00edculo, es ecol\u00f3gico y no contiene BPA. Con una capacidad de 500 ml y un embalaje kraft con certificaci\u00f3n FSC\u00ae, incluso puedes reutilizar la caja como soporte para tel\u00e9fono, portal\u00e1pices o maceta!. El 2% de las ganancias de cada producto Impact vendido se donar\u00e1 a Water.org.<\/p>\n","protected":false},"excerpt":{"rendered":"<p>La botella al vac\u00edo de acero inoxidable reciclado Ara RCS est\u00e1 dise\u00f1ada con una innovadora tapa abatible y una pajita, lo que la hace perfecta para deportes o actividades en movimiento. Su construcci\u00f3n de doble pared, hecha de acero inoxidable reciclado, mantiene el agua fr\u00eda hasta por 20 horas. Esta botella se adapta a la [&hellip;]<\/p>\n","protected":false},"featured_media":23728,"template":"","meta":{"_acf_changed":false},"product_cat":[],"product_tag":[],"class_list":["post-8323","product","type-product","status-publish","has-post-thumbnail","hentry"],"acf":[],"yoast_head":"<!-- This site is optimized with the Yoast SEO plugin v27.0 - https:\/\/yoast.com\/product\/yoast-seo-wordpress\/ -->\n<title>Botella de agua Avira Ara RCS con tapa acero 500 ml, azul marino - Avira<\/title>\n<meta name=\"robots\" content=\"index, follow, max-snippet:-1, max-image-preview:large, max-video-preview:-1\" \/>\n<link rel=\"canonical\" href=\"https:\/\/avira-reusables.com\/es\/collection\/sin%20categor\u00eda\/botella-de-agua-avira-ara-rcs-con-tapa-de-acero-500ml-azul-marino\/\" \/>\n<meta property=\"og:locale\" content=\"es_ES\" \/>\n<meta property=\"og:type\" content=\"article\" \/>\n<meta property=\"og:title\" content=\"Botella de agua Avira Ara RCS con tapa acero 500 ml, azul marino - Avira\" \/>\n<meta property=\"og:description\" content=\"La botella al vac\u00edo de acero inoxidable reciclado Ara RCS est\u00e1 dise\u00f1ada con una innovadora tapa abatible y una pajita, lo que la hace perfecta para deportes o actividades en movimiento. Su construcci\u00f3n de doble pared, hecha de acero inoxidable reciclado, mantiene el agua fr\u00eda hasta por 20 horas. Esta botella se adapta a la [&hellip;]\" \/>\n<meta property=\"og:url\" content=\"https:\/\/avira-reusables.com\/es\/collection\/sin categor\u00eda\/botella-de-agua-avira-ara-rcs-con-tapa-de-acero-500ml-azul-marino\/\" \/>\n<meta property=\"og:site_name\" content=\"Avira\" \/>\n<meta property=\"article:modified_time\" content=\"2026-04-15T23:22:44+00:00\" \/>\n<meta property=\"og:image\" content=\"https:\/\/avira-reusables.com\/wp-content\/uploads\/sites\/2\/2026\/04\/P438.080__S_0__4af9e1cf5b5c47b99beb780ae59fd461.jpg\" \/>\n\t<meta property=\"og:image:width\" content=\"1024\" \/>\n\t<meta property=\"og:image:height\" content=\"1024\" \/>\n\t<meta property=\"og:image:type\" content=\"image\/jpeg\" \/>\n<meta name=\"twitter:card\" content=\"summary_large_image\" \/>\n<meta name=\"twitter:label1\" content=\"Tiempo de lectura\" \/>\n\t<meta name=\"twitter:data1\" content=\"1 minuto\" \/>\n<script type=\"application\/ld+json\" class=\"yoast-schema-graph\">{\"@context\":\"https:\/\/schema.org\",\"@graph\":[{\"@type\":\"WebPage\",\"@id\":\"https:\/\/avira-reusables.com\/es\/collection\/sin categor\u00eda\/botella-de-agua-avira-ara-rcs-con-tapa-de-acero-500ml-azul-marino\/\",\"url\":\"https:\/\/avira-reusables.com\/es\/collection\/sin categor\u00eda\/botella-de-agua-avira-ara-rcs-con-tapa-de-acero-500ml-azul-marino\/\",\"name\":\"Botella de agua Avira Ara RCS con tapa acero 500 ml, azul marino - Avira\",\"isPartOf\":{\"@id\":\"https:\/\/avira-reusables.com\/es\/#website\"},\"primaryImageOfPage\":{\"@id\":\"https:\/\/avira-reusables.com\/es\/collection\/sin categor\u00eda\/botella-de-agua-avira-ara-rcs-con-tapa-de-acero-500ml-azul-marino\/#primaryimage\"},\"image\":{\"@id\":\"https:\/\/avira-reusables.com\/es\/collection\/sin categor\u00eda\/botella-de-agua-avira-ara-rcs-con-tapa-de-acero-500ml-azul-marino\/#primaryimage\"},\"thumbnailUrl\":\"https:\/\/avira-reusables.com\/wp-content\/uploads\/sites\/2\/2026\/04\/P438.080__S_0__4af9e1cf5b5c47b99beb780ae59fd461.jpg\",\"datePublished\":\"2024-01-03T00:02:07+00:00\",\"dateModified\":\"2026-04-15T23:22:44+00:00\",\"breadcrumb\":{\"@id\":\"https:\/\/avira-reusables.com\/es\/collection\/sin categor\u00eda\/botella-de-agua-avira-ara-rcs-con-tapa-de-acero-500ml-azul-marino\/#breadcrumb\"},\"inLanguage\":\"es\",\"potentialAction\":[{\"@type\":\"ReadAction\",\"target\":[\"https:\/\/avira-reusables.com\/es\/collection\/sin categor\u00eda\/botella-de-agua-avira-ara-rcs-con-tapa-de-acero-500ml-azul-marino\/\"]}]},{\"@type\":\"ImageObject\",\"inLanguage\":\"es\",\"@id\":\"https:\/\/avira-reusables.com\/es\/collection\/sin categor\u00eda\/botella-de-agua-avira-ara-rcs-con-tapa-de-acero-500ml-azul-marino\/#primaryimage\",\"url\":\"https:\/\/avira-reusables.com\/wp-content\/uploads\/sites\/2\/2026\/04\/P438.080__S_0__4af9e1cf5b5c47b99beb780ae59fd461.jpg\",\"contentUrl\":\"https:\/\/avira-reusables.com\/wp-content\/uploads\/sites\/2\/2026\/04\/P438.080__S_0__4af9e1cf5b5c47b99beb780ae59fd461.jpg\",\"width\":1024,\"height\":1024},{\"@type\":\"BreadcrumbList\",\"@id\":\"https:\/\/avira-reusables.com\/es\/collection\/sin categor\u00eda\/botella-de-agua-avira-ara-rcs-con-tapa-de-acero-500ml-azul-marino\/#breadcrumb\",\"itemListElement\":[{\"@type\":\"ListItem\",\"position\":1,\"name\":\"Home\",\"item\":\"https:\/\/avira-reusables.com\/es\/\"},{\"@type\":\"ListItem\",\"position\":2,\"name\":\"Recopilaci\u00f3n\",\"item\":\"https:\/\/avira-reusables.com\/es\/recopilacion\/\"},{\"@type\":\"ListItem\",\"position\":3,\"name\":\"Botella de agua Avira Ara RCS con tapa acero 500 ml, azul marino\"}]},{\"@type\":\"WebSite\",\"@id\":\"https:\/\/avira-reusables.com\/es\/#website\",\"url\":\"https:\/\/avira-reusables.com\/es\/\",\"name\":\"Avira\",\"description\":\"Made of 100% recycled materials\",\"potentialAction\":[{\"@type\":\"SearchAction\",\"target\":{\"@type\":\"EntryPoint\",\"urlTemplate\":\"https:\/\/avira-reusables.com\/es\/?s={search_term_string}\"},\"query-input\":{\"@type\":\"PropertyValueSpecification\",\"valueRequired\":true,\"valueName\":\"search_term_string\"}}],\"inLanguage\":\"es\"}]}<\/script>\n<!-- \/ Yoast SEO plugin. -->","yoast_head_json":{"title":"Botella de agua Avira Ara RCS con tapa acero 500 ml, azul marino - Avira","robots":{"index":"index","follow":"follow","max-snippet":"max-snippet:-1","max-image-preview":"max-image-preview:large","max-video-preview":"max-video-preview:-1"},"canonical":"https:\/\/avira-reusables.com\/es\/collection\/sin categor\u00eda\/botella-de-agua-avira-ara-rcs-con-tapa-de-acero-500ml-azul-marino\/","og_locale":"es_ES","og_type":"article","og_title":"Botella de agua Avira Ara RCS con tapa acero 500 ml, azul marino - Avira","og_description":"La botella al vac\u00edo de acero inoxidable reciclado Ara RCS est\u00e1 dise\u00f1ada con una innovadora tapa abatible y una pajita, lo que la hace perfecta para deportes o actividades en movimiento. Su construcci\u00f3n de doble pared, hecha de acero inoxidable reciclado, mantiene el agua fr\u00eda hasta por 20 horas. Esta botella se adapta a la [&hellip;]","og_url":"https:\/\/avira-reusables.com\/es\/collection\/sin categor\u00eda\/botella-de-agua-avira-ara-rcs-con-tapa-de-acero-500ml-azul-marino\/","og_site_name":"Avira","article_modified_time":"2026-04-15T23:22:44+00:00","og_image":[{"width":1024,"height":1024,"url":"https:\/\/avira-reusables.com\/wp-content\/uploads\/sites\/2\/2026\/04\/P438.080__S_0__4af9e1cf5b5c47b99beb780ae59fd461.jpg","type":"image\/jpeg"}],"twitter_card":"summary_large_image","twitter_misc":{"Tiempo de lectura":"1 minuto"},"schema":{"@context":"https:\/\/schema.org","@graph":[{"@type":"WebPage","@id":"https:\/\/avira-reusables.com\/es\/collection\/sin categor\u00eda\/botella-de-agua-avira-ara-rcs-con-tapa-de-acero-500ml-azul-marino\/","url":"https:\/\/avira-reusables.com\/es\/collection\/sin categor\u00eda\/botella-de-agua-avira-ara-rcs-con-tapa-de-acero-500ml-azul-marino\/","name":"Botella de agua Avira Ara RCS con tapa acero 500 ml, azul marino - Avira","isPartOf":{"@id":"https:\/\/avira-reusables.com\/es\/#website"},"primaryImageOfPage":{"@id":"https:\/\/avira-reusables.com\/es\/collection\/sin categor\u00eda\/botella-de-agua-avira-ara-rcs-con-tapa-de-acero-500ml-azul-marino\/#primaryimage"},"image":{"@id":"https:\/\/avira-reusables.com\/es\/collection\/sin categor\u00eda\/botella-de-agua-avira-ara-rcs-con-tapa-de-acero-500ml-azul-marino\/#primaryimage"},"thumbnailUrl":"https:\/\/avira-reusables.com\/wp-content\/uploads\/sites\/2\/2026\/04\/P438.080__S_0__4af9e1cf5b5c47b99beb780ae59fd461.jpg","datePublished":"2024-01-03T00:02:07+00:00","dateModified":"2026-04-15T23:22:44+00:00","breadcrumb":{"@id":"https:\/\/avira-reusables.com\/es\/collection\/sin categor\u00eda\/botella-de-agua-avira-ara-rcs-con-tapa-de-acero-500ml-azul-marino\/#breadcrumb"},"inLanguage":"es","potentialAction":[{"@type":"ReadAction","target":["https:\/\/avira-reusables.com\/es\/collection\/sin categor\u00eda\/botella-de-agua-avira-ara-rcs-con-tapa-de-acero-500ml-azul-marino\/"]}]},{"@type":"ImageObject","inLanguage":"es","@id":"https:\/\/avira-reusables.com\/es\/collection\/sin categor\u00eda\/botella-de-agua-avira-ara-rcs-con-tapa-de-acero-500ml-azul-marino\/#primaryimage","url":"https:\/\/avira-reusables.com\/wp-content\/uploads\/sites\/2\/2026\/04\/P438.080__S_0__4af9e1cf5b5c47b99beb780ae59fd461.jpg","contentUrl":"https:\/\/avira-reusables.com\/wp-content\/uploads\/sites\/2\/2026\/04\/P438.080__S_0__4af9e1cf5b5c47b99beb780ae59fd461.jpg","width":1024,"height":1024},{"@type":"BreadcrumbList","@id":"https:\/\/avira-reusables.com\/es\/collection\/sin categor\u00eda\/botella-de-agua-avira-ara-rcs-con-tapa-de-acero-500ml-azul-marino\/#breadcrumb","itemListElement":[{"@type":"ListItem","position":1,"name":"Home","item":"https:\/\/avira-reusables.com\/es\/"},{"@type":"ListItem","position":2,"name":"Recopilaci\u00f3n","item":"https:\/\/avira-reusables.com\/es\/recopilacion\/"},{"@type":"ListItem","position":3,"name":"Botella de agua Avira Ara RCS con tapa acero 500 ml, azul marino"}]},{"@type":"WebSite","@id":"https:\/\/avira-reusables.com\/es\/#website","url":"https:\/\/avira-reusables.com\/es\/","name":"Avira","description":"Made of 100% recycled materials","potentialAction":[{"@type":"SearchAction","target":{"@type":"EntryPoint","urlTemplate":"https:\/\/avira-reusables.com\/es\/?s={search_term_string}"},"query-input":{"@type":"PropertyValueSpecification","valueRequired":true,"valueName":"search_term_string"}}],"inLanguage":"es"}]}},"_links":{"self":[{"href":"https:\/\/avira-reusables.com\/es\/wp-json\/wp\/v2\/product\/8323","targetHints":{"allow":["GET"]}}],"collection":[{"href":"https:\/\/avira-reusables.com\/es\/wp-json\/wp\/v2\/product"}],"about":[{"href":"https:\/\/avira-reusables.com\/es\/wp-json\/wp\/v2\/types\/product"}],"wp:featuredmedia":[{"embeddable":true,"href":"https:\/\/avira-reusables.com\/es\/wp-json\/wp\/v2\/media\/23728"}],"wp:attachment":[{"href":"https:\/\/avira-reusables.com\/es\/wp-json\/wp\/v2\/media?parent=8323"}],"wp:term":[{"taxonomy":"product_cat","embeddable":true,"href":"https:\/\/avira-reusables.com\/es\/wp-json\/wp\/v2\/product_cat?post=8323"},{"taxonomy":"product_tag","embeddable":true,"href":"https:\/\/avira-reusables.com\/es\/wp-json\/wp\/v2\/product_tag?post=8323"}],"curies":[{"name":"wp","href":"https:\/\/api.w.org\/{rel}","templated":true}]}}