{"id":21865,"date":"2024-05-30T01:00:09","date_gmt":"2024-05-29T23:00:09","guid":{"rendered":"https:\/\/avira-reusables.com\/collection\/non%20class\u00e9\/bouteille-isotherme-1l-avior-en-acier-recycle-rcs-noir-ble\/"},"modified":"2026-03-12T02:10:40","modified_gmt":"2026-03-12T00:10:40","slug":"bouteille-isotherme-1l-avior-en-acier-recycle-rcs-noir-ble","status":"publish","type":"product","link":"https:\/\/avira-reusables.com\/fr\/collection\/non class\u00e9\/bouteille-isotherme-1l-avior-en-acier-recycle-rcs-noir-ble\/","title":{"rendered":"Bouteille isotherme 1L Avior en acier recycl\u00e9 RCS, bleu mari"},"content":{"rendered":"<p>Bouteille isotherme 1000 ml Avior avec double paroi en acier inoxydable recycl\u00e9 RCS. Garde vos boissons froides jusqu&rsquo;\u00e0 20 heures ou chaudes jusqu&rsquo;\u00e0 10 heures. Fabriqu\u00e9e avec des mat\u00e9riaux recycl\u00e9s certifi\u00e9s RCS (Recycled Claim Standard). La certification RCS garantit une cha\u00eene d&rsquo;approvisionnement enti\u00e8rement certifi\u00e9e pour les mat\u00e9riaux recycl\u00e9s. Contenu recycl\u00e9 total : 84% sur la base du poids total de l&rsquo;article. Sans BPA. Emballage kraft certifi\u00e9 FSC\u00ae inclus. Transformez la bo\u00eete en porte-t\u00e9l\u00e9phone, porte-crayon ou pot de fleurs ! 2% des recettes de la vente de chaque produit Impact seront revers\u00e9s \u00e0 Water.org.<\/p>\n","protected":false},"excerpt":{"rendered":"<p>Bouteille isotherme 1000 ml Avior avec double paroi en acier inoxydable recycl\u00e9 RCS. Garde vos boissons froides jusqu&rsquo;\u00e0 20 heures ou chaudes jusqu&rsquo;\u00e0 10 heures. Fabriqu\u00e9e avec des mat\u00e9riaux recycl\u00e9s certifi\u00e9s RCS (Recycled Claim Standard). La certification RCS garantit une cha\u00eene d&rsquo;approvisionnement enti\u00e8rement certifi\u00e9e pour les mat\u00e9riaux recycl\u00e9s. Contenu recycl\u00e9 total : 84% sur la [&hellip;]<\/p>\n","protected":false},"featured_media":21803,"template":"","meta":{"_acf_changed":false},"product_cat":[],"product_tag":[],"class_list":["post-21865","product","type-product","status-publish","has-post-thumbnail","hentry"],"acf":[],"yoast_head":"<!-- This site is optimized with the Yoast SEO plugin v27.0 - https:\/\/yoast.com\/product\/yoast-seo-wordpress\/ -->\n<title>Bouteille isotherme 1L Avior en acier recycl\u00e9 RCS, bleu mari - Avira<\/title>\n<meta name=\"robots\" content=\"index, follow, max-snippet:-1, max-image-preview:large, max-video-preview:-1\" \/>\n<link rel=\"canonical\" href=\"https:\/\/avira-reusables.com\/fr\/collection\/non%20class\u00e9\/bouteille-isotherme-1l-avior-en-acier-recycle-rcs-noir-ble\/\" \/>\n<meta property=\"og:locale\" content=\"fr_FR\" \/>\n<meta property=\"og:type\" content=\"article\" \/>\n<meta property=\"og:title\" content=\"Bouteille isotherme 1L Avior en acier recycl\u00e9 RCS, bleu mari - Avira\" \/>\n<meta property=\"og:description\" content=\"Bouteille isotherme 1000 ml Avior avec double paroi en acier inoxydable recycl\u00e9 RCS. Garde vos boissons froides jusqu&rsquo;\u00e0 20 heures ou chaudes jusqu&rsquo;\u00e0 10 heures. Fabriqu\u00e9e avec des mat\u00e9riaux recycl\u00e9s certifi\u00e9s RCS (Recycled Claim Standard). La certification RCS garantit une cha\u00eene d&rsquo;approvisionnement enti\u00e8rement certifi\u00e9e pour les mat\u00e9riaux recycl\u00e9s. Contenu recycl\u00e9 total : 84% sur la [&hellip;]\" \/>\n<meta property=\"og:url\" content=\"https:\/\/avira-reusables.com\/fr\/collection\/non class\u00e9\/bouteille-isotherme-1l-avior-en-acier-recycle-rcs-noir-ble\/\" \/>\n<meta property=\"og:site_name\" content=\"Avira\" \/>\n<meta property=\"article:modified_time\" content=\"2026-03-12T00:10:40+00:00\" \/>\n<meta property=\"og:image\" content=\"https:\/\/avira-reusables.com\/wp-content\/uploads\/sites\/2\/2024\/05\/P438.0125__S_0__dc40766973314f74a82b9bd6c73fb7bc.jpg\" \/>\n\t<meta property=\"og:image:width\" content=\"1024\" \/>\n\t<meta property=\"og:image:height\" content=\"1024\" \/>\n\t<meta property=\"og:image:type\" content=\"image\/jpeg\" \/>\n<meta name=\"twitter:card\" content=\"summary_large_image\" \/>\n<script type=\"application\/ld+json\" class=\"yoast-schema-graph\">{\"@context\":\"https:\/\/schema.org\",\"@graph\":[{\"@type\":\"WebPage\",\"@id\":\"https:\/\/avira-reusables.com\/fr\/collection\/non class\u00e9\/bouteille-isotherme-1l-avior-en-acier-recycle-rcs-noir-ble\/\",\"url\":\"https:\/\/avira-reusables.com\/fr\/collection\/non class\u00e9\/bouteille-isotherme-1l-avior-en-acier-recycle-rcs-noir-ble\/\",\"name\":\"Bouteille isotherme 1L Avior en acier recycl\u00e9 RCS, bleu mari - Avira\",\"isPartOf\":{\"@id\":\"https:\/\/avira-reusables.com\/fr\/#website\"},\"primaryImageOfPage\":{\"@id\":\"https:\/\/avira-reusables.com\/fr\/collection\/non class\u00e9\/bouteille-isotherme-1l-avior-en-acier-recycle-rcs-noir-ble\/#primaryimage\"},\"image\":{\"@id\":\"https:\/\/avira-reusables.com\/fr\/collection\/non class\u00e9\/bouteille-isotherme-1l-avior-en-acier-recycle-rcs-noir-ble\/#primaryimage\"},\"thumbnailUrl\":\"https:\/\/avira-reusables.com\/wp-content\/uploads\/sites\/2\/2024\/05\/P438.0125__S_0__dc40766973314f74a82b9bd6c73fb7bc.jpg\",\"datePublished\":\"2024-05-29T23:00:09+00:00\",\"dateModified\":\"2026-03-12T00:10:40+00:00\",\"breadcrumb\":{\"@id\":\"https:\/\/avira-reusables.com\/fr\/collection\/non class\u00e9\/bouteille-isotherme-1l-avior-en-acier-recycle-rcs-noir-ble\/#breadcrumb\"},\"inLanguage\":\"fr-FR\",\"potentialAction\":[{\"@type\":\"ReadAction\",\"target\":[\"https:\/\/avira-reusables.com\/fr\/collection\/non class\u00e9\/bouteille-isotherme-1l-avior-en-acier-recycle-rcs-noir-ble\/\"]}]},{\"@type\":\"ImageObject\",\"inLanguage\":\"fr-FR\",\"@id\":\"https:\/\/avira-reusables.com\/fr\/collection\/non class\u00e9\/bouteille-isotherme-1l-avior-en-acier-recycle-rcs-noir-ble\/#primaryimage\",\"url\":\"https:\/\/avira-reusables.com\/wp-content\/uploads\/sites\/2\/2024\/05\/P438.0125__S_0__dc40766973314f74a82b9bd6c73fb7bc.jpg\",\"contentUrl\":\"https:\/\/avira-reusables.com\/wp-content\/uploads\/sites\/2\/2024\/05\/P438.0125__S_0__dc40766973314f74a82b9bd6c73fb7bc.jpg\",\"width\":1024,\"height\":1024},{\"@type\":\"BreadcrumbList\",\"@id\":\"https:\/\/avira-reusables.com\/fr\/collection\/non class\u00e9\/bouteille-isotherme-1l-avior-en-acier-recycle-rcs-noir-ble\/#breadcrumb\",\"itemListElement\":[{\"@type\":\"ListItem\",\"position\":1,\"name\":\"Home\",\"item\":\"https:\/\/avira-reusables.com\/fr\/\"},{\"@type\":\"ListItem\",\"position\":2,\"name\":\"Collection\",\"item\":\"https:\/\/avira-reusables.com\/fr\/collection\/\"},{\"@type\":\"ListItem\",\"position\":3,\"name\":\"Bouteille isotherme 1L Avior en acier recycl\u00e9 RCS, bleu mari\"}]},{\"@type\":\"WebSite\",\"@id\":\"https:\/\/avira-reusables.com\/fr\/#website\",\"url\":\"https:\/\/avira-reusables.com\/fr\/\",\"name\":\"Avira\",\"description\":\"Made of 100% recycled materials\",\"potentialAction\":[{\"@type\":\"SearchAction\",\"target\":{\"@type\":\"EntryPoint\",\"urlTemplate\":\"https:\/\/avira-reusables.com\/fr\/?s={search_term_string}\"},\"query-input\":{\"@type\":\"PropertyValueSpecification\",\"valueRequired\":true,\"valueName\":\"search_term_string\"}}],\"inLanguage\":\"fr-FR\"}]}<\/script>\n<!-- \/ Yoast SEO plugin. -->","yoast_head_json":{"title":"Bouteille isotherme 1L Avior en acier recycl\u00e9 RCS, bleu mari - Avira","robots":{"index":"index","follow":"follow","max-snippet":"max-snippet:-1","max-image-preview":"max-image-preview:large","max-video-preview":"max-video-preview:-1"},"canonical":"https:\/\/avira-reusables.com\/fr\/collection\/non class\u00e9\/bouteille-isotherme-1l-avior-en-acier-recycle-rcs-noir-ble\/","og_locale":"fr_FR","og_type":"article","og_title":"Bouteille isotherme 1L Avior en acier recycl\u00e9 RCS, bleu mari - Avira","og_description":"Bouteille isotherme 1000 ml Avior avec double paroi en acier inoxydable recycl\u00e9 RCS. Garde vos boissons froides jusqu&rsquo;\u00e0 20 heures ou chaudes jusqu&rsquo;\u00e0 10 heures. Fabriqu\u00e9e avec des mat\u00e9riaux recycl\u00e9s certifi\u00e9s RCS (Recycled Claim Standard). La certification RCS garantit une cha\u00eene d&rsquo;approvisionnement enti\u00e8rement certifi\u00e9e pour les mat\u00e9riaux recycl\u00e9s. Contenu recycl\u00e9 total : 84% sur la [&hellip;]","og_url":"https:\/\/avira-reusables.com\/fr\/collection\/non class\u00e9\/bouteille-isotherme-1l-avior-en-acier-recycle-rcs-noir-ble\/","og_site_name":"Avira","article_modified_time":"2026-03-12T00:10:40+00:00","og_image":[{"width":1024,"height":1024,"url":"https:\/\/avira-reusables.com\/wp-content\/uploads\/sites\/2\/2024\/05\/P438.0125__S_0__dc40766973314f74a82b9bd6c73fb7bc.jpg","type":"image\/jpeg"}],"twitter_card":"summary_large_image","schema":{"@context":"https:\/\/schema.org","@graph":[{"@type":"WebPage","@id":"https:\/\/avira-reusables.com\/fr\/collection\/non class\u00e9\/bouteille-isotherme-1l-avior-en-acier-recycle-rcs-noir-ble\/","url":"https:\/\/avira-reusables.com\/fr\/collection\/non class\u00e9\/bouteille-isotherme-1l-avior-en-acier-recycle-rcs-noir-ble\/","name":"Bouteille isotherme 1L Avior en acier recycl\u00e9 RCS, bleu mari - Avira","isPartOf":{"@id":"https:\/\/avira-reusables.com\/fr\/#website"},"primaryImageOfPage":{"@id":"https:\/\/avira-reusables.com\/fr\/collection\/non class\u00e9\/bouteille-isotherme-1l-avior-en-acier-recycle-rcs-noir-ble\/#primaryimage"},"image":{"@id":"https:\/\/avira-reusables.com\/fr\/collection\/non class\u00e9\/bouteille-isotherme-1l-avior-en-acier-recycle-rcs-noir-ble\/#primaryimage"},"thumbnailUrl":"https:\/\/avira-reusables.com\/wp-content\/uploads\/sites\/2\/2024\/05\/P438.0125__S_0__dc40766973314f74a82b9bd6c73fb7bc.jpg","datePublished":"2024-05-29T23:00:09+00:00","dateModified":"2026-03-12T00:10:40+00:00","breadcrumb":{"@id":"https:\/\/avira-reusables.com\/fr\/collection\/non class\u00e9\/bouteille-isotherme-1l-avior-en-acier-recycle-rcs-noir-ble\/#breadcrumb"},"inLanguage":"fr-FR","potentialAction":[{"@type":"ReadAction","target":["https:\/\/avira-reusables.com\/fr\/collection\/non class\u00e9\/bouteille-isotherme-1l-avior-en-acier-recycle-rcs-noir-ble\/"]}]},{"@type":"ImageObject","inLanguage":"fr-FR","@id":"https:\/\/avira-reusables.com\/fr\/collection\/non class\u00e9\/bouteille-isotherme-1l-avior-en-acier-recycle-rcs-noir-ble\/#primaryimage","url":"https:\/\/avira-reusables.com\/wp-content\/uploads\/sites\/2\/2024\/05\/P438.0125__S_0__dc40766973314f74a82b9bd6c73fb7bc.jpg","contentUrl":"https:\/\/avira-reusables.com\/wp-content\/uploads\/sites\/2\/2024\/05\/P438.0125__S_0__dc40766973314f74a82b9bd6c73fb7bc.jpg","width":1024,"height":1024},{"@type":"BreadcrumbList","@id":"https:\/\/avira-reusables.com\/fr\/collection\/non class\u00e9\/bouteille-isotherme-1l-avior-en-acier-recycle-rcs-noir-ble\/#breadcrumb","itemListElement":[{"@type":"ListItem","position":1,"name":"Home","item":"https:\/\/avira-reusables.com\/fr\/"},{"@type":"ListItem","position":2,"name":"Collection","item":"https:\/\/avira-reusables.com\/fr\/collection\/"},{"@type":"ListItem","position":3,"name":"Bouteille isotherme 1L Avior en acier recycl\u00e9 RCS, bleu mari"}]},{"@type":"WebSite","@id":"https:\/\/avira-reusables.com\/fr\/#website","url":"https:\/\/avira-reusables.com\/fr\/","name":"Avira","description":"Made of 100% recycled materials","potentialAction":[{"@type":"SearchAction","target":{"@type":"EntryPoint","urlTemplate":"https:\/\/avira-reusables.com\/fr\/?s={search_term_string}"},"query-input":{"@type":"PropertyValueSpecification","valueRequired":true,"valueName":"search_term_string"}}],"inLanguage":"fr-FR"}]}},"_links":{"self":[{"href":"https:\/\/avira-reusables.com\/fr\/wp-json\/wp\/v2\/product\/21865","targetHints":{"allow":["GET"]}}],"collection":[{"href":"https:\/\/avira-reusables.com\/fr\/wp-json\/wp\/v2\/product"}],"about":[{"href":"https:\/\/avira-reusables.com\/fr\/wp-json\/wp\/v2\/types\/product"}],"wp:featuredmedia":[{"embeddable":true,"href":"https:\/\/avira-reusables.com\/fr\/wp-json\/wp\/v2\/media\/21803"}],"wp:attachment":[{"href":"https:\/\/avira-reusables.com\/fr\/wp-json\/wp\/v2\/media?parent=21865"}],"wp:term":[{"taxonomy":"product_cat","embeddable":true,"href":"https:\/\/avira-reusables.com\/fr\/wp-json\/wp\/v2\/product_cat?post=21865"},{"taxonomy":"product_tag","embeddable":true,"href":"https:\/\/avira-reusables.com\/fr\/wp-json\/wp\/v2\/product_tag?post=21865"}],"curies":[{"name":"wp","href":"https:\/\/api.w.org\/{rel}","templated":true}]}}