{"id":22600,"date":"2025-01-25T02:02:08","date_gmt":"2025-01-25T00:02:08","guid":{"rendered":"https:\/\/avira-reusables.com\/collection\/non%20class\u00e9\/bouteille-deau-600ml-en-acier-recycle-rcs-avira-alok-argent\/"},"modified":"2026-03-12T02:12:54","modified_gmt":"2026-03-12T00:12:54","slug":"bouteille-deau-600ml-en-acier-recycle-rcs-avira-alok-argent","status":"publish","type":"product","link":"https:\/\/avira-reusables.com\/fr\/collection\/non class\u00e9\/bouteille-deau-600ml-en-acier-recycle-rcs-avira-alok-argent\/","title":{"rendered":"Bouteille d&rsquo;eau 600ml en acier recycl\u00e9 RCS Avira Alok, argent"},"content":{"rendered":"<p>L&rsquo;Alok est une version l\u00e9g\u00e8rement plus grande de notre best-seller, con\u00e7ue pour une exp\u00e9rience de consommation transparente \u00e0 360 degr\u00e9s qui met en valeur tout l&rsquo;ar\u00f4me de votre caf\u00e9. S&rsquo;ouvrant facilement d&rsquo;une seule main, elle est id\u00e9ale pour les personnes en d\u00e9placement. Le couvercle est facile \u00e0 nettoyer et le corps est fabriqu\u00e9 \u00e0 partir d&rsquo;acier recycl\u00e9 certifi\u00e9 RCS, ce qui le rend \u00e0 la fois durable et sans BPA. D&rsquo;une capacit\u00e9 de 600 ml, il est livr\u00e9 dans un emballage kraft certifi\u00e9 FSC\u00ae qui peut \u00eatre r\u00e9utilis\u00e9 comme porte-t\u00e9l\u00e9phone, porte-crayon ou m\u00eame pot de fleurs ! Contenu recycl\u00e9 total : 77 % sur la base du poids total de l&rsquo;article. 2% des recettes de la vente de chaque produit Impact seront revers\u00e9s \u00e0 Water.org.<\/p>\n","protected":false},"excerpt":{"rendered":"<p>L&rsquo;Alok est une version l\u00e9g\u00e8rement plus grande de notre best-seller, con\u00e7ue pour une exp\u00e9rience de consommation transparente \u00e0 360 degr\u00e9s qui met en valeur tout l&rsquo;ar\u00f4me de votre caf\u00e9. S&rsquo;ouvrant facilement d&rsquo;une seule main, elle est id\u00e9ale pour les personnes en d\u00e9placement. Le couvercle est facile \u00e0 nettoyer et le corps est fabriqu\u00e9 \u00e0 partir [&hellip;]<\/p>\n","protected":false},"featured_media":22648,"template":"","meta":{"_acf_changed":false},"product_cat":[],"product_tag":[],"class_list":["post-22600","product","type-product","status-publish","has-post-thumbnail","hentry"],"acf":[],"yoast_head":"<!-- This site is optimized with the Yoast SEO plugin v27.0 - https:\/\/yoast.com\/product\/yoast-seo-wordpress\/ -->\n<title>Bouteille d&#039;eau 600ml en acier recycl\u00e9 RCS Avira Alok, argent - Avira<\/title>\n<meta name=\"robots\" content=\"index, follow, max-snippet:-1, max-image-preview:large, max-video-preview:-1\" \/>\n<link rel=\"canonical\" href=\"https:\/\/avira-reusables.com\/fr\/collection\/non%20class\u00e9\/bouteille-deau-600ml-en-acier-recycle-rcs-avira-alok-argent\/\" \/>\n<meta property=\"og:locale\" content=\"fr_FR\" \/>\n<meta property=\"og:type\" content=\"article\" \/>\n<meta property=\"og:title\" content=\"Bouteille d&#039;eau 600ml en acier recycl\u00e9 RCS Avira Alok, argent - Avira\" \/>\n<meta property=\"og:description\" content=\"L&rsquo;Alok est une version l\u00e9g\u00e8rement plus grande de notre best-seller, con\u00e7ue pour une exp\u00e9rience de consommation transparente \u00e0 360 degr\u00e9s qui met en valeur tout l&rsquo;ar\u00f4me de votre caf\u00e9. S&rsquo;ouvrant facilement d&rsquo;une seule main, elle est id\u00e9ale pour les personnes en d\u00e9placement. Le couvercle est facile \u00e0 nettoyer et le corps est fabriqu\u00e9 \u00e0 partir [&hellip;]\" \/>\n<meta property=\"og:url\" content=\"https:\/\/avira-reusables.com\/fr\/collection\/non class\u00e9\/bouteille-deau-600ml-en-acier-recycle-rcs-avira-alok-argent\/\" \/>\n<meta property=\"og:site_name\" content=\"Avira\" \/>\n<meta property=\"article:modified_time\" content=\"2026-03-12T00:12:54+00:00\" \/>\n<meta property=\"og:image\" content=\"https:\/\/avira-reusables.com\/wp-content\/uploads\/sites\/2\/2025\/01\/P438.0902__S_0__bfaa123a39174d3289631363eeddadfb.jpg\" \/>\n\t<meta property=\"og:image:width\" content=\"1024\" \/>\n\t<meta property=\"og:image:height\" content=\"1024\" \/>\n\t<meta property=\"og:image:type\" content=\"image\/jpeg\" \/>\n<meta name=\"twitter:card\" content=\"summary_large_image\" \/>\n<meta name=\"twitter:label1\" content=\"Dur\u00e9e de lecture estim\u00e9e\" \/>\n\t<meta name=\"twitter:data1\" content=\"1 minute\" \/>\n<script type=\"application\/ld+json\" class=\"yoast-schema-graph\">{\"@context\":\"https:\/\/schema.org\",\"@graph\":[{\"@type\":\"WebPage\",\"@id\":\"https:\/\/avira-reusables.com\/fr\/collection\/non class\u00e9\/bouteille-deau-600ml-en-acier-recycle-rcs-avira-alok-argent\/\",\"url\":\"https:\/\/avira-reusables.com\/fr\/collection\/non class\u00e9\/bouteille-deau-600ml-en-acier-recycle-rcs-avira-alok-argent\/\",\"name\":\"Bouteille d'eau 600ml en acier recycl\u00e9 RCS Avira Alok, argent - Avira\",\"isPartOf\":{\"@id\":\"https:\/\/avira-reusables.com\/fr\/#website\"},\"primaryImageOfPage\":{\"@id\":\"https:\/\/avira-reusables.com\/fr\/collection\/non class\u00e9\/bouteille-deau-600ml-en-acier-recycle-rcs-avira-alok-argent\/#primaryimage\"},\"image\":{\"@id\":\"https:\/\/avira-reusables.com\/fr\/collection\/non class\u00e9\/bouteille-deau-600ml-en-acier-recycle-rcs-avira-alok-argent\/#primaryimage\"},\"thumbnailUrl\":\"https:\/\/avira-reusables.com\/wp-content\/uploads\/sites\/2\/2025\/01\/P438.0902__S_0__bfaa123a39174d3289631363eeddadfb.jpg\",\"datePublished\":\"2025-01-25T00:02:08+00:00\",\"dateModified\":\"2026-03-12T00:12:54+00:00\",\"breadcrumb\":{\"@id\":\"https:\/\/avira-reusables.com\/fr\/collection\/non class\u00e9\/bouteille-deau-600ml-en-acier-recycle-rcs-avira-alok-argent\/#breadcrumb\"},\"inLanguage\":\"fr-FR\",\"potentialAction\":[{\"@type\":\"ReadAction\",\"target\":[\"https:\/\/avira-reusables.com\/fr\/collection\/non class\u00e9\/bouteille-deau-600ml-en-acier-recycle-rcs-avira-alok-argent\/\"]}]},{\"@type\":\"ImageObject\",\"inLanguage\":\"fr-FR\",\"@id\":\"https:\/\/avira-reusables.com\/fr\/collection\/non class\u00e9\/bouteille-deau-600ml-en-acier-recycle-rcs-avira-alok-argent\/#primaryimage\",\"url\":\"https:\/\/avira-reusables.com\/wp-content\/uploads\/sites\/2\/2025\/01\/P438.0902__S_0__bfaa123a39174d3289631363eeddadfb.jpg\",\"contentUrl\":\"https:\/\/avira-reusables.com\/wp-content\/uploads\/sites\/2\/2025\/01\/P438.0902__S_0__bfaa123a39174d3289631363eeddadfb.jpg\",\"width\":1024,\"height\":1024},{\"@type\":\"BreadcrumbList\",\"@id\":\"https:\/\/avira-reusables.com\/fr\/collection\/non class\u00e9\/bouteille-deau-600ml-en-acier-recycle-rcs-avira-alok-argent\/#breadcrumb\",\"itemListElement\":[{\"@type\":\"ListItem\",\"position\":1,\"name\":\"Home\",\"item\":\"https:\/\/avira-reusables.com\/fr\/\"},{\"@type\":\"ListItem\",\"position\":2,\"name\":\"Collection\",\"item\":\"https:\/\/avira-reusables.com\/fr\/collection\/\"},{\"@type\":\"ListItem\",\"position\":3,\"name\":\"Bouteille d&#8217;eau 600ml en acier recycl\u00e9 RCS Avira Alok, argent\"}]},{\"@type\":\"WebSite\",\"@id\":\"https:\/\/avira-reusables.com\/fr\/#website\",\"url\":\"https:\/\/avira-reusables.com\/fr\/\",\"name\":\"Avira\",\"description\":\"Made of 100% recycled materials\",\"potentialAction\":[{\"@type\":\"SearchAction\",\"target\":{\"@type\":\"EntryPoint\",\"urlTemplate\":\"https:\/\/avira-reusables.com\/fr\/?s={search_term_string}\"},\"query-input\":{\"@type\":\"PropertyValueSpecification\",\"valueRequired\":true,\"valueName\":\"search_term_string\"}}],\"inLanguage\":\"fr-FR\"}]}<\/script>\n<!-- \/ Yoast SEO plugin. -->","yoast_head_json":{"title":"Bouteille d'eau 600ml en acier recycl\u00e9 RCS Avira Alok, argent - Avira","robots":{"index":"index","follow":"follow","max-snippet":"max-snippet:-1","max-image-preview":"max-image-preview:large","max-video-preview":"max-video-preview:-1"},"canonical":"https:\/\/avira-reusables.com\/fr\/collection\/non class\u00e9\/bouteille-deau-600ml-en-acier-recycle-rcs-avira-alok-argent\/","og_locale":"fr_FR","og_type":"article","og_title":"Bouteille d'eau 600ml en acier recycl\u00e9 RCS Avira Alok, argent - Avira","og_description":"L&rsquo;Alok est une version l\u00e9g\u00e8rement plus grande de notre best-seller, con\u00e7ue pour une exp\u00e9rience de consommation transparente \u00e0 360 degr\u00e9s qui met en valeur tout l&rsquo;ar\u00f4me de votre caf\u00e9. S&rsquo;ouvrant facilement d&rsquo;une seule main, elle est id\u00e9ale pour les personnes en d\u00e9placement. Le couvercle est facile \u00e0 nettoyer et le corps est fabriqu\u00e9 \u00e0 partir [&hellip;]","og_url":"https:\/\/avira-reusables.com\/fr\/collection\/non class\u00e9\/bouteille-deau-600ml-en-acier-recycle-rcs-avira-alok-argent\/","og_site_name":"Avira","article_modified_time":"2026-03-12T00:12:54+00:00","og_image":[{"width":1024,"height":1024,"url":"https:\/\/avira-reusables.com\/wp-content\/uploads\/sites\/2\/2025\/01\/P438.0902__S_0__bfaa123a39174d3289631363eeddadfb.jpg","type":"image\/jpeg"}],"twitter_card":"summary_large_image","twitter_misc":{"Dur\u00e9e de lecture estim\u00e9e":"1 minute"},"schema":{"@context":"https:\/\/schema.org","@graph":[{"@type":"WebPage","@id":"https:\/\/avira-reusables.com\/fr\/collection\/non class\u00e9\/bouteille-deau-600ml-en-acier-recycle-rcs-avira-alok-argent\/","url":"https:\/\/avira-reusables.com\/fr\/collection\/non class\u00e9\/bouteille-deau-600ml-en-acier-recycle-rcs-avira-alok-argent\/","name":"Bouteille d'eau 600ml en acier recycl\u00e9 RCS Avira Alok, argent - Avira","isPartOf":{"@id":"https:\/\/avira-reusables.com\/fr\/#website"},"primaryImageOfPage":{"@id":"https:\/\/avira-reusables.com\/fr\/collection\/non class\u00e9\/bouteille-deau-600ml-en-acier-recycle-rcs-avira-alok-argent\/#primaryimage"},"image":{"@id":"https:\/\/avira-reusables.com\/fr\/collection\/non class\u00e9\/bouteille-deau-600ml-en-acier-recycle-rcs-avira-alok-argent\/#primaryimage"},"thumbnailUrl":"https:\/\/avira-reusables.com\/wp-content\/uploads\/sites\/2\/2025\/01\/P438.0902__S_0__bfaa123a39174d3289631363eeddadfb.jpg","datePublished":"2025-01-25T00:02:08+00:00","dateModified":"2026-03-12T00:12:54+00:00","breadcrumb":{"@id":"https:\/\/avira-reusables.com\/fr\/collection\/non class\u00e9\/bouteille-deau-600ml-en-acier-recycle-rcs-avira-alok-argent\/#breadcrumb"},"inLanguage":"fr-FR","potentialAction":[{"@type":"ReadAction","target":["https:\/\/avira-reusables.com\/fr\/collection\/non class\u00e9\/bouteille-deau-600ml-en-acier-recycle-rcs-avira-alok-argent\/"]}]},{"@type":"ImageObject","inLanguage":"fr-FR","@id":"https:\/\/avira-reusables.com\/fr\/collection\/non class\u00e9\/bouteille-deau-600ml-en-acier-recycle-rcs-avira-alok-argent\/#primaryimage","url":"https:\/\/avira-reusables.com\/wp-content\/uploads\/sites\/2\/2025\/01\/P438.0902__S_0__bfaa123a39174d3289631363eeddadfb.jpg","contentUrl":"https:\/\/avira-reusables.com\/wp-content\/uploads\/sites\/2\/2025\/01\/P438.0902__S_0__bfaa123a39174d3289631363eeddadfb.jpg","width":1024,"height":1024},{"@type":"BreadcrumbList","@id":"https:\/\/avira-reusables.com\/fr\/collection\/non class\u00e9\/bouteille-deau-600ml-en-acier-recycle-rcs-avira-alok-argent\/#breadcrumb","itemListElement":[{"@type":"ListItem","position":1,"name":"Home","item":"https:\/\/avira-reusables.com\/fr\/"},{"@type":"ListItem","position":2,"name":"Collection","item":"https:\/\/avira-reusables.com\/fr\/collection\/"},{"@type":"ListItem","position":3,"name":"Bouteille d&#8217;eau 600ml en acier recycl\u00e9 RCS Avira Alok, argent"}]},{"@type":"WebSite","@id":"https:\/\/avira-reusables.com\/fr\/#website","url":"https:\/\/avira-reusables.com\/fr\/","name":"Avira","description":"Made of 100% recycled materials","potentialAction":[{"@type":"SearchAction","target":{"@type":"EntryPoint","urlTemplate":"https:\/\/avira-reusables.com\/fr\/?s={search_term_string}"},"query-input":{"@type":"PropertyValueSpecification","valueRequired":true,"valueName":"search_term_string"}}],"inLanguage":"fr-FR"}]}},"_links":{"self":[{"href":"https:\/\/avira-reusables.com\/fr\/wp-json\/wp\/v2\/product\/22600","targetHints":{"allow":["GET"]}}],"collection":[{"href":"https:\/\/avira-reusables.com\/fr\/wp-json\/wp\/v2\/product"}],"about":[{"href":"https:\/\/avira-reusables.com\/fr\/wp-json\/wp\/v2\/types\/product"}],"wp:featuredmedia":[{"embeddable":true,"href":"https:\/\/avira-reusables.com\/fr\/wp-json\/wp\/v2\/media\/22648"}],"wp:attachment":[{"href":"https:\/\/avira-reusables.com\/fr\/wp-json\/wp\/v2\/media?parent=22600"}],"wp:term":[{"taxonomy":"product_cat","embeddable":true,"href":"https:\/\/avira-reusables.com\/fr\/wp-json\/wp\/v2\/product_cat?post=22600"},{"taxonomy":"product_tag","embeddable":true,"href":"https:\/\/avira-reusables.com\/fr\/wp-json\/wp\/v2\/product_tag?post=22600"}],"curies":[{"name":"wp","href":"https:\/\/api.w.org\/{rel}","templated":true}]}}