{"id":22606,"date":"2025-01-25T02:02:08","date_gmt":"2025-01-25T00:02:08","guid":{"rendered":"https:\/\/avira-reusables.com\/collection\/non%20class\u00e9\/mug-400ml-en-acier-recycle-rcs-avira-alix-bleu-marine\/"},"modified":"2026-03-12T02:13:10","modified_gmt":"2026-03-12T00:13:10","slug":"mug-400ml-en-acier-recycle-rcs-avira-alix-bleu-marine","status":"publish","type":"product","link":"https:\/\/avira-reusables.com\/fr\/collection\/non class\u00e9\/mug-400ml-en-acier-recycle-rcs-avira-alix-bleu-marine\/","title":{"rendered":"Mug 400ml en acier recycl\u00e9 RCS Avira Alix, bleu marine"},"content":{"rendered":"<p>Voici l&rsquo;Alix, le compagnon de caf\u00e9 par excellence, con\u00e7u pour ceux qui m\u00e8nent une vie active. Avec une ouverture d&rsquo;un seul clic et d&rsquo;une seule main, elle est con\u00e7ue pour des gorg\u00e9es rapides, ce qui la rend parfaite pour le trajet du matin ou le trajet quotidien. Le couvercle \u00e9l\u00e9gant et facile \u00e0 nettoyer compl\u00e8te son corps, fabriqu\u00e9 \u00e0 partir d&rsquo;acier recycl\u00e9 certifi\u00e9 RCS de premi\u00e8re qualit\u00e9, alliant durabilit\u00e9 et style. Avec ses 400ml, c&rsquo;est la taille id\u00e9ale pour vos boissons chaudes pr\u00e9f\u00e9r\u00e9es. Emball\u00e9e dans du papier kraft \u00e9cologique certifi\u00e9 FSC\u00ae, la bo\u00eete est bien plus qu&rsquo;un simple emballage : elle se transforme en support chic pour t\u00e9l\u00e9phone, en porte-crayons ou m\u00eame en mini-pot de fleurs. Contenu recycl\u00e9 total : 64%, sur la base du poids total de l&rsquo;article. 2% des recettes de la vente de chaque produit Impact seront revers\u00e9s \u00e0 Water.org.<\/p>\n","protected":false},"excerpt":{"rendered":"<p>Voici l&rsquo;Alix, le compagnon de caf\u00e9 par excellence, con\u00e7u pour ceux qui m\u00e8nent une vie active. Avec une ouverture d&rsquo;un seul clic et d&rsquo;une seule main, elle est con\u00e7ue pour des gorg\u00e9es rapides, ce qui la rend parfaite pour le trajet du matin ou le trajet quotidien. Le couvercle \u00e9l\u00e9gant et facile \u00e0 nettoyer compl\u00e8te [&hellip;]<\/p>\n","protected":false},"featured_media":22690,"template":"","meta":{"_acf_changed":false},"product_cat":[],"product_tag":[],"class_list":["post-22606","product","type-product","status-publish","has-post-thumbnail","hentry"],"acf":[],"yoast_head":"<!-- This site is optimized with the Yoast SEO plugin v27.0 - https:\/\/yoast.com\/product\/yoast-seo-wordpress\/ -->\n<title>Mug 400ml en acier recycl\u00e9 RCS Avira Alix, bleu marine - Avira<\/title>\n<meta name=\"robots\" content=\"index, follow, max-snippet:-1, max-image-preview:large, max-video-preview:-1\" \/>\n<link rel=\"canonical\" href=\"https:\/\/avira-reusables.com\/fr\/collection\/non%20class\u00e9\/mug-400ml-en-acier-recycle-rcs-avira-alix-bleu-marine\/\" \/>\n<meta property=\"og:locale\" content=\"fr_FR\" \/>\n<meta property=\"og:type\" content=\"article\" \/>\n<meta property=\"og:title\" content=\"Mug 400ml en acier recycl\u00e9 RCS Avira Alix, bleu marine - Avira\" \/>\n<meta property=\"og:description\" content=\"Voici l&rsquo;Alix, le compagnon de caf\u00e9 par excellence, con\u00e7u pour ceux qui m\u00e8nent une vie active. Avec une ouverture d&rsquo;un seul clic et d&rsquo;une seule main, elle est con\u00e7ue pour des gorg\u00e9es rapides, ce qui la rend parfaite pour le trajet du matin ou le trajet quotidien. Le couvercle \u00e9l\u00e9gant et facile \u00e0 nettoyer compl\u00e8te [&hellip;]\" \/>\n<meta property=\"og:url\" content=\"https:\/\/avira-reusables.com\/fr\/collection\/non class\u00e9\/mug-400ml-en-acier-recycle-rcs-avira-alix-bleu-marine\/\" \/>\n<meta property=\"og:site_name\" content=\"Avira\" \/>\n<meta property=\"article:modified_time\" content=\"2026-03-12T00:13:10+00:00\" \/>\n<meta property=\"og:image\" content=\"https:\/\/avira-reusables.com\/wp-content\/uploads\/sites\/2\/2025\/01\/P438.1025__S_0__a0b874616b0c492a9d7f227892b1cb57.jpg\" \/>\n\t<meta property=\"og:image:width\" content=\"1024\" \/>\n\t<meta property=\"og:image:height\" content=\"1024\" \/>\n\t<meta property=\"og:image:type\" content=\"image\/jpeg\" \/>\n<meta name=\"twitter:card\" content=\"summary_large_image\" \/>\n<meta name=\"twitter:label1\" content=\"Dur\u00e9e de lecture estim\u00e9e\" \/>\n\t<meta name=\"twitter:data1\" content=\"1 minute\" \/>\n<script type=\"application\/ld+json\" class=\"yoast-schema-graph\">{\"@context\":\"https:\/\/schema.org\",\"@graph\":[{\"@type\":\"WebPage\",\"@id\":\"https:\/\/avira-reusables.com\/fr\/collection\/non class\u00e9\/mug-400ml-en-acier-recycle-rcs-avira-alix-bleu-marine\/\",\"url\":\"https:\/\/avira-reusables.com\/fr\/collection\/non class\u00e9\/mug-400ml-en-acier-recycle-rcs-avira-alix-bleu-marine\/\",\"name\":\"Mug 400ml en acier recycl\u00e9 RCS Avira Alix, bleu marine - Avira\",\"isPartOf\":{\"@id\":\"https:\/\/avira-reusables.com\/fr\/#website\"},\"primaryImageOfPage\":{\"@id\":\"https:\/\/avira-reusables.com\/fr\/collection\/non class\u00e9\/mug-400ml-en-acier-recycle-rcs-avira-alix-bleu-marine\/#primaryimage\"},\"image\":{\"@id\":\"https:\/\/avira-reusables.com\/fr\/collection\/non class\u00e9\/mug-400ml-en-acier-recycle-rcs-avira-alix-bleu-marine\/#primaryimage\"},\"thumbnailUrl\":\"https:\/\/avira-reusables.com\/wp-content\/uploads\/sites\/2\/2025\/01\/P438.1025__S_0__a0b874616b0c492a9d7f227892b1cb57.jpg\",\"datePublished\":\"2025-01-25T00:02:08+00:00\",\"dateModified\":\"2026-03-12T00:13:10+00:00\",\"breadcrumb\":{\"@id\":\"https:\/\/avira-reusables.com\/fr\/collection\/non class\u00e9\/mug-400ml-en-acier-recycle-rcs-avira-alix-bleu-marine\/#breadcrumb\"},\"inLanguage\":\"fr-FR\",\"potentialAction\":[{\"@type\":\"ReadAction\",\"target\":[\"https:\/\/avira-reusables.com\/fr\/collection\/non class\u00e9\/mug-400ml-en-acier-recycle-rcs-avira-alix-bleu-marine\/\"]}]},{\"@type\":\"ImageObject\",\"inLanguage\":\"fr-FR\",\"@id\":\"https:\/\/avira-reusables.com\/fr\/collection\/non class\u00e9\/mug-400ml-en-acier-recycle-rcs-avira-alix-bleu-marine\/#primaryimage\",\"url\":\"https:\/\/avira-reusables.com\/wp-content\/uploads\/sites\/2\/2025\/01\/P438.1025__S_0__a0b874616b0c492a9d7f227892b1cb57.jpg\",\"contentUrl\":\"https:\/\/avira-reusables.com\/wp-content\/uploads\/sites\/2\/2025\/01\/P438.1025__S_0__a0b874616b0c492a9d7f227892b1cb57.jpg\",\"width\":1024,\"height\":1024},{\"@type\":\"BreadcrumbList\",\"@id\":\"https:\/\/avira-reusables.com\/fr\/collection\/non class\u00e9\/mug-400ml-en-acier-recycle-rcs-avira-alix-bleu-marine\/#breadcrumb\",\"itemListElement\":[{\"@type\":\"ListItem\",\"position\":1,\"name\":\"Home\",\"item\":\"https:\/\/avira-reusables.com\/fr\/\"},{\"@type\":\"ListItem\",\"position\":2,\"name\":\"Collection\",\"item\":\"https:\/\/avira-reusables.com\/fr\/collection\/\"},{\"@type\":\"ListItem\",\"position\":3,\"name\":\"Mug 400ml en acier recycl\u00e9 RCS Avira Alix, bleu marine\"}]},{\"@type\":\"WebSite\",\"@id\":\"https:\/\/avira-reusables.com\/fr\/#website\",\"url\":\"https:\/\/avira-reusables.com\/fr\/\",\"name\":\"Avira\",\"description\":\"Made of 100% recycled materials\",\"potentialAction\":[{\"@type\":\"SearchAction\",\"target\":{\"@type\":\"EntryPoint\",\"urlTemplate\":\"https:\/\/avira-reusables.com\/fr\/?s={search_term_string}\"},\"query-input\":{\"@type\":\"PropertyValueSpecification\",\"valueRequired\":true,\"valueName\":\"search_term_string\"}}],\"inLanguage\":\"fr-FR\"}]}<\/script>\n<!-- \/ Yoast SEO plugin. -->","yoast_head_json":{"title":"Mug 400ml en acier recycl\u00e9 RCS Avira Alix, bleu marine - Avira","robots":{"index":"index","follow":"follow","max-snippet":"max-snippet:-1","max-image-preview":"max-image-preview:large","max-video-preview":"max-video-preview:-1"},"canonical":"https:\/\/avira-reusables.com\/fr\/collection\/non class\u00e9\/mug-400ml-en-acier-recycle-rcs-avira-alix-bleu-marine\/","og_locale":"fr_FR","og_type":"article","og_title":"Mug 400ml en acier recycl\u00e9 RCS Avira Alix, bleu marine - Avira","og_description":"Voici l&rsquo;Alix, le compagnon de caf\u00e9 par excellence, con\u00e7u pour ceux qui m\u00e8nent une vie active. Avec une ouverture d&rsquo;un seul clic et d&rsquo;une seule main, elle est con\u00e7ue pour des gorg\u00e9es rapides, ce qui la rend parfaite pour le trajet du matin ou le trajet quotidien. Le couvercle \u00e9l\u00e9gant et facile \u00e0 nettoyer compl\u00e8te [&hellip;]","og_url":"https:\/\/avira-reusables.com\/fr\/collection\/non class\u00e9\/mug-400ml-en-acier-recycle-rcs-avira-alix-bleu-marine\/","og_site_name":"Avira","article_modified_time":"2026-03-12T00:13:10+00:00","og_image":[{"width":1024,"height":1024,"url":"https:\/\/avira-reusables.com\/wp-content\/uploads\/sites\/2\/2025\/01\/P438.1025__S_0__a0b874616b0c492a9d7f227892b1cb57.jpg","type":"image\/jpeg"}],"twitter_card":"summary_large_image","twitter_misc":{"Dur\u00e9e de lecture estim\u00e9e":"1 minute"},"schema":{"@context":"https:\/\/schema.org","@graph":[{"@type":"WebPage","@id":"https:\/\/avira-reusables.com\/fr\/collection\/non class\u00e9\/mug-400ml-en-acier-recycle-rcs-avira-alix-bleu-marine\/","url":"https:\/\/avira-reusables.com\/fr\/collection\/non class\u00e9\/mug-400ml-en-acier-recycle-rcs-avira-alix-bleu-marine\/","name":"Mug 400ml en acier recycl\u00e9 RCS Avira Alix, bleu marine - Avira","isPartOf":{"@id":"https:\/\/avira-reusables.com\/fr\/#website"},"primaryImageOfPage":{"@id":"https:\/\/avira-reusables.com\/fr\/collection\/non class\u00e9\/mug-400ml-en-acier-recycle-rcs-avira-alix-bleu-marine\/#primaryimage"},"image":{"@id":"https:\/\/avira-reusables.com\/fr\/collection\/non class\u00e9\/mug-400ml-en-acier-recycle-rcs-avira-alix-bleu-marine\/#primaryimage"},"thumbnailUrl":"https:\/\/avira-reusables.com\/wp-content\/uploads\/sites\/2\/2025\/01\/P438.1025__S_0__a0b874616b0c492a9d7f227892b1cb57.jpg","datePublished":"2025-01-25T00:02:08+00:00","dateModified":"2026-03-12T00:13:10+00:00","breadcrumb":{"@id":"https:\/\/avira-reusables.com\/fr\/collection\/non class\u00e9\/mug-400ml-en-acier-recycle-rcs-avira-alix-bleu-marine\/#breadcrumb"},"inLanguage":"fr-FR","potentialAction":[{"@type":"ReadAction","target":["https:\/\/avira-reusables.com\/fr\/collection\/non class\u00e9\/mug-400ml-en-acier-recycle-rcs-avira-alix-bleu-marine\/"]}]},{"@type":"ImageObject","inLanguage":"fr-FR","@id":"https:\/\/avira-reusables.com\/fr\/collection\/non class\u00e9\/mug-400ml-en-acier-recycle-rcs-avira-alix-bleu-marine\/#primaryimage","url":"https:\/\/avira-reusables.com\/wp-content\/uploads\/sites\/2\/2025\/01\/P438.1025__S_0__a0b874616b0c492a9d7f227892b1cb57.jpg","contentUrl":"https:\/\/avira-reusables.com\/wp-content\/uploads\/sites\/2\/2025\/01\/P438.1025__S_0__a0b874616b0c492a9d7f227892b1cb57.jpg","width":1024,"height":1024},{"@type":"BreadcrumbList","@id":"https:\/\/avira-reusables.com\/fr\/collection\/non class\u00e9\/mug-400ml-en-acier-recycle-rcs-avira-alix-bleu-marine\/#breadcrumb","itemListElement":[{"@type":"ListItem","position":1,"name":"Home","item":"https:\/\/avira-reusables.com\/fr\/"},{"@type":"ListItem","position":2,"name":"Collection","item":"https:\/\/avira-reusables.com\/fr\/collection\/"},{"@type":"ListItem","position":3,"name":"Mug 400ml en acier recycl\u00e9 RCS Avira Alix, bleu marine"}]},{"@type":"WebSite","@id":"https:\/\/avira-reusables.com\/fr\/#website","url":"https:\/\/avira-reusables.com\/fr\/","name":"Avira","description":"Made of 100% recycled materials","potentialAction":[{"@type":"SearchAction","target":{"@type":"EntryPoint","urlTemplate":"https:\/\/avira-reusables.com\/fr\/?s={search_term_string}"},"query-input":{"@type":"PropertyValueSpecification","valueRequired":true,"valueName":"search_term_string"}}],"inLanguage":"fr-FR"}]}},"_links":{"self":[{"href":"https:\/\/avira-reusables.com\/fr\/wp-json\/wp\/v2\/product\/22606","targetHints":{"allow":["GET"]}}],"collection":[{"href":"https:\/\/avira-reusables.com\/fr\/wp-json\/wp\/v2\/product"}],"about":[{"href":"https:\/\/avira-reusables.com\/fr\/wp-json\/wp\/v2\/types\/product"}],"wp:featuredmedia":[{"embeddable":true,"href":"https:\/\/avira-reusables.com\/fr\/wp-json\/wp\/v2\/media\/22690"}],"wp:attachment":[{"href":"https:\/\/avira-reusables.com\/fr\/wp-json\/wp\/v2\/media?parent=22606"}],"wp:term":[{"taxonomy":"product_cat","embeddable":true,"href":"https:\/\/avira-reusables.com\/fr\/wp-json\/wp\/v2\/product_cat?post=22606"},{"taxonomy":"product_tag","embeddable":true,"href":"https:\/\/avira-reusables.com\/fr\/wp-json\/wp\/v2\/product_tag?post=22606"}],"curies":[{"name":"wp","href":"https:\/\/api.w.org\/{rel}","templated":true}]}}