{"id":23397,"date":"2026-01-01T02:02:21","date_gmt":"2026-01-01T00:02:21","guid":{"rendered":"https:\/\/avira-reusables.com\/collection\/non%20class\u00e9\/mug-en-acier-rcs-avec-bandouliere-avira-ayala-argent\/"},"modified":"2026-04-29T01:10:38","modified_gmt":"2026-04-28T23:10:38","slug":"mug-en-acier-rcs-avec-bandouliere-avira-ayala-argent","status":"publish","type":"product","link":"https:\/\/avira-reusables.com\/fr\/collection\/products\/mug-en-acier-rcs-avec-bandouliere-avira-ayala-argent\/","title":{"rendered":"Mug en acier RCS avec bandouli\u00e8re Avira Ayala, argent"},"content":{"rendered":"<p>D\u00e9couvrez l&rsquo;Ayala, votre partenaire d&rsquo;hydratation polyvalent, con\u00e7u pour la vie urbaine et au-del\u00e0. Son syst\u00e8me de verrouillage intelligent, sa poign\u00e9e de transport et sa lani\u00e8re amovible vous permettent de le porter en bandouli\u00e8re pour vous d\u00e9placer les mains libres ou de le glisser facilement sur votre \u00e9paule. Avec sa contenance de 600 ml, il est parfaitement dimensionn\u00e9 pour vous permettre de vous rafra\u00eechir tout au long de la journ\u00e9e. Fabriqu\u00e9 \u00e0 partir d&rsquo;acier recycl\u00e9 certifi\u00e9 RCS et dot\u00e9 d&rsquo;une base silencieuse en silicone, il allie durabilit\u00e9 et conception r\u00e9fl\u00e9chie qui minimise l&rsquo;impact . Emball\u00e9 dans du papier kraft \u00e9cologique certifi\u00e9 FSC\u00ae, le carton est plus qu&rsquo;un simple emballage : il est con\u00e7u pour \u00eatre r\u00e9utilis\u00e9 comme accessoire de bureau. Teneur totale en mat\u00e9riaux recycl\u00e9s : 58 %, sur la base du poids total de l&rsquo;article. Et pour chaque produit Impact vendu, 2 % des b\u00e9n\u00e9fices sont revers\u00e9s \u00e0 Water.org, qui aide \u00e0 fournir de l&rsquo;eau potable \u00e0 ceux qui en ont le plus besoin.<\/p>\n","protected":false},"excerpt":{"rendered":"<p>D\u00e9couvrez l&rsquo;Ayala, votre partenaire d&rsquo;hydratation polyvalent, con\u00e7u pour la vie urbaine et au-del\u00e0. Son syst\u00e8me de verrouillage intelligent, sa poign\u00e9e de transport et sa lani\u00e8re amovible vous permettent de le porter en bandouli\u00e8re pour vous d\u00e9placer les mains libres ou de le glisser facilement sur votre \u00e9paule. Avec sa contenance de 600 ml, il est [&hellip;]<\/p>\n","protected":false},"featured_media":23823,"template":"","meta":{"_acf_changed":false},"product_cat":[28],"product_tag":[],"class_list":["post-23397","product","type-product","status-publish","has-post-thumbnail","hentry","product_cat-products"],"acf":[],"yoast_head":"<!-- This site is optimized with the Yoast SEO plugin v27.0 - https:\/\/yoast.com\/product\/yoast-seo-wordpress\/ -->\n<title>Mug en acier RCS avec bandouli\u00e8re Avira Ayala, argent - Avira<\/title>\n<meta name=\"robots\" content=\"index, follow, max-snippet:-1, max-image-preview:large, max-video-preview:-1\" \/>\n<link rel=\"canonical\" href=\"https:\/\/avira-reusables.com\/fr\/collection\/products\/mug-en-acier-rcs-avec-bandouliere-avira-ayala-argent\/\" \/>\n<meta property=\"og:locale\" content=\"fr_FR\" \/>\n<meta property=\"og:type\" content=\"article\" \/>\n<meta property=\"og:title\" content=\"Mug en acier RCS avec bandouli\u00e8re Avira Ayala, argent - Avira\" \/>\n<meta property=\"og:description\" content=\"D\u00e9couvrez l&rsquo;Ayala, votre partenaire d&rsquo;hydratation polyvalent, con\u00e7u pour la vie urbaine et au-del\u00e0. Son syst\u00e8me de verrouillage intelligent, sa poign\u00e9e de transport et sa lani\u00e8re amovible vous permettent de le porter en bandouli\u00e8re pour vous d\u00e9placer les mains libres ou de le glisser facilement sur votre \u00e9paule. Avec sa contenance de 600 ml, il est [&hellip;]\" \/>\n<meta property=\"og:url\" content=\"https:\/\/avira-reusables.com\/fr\/collection\/products\/mug-en-acier-rcs-avec-bandouliere-avira-ayala-argent\/\" \/>\n<meta property=\"og:site_name\" content=\"Avira\" \/>\n<meta property=\"article:modified_time\" content=\"2026-04-28T23:10:38+00:00\" \/>\n<meta property=\"og:image\" content=\"https:\/\/avira-reusables.com\/wp-content\/uploads\/sites\/2\/2026\/04\/P438.1102__S_0__a6037fb3f316413fbe20f46e5a2d4c70.jpg\" \/>\n\t<meta property=\"og:image:width\" content=\"1024\" \/>\n\t<meta property=\"og:image:height\" content=\"1024\" \/>\n\t<meta property=\"og:image:type\" content=\"image\/jpeg\" \/>\n<meta name=\"twitter:card\" content=\"summary_large_image\" \/>\n<meta name=\"twitter:label1\" content=\"Dur\u00e9e de lecture estim\u00e9e\" \/>\n\t<meta name=\"twitter:data1\" content=\"1 minute\" \/>\n<script type=\"application\/ld+json\" class=\"yoast-schema-graph\">{\"@context\":\"https:\/\/schema.org\",\"@graph\":[{\"@type\":\"WebPage\",\"@id\":\"https:\/\/avira-reusables.com\/fr\/collection\/products\/mug-en-acier-rcs-avec-bandouliere-avira-ayala-argent\/\",\"url\":\"https:\/\/avira-reusables.com\/fr\/collection\/products\/mug-en-acier-rcs-avec-bandouliere-avira-ayala-argent\/\",\"name\":\"Mug en acier RCS avec bandouli\u00e8re Avira Ayala, argent - Avira\",\"isPartOf\":{\"@id\":\"https:\/\/avira-reusables.com\/fr\/#website\"},\"primaryImageOfPage\":{\"@id\":\"https:\/\/avira-reusables.com\/fr\/collection\/products\/mug-en-acier-rcs-avec-bandouliere-avira-ayala-argent\/#primaryimage\"},\"image\":{\"@id\":\"https:\/\/avira-reusables.com\/fr\/collection\/products\/mug-en-acier-rcs-avec-bandouliere-avira-ayala-argent\/#primaryimage\"},\"thumbnailUrl\":\"https:\/\/avira-reusables.com\/wp-content\/uploads\/sites\/2\/2026\/04\/P438.1102__S_0__a6037fb3f316413fbe20f46e5a2d4c70.jpg\",\"datePublished\":\"2026-01-01T00:02:21+00:00\",\"dateModified\":\"2026-04-28T23:10:38+00:00\",\"breadcrumb\":{\"@id\":\"https:\/\/avira-reusables.com\/fr\/collection\/products\/mug-en-acier-rcs-avec-bandouliere-avira-ayala-argent\/#breadcrumb\"},\"inLanguage\":\"fr-FR\",\"potentialAction\":[{\"@type\":\"ReadAction\",\"target\":[\"https:\/\/avira-reusables.com\/fr\/collection\/products\/mug-en-acier-rcs-avec-bandouliere-avira-ayala-argent\/\"]}]},{\"@type\":\"ImageObject\",\"inLanguage\":\"fr-FR\",\"@id\":\"https:\/\/avira-reusables.com\/fr\/collection\/products\/mug-en-acier-rcs-avec-bandouliere-avira-ayala-argent\/#primaryimage\",\"url\":\"https:\/\/avira-reusables.com\/wp-content\/uploads\/sites\/2\/2026\/04\/P438.1102__S_0__a6037fb3f316413fbe20f46e5a2d4c70.jpg\",\"contentUrl\":\"https:\/\/avira-reusables.com\/wp-content\/uploads\/sites\/2\/2026\/04\/P438.1102__S_0__a6037fb3f316413fbe20f46e5a2d4c70.jpg\",\"width\":1024,\"height\":1024},{\"@type\":\"BreadcrumbList\",\"@id\":\"https:\/\/avira-reusables.com\/fr\/collection\/products\/mug-en-acier-rcs-avec-bandouliere-avira-ayala-argent\/#breadcrumb\",\"itemListElement\":[{\"@type\":\"ListItem\",\"position\":1,\"name\":\"Home\",\"item\":\"https:\/\/avira-reusables.com\/fr\/\"},{\"@type\":\"ListItem\",\"position\":2,\"name\":\"Collection\",\"item\":\"https:\/\/avira-reusables.com\/fr\/collection\/\"},{\"@type\":\"ListItem\",\"position\":3,\"name\":\"Mug en acier RCS avec bandouli\u00e8re Avira Ayala, argent\"}]},{\"@type\":\"WebSite\",\"@id\":\"https:\/\/avira-reusables.com\/fr\/#website\",\"url\":\"https:\/\/avira-reusables.com\/fr\/\",\"name\":\"Avira\",\"description\":\"Made of 100% recycled materials\",\"potentialAction\":[{\"@type\":\"SearchAction\",\"target\":{\"@type\":\"EntryPoint\",\"urlTemplate\":\"https:\/\/avira-reusables.com\/fr\/?s={search_term_string}\"},\"query-input\":{\"@type\":\"PropertyValueSpecification\",\"valueRequired\":true,\"valueName\":\"search_term_string\"}}],\"inLanguage\":\"fr-FR\"}]}<\/script>\n<!-- \/ Yoast SEO plugin. -->","yoast_head_json":{"title":"Mug en acier RCS avec bandouli\u00e8re Avira Ayala, argent - Avira","robots":{"index":"index","follow":"follow","max-snippet":"max-snippet:-1","max-image-preview":"max-image-preview:large","max-video-preview":"max-video-preview:-1"},"canonical":"https:\/\/avira-reusables.com\/fr\/collection\/products\/mug-en-acier-rcs-avec-bandouliere-avira-ayala-argent\/","og_locale":"fr_FR","og_type":"article","og_title":"Mug en acier RCS avec bandouli\u00e8re Avira Ayala, argent - Avira","og_description":"D\u00e9couvrez l&rsquo;Ayala, votre partenaire d&rsquo;hydratation polyvalent, con\u00e7u pour la vie urbaine et au-del\u00e0. Son syst\u00e8me de verrouillage intelligent, sa poign\u00e9e de transport et sa lani\u00e8re amovible vous permettent de le porter en bandouli\u00e8re pour vous d\u00e9placer les mains libres ou de le glisser facilement sur votre \u00e9paule. Avec sa contenance de 600 ml, il est [&hellip;]","og_url":"https:\/\/avira-reusables.com\/fr\/collection\/products\/mug-en-acier-rcs-avec-bandouliere-avira-ayala-argent\/","og_site_name":"Avira","article_modified_time":"2026-04-28T23:10:38+00:00","og_image":[{"width":1024,"height":1024,"url":"https:\/\/avira-reusables.com\/wp-content\/uploads\/sites\/2\/2026\/04\/P438.1102__S_0__a6037fb3f316413fbe20f46e5a2d4c70.jpg","type":"image\/jpeg"}],"twitter_card":"summary_large_image","twitter_misc":{"Dur\u00e9e de lecture estim\u00e9e":"1 minute"},"schema":{"@context":"https:\/\/schema.org","@graph":[{"@type":"WebPage","@id":"https:\/\/avira-reusables.com\/fr\/collection\/products\/mug-en-acier-rcs-avec-bandouliere-avira-ayala-argent\/","url":"https:\/\/avira-reusables.com\/fr\/collection\/products\/mug-en-acier-rcs-avec-bandouliere-avira-ayala-argent\/","name":"Mug en acier RCS avec bandouli\u00e8re Avira Ayala, argent - Avira","isPartOf":{"@id":"https:\/\/avira-reusables.com\/fr\/#website"},"primaryImageOfPage":{"@id":"https:\/\/avira-reusables.com\/fr\/collection\/products\/mug-en-acier-rcs-avec-bandouliere-avira-ayala-argent\/#primaryimage"},"image":{"@id":"https:\/\/avira-reusables.com\/fr\/collection\/products\/mug-en-acier-rcs-avec-bandouliere-avira-ayala-argent\/#primaryimage"},"thumbnailUrl":"https:\/\/avira-reusables.com\/wp-content\/uploads\/sites\/2\/2026\/04\/P438.1102__S_0__a6037fb3f316413fbe20f46e5a2d4c70.jpg","datePublished":"2026-01-01T00:02:21+00:00","dateModified":"2026-04-28T23:10:38+00:00","breadcrumb":{"@id":"https:\/\/avira-reusables.com\/fr\/collection\/products\/mug-en-acier-rcs-avec-bandouliere-avira-ayala-argent\/#breadcrumb"},"inLanguage":"fr-FR","potentialAction":[{"@type":"ReadAction","target":["https:\/\/avira-reusables.com\/fr\/collection\/products\/mug-en-acier-rcs-avec-bandouliere-avira-ayala-argent\/"]}]},{"@type":"ImageObject","inLanguage":"fr-FR","@id":"https:\/\/avira-reusables.com\/fr\/collection\/products\/mug-en-acier-rcs-avec-bandouliere-avira-ayala-argent\/#primaryimage","url":"https:\/\/avira-reusables.com\/wp-content\/uploads\/sites\/2\/2026\/04\/P438.1102__S_0__a6037fb3f316413fbe20f46e5a2d4c70.jpg","contentUrl":"https:\/\/avira-reusables.com\/wp-content\/uploads\/sites\/2\/2026\/04\/P438.1102__S_0__a6037fb3f316413fbe20f46e5a2d4c70.jpg","width":1024,"height":1024},{"@type":"BreadcrumbList","@id":"https:\/\/avira-reusables.com\/fr\/collection\/products\/mug-en-acier-rcs-avec-bandouliere-avira-ayala-argent\/#breadcrumb","itemListElement":[{"@type":"ListItem","position":1,"name":"Home","item":"https:\/\/avira-reusables.com\/fr\/"},{"@type":"ListItem","position":2,"name":"Collection","item":"https:\/\/avira-reusables.com\/fr\/collection\/"},{"@type":"ListItem","position":3,"name":"Mug en acier RCS avec bandouli\u00e8re Avira Ayala, argent"}]},{"@type":"WebSite","@id":"https:\/\/avira-reusables.com\/fr\/#website","url":"https:\/\/avira-reusables.com\/fr\/","name":"Avira","description":"Made of 100% recycled materials","potentialAction":[{"@type":"SearchAction","target":{"@type":"EntryPoint","urlTemplate":"https:\/\/avira-reusables.com\/fr\/?s={search_term_string}"},"query-input":{"@type":"PropertyValueSpecification","valueRequired":true,"valueName":"search_term_string"}}],"inLanguage":"fr-FR"}]}},"_links":{"self":[{"href":"https:\/\/avira-reusables.com\/fr\/wp-json\/wp\/v2\/product\/23397","targetHints":{"allow":["GET"]}}],"collection":[{"href":"https:\/\/avira-reusables.com\/fr\/wp-json\/wp\/v2\/product"}],"about":[{"href":"https:\/\/avira-reusables.com\/fr\/wp-json\/wp\/v2\/types\/product"}],"wp:featuredmedia":[{"embeddable":true,"href":"https:\/\/avira-reusables.com\/fr\/wp-json\/wp\/v2\/media\/23823"}],"wp:attachment":[{"href":"https:\/\/avira-reusables.com\/fr\/wp-json\/wp\/v2\/media?parent=23397"}],"wp:term":[{"taxonomy":"product_cat","embeddable":true,"href":"https:\/\/avira-reusables.com\/fr\/wp-json\/wp\/v2\/product_cat?post=23397"},{"taxonomy":"product_tag","embeddable":true,"href":"https:\/\/avira-reusables.com\/fr\/wp-json\/wp\/v2\/product_tag?post=23397"}],"curies":[{"name":"wp","href":"https:\/\/api.w.org\/{rel}","templated":true}]}}