{"id":4574,"date":"2023-01-24T10:37:19","date_gmt":"2023-01-24T08:37:19","guid":{"rendered":"https:\/\/avira-reusables.com\/collection\/non%20class\u00e9\/bouteille-1l-en-rpet-rcs-avira-atik-bleu\/"},"modified":"2026-03-12T02:12:16","modified_gmt":"2026-03-12T00:12:16","slug":"bouteille-1l-en-rpet-rcs-avira-atik-bleu","status":"publish","type":"product","link":"https:\/\/avira-reusables.com\/fr\/collection\/products\/bouteille-1l-en-rpet-rcs-avira-atik-bleu\/","title":{"rendered":"Bouteille 1L en rPET RCS Atik, bleu"},"content":{"rendered":"<p>Bouteille Atik 1000ml compos\u00e9 \u00e0 100 % de rPET certifi\u00e9 RCS et de PP recycl\u00e9. La certification RCS garantit une cha\u00eene d&rsquo;approvisionnement enti\u00e8rement certifi\u00e9e pour les mat\u00e9riaux recycl\u00e9s. Ce produit est destin\u00e9 aux boissons froides uniquement. Contenu recycl\u00e9 total : 84% sur la base du poids total de l&rsquo;article. Sans BPA. Emballage kraft certifi\u00e9 FSC\u00ae inclus. Lavage \u00e0 la main uniquement. Transformez la bo\u00eete en porte-t\u00e9l\u00e9phone, porte-crayon ou pot de fleurs ! 2% des recettes de la vente de chaque produit Impact seront revers\u00e9s \u00e0 Water.org.<\/p>\n","protected":false},"excerpt":{"rendered":"<p>Bouteille Atik 1000ml compos\u00e9 \u00e0 100 % de rPET certifi\u00e9 RCS et de PP recycl\u00e9. La certification RCS garantit une cha\u00eene d&rsquo;approvisionnement enti\u00e8rement certifi\u00e9e pour les mat\u00e9riaux recycl\u00e9s. Ce produit est destin\u00e9 aux boissons froides uniquement. Contenu recycl\u00e9 total : 84% sur la base du poids total de l&rsquo;article. Sans BPA. Emballage kraft certifi\u00e9 FSC\u00ae [&hellip;]<\/p>\n","protected":false},"featured_media":21780,"template":"","meta":{"_acf_changed":false},"product_cat":[28],"product_tag":[],"class_list":["post-4574","product","type-product","status-publish","has-post-thumbnail","hentry","product_cat-products"],"acf":[],"yoast_head":"<!-- This site is optimized with the Yoast SEO plugin v27.0 - https:\/\/yoast.com\/product\/yoast-seo-wordpress\/ -->\n<title>Bouteille 1L en rPET RCS Atik, bleu - Avira<\/title>\n<meta name=\"robots\" content=\"index, follow, max-snippet:-1, max-image-preview:large, max-video-preview:-1\" \/>\n<link rel=\"canonical\" href=\"https:\/\/avira-reusables.com\/fr\/collection\/products\/bouteille-1l-en-rpet-rcs-avira-atik-bleu\/\" \/>\n<meta property=\"og:locale\" content=\"fr_FR\" \/>\n<meta property=\"og:type\" content=\"article\" \/>\n<meta property=\"og:title\" content=\"Bouteille 1L en rPET RCS Atik, bleu - Avira\" \/>\n<meta property=\"og:description\" content=\"Bouteille Atik 1000ml compos\u00e9 \u00e0 100 % de rPET certifi\u00e9 RCS et de PP recycl\u00e9. La certification RCS garantit une cha\u00eene d&rsquo;approvisionnement enti\u00e8rement certifi\u00e9e pour les mat\u00e9riaux recycl\u00e9s. Ce produit est destin\u00e9 aux boissons froides uniquement. Contenu recycl\u00e9 total : 84% sur la base du poids total de l&rsquo;article. Sans BPA. Emballage kraft certifi\u00e9 FSC\u00ae [&hellip;]\" \/>\n<meta property=\"og:url\" content=\"https:\/\/avira-reusables.com\/fr\/collection\/products\/bouteille-1l-en-rpet-rcs-avira-atik-bleu\/\" \/>\n<meta property=\"og:site_name\" content=\"Avira\" \/>\n<meta property=\"article:modified_time\" content=\"2026-03-12T00:12:16+00:00\" \/>\n<meta property=\"og:image\" content=\"https:\/\/avira-reusables.com\/wp-content\/uploads\/sites\/2\/2024\/05\/P438.045__S_0__d8a7b8caabdf482abcf344ffde4755f9.jpg\" \/>\n\t<meta property=\"og:image:width\" content=\"1024\" \/>\n\t<meta property=\"og:image:height\" content=\"1024\" \/>\n\t<meta property=\"og:image:type\" content=\"image\/jpeg\" \/>\n<meta name=\"twitter:card\" content=\"summary_large_image\" \/>\n<script type=\"application\/ld+json\" class=\"yoast-schema-graph\">{\"@context\":\"https:\/\/schema.org\",\"@graph\":[{\"@type\":\"WebPage\",\"@id\":\"https:\/\/avira-reusables.com\/fr\/collection\/products\/bouteille-1l-en-rpet-rcs-avira-atik-bleu\/\",\"url\":\"https:\/\/avira-reusables.com\/fr\/collection\/products\/bouteille-1l-en-rpet-rcs-avira-atik-bleu\/\",\"name\":\"Bouteille 1L en rPET RCS Atik, bleu - Avira\",\"isPartOf\":{\"@id\":\"https:\/\/avira-reusables.com\/fr\/#website\"},\"primaryImageOfPage\":{\"@id\":\"https:\/\/avira-reusables.com\/fr\/collection\/products\/bouteille-1l-en-rpet-rcs-avira-atik-bleu\/#primaryimage\"},\"image\":{\"@id\":\"https:\/\/avira-reusables.com\/fr\/collection\/products\/bouteille-1l-en-rpet-rcs-avira-atik-bleu\/#primaryimage\"},\"thumbnailUrl\":\"https:\/\/avira-reusables.com\/wp-content\/uploads\/sites\/2\/2024\/05\/P438.045__S_0__d8a7b8caabdf482abcf344ffde4755f9.jpg\",\"datePublished\":\"2023-01-24T08:37:19+00:00\",\"dateModified\":\"2026-03-12T00:12:16+00:00\",\"breadcrumb\":{\"@id\":\"https:\/\/avira-reusables.com\/fr\/collection\/products\/bouteille-1l-en-rpet-rcs-avira-atik-bleu\/#breadcrumb\"},\"inLanguage\":\"fr-FR\",\"potentialAction\":[{\"@type\":\"ReadAction\",\"target\":[\"https:\/\/avira-reusables.com\/fr\/collection\/products\/bouteille-1l-en-rpet-rcs-avira-atik-bleu\/\"]}]},{\"@type\":\"ImageObject\",\"inLanguage\":\"fr-FR\",\"@id\":\"https:\/\/avira-reusables.com\/fr\/collection\/products\/bouteille-1l-en-rpet-rcs-avira-atik-bleu\/#primaryimage\",\"url\":\"https:\/\/avira-reusables.com\/wp-content\/uploads\/sites\/2\/2024\/05\/P438.045__S_0__d8a7b8caabdf482abcf344ffde4755f9.jpg\",\"contentUrl\":\"https:\/\/avira-reusables.com\/wp-content\/uploads\/sites\/2\/2024\/05\/P438.045__S_0__d8a7b8caabdf482abcf344ffde4755f9.jpg\",\"width\":1024,\"height\":1024},{\"@type\":\"BreadcrumbList\",\"@id\":\"https:\/\/avira-reusables.com\/fr\/collection\/products\/bouteille-1l-en-rpet-rcs-avira-atik-bleu\/#breadcrumb\",\"itemListElement\":[{\"@type\":\"ListItem\",\"position\":1,\"name\":\"Home\",\"item\":\"https:\/\/avira-reusables.com\/fr\/\"},{\"@type\":\"ListItem\",\"position\":2,\"name\":\"Collection\",\"item\":\"https:\/\/avira-reusables.com\/fr\/collection\/\"},{\"@type\":\"ListItem\",\"position\":3,\"name\":\"Bouteille 1L en rPET RCS Atik, bleu\"}]},{\"@type\":\"WebSite\",\"@id\":\"https:\/\/avira-reusables.com\/fr\/#website\",\"url\":\"https:\/\/avira-reusables.com\/fr\/\",\"name\":\"Avira\",\"description\":\"Made of 100% recycled materials\",\"potentialAction\":[{\"@type\":\"SearchAction\",\"target\":{\"@type\":\"EntryPoint\",\"urlTemplate\":\"https:\/\/avira-reusables.com\/fr\/?s={search_term_string}\"},\"query-input\":{\"@type\":\"PropertyValueSpecification\",\"valueRequired\":true,\"valueName\":\"search_term_string\"}}],\"inLanguage\":\"fr-FR\"}]}<\/script>\n<!-- \/ Yoast SEO plugin. -->","yoast_head_json":{"title":"Bouteille 1L en rPET RCS Atik, bleu - Avira","robots":{"index":"index","follow":"follow","max-snippet":"max-snippet:-1","max-image-preview":"max-image-preview:large","max-video-preview":"max-video-preview:-1"},"canonical":"https:\/\/avira-reusables.com\/fr\/collection\/products\/bouteille-1l-en-rpet-rcs-avira-atik-bleu\/","og_locale":"fr_FR","og_type":"article","og_title":"Bouteille 1L en rPET RCS Atik, bleu - Avira","og_description":"Bouteille Atik 1000ml compos\u00e9 \u00e0 100 % de rPET certifi\u00e9 RCS et de PP recycl\u00e9. La certification RCS garantit une cha\u00eene d&rsquo;approvisionnement enti\u00e8rement certifi\u00e9e pour les mat\u00e9riaux recycl\u00e9s. Ce produit est destin\u00e9 aux boissons froides uniquement. Contenu recycl\u00e9 total : 84% sur la base du poids total de l&rsquo;article. Sans BPA. Emballage kraft certifi\u00e9 FSC\u00ae [&hellip;]","og_url":"https:\/\/avira-reusables.com\/fr\/collection\/products\/bouteille-1l-en-rpet-rcs-avira-atik-bleu\/","og_site_name":"Avira","article_modified_time":"2026-03-12T00:12:16+00:00","og_image":[{"width":1024,"height":1024,"url":"https:\/\/avira-reusables.com\/wp-content\/uploads\/sites\/2\/2024\/05\/P438.045__S_0__d8a7b8caabdf482abcf344ffde4755f9.jpg","type":"image\/jpeg"}],"twitter_card":"summary_large_image","schema":{"@context":"https:\/\/schema.org","@graph":[{"@type":"WebPage","@id":"https:\/\/avira-reusables.com\/fr\/collection\/products\/bouteille-1l-en-rpet-rcs-avira-atik-bleu\/","url":"https:\/\/avira-reusables.com\/fr\/collection\/products\/bouteille-1l-en-rpet-rcs-avira-atik-bleu\/","name":"Bouteille 1L en rPET RCS Atik, bleu - Avira","isPartOf":{"@id":"https:\/\/avira-reusables.com\/fr\/#website"},"primaryImageOfPage":{"@id":"https:\/\/avira-reusables.com\/fr\/collection\/products\/bouteille-1l-en-rpet-rcs-avira-atik-bleu\/#primaryimage"},"image":{"@id":"https:\/\/avira-reusables.com\/fr\/collection\/products\/bouteille-1l-en-rpet-rcs-avira-atik-bleu\/#primaryimage"},"thumbnailUrl":"https:\/\/avira-reusables.com\/wp-content\/uploads\/sites\/2\/2024\/05\/P438.045__S_0__d8a7b8caabdf482abcf344ffde4755f9.jpg","datePublished":"2023-01-24T08:37:19+00:00","dateModified":"2026-03-12T00:12:16+00:00","breadcrumb":{"@id":"https:\/\/avira-reusables.com\/fr\/collection\/products\/bouteille-1l-en-rpet-rcs-avira-atik-bleu\/#breadcrumb"},"inLanguage":"fr-FR","potentialAction":[{"@type":"ReadAction","target":["https:\/\/avira-reusables.com\/fr\/collection\/products\/bouteille-1l-en-rpet-rcs-avira-atik-bleu\/"]}]},{"@type":"ImageObject","inLanguage":"fr-FR","@id":"https:\/\/avira-reusables.com\/fr\/collection\/products\/bouteille-1l-en-rpet-rcs-avira-atik-bleu\/#primaryimage","url":"https:\/\/avira-reusables.com\/wp-content\/uploads\/sites\/2\/2024\/05\/P438.045__S_0__d8a7b8caabdf482abcf344ffde4755f9.jpg","contentUrl":"https:\/\/avira-reusables.com\/wp-content\/uploads\/sites\/2\/2024\/05\/P438.045__S_0__d8a7b8caabdf482abcf344ffde4755f9.jpg","width":1024,"height":1024},{"@type":"BreadcrumbList","@id":"https:\/\/avira-reusables.com\/fr\/collection\/products\/bouteille-1l-en-rpet-rcs-avira-atik-bleu\/#breadcrumb","itemListElement":[{"@type":"ListItem","position":1,"name":"Home","item":"https:\/\/avira-reusables.com\/fr\/"},{"@type":"ListItem","position":2,"name":"Collection","item":"https:\/\/avira-reusables.com\/fr\/collection\/"},{"@type":"ListItem","position":3,"name":"Bouteille 1L en rPET RCS Atik, bleu"}]},{"@type":"WebSite","@id":"https:\/\/avira-reusables.com\/fr\/#website","url":"https:\/\/avira-reusables.com\/fr\/","name":"Avira","description":"Made of 100% recycled materials","potentialAction":[{"@type":"SearchAction","target":{"@type":"EntryPoint","urlTemplate":"https:\/\/avira-reusables.com\/fr\/?s={search_term_string}"},"query-input":{"@type":"PropertyValueSpecification","valueRequired":true,"valueName":"search_term_string"}}],"inLanguage":"fr-FR"}]}},"_links":{"self":[{"href":"https:\/\/avira-reusables.com\/fr\/wp-json\/wp\/v2\/product\/4574","targetHints":{"allow":["GET"]}}],"collection":[{"href":"https:\/\/avira-reusables.com\/fr\/wp-json\/wp\/v2\/product"}],"about":[{"href":"https:\/\/avira-reusables.com\/fr\/wp-json\/wp\/v2\/types\/product"}],"wp:featuredmedia":[{"embeddable":true,"href":"https:\/\/avira-reusables.com\/fr\/wp-json\/wp\/v2\/media\/21780"}],"wp:attachment":[{"href":"https:\/\/avira-reusables.com\/fr\/wp-json\/wp\/v2\/media?parent=4574"}],"wp:term":[{"taxonomy":"product_cat","embeddable":true,"href":"https:\/\/avira-reusables.com\/fr\/wp-json\/wp\/v2\/product_cat?post=4574"},{"taxonomy":"product_tag","embeddable":true,"href":"https:\/\/avira-reusables.com\/fr\/wp-json\/wp\/v2\/product_tag?post=4574"}],"curies":[{"name":"wp","href":"https:\/\/api.w.org\/{rel}","templated":true}]}}