{"id":4892,"date":"2023-03-31T01:02:06","date_gmt":"2023-03-30T23:02:06","guid":{"rendered":"https:\/\/avira-reusables.com\/collection\/non%20class\u00e9\/p438-05-product-variation\/"},"modified":"2026-04-16T01:14:21","modified_gmt":"2026-04-15T23:14:21","slug":"p438-05-product-variation","status":"publish","type":"product","link":"https:\/\/avira-reusables.com\/fr\/collection\/non class\u00e9\/p438-05-product-variation\/","title":{"rendered":"Mini gobelet de voyage 150ml en acier recycl\u00e9 RCS Ain, noir"},"content":{"rendered":"<p>La mini bouteille de voyage Avira Ain &#8211; la solution parfaite pour vos besoins en caf\u00e9ine lors de vos d\u00e9placements. D&rsquo;une capacit\u00e9 de 150 ml, ce gobelet est la taille id\u00e9ale pour un petit remontant rapide lorsque vous \u00eates en d\u00e9placement. Son design \u00e9l\u00e9gant et sa taille pratique permettent de la transporter facilement dans un sac, et son couvercle s\u00e9curis\u00e9 emp\u00eache les d\u00e9versements et les fuites. Fabriqu\u00e9 avec des mat\u00e9riaux recycl\u00e9s certifi\u00e9s RCS (Recycled Claim Standard). La certification RCS garantit une cha\u00eene d&rsquo;approvisionnement enti\u00e8rement certifi\u00e9e pour les mat\u00e9riaux recycl\u00e9s. Contenu recycl\u00e9 total : 74% sur la base du poids total de l&rsquo;article. Emballage kraft certifi\u00e9 FSC\u00ae inclus. Transformez la bo\u00eete en porte-t\u00e9l\u00e9phone, porte-crayon ou pot de fleurs !<\/p>\n","protected":false},"excerpt":{"rendered":"<p>La mini bouteille de voyage Avira Ain &#8211; la solution parfaite pour vos besoins en caf\u00e9ine lors de vos d\u00e9placements. D&rsquo;une capacit\u00e9 de 150 ml, ce gobelet est la taille id\u00e9ale pour un petit remontant rapide lorsque vous \u00eates en d\u00e9placement. Son design \u00e9l\u00e9gant et sa taille pratique permettent de la transporter facilement dans un [&hellip;]<\/p>\n","protected":false},"featured_media":23662,"template":"","meta":{"_acf_changed":false},"product_cat":[],"product_tag":[],"class_list":["post-4892","product","type-product","status-publish","has-post-thumbnail","hentry"],"acf":[],"yoast_head":"<!-- This site is optimized with the Yoast SEO plugin v27.0 - https:\/\/yoast.com\/product\/yoast-seo-wordpress\/ -->\n<title>Mini gobelet de voyage 150ml en acier recycl\u00e9 RCS Ain, noir - Avira<\/title>\n<meta name=\"robots\" content=\"index, follow, max-snippet:-1, max-image-preview:large, max-video-preview:-1\" \/>\n<link rel=\"canonical\" href=\"https:\/\/avira-reusables.com\/fr\/collection\/non%20class\u00e9\/p438-05-product-variation\/\" \/>\n<meta property=\"og:locale\" content=\"fr_FR\" \/>\n<meta property=\"og:type\" content=\"article\" \/>\n<meta property=\"og:title\" content=\"Mini gobelet de voyage 150ml en acier recycl\u00e9 RCS Ain, noir - Avira\" \/>\n<meta property=\"og:description\" content=\"La mini bouteille de voyage Avira Ain &#8211; la solution parfaite pour vos besoins en caf\u00e9ine lors de vos d\u00e9placements. D&rsquo;une capacit\u00e9 de 150 ml, ce gobelet est la taille id\u00e9ale pour un petit remontant rapide lorsque vous \u00eates en d\u00e9placement. Son design \u00e9l\u00e9gant et sa taille pratique permettent de la transporter facilement dans un [&hellip;]\" \/>\n<meta property=\"og:url\" content=\"https:\/\/avira-reusables.com\/fr\/collection\/non class\u00e9\/p438-05-product-variation\/\" \/>\n<meta property=\"og:site_name\" content=\"Avira\" \/>\n<meta property=\"article:modified_time\" content=\"2026-04-15T23:14:21+00:00\" \/>\n<meta property=\"og:image\" content=\"https:\/\/avira-reusables.com\/wp-content\/uploads\/sites\/2\/2026\/04\/P438.051__S_0__130eac2f713d42568fb7349d039afc8d.jpg\" \/>\n\t<meta property=\"og:image:width\" content=\"1024\" \/>\n\t<meta property=\"og:image:height\" content=\"1024\" \/>\n\t<meta property=\"og:image:type\" content=\"image\/jpeg\" \/>\n<meta name=\"twitter:card\" content=\"summary_large_image\" \/>\n<meta name=\"twitter:label1\" content=\"Dur\u00e9e de lecture estim\u00e9e\" \/>\n\t<meta name=\"twitter:data1\" content=\"1 minute\" \/>\n<script type=\"application\/ld+json\" class=\"yoast-schema-graph\">{\"@context\":\"https:\/\/schema.org\",\"@graph\":[{\"@type\":\"WebPage\",\"@id\":\"https:\/\/avira-reusables.com\/fr\/collection\/non class\u00e9\/p438-05-product-variation\/\",\"url\":\"https:\/\/avira-reusables.com\/fr\/collection\/non class\u00e9\/p438-05-product-variation\/\",\"name\":\"Mini gobelet de voyage 150ml en acier recycl\u00e9 RCS Ain, noir - Avira\",\"isPartOf\":{\"@id\":\"https:\/\/avira-reusables.com\/fr\/#website\"},\"primaryImageOfPage\":{\"@id\":\"https:\/\/avira-reusables.com\/fr\/collection\/non class\u00e9\/p438-05-product-variation\/#primaryimage\"},\"image\":{\"@id\":\"https:\/\/avira-reusables.com\/fr\/collection\/non class\u00e9\/p438-05-product-variation\/#primaryimage\"},\"thumbnailUrl\":\"https:\/\/avira-reusables.com\/wp-content\/uploads\/sites\/2\/2026\/04\/P438.051__S_0__130eac2f713d42568fb7349d039afc8d.jpg\",\"datePublished\":\"2023-03-30T23:02:06+00:00\",\"dateModified\":\"2026-04-15T23:14:21+00:00\",\"breadcrumb\":{\"@id\":\"https:\/\/avira-reusables.com\/fr\/collection\/non class\u00e9\/p438-05-product-variation\/#breadcrumb\"},\"inLanguage\":\"fr-FR\",\"potentialAction\":[{\"@type\":\"ReadAction\",\"target\":[\"https:\/\/avira-reusables.com\/fr\/collection\/non class\u00e9\/p438-05-product-variation\/\"]}]},{\"@type\":\"ImageObject\",\"inLanguage\":\"fr-FR\",\"@id\":\"https:\/\/avira-reusables.com\/fr\/collection\/non class\u00e9\/p438-05-product-variation\/#primaryimage\",\"url\":\"https:\/\/avira-reusables.com\/wp-content\/uploads\/sites\/2\/2026\/04\/P438.051__S_0__130eac2f713d42568fb7349d039afc8d.jpg\",\"contentUrl\":\"https:\/\/avira-reusables.com\/wp-content\/uploads\/sites\/2\/2026\/04\/P438.051__S_0__130eac2f713d42568fb7349d039afc8d.jpg\",\"width\":1024,\"height\":1024},{\"@type\":\"BreadcrumbList\",\"@id\":\"https:\/\/avira-reusables.com\/fr\/collection\/non class\u00e9\/p438-05-product-variation\/#breadcrumb\",\"itemListElement\":[{\"@type\":\"ListItem\",\"position\":1,\"name\":\"Home\",\"item\":\"https:\/\/avira-reusables.com\/fr\/\"},{\"@type\":\"ListItem\",\"position\":2,\"name\":\"Collection\",\"item\":\"https:\/\/avira-reusables.com\/fr\/collection\/\"},{\"@type\":\"ListItem\",\"position\":3,\"name\":\"Mini gobelet de voyage 150ml en acier recycl\u00e9 RCS Ain, noir\"}]},{\"@type\":\"WebSite\",\"@id\":\"https:\/\/avira-reusables.com\/fr\/#website\",\"url\":\"https:\/\/avira-reusables.com\/fr\/\",\"name\":\"Avira\",\"description\":\"Made of 100% recycled materials\",\"potentialAction\":[{\"@type\":\"SearchAction\",\"target\":{\"@type\":\"EntryPoint\",\"urlTemplate\":\"https:\/\/avira-reusables.com\/fr\/?s={search_term_string}\"},\"query-input\":{\"@type\":\"PropertyValueSpecification\",\"valueRequired\":true,\"valueName\":\"search_term_string\"}}],\"inLanguage\":\"fr-FR\"}]}<\/script>\n<!-- \/ Yoast SEO plugin. -->","yoast_head_json":{"title":"Mini gobelet de voyage 150ml en acier recycl\u00e9 RCS Ain, noir - Avira","robots":{"index":"index","follow":"follow","max-snippet":"max-snippet:-1","max-image-preview":"max-image-preview:large","max-video-preview":"max-video-preview:-1"},"canonical":"https:\/\/avira-reusables.com\/fr\/collection\/non class\u00e9\/p438-05-product-variation\/","og_locale":"fr_FR","og_type":"article","og_title":"Mini gobelet de voyage 150ml en acier recycl\u00e9 RCS Ain, noir - Avira","og_description":"La mini bouteille de voyage Avira Ain &#8211; la solution parfaite pour vos besoins en caf\u00e9ine lors de vos d\u00e9placements. D&rsquo;une capacit\u00e9 de 150 ml, ce gobelet est la taille id\u00e9ale pour un petit remontant rapide lorsque vous \u00eates en d\u00e9placement. Son design \u00e9l\u00e9gant et sa taille pratique permettent de la transporter facilement dans un [&hellip;]","og_url":"https:\/\/avira-reusables.com\/fr\/collection\/non class\u00e9\/p438-05-product-variation\/","og_site_name":"Avira","article_modified_time":"2026-04-15T23:14:21+00:00","og_image":[{"width":1024,"height":1024,"url":"https:\/\/avira-reusables.com\/wp-content\/uploads\/sites\/2\/2026\/04\/P438.051__S_0__130eac2f713d42568fb7349d039afc8d.jpg","type":"image\/jpeg"}],"twitter_card":"summary_large_image","twitter_misc":{"Dur\u00e9e de lecture estim\u00e9e":"1 minute"},"schema":{"@context":"https:\/\/schema.org","@graph":[{"@type":"WebPage","@id":"https:\/\/avira-reusables.com\/fr\/collection\/non class\u00e9\/p438-05-product-variation\/","url":"https:\/\/avira-reusables.com\/fr\/collection\/non class\u00e9\/p438-05-product-variation\/","name":"Mini gobelet de voyage 150ml en acier recycl\u00e9 RCS Ain, noir - Avira","isPartOf":{"@id":"https:\/\/avira-reusables.com\/fr\/#website"},"primaryImageOfPage":{"@id":"https:\/\/avira-reusables.com\/fr\/collection\/non class\u00e9\/p438-05-product-variation\/#primaryimage"},"image":{"@id":"https:\/\/avira-reusables.com\/fr\/collection\/non class\u00e9\/p438-05-product-variation\/#primaryimage"},"thumbnailUrl":"https:\/\/avira-reusables.com\/wp-content\/uploads\/sites\/2\/2026\/04\/P438.051__S_0__130eac2f713d42568fb7349d039afc8d.jpg","datePublished":"2023-03-30T23:02:06+00:00","dateModified":"2026-04-15T23:14:21+00:00","breadcrumb":{"@id":"https:\/\/avira-reusables.com\/fr\/collection\/non class\u00e9\/p438-05-product-variation\/#breadcrumb"},"inLanguage":"fr-FR","potentialAction":[{"@type":"ReadAction","target":["https:\/\/avira-reusables.com\/fr\/collection\/non class\u00e9\/p438-05-product-variation\/"]}]},{"@type":"ImageObject","inLanguage":"fr-FR","@id":"https:\/\/avira-reusables.com\/fr\/collection\/non class\u00e9\/p438-05-product-variation\/#primaryimage","url":"https:\/\/avira-reusables.com\/wp-content\/uploads\/sites\/2\/2026\/04\/P438.051__S_0__130eac2f713d42568fb7349d039afc8d.jpg","contentUrl":"https:\/\/avira-reusables.com\/wp-content\/uploads\/sites\/2\/2026\/04\/P438.051__S_0__130eac2f713d42568fb7349d039afc8d.jpg","width":1024,"height":1024},{"@type":"BreadcrumbList","@id":"https:\/\/avira-reusables.com\/fr\/collection\/non class\u00e9\/p438-05-product-variation\/#breadcrumb","itemListElement":[{"@type":"ListItem","position":1,"name":"Home","item":"https:\/\/avira-reusables.com\/fr\/"},{"@type":"ListItem","position":2,"name":"Collection","item":"https:\/\/avira-reusables.com\/fr\/collection\/"},{"@type":"ListItem","position":3,"name":"Mini gobelet de voyage 150ml en acier recycl\u00e9 RCS Ain, noir"}]},{"@type":"WebSite","@id":"https:\/\/avira-reusables.com\/fr\/#website","url":"https:\/\/avira-reusables.com\/fr\/","name":"Avira","description":"Made of 100% recycled materials","potentialAction":[{"@type":"SearchAction","target":{"@type":"EntryPoint","urlTemplate":"https:\/\/avira-reusables.com\/fr\/?s={search_term_string}"},"query-input":{"@type":"PropertyValueSpecification","valueRequired":true,"valueName":"search_term_string"}}],"inLanguage":"fr-FR"}]}},"_links":{"self":[{"href":"https:\/\/avira-reusables.com\/fr\/wp-json\/wp\/v2\/product\/4892","targetHints":{"allow":["GET"]}}],"collection":[{"href":"https:\/\/avira-reusables.com\/fr\/wp-json\/wp\/v2\/product"}],"about":[{"href":"https:\/\/avira-reusables.com\/fr\/wp-json\/wp\/v2\/types\/product"}],"wp:featuredmedia":[{"embeddable":true,"href":"https:\/\/avira-reusables.com\/fr\/wp-json\/wp\/v2\/media\/23662"}],"wp:attachment":[{"href":"https:\/\/avira-reusables.com\/fr\/wp-json\/wp\/v2\/media?parent=4892"}],"wp:term":[{"taxonomy":"product_cat","embeddable":true,"href":"https:\/\/avira-reusables.com\/fr\/wp-json\/wp\/v2\/product_cat?post=4892"},{"taxonomy":"product_tag","embeddable":true,"href":"https:\/\/avira-reusables.com\/fr\/wp-json\/wp\/v2\/product_tag?post=4892"}],"curies":[{"name":"wp","href":"https:\/\/api.w.org\/{rel}","templated":true}]}}