{"id":4898,"date":"2023-03-31T01:02:06","date_gmt":"2023-03-30T23:02:06","guid":{"rendered":"https:\/\/avira-reusables.com\/collection\/non%20class\u00e9\/p438-06-product-variation-4\/"},"modified":"2026-04-16T01:14:36","modified_gmt":"2026-04-15T23:14:36","slug":"p438-06-product-variation-4","status":"publish","type":"product","link":"https:\/\/avira-reusables.com\/fr\/collection\/non class\u00e9\/p438-06-product-variation-4\/","title":{"rendered":"Bouteille d&rsquo;eau 600ml en acier Avira Alcor RCS, bleu marine"},"content":{"rendered":"<p>La bouteille d&rsquo;eau 600ml en acier inoxydable recycl\u00e9 certifi\u00e9e RCS d&rsquo;Avira Alcor est un choix fiable pour rester hydrat\u00e9 en d\u00e9placement. La bouteille d&rsquo;eau contribuera \u00e0 r\u00e9duire votre impact sur l&rsquo;environnement tout en offrant une utilisation durable. Sa construction \u00e0 simple paroi garantit qu&rsquo;elle est l\u00e9g\u00e8re et facile \u00e0 transporter, et son couvercle \u00e9tanche maintient votre boisson en s\u00e9curit\u00e9 lorsque vous \u00eates en d\u00e9placement. Fabriqu\u00e9 avec des mat\u00e9riaux recycl\u00e9s certifi\u00e9s RCS (Recycled Claim Standard). La certification RCS garantit une cha\u00eene d&rsquo;approvisionnement enti\u00e8rement certifi\u00e9e pour les mat\u00e9riaux recycl\u00e9s. Contenu recycl\u00e9 total : 91% sur la base du poids total de l&rsquo;article. Emballage kraft certifi\u00e9 FSC\u00ae inclus. Transformez la bo\u00eete en porte-t\u00e9l\u00e9phone, porte-crayon ou pot de fleurs ! 2% des recettes de la vente de chaque produit Impact seront revers\u00e9s \u00e0 Water.org.<\/p>\n","protected":false},"excerpt":{"rendered":"<p>La bouteille d&rsquo;eau 600ml en acier inoxydable recycl\u00e9 certifi\u00e9e RCS d&rsquo;Avira Alcor est un choix fiable pour rester hydrat\u00e9 en d\u00e9placement. La bouteille d&rsquo;eau contribuera \u00e0 r\u00e9duire votre impact sur l&rsquo;environnement tout en offrant une utilisation durable. Sa construction \u00e0 simple paroi garantit qu&rsquo;elle est l\u00e9g\u00e8re et facile \u00e0 transporter, et son couvercle \u00e9tanche maintient [&hellip;]<\/p>\n","protected":false},"featured_media":23704,"template":"","meta":{"_acf_changed":false},"product_cat":[],"product_tag":[],"class_list":["post-4898","product","type-product","status-publish","has-post-thumbnail","hentry"],"acf":[],"yoast_head":"<!-- This site is optimized with the Yoast SEO plugin v27.0 - https:\/\/yoast.com\/product\/yoast-seo-wordpress\/ -->\n<title>Bouteille d&#039;eau 600ml en acier Avira Alcor RCS, bleu marine - Avira<\/title>\n<meta name=\"robots\" content=\"index, follow, max-snippet:-1, max-image-preview:large, max-video-preview:-1\" \/>\n<link rel=\"canonical\" href=\"https:\/\/avira-reusables.com\/fr\/collection\/non%20class\u00e9\/p438-06-product-variation-4\/\" \/>\n<meta property=\"og:locale\" content=\"fr_FR\" \/>\n<meta property=\"og:type\" content=\"article\" \/>\n<meta property=\"og:title\" content=\"Bouteille d&#039;eau 600ml en acier Avira Alcor RCS, bleu marine - Avira\" \/>\n<meta property=\"og:description\" content=\"La bouteille d&rsquo;eau 600ml en acier inoxydable recycl\u00e9 certifi\u00e9e RCS d&rsquo;Avira Alcor est un choix fiable pour rester hydrat\u00e9 en d\u00e9placement. La bouteille d&rsquo;eau contribuera \u00e0 r\u00e9duire votre impact sur l&rsquo;environnement tout en offrant une utilisation durable. Sa construction \u00e0 simple paroi garantit qu&rsquo;elle est l\u00e9g\u00e8re et facile \u00e0 transporter, et son couvercle \u00e9tanche maintient [&hellip;]\" \/>\n<meta property=\"og:url\" content=\"https:\/\/avira-reusables.com\/fr\/collection\/non class\u00e9\/p438-06-product-variation-4\/\" \/>\n<meta property=\"og:site_name\" content=\"Avira\" \/>\n<meta property=\"article:modified_time\" content=\"2026-04-15T23:14:36+00:00\" \/>\n<meta property=\"og:image\" content=\"https:\/\/avira-reusables.com\/wp-content\/uploads\/sites\/2\/2026\/04\/P438.065__S_0__6b1eb9e41ba54ce5af80254c7b261fa7.jpg\" \/>\n\t<meta property=\"og:image:width\" content=\"1024\" \/>\n\t<meta property=\"og:image:height\" content=\"1024\" \/>\n\t<meta property=\"og:image:type\" content=\"image\/jpeg\" \/>\n<meta name=\"twitter:card\" content=\"summary_large_image\" \/>\n<meta name=\"twitter:label1\" content=\"Dur\u00e9e de lecture estim\u00e9e\" \/>\n\t<meta name=\"twitter:data1\" content=\"1 minute\" \/>\n<script type=\"application\/ld+json\" class=\"yoast-schema-graph\">{\"@context\":\"https:\/\/schema.org\",\"@graph\":[{\"@type\":\"WebPage\",\"@id\":\"https:\/\/avira-reusables.com\/fr\/collection\/non class\u00e9\/p438-06-product-variation-4\/\",\"url\":\"https:\/\/avira-reusables.com\/fr\/collection\/non class\u00e9\/p438-06-product-variation-4\/\",\"name\":\"Bouteille d'eau 600ml en acier Avira Alcor RCS, bleu marine - Avira\",\"isPartOf\":{\"@id\":\"https:\/\/avira-reusables.com\/fr\/#website\"},\"primaryImageOfPage\":{\"@id\":\"https:\/\/avira-reusables.com\/fr\/collection\/non class\u00e9\/p438-06-product-variation-4\/#primaryimage\"},\"image\":{\"@id\":\"https:\/\/avira-reusables.com\/fr\/collection\/non class\u00e9\/p438-06-product-variation-4\/#primaryimage\"},\"thumbnailUrl\":\"https:\/\/avira-reusables.com\/wp-content\/uploads\/sites\/2\/2026\/04\/P438.065__S_0__6b1eb9e41ba54ce5af80254c7b261fa7.jpg\",\"datePublished\":\"2023-03-30T23:02:06+00:00\",\"dateModified\":\"2026-04-15T23:14:36+00:00\",\"breadcrumb\":{\"@id\":\"https:\/\/avira-reusables.com\/fr\/collection\/non class\u00e9\/p438-06-product-variation-4\/#breadcrumb\"},\"inLanguage\":\"fr-FR\",\"potentialAction\":[{\"@type\":\"ReadAction\",\"target\":[\"https:\/\/avira-reusables.com\/fr\/collection\/non class\u00e9\/p438-06-product-variation-4\/\"]}]},{\"@type\":\"ImageObject\",\"inLanguage\":\"fr-FR\",\"@id\":\"https:\/\/avira-reusables.com\/fr\/collection\/non class\u00e9\/p438-06-product-variation-4\/#primaryimage\",\"url\":\"https:\/\/avira-reusables.com\/wp-content\/uploads\/sites\/2\/2026\/04\/P438.065__S_0__6b1eb9e41ba54ce5af80254c7b261fa7.jpg\",\"contentUrl\":\"https:\/\/avira-reusables.com\/wp-content\/uploads\/sites\/2\/2026\/04\/P438.065__S_0__6b1eb9e41ba54ce5af80254c7b261fa7.jpg\",\"width\":1024,\"height\":1024},{\"@type\":\"BreadcrumbList\",\"@id\":\"https:\/\/avira-reusables.com\/fr\/collection\/non class\u00e9\/p438-06-product-variation-4\/#breadcrumb\",\"itemListElement\":[{\"@type\":\"ListItem\",\"position\":1,\"name\":\"Home\",\"item\":\"https:\/\/avira-reusables.com\/fr\/\"},{\"@type\":\"ListItem\",\"position\":2,\"name\":\"Collection\",\"item\":\"https:\/\/avira-reusables.com\/fr\/collection\/\"},{\"@type\":\"ListItem\",\"position\":3,\"name\":\"Bouteille d&#8217;eau 600ml en acier Avira Alcor RCS, bleu marine\"}]},{\"@type\":\"WebSite\",\"@id\":\"https:\/\/avira-reusables.com\/fr\/#website\",\"url\":\"https:\/\/avira-reusables.com\/fr\/\",\"name\":\"Avira\",\"description\":\"Made of 100% recycled materials\",\"potentialAction\":[{\"@type\":\"SearchAction\",\"target\":{\"@type\":\"EntryPoint\",\"urlTemplate\":\"https:\/\/avira-reusables.com\/fr\/?s={search_term_string}\"},\"query-input\":{\"@type\":\"PropertyValueSpecification\",\"valueRequired\":true,\"valueName\":\"search_term_string\"}}],\"inLanguage\":\"fr-FR\"}]}<\/script>\n<!-- \/ Yoast SEO plugin. -->","yoast_head_json":{"title":"Bouteille d'eau 600ml en acier Avira Alcor RCS, bleu marine - Avira","robots":{"index":"index","follow":"follow","max-snippet":"max-snippet:-1","max-image-preview":"max-image-preview:large","max-video-preview":"max-video-preview:-1"},"canonical":"https:\/\/avira-reusables.com\/fr\/collection\/non class\u00e9\/p438-06-product-variation-4\/","og_locale":"fr_FR","og_type":"article","og_title":"Bouteille d'eau 600ml en acier Avira Alcor RCS, bleu marine - Avira","og_description":"La bouteille d&rsquo;eau 600ml en acier inoxydable recycl\u00e9 certifi\u00e9e RCS d&rsquo;Avira Alcor est un choix fiable pour rester hydrat\u00e9 en d\u00e9placement. La bouteille d&rsquo;eau contribuera \u00e0 r\u00e9duire votre impact sur l&rsquo;environnement tout en offrant une utilisation durable. Sa construction \u00e0 simple paroi garantit qu&rsquo;elle est l\u00e9g\u00e8re et facile \u00e0 transporter, et son couvercle \u00e9tanche maintient [&hellip;]","og_url":"https:\/\/avira-reusables.com\/fr\/collection\/non class\u00e9\/p438-06-product-variation-4\/","og_site_name":"Avira","article_modified_time":"2026-04-15T23:14:36+00:00","og_image":[{"width":1024,"height":1024,"url":"https:\/\/avira-reusables.com\/wp-content\/uploads\/sites\/2\/2026\/04\/P438.065__S_0__6b1eb9e41ba54ce5af80254c7b261fa7.jpg","type":"image\/jpeg"}],"twitter_card":"summary_large_image","twitter_misc":{"Dur\u00e9e de lecture estim\u00e9e":"1 minute"},"schema":{"@context":"https:\/\/schema.org","@graph":[{"@type":"WebPage","@id":"https:\/\/avira-reusables.com\/fr\/collection\/non class\u00e9\/p438-06-product-variation-4\/","url":"https:\/\/avira-reusables.com\/fr\/collection\/non class\u00e9\/p438-06-product-variation-4\/","name":"Bouteille d'eau 600ml en acier Avira Alcor RCS, bleu marine - Avira","isPartOf":{"@id":"https:\/\/avira-reusables.com\/fr\/#website"},"primaryImageOfPage":{"@id":"https:\/\/avira-reusables.com\/fr\/collection\/non class\u00e9\/p438-06-product-variation-4\/#primaryimage"},"image":{"@id":"https:\/\/avira-reusables.com\/fr\/collection\/non class\u00e9\/p438-06-product-variation-4\/#primaryimage"},"thumbnailUrl":"https:\/\/avira-reusables.com\/wp-content\/uploads\/sites\/2\/2026\/04\/P438.065__S_0__6b1eb9e41ba54ce5af80254c7b261fa7.jpg","datePublished":"2023-03-30T23:02:06+00:00","dateModified":"2026-04-15T23:14:36+00:00","breadcrumb":{"@id":"https:\/\/avira-reusables.com\/fr\/collection\/non class\u00e9\/p438-06-product-variation-4\/#breadcrumb"},"inLanguage":"fr-FR","potentialAction":[{"@type":"ReadAction","target":["https:\/\/avira-reusables.com\/fr\/collection\/non class\u00e9\/p438-06-product-variation-4\/"]}]},{"@type":"ImageObject","inLanguage":"fr-FR","@id":"https:\/\/avira-reusables.com\/fr\/collection\/non class\u00e9\/p438-06-product-variation-4\/#primaryimage","url":"https:\/\/avira-reusables.com\/wp-content\/uploads\/sites\/2\/2026\/04\/P438.065__S_0__6b1eb9e41ba54ce5af80254c7b261fa7.jpg","contentUrl":"https:\/\/avira-reusables.com\/wp-content\/uploads\/sites\/2\/2026\/04\/P438.065__S_0__6b1eb9e41ba54ce5af80254c7b261fa7.jpg","width":1024,"height":1024},{"@type":"BreadcrumbList","@id":"https:\/\/avira-reusables.com\/fr\/collection\/non class\u00e9\/p438-06-product-variation-4\/#breadcrumb","itemListElement":[{"@type":"ListItem","position":1,"name":"Home","item":"https:\/\/avira-reusables.com\/fr\/"},{"@type":"ListItem","position":2,"name":"Collection","item":"https:\/\/avira-reusables.com\/fr\/collection\/"},{"@type":"ListItem","position":3,"name":"Bouteille d&#8217;eau 600ml en acier Avira Alcor RCS, bleu marine"}]},{"@type":"WebSite","@id":"https:\/\/avira-reusables.com\/fr\/#website","url":"https:\/\/avira-reusables.com\/fr\/","name":"Avira","description":"Made of 100% recycled materials","potentialAction":[{"@type":"SearchAction","target":{"@type":"EntryPoint","urlTemplate":"https:\/\/avira-reusables.com\/fr\/?s={search_term_string}"},"query-input":{"@type":"PropertyValueSpecification","valueRequired":true,"valueName":"search_term_string"}}],"inLanguage":"fr-FR"}]}},"_links":{"self":[{"href":"https:\/\/avira-reusables.com\/fr\/wp-json\/wp\/v2\/product\/4898","targetHints":{"allow":["GET"]}}],"collection":[{"href":"https:\/\/avira-reusables.com\/fr\/wp-json\/wp\/v2\/product"}],"about":[{"href":"https:\/\/avira-reusables.com\/fr\/wp-json\/wp\/v2\/types\/product"}],"wp:featuredmedia":[{"embeddable":true,"href":"https:\/\/avira-reusables.com\/fr\/wp-json\/wp\/v2\/media\/23704"}],"wp:attachment":[{"href":"https:\/\/avira-reusables.com\/fr\/wp-json\/wp\/v2\/media?parent=4898"}],"wp:term":[{"taxonomy":"product_cat","embeddable":true,"href":"https:\/\/avira-reusables.com\/fr\/wp-json\/wp\/v2\/product_cat?post=4898"},{"taxonomy":"product_tag","embeddable":true,"href":"https:\/\/avira-reusables.com\/fr\/wp-json\/wp\/v2\/product_tag?post=4898"}],"curies":[{"name":"wp","href":"https:\/\/api.w.org\/{rel}","templated":true}]}}