{"id":6752,"date":"2023-09-22T01:00:09","date_gmt":"2023-09-21T23:00:09","guid":{"rendered":"https:\/\/avira-reusables.com\/collection\/uncategorized\/mug-300ml-en-acier-recycle-rcs-alya-beige\/"},"modified":"2026-03-12T02:11:08","modified_gmt":"2026-03-12T00:11:08","slug":"mug-300ml-en-acier-recycle-rcs-alya-beige","status":"publish","type":"product","link":"https:\/\/avira-reusables.com\/fr\/collection\/non class\u00e9\/mug-300ml-en-acier-recycle-rcs-alya-beige\/","title":{"rendered":"Mug 300ml en acier recycl\u00e9 RCS Alya, beige"},"content":{"rendered":"<p>Mug Alya 300ml au design \u00e9l\u00e9gant avec corps en acier inoxydable double paroi. L\u2019isolation \u00e0 vide d\u2019air garde votre boisson pr\u00e9f\u00e9r\u00e9e chaude pendant 6 heures et l&rsquo;eau fra\u00eeche pendant 8 heures. La base est dot\u00e9 d&rsquo;un tampon en silicone antid\u00e9rapant. Fabriqu\u00e9 avec de l&rsquo;acier inoxydable recycl\u00e9 certifi\u00e9 RCS. RCS (Recycled Claim Standard) est une norme permettant de v\u00e9rifier le contenu recycl\u00e9 d&rsquo;un produit tout au long de la cha\u00eene d&rsquo;approvisionnement. Contenu recycl\u00e9 total : 63% sur la base du poids total de l&rsquo;article. Sans BPA. Emballage kraft certifi\u00e9 FSC\u00ae inclus. Ne jetez pas la bo\u00eete mais r\u00e9utilisez-la pour en faire un porte-t\u00e9l\u00e9phone, un porte-crayon ou un pot de fleurs ! 2% des recettes de la vente de chaque produit Impact seront revers\u00e9s \u00e0 Water.org.<\/p>\n","protected":false},"excerpt":{"rendered":"<p>Mug Alya 300ml au design \u00e9l\u00e9gant avec corps en acier inoxydable double paroi. L\u2019isolation \u00e0 vide d\u2019air garde votre boisson pr\u00e9f\u00e9r\u00e9e chaude pendant 6 heures et l&rsquo;eau fra\u00eeche pendant 8 heures. La base est dot\u00e9 d&rsquo;un tampon en silicone antid\u00e9rapant. Fabriqu\u00e9 avec de l&rsquo;acier inoxydable recycl\u00e9 certifi\u00e9 RCS. RCS (Recycled Claim Standard) est une norme [&hellip;]<\/p>\n","protected":false},"featured_media":0,"template":"","meta":{"_acf_changed":false},"product_cat":[],"product_tag":[],"class_list":["post-6752","product","type-product","status-publish","hentry"],"acf":[],"yoast_head":"<!-- This site is optimized with the Yoast SEO plugin v27.0 - https:\/\/yoast.com\/product\/yoast-seo-wordpress\/ -->\n<title>Mug 300ml en acier recycl\u00e9 RCS Alya, beige - Avira<\/title>\n<meta name=\"robots\" content=\"index, follow, max-snippet:-1, max-image-preview:large, max-video-preview:-1\" \/>\n<link rel=\"canonical\" href=\"https:\/\/avira-reusables.com\/fr\/collection\/non%20class\u00e9\/mug-300ml-en-acier-recycle-rcs-alya-beige\/\" \/>\n<meta property=\"og:locale\" content=\"fr_FR\" \/>\n<meta property=\"og:type\" content=\"article\" \/>\n<meta property=\"og:title\" content=\"Mug 300ml en acier recycl\u00e9 RCS Alya, beige - Avira\" \/>\n<meta property=\"og:description\" content=\"Mug Alya 300ml au design \u00e9l\u00e9gant avec corps en acier inoxydable double paroi. L\u2019isolation \u00e0 vide d\u2019air garde votre boisson pr\u00e9f\u00e9r\u00e9e chaude pendant 6 heures et l&rsquo;eau fra\u00eeche pendant 8 heures. La base est dot\u00e9 d&rsquo;un tampon en silicone antid\u00e9rapant. Fabriqu\u00e9 avec de l&rsquo;acier inoxydable recycl\u00e9 certifi\u00e9 RCS. RCS (Recycled Claim Standard) est une norme [&hellip;]\" \/>\n<meta property=\"og:url\" content=\"https:\/\/avira-reusables.com\/fr\/collection\/non class\u00e9\/mug-300ml-en-acier-recycle-rcs-alya-beige\/\" \/>\n<meta property=\"og:site_name\" content=\"Avira\" \/>\n<meta property=\"article:modified_time\" content=\"2026-03-12T00:11:08+00:00\" \/>\n<meta name=\"twitter:card\" content=\"summary_large_image\" \/>\n<meta name=\"twitter:label1\" content=\"Dur\u00e9e de lecture estim\u00e9e\" \/>\n\t<meta name=\"twitter:data1\" content=\"1 minute\" \/>\n<script type=\"application\/ld+json\" class=\"yoast-schema-graph\">{\"@context\":\"https:\/\/schema.org\",\"@graph\":[{\"@type\":\"WebPage\",\"@id\":\"https:\/\/avira-reusables.com\/fr\/collection\/non class\u00e9\/mug-300ml-en-acier-recycle-rcs-alya-beige\/\",\"url\":\"https:\/\/avira-reusables.com\/fr\/collection\/non class\u00e9\/mug-300ml-en-acier-recycle-rcs-alya-beige\/\",\"name\":\"Mug 300ml en acier recycl\u00e9 RCS Alya, beige - Avira\",\"isPartOf\":{\"@id\":\"https:\/\/avira-reusables.com\/fr\/#website\"},\"datePublished\":\"2023-09-21T23:00:09+00:00\",\"dateModified\":\"2026-03-12T00:11:08+00:00\",\"breadcrumb\":{\"@id\":\"https:\/\/avira-reusables.com\/fr\/collection\/non class\u00e9\/mug-300ml-en-acier-recycle-rcs-alya-beige\/#breadcrumb\"},\"inLanguage\":\"fr-FR\",\"potentialAction\":[{\"@type\":\"ReadAction\",\"target\":[\"https:\/\/avira-reusables.com\/fr\/collection\/non class\u00e9\/mug-300ml-en-acier-recycle-rcs-alya-beige\/\"]}]},{\"@type\":\"BreadcrumbList\",\"@id\":\"https:\/\/avira-reusables.com\/fr\/collection\/non class\u00e9\/mug-300ml-en-acier-recycle-rcs-alya-beige\/#breadcrumb\",\"itemListElement\":[{\"@type\":\"ListItem\",\"position\":1,\"name\":\"Home\",\"item\":\"https:\/\/avira-reusables.com\/fr\/\"},{\"@type\":\"ListItem\",\"position\":2,\"name\":\"Collection\",\"item\":\"https:\/\/avira-reusables.com\/fr\/collection\/\"},{\"@type\":\"ListItem\",\"position\":3,\"name\":\"Mug 300ml en acier recycl\u00e9 RCS Alya, beige\"}]},{\"@type\":\"WebSite\",\"@id\":\"https:\/\/avira-reusables.com\/fr\/#website\",\"url\":\"https:\/\/avira-reusables.com\/fr\/\",\"name\":\"Avira\",\"description\":\"Made of 100% recycled materials\",\"potentialAction\":[{\"@type\":\"SearchAction\",\"target\":{\"@type\":\"EntryPoint\",\"urlTemplate\":\"https:\/\/avira-reusables.com\/fr\/?s={search_term_string}\"},\"query-input\":{\"@type\":\"PropertyValueSpecification\",\"valueRequired\":true,\"valueName\":\"search_term_string\"}}],\"inLanguage\":\"fr-FR\"}]}<\/script>\n<!-- \/ Yoast SEO plugin. -->","yoast_head_json":{"title":"Mug 300ml en acier recycl\u00e9 RCS Alya, beige - Avira","robots":{"index":"index","follow":"follow","max-snippet":"max-snippet:-1","max-image-preview":"max-image-preview:large","max-video-preview":"max-video-preview:-1"},"canonical":"https:\/\/avira-reusables.com\/fr\/collection\/non class\u00e9\/mug-300ml-en-acier-recycle-rcs-alya-beige\/","og_locale":"fr_FR","og_type":"article","og_title":"Mug 300ml en acier recycl\u00e9 RCS Alya, beige - Avira","og_description":"Mug Alya 300ml au design \u00e9l\u00e9gant avec corps en acier inoxydable double paroi. L\u2019isolation \u00e0 vide d\u2019air garde votre boisson pr\u00e9f\u00e9r\u00e9e chaude pendant 6 heures et l&rsquo;eau fra\u00eeche pendant 8 heures. La base est dot\u00e9 d&rsquo;un tampon en silicone antid\u00e9rapant. Fabriqu\u00e9 avec de l&rsquo;acier inoxydable recycl\u00e9 certifi\u00e9 RCS. RCS (Recycled Claim Standard) est une norme [&hellip;]","og_url":"https:\/\/avira-reusables.com\/fr\/collection\/non class\u00e9\/mug-300ml-en-acier-recycle-rcs-alya-beige\/","og_site_name":"Avira","article_modified_time":"2026-03-12T00:11:08+00:00","twitter_card":"summary_large_image","twitter_misc":{"Dur\u00e9e de lecture estim\u00e9e":"1 minute"},"schema":{"@context":"https:\/\/schema.org","@graph":[{"@type":"WebPage","@id":"https:\/\/avira-reusables.com\/fr\/collection\/non class\u00e9\/mug-300ml-en-acier-recycle-rcs-alya-beige\/","url":"https:\/\/avira-reusables.com\/fr\/collection\/non class\u00e9\/mug-300ml-en-acier-recycle-rcs-alya-beige\/","name":"Mug 300ml en acier recycl\u00e9 RCS Alya, beige - Avira","isPartOf":{"@id":"https:\/\/avira-reusables.com\/fr\/#website"},"datePublished":"2023-09-21T23:00:09+00:00","dateModified":"2026-03-12T00:11:08+00:00","breadcrumb":{"@id":"https:\/\/avira-reusables.com\/fr\/collection\/non class\u00e9\/mug-300ml-en-acier-recycle-rcs-alya-beige\/#breadcrumb"},"inLanguage":"fr-FR","potentialAction":[{"@type":"ReadAction","target":["https:\/\/avira-reusables.com\/fr\/collection\/non class\u00e9\/mug-300ml-en-acier-recycle-rcs-alya-beige\/"]}]},{"@type":"BreadcrumbList","@id":"https:\/\/avira-reusables.com\/fr\/collection\/non class\u00e9\/mug-300ml-en-acier-recycle-rcs-alya-beige\/#breadcrumb","itemListElement":[{"@type":"ListItem","position":1,"name":"Home","item":"https:\/\/avira-reusables.com\/fr\/"},{"@type":"ListItem","position":2,"name":"Collection","item":"https:\/\/avira-reusables.com\/fr\/collection\/"},{"@type":"ListItem","position":3,"name":"Mug 300ml en acier recycl\u00e9 RCS Alya, beige"}]},{"@type":"WebSite","@id":"https:\/\/avira-reusables.com\/fr\/#website","url":"https:\/\/avira-reusables.com\/fr\/","name":"Avira","description":"Made of 100% recycled materials","potentialAction":[{"@type":"SearchAction","target":{"@type":"EntryPoint","urlTemplate":"https:\/\/avira-reusables.com\/fr\/?s={search_term_string}"},"query-input":{"@type":"PropertyValueSpecification","valueRequired":true,"valueName":"search_term_string"}}],"inLanguage":"fr-FR"}]}},"_links":{"self":[{"href":"https:\/\/avira-reusables.com\/fr\/wp-json\/wp\/v2\/product\/6752","targetHints":{"allow":["GET"]}}],"collection":[{"href":"https:\/\/avira-reusables.com\/fr\/wp-json\/wp\/v2\/product"}],"about":[{"href":"https:\/\/avira-reusables.com\/fr\/wp-json\/wp\/v2\/types\/product"}],"wp:attachment":[{"href":"https:\/\/avira-reusables.com\/fr\/wp-json\/wp\/v2\/media?parent=6752"}],"wp:term":[{"taxonomy":"product_cat","embeddable":true,"href":"https:\/\/avira-reusables.com\/fr\/wp-json\/wp\/v2\/product_cat?post=6752"},{"taxonomy":"product_tag","embeddable":true,"href":"https:\/\/avira-reusables.com\/fr\/wp-json\/wp\/v2\/product_tag?post=6752"}],"curies":[{"name":"wp","href":"https:\/\/api.w.org\/{rel}","templated":true}]}}