{"id":8303,"date":"2024-01-03T02:02:07","date_gmt":"2024-01-03T00:02:07","guid":{"rendered":"https:\/\/avira-reusables.com\/collection\/non%20class\u00e9\/boite-a-lunch-700ml-en-pp-recycle-rcs-avira-atlas-noir\/"},"modified":"2026-04-16T01:14:39","modified_gmt":"2026-04-15T23:14:39","slug":"boite-a-lunch-700ml-en-pp-recycle-rcs-avira-atlas-noir","status":"publish","type":"product","link":"https:\/\/avira-reusables.com\/fr\/collection\/non class\u00e9\/boite-a-lunch-700ml-en-pp-recycle-rcs-avira-atlas-noir\/","title":{"rendered":"Bo\u00eete \u00e0 lunch 700ml en PP recycl\u00e9 RCS Avira Atlas, noir"},"content":{"rendered":"<p>Bo\u00eete \u00e0 lunch Atlas 700ml en plastique recycl\u00e9 RCS. Commencez d\u00e8s aujourd&rsquo;hui \u00e0 manger dans des bo\u00eetes \u00e0 lunch \u00e0 faible impact. Elle est fabriqu\u00e9e \u00e0 partir de mat\u00e9riaux recycl\u00e9s certifi\u00e9s RCS (Recycled Claim Standard), garantissant une cha\u00eene d&rsquo;approvisionnement enti\u00e8rement certifi\u00e9e en mat\u00e9riaux recycl\u00e9s. Avec un contenu recycl\u00e9 total de 62 % par rapport au poids total de l&rsquo;article, elle est respectueuse de l&rsquo;environnement et sans BPA. Avec un emballage en kraft certifi\u00e9 FSC\u00ae, vous pouvez m\u00eame r\u00e9utiliser la bo\u00eete comme support t\u00e9l\u00e9phone, porte-crayon ou pot de fleurs ! 2% des recettes de la vente de chaque produit Impact seront revers\u00e9s \u00e0 Water.org.<\/p>\n","protected":false},"excerpt":{"rendered":"<p>Bo\u00eete \u00e0 lunch Atlas 700ml en plastique recycl\u00e9 RCS. Commencez d\u00e8s aujourd&rsquo;hui \u00e0 manger dans des bo\u00eetes \u00e0 lunch \u00e0 faible impact. Elle est fabriqu\u00e9e \u00e0 partir de mat\u00e9riaux recycl\u00e9s certifi\u00e9s RCS (Recycled Claim Standard), garantissant une cha\u00eene d&rsquo;approvisionnement enti\u00e8rement certifi\u00e9e en mat\u00e9riaux recycl\u00e9s. Avec un contenu recycl\u00e9 total de 62 % par rapport au [&hellip;]<\/p>\n","protected":false},"featured_media":23711,"template":"","meta":{"_acf_changed":false},"product_cat":[],"product_tag":[],"class_list":["post-8303","product","type-product","status-publish","has-post-thumbnail","hentry"],"acf":[],"yoast_head":"<!-- This site is optimized with the Yoast SEO plugin v27.0 - https:\/\/yoast.com\/product\/yoast-seo-wordpress\/ -->\n<title>Bo\u00eete \u00e0 lunch 700ml en PP recycl\u00e9 RCS Avira Atlas, noir - Avira<\/title>\n<meta name=\"robots\" content=\"index, follow, max-snippet:-1, max-image-preview:large, max-video-preview:-1\" \/>\n<link rel=\"canonical\" href=\"https:\/\/avira-reusables.com\/fr\/collection\/non%20class\u00e9\/boite-a-lunch-700ml-en-pp-recycle-rcs-avira-atlas-noir\/\" \/>\n<meta property=\"og:locale\" content=\"fr_FR\" \/>\n<meta property=\"og:type\" content=\"article\" \/>\n<meta property=\"og:title\" content=\"Bo\u00eete \u00e0 lunch 700ml en PP recycl\u00e9 RCS Avira Atlas, noir - Avira\" \/>\n<meta property=\"og:description\" content=\"Bo\u00eete \u00e0 lunch Atlas 700ml en plastique recycl\u00e9 RCS. Commencez d\u00e8s aujourd&rsquo;hui \u00e0 manger dans des bo\u00eetes \u00e0 lunch \u00e0 faible impact. Elle est fabriqu\u00e9e \u00e0 partir de mat\u00e9riaux recycl\u00e9s certifi\u00e9s RCS (Recycled Claim Standard), garantissant une cha\u00eene d&rsquo;approvisionnement enti\u00e8rement certifi\u00e9e en mat\u00e9riaux recycl\u00e9s. Avec un contenu recycl\u00e9 total de 62 % par rapport au [&hellip;]\" \/>\n<meta property=\"og:url\" content=\"https:\/\/avira-reusables.com\/fr\/collection\/non class\u00e9\/boite-a-lunch-700ml-en-pp-recycle-rcs-avira-atlas-noir\/\" \/>\n<meta property=\"og:site_name\" content=\"Avira\" \/>\n<meta property=\"article:modified_time\" content=\"2026-04-15T23:14:39+00:00\" \/>\n<meta property=\"og:image\" content=\"https:\/\/avira-reusables.com\/wp-content\/uploads\/sites\/2\/2026\/04\/P438.071__S_0__81b5e9ec68604714840cee2984fe2bb2.jpg\" \/>\n\t<meta property=\"og:image:width\" content=\"1024\" \/>\n\t<meta property=\"og:image:height\" content=\"1024\" \/>\n\t<meta property=\"og:image:type\" content=\"image\/jpeg\" \/>\n<meta name=\"twitter:card\" content=\"summary_large_image\" \/>\n<meta name=\"twitter:label1\" content=\"Dur\u00e9e de lecture estim\u00e9e\" \/>\n\t<meta name=\"twitter:data1\" content=\"1 minute\" \/>\n<script type=\"application\/ld+json\" class=\"yoast-schema-graph\">{\"@context\":\"https:\/\/schema.org\",\"@graph\":[{\"@type\":\"WebPage\",\"@id\":\"https:\/\/avira-reusables.com\/fr\/collection\/non class\u00e9\/boite-a-lunch-700ml-en-pp-recycle-rcs-avira-atlas-noir\/\",\"url\":\"https:\/\/avira-reusables.com\/fr\/collection\/non class\u00e9\/boite-a-lunch-700ml-en-pp-recycle-rcs-avira-atlas-noir\/\",\"name\":\"Bo\u00eete \u00e0 lunch 700ml en PP recycl\u00e9 RCS Avira Atlas, noir - Avira\",\"isPartOf\":{\"@id\":\"https:\/\/avira-reusables.com\/fr\/#website\"},\"primaryImageOfPage\":{\"@id\":\"https:\/\/avira-reusables.com\/fr\/collection\/non class\u00e9\/boite-a-lunch-700ml-en-pp-recycle-rcs-avira-atlas-noir\/#primaryimage\"},\"image\":{\"@id\":\"https:\/\/avira-reusables.com\/fr\/collection\/non class\u00e9\/boite-a-lunch-700ml-en-pp-recycle-rcs-avira-atlas-noir\/#primaryimage\"},\"thumbnailUrl\":\"https:\/\/avira-reusables.com\/wp-content\/uploads\/sites\/2\/2026\/04\/P438.071__S_0__81b5e9ec68604714840cee2984fe2bb2.jpg\",\"datePublished\":\"2024-01-03T00:02:07+00:00\",\"dateModified\":\"2026-04-15T23:14:39+00:00\",\"breadcrumb\":{\"@id\":\"https:\/\/avira-reusables.com\/fr\/collection\/non class\u00e9\/boite-a-lunch-700ml-en-pp-recycle-rcs-avira-atlas-noir\/#breadcrumb\"},\"inLanguage\":\"fr-FR\",\"potentialAction\":[{\"@type\":\"ReadAction\",\"target\":[\"https:\/\/avira-reusables.com\/fr\/collection\/non class\u00e9\/boite-a-lunch-700ml-en-pp-recycle-rcs-avira-atlas-noir\/\"]}]},{\"@type\":\"ImageObject\",\"inLanguage\":\"fr-FR\",\"@id\":\"https:\/\/avira-reusables.com\/fr\/collection\/non class\u00e9\/boite-a-lunch-700ml-en-pp-recycle-rcs-avira-atlas-noir\/#primaryimage\",\"url\":\"https:\/\/avira-reusables.com\/wp-content\/uploads\/sites\/2\/2026\/04\/P438.071__S_0__81b5e9ec68604714840cee2984fe2bb2.jpg\",\"contentUrl\":\"https:\/\/avira-reusables.com\/wp-content\/uploads\/sites\/2\/2026\/04\/P438.071__S_0__81b5e9ec68604714840cee2984fe2bb2.jpg\",\"width\":1024,\"height\":1024},{\"@type\":\"BreadcrumbList\",\"@id\":\"https:\/\/avira-reusables.com\/fr\/collection\/non class\u00e9\/boite-a-lunch-700ml-en-pp-recycle-rcs-avira-atlas-noir\/#breadcrumb\",\"itemListElement\":[{\"@type\":\"ListItem\",\"position\":1,\"name\":\"Home\",\"item\":\"https:\/\/avira-reusables.com\/fr\/\"},{\"@type\":\"ListItem\",\"position\":2,\"name\":\"Collection\",\"item\":\"https:\/\/avira-reusables.com\/fr\/collection\/\"},{\"@type\":\"ListItem\",\"position\":3,\"name\":\"Bo\u00eete \u00e0 lunch 700ml en PP recycl\u00e9 RCS Avira Atlas, noir\"}]},{\"@type\":\"WebSite\",\"@id\":\"https:\/\/avira-reusables.com\/fr\/#website\",\"url\":\"https:\/\/avira-reusables.com\/fr\/\",\"name\":\"Avira\",\"description\":\"Made of 100% recycled materials\",\"potentialAction\":[{\"@type\":\"SearchAction\",\"target\":{\"@type\":\"EntryPoint\",\"urlTemplate\":\"https:\/\/avira-reusables.com\/fr\/?s={search_term_string}\"},\"query-input\":{\"@type\":\"PropertyValueSpecification\",\"valueRequired\":true,\"valueName\":\"search_term_string\"}}],\"inLanguage\":\"fr-FR\"}]}<\/script>\n<!-- \/ Yoast SEO plugin. -->","yoast_head_json":{"title":"Bo\u00eete \u00e0 lunch 700ml en PP recycl\u00e9 RCS Avira Atlas, noir - Avira","robots":{"index":"index","follow":"follow","max-snippet":"max-snippet:-1","max-image-preview":"max-image-preview:large","max-video-preview":"max-video-preview:-1"},"canonical":"https:\/\/avira-reusables.com\/fr\/collection\/non class\u00e9\/boite-a-lunch-700ml-en-pp-recycle-rcs-avira-atlas-noir\/","og_locale":"fr_FR","og_type":"article","og_title":"Bo\u00eete \u00e0 lunch 700ml en PP recycl\u00e9 RCS Avira Atlas, noir - Avira","og_description":"Bo\u00eete \u00e0 lunch Atlas 700ml en plastique recycl\u00e9 RCS. Commencez d\u00e8s aujourd&rsquo;hui \u00e0 manger dans des bo\u00eetes \u00e0 lunch \u00e0 faible impact. Elle est fabriqu\u00e9e \u00e0 partir de mat\u00e9riaux recycl\u00e9s certifi\u00e9s RCS (Recycled Claim Standard), garantissant une cha\u00eene d&rsquo;approvisionnement enti\u00e8rement certifi\u00e9e en mat\u00e9riaux recycl\u00e9s. Avec un contenu recycl\u00e9 total de 62 % par rapport au [&hellip;]","og_url":"https:\/\/avira-reusables.com\/fr\/collection\/non class\u00e9\/boite-a-lunch-700ml-en-pp-recycle-rcs-avira-atlas-noir\/","og_site_name":"Avira","article_modified_time":"2026-04-15T23:14:39+00:00","og_image":[{"width":1024,"height":1024,"url":"https:\/\/avira-reusables.com\/wp-content\/uploads\/sites\/2\/2026\/04\/P438.071__S_0__81b5e9ec68604714840cee2984fe2bb2.jpg","type":"image\/jpeg"}],"twitter_card":"summary_large_image","twitter_misc":{"Dur\u00e9e de lecture estim\u00e9e":"1 minute"},"schema":{"@context":"https:\/\/schema.org","@graph":[{"@type":"WebPage","@id":"https:\/\/avira-reusables.com\/fr\/collection\/non class\u00e9\/boite-a-lunch-700ml-en-pp-recycle-rcs-avira-atlas-noir\/","url":"https:\/\/avira-reusables.com\/fr\/collection\/non class\u00e9\/boite-a-lunch-700ml-en-pp-recycle-rcs-avira-atlas-noir\/","name":"Bo\u00eete \u00e0 lunch 700ml en PP recycl\u00e9 RCS Avira Atlas, noir - Avira","isPartOf":{"@id":"https:\/\/avira-reusables.com\/fr\/#website"},"primaryImageOfPage":{"@id":"https:\/\/avira-reusables.com\/fr\/collection\/non class\u00e9\/boite-a-lunch-700ml-en-pp-recycle-rcs-avira-atlas-noir\/#primaryimage"},"image":{"@id":"https:\/\/avira-reusables.com\/fr\/collection\/non class\u00e9\/boite-a-lunch-700ml-en-pp-recycle-rcs-avira-atlas-noir\/#primaryimage"},"thumbnailUrl":"https:\/\/avira-reusables.com\/wp-content\/uploads\/sites\/2\/2026\/04\/P438.071__S_0__81b5e9ec68604714840cee2984fe2bb2.jpg","datePublished":"2024-01-03T00:02:07+00:00","dateModified":"2026-04-15T23:14:39+00:00","breadcrumb":{"@id":"https:\/\/avira-reusables.com\/fr\/collection\/non class\u00e9\/boite-a-lunch-700ml-en-pp-recycle-rcs-avira-atlas-noir\/#breadcrumb"},"inLanguage":"fr-FR","potentialAction":[{"@type":"ReadAction","target":["https:\/\/avira-reusables.com\/fr\/collection\/non class\u00e9\/boite-a-lunch-700ml-en-pp-recycle-rcs-avira-atlas-noir\/"]}]},{"@type":"ImageObject","inLanguage":"fr-FR","@id":"https:\/\/avira-reusables.com\/fr\/collection\/non class\u00e9\/boite-a-lunch-700ml-en-pp-recycle-rcs-avira-atlas-noir\/#primaryimage","url":"https:\/\/avira-reusables.com\/wp-content\/uploads\/sites\/2\/2026\/04\/P438.071__S_0__81b5e9ec68604714840cee2984fe2bb2.jpg","contentUrl":"https:\/\/avira-reusables.com\/wp-content\/uploads\/sites\/2\/2026\/04\/P438.071__S_0__81b5e9ec68604714840cee2984fe2bb2.jpg","width":1024,"height":1024},{"@type":"BreadcrumbList","@id":"https:\/\/avira-reusables.com\/fr\/collection\/non class\u00e9\/boite-a-lunch-700ml-en-pp-recycle-rcs-avira-atlas-noir\/#breadcrumb","itemListElement":[{"@type":"ListItem","position":1,"name":"Home","item":"https:\/\/avira-reusables.com\/fr\/"},{"@type":"ListItem","position":2,"name":"Collection","item":"https:\/\/avira-reusables.com\/fr\/collection\/"},{"@type":"ListItem","position":3,"name":"Bo\u00eete \u00e0 lunch 700ml en PP recycl\u00e9 RCS Avira Atlas, noir"}]},{"@type":"WebSite","@id":"https:\/\/avira-reusables.com\/fr\/#website","url":"https:\/\/avira-reusables.com\/fr\/","name":"Avira","description":"Made of 100% recycled materials","potentialAction":[{"@type":"SearchAction","target":{"@type":"EntryPoint","urlTemplate":"https:\/\/avira-reusables.com\/fr\/?s={search_term_string}"},"query-input":{"@type":"PropertyValueSpecification","valueRequired":true,"valueName":"search_term_string"}}],"inLanguage":"fr-FR"}]}},"_links":{"self":[{"href":"https:\/\/avira-reusables.com\/fr\/wp-json\/wp\/v2\/product\/8303","targetHints":{"allow":["GET"]}}],"collection":[{"href":"https:\/\/avira-reusables.com\/fr\/wp-json\/wp\/v2\/product"}],"about":[{"href":"https:\/\/avira-reusables.com\/fr\/wp-json\/wp\/v2\/types\/product"}],"wp:featuredmedia":[{"embeddable":true,"href":"https:\/\/avira-reusables.com\/fr\/wp-json\/wp\/v2\/media\/23711"}],"wp:attachment":[{"href":"https:\/\/avira-reusables.com\/fr\/wp-json\/wp\/v2\/media?parent=8303"}],"wp:term":[{"taxonomy":"product_cat","embeddable":true,"href":"https:\/\/avira-reusables.com\/fr\/wp-json\/wp\/v2\/product_cat?post=8303"},{"taxonomy":"product_tag","embeddable":true,"href":"https:\/\/avira-reusables.com\/fr\/wp-json\/wp\/v2\/product_tag?post=8303"}],"curies":[{"name":"wp","href":"https:\/\/api.w.org\/{rel}","templated":true}]}}