{"id":8306,"date":"2024-01-03T02:02:07","date_gmt":"2024-01-03T00:02:07","guid":{"rendered":"https:\/\/avira-reusables.com\/collection\/non%20class\u00e9\/bouteille-deau-500ml-fliptop-en-acier-rcs-avira-ara-noir\/"},"modified":"2026-04-16T01:14:46","modified_gmt":"2026-04-15T23:14:46","slug":"bouteille-deau-500ml-fliptop-en-acier-rcs-avira-ara-noir","status":"publish","type":"product","link":"https:\/\/avira-reusables.com\/fr\/collection\/non class\u00e9\/bouteille-deau-500ml-fliptop-en-acier-rcs-avira-ara-noir\/","title":{"rendered":"Bouteille d&rsquo;eau 500ml fliptop en acier RCS Avira Ara, noir"},"content":{"rendered":"<p>Bouteille Ara 500ml en acier inoxydable recycl\u00e9 RCS avec un couvercle Fliptop innovant et une paille, ce qui la rend parfaite pour le sport ou les activit\u00e9s en d\u00e9placement. Sa double paroi en acier inoxydable recycl\u00e9 permet de conserver l&rsquo;eau fra\u00eeche jusqu&rsquo;\u00e0 20 heures. Cette bouteille s&rsquo;adapte \u00e0 la plupart des porte-gobelets standard des voitures, ce qui vous permet de l&#8217;emporter partout avec vous. Elle est fabriqu\u00e9e \u00e0 partir de mat\u00e9riaux recycl\u00e9s certifi\u00e9s RCS (Recycled Claim Standard), ce qui garantit une cha\u00eene d&rsquo;approvisionnement enti\u00e8rement certifi\u00e9e en mat\u00e9riaux recycl\u00e9s. Avec un conte nu recycl\u00e9 total de 85% par rapport au poids total de l&rsquo;article, il est respectueux de l&rsquo;environnement et sans BPA. Emballage en kraft certifi\u00e9 FSC\u00ae, vous pouvez m\u00eame utiliser la bo\u00eete comme porte-t\u00e9l\u00e9phone, porte-crayon ou pot de fleurs ! 2% des recettes de la vente de chaque produit Impact seront revers\u00e9s \u00e0 Water.org.<\/p>\n","protected":false},"excerpt":{"rendered":"<p>Bouteille Ara 500ml en acier inoxydable recycl\u00e9 RCS avec un couvercle Fliptop innovant et une paille, ce qui la rend parfaite pour le sport ou les activit\u00e9s en d\u00e9placement. Sa double paroi en acier inoxydable recycl\u00e9 permet de conserver l&rsquo;eau fra\u00eeche jusqu&rsquo;\u00e0 20 heures. Cette bouteille s&rsquo;adapte \u00e0 la plupart des porte-gobelets standard des voitures, [&hellip;]<\/p>\n","protected":false},"featured_media":23732,"template":"","meta":{"_acf_changed":false},"product_cat":[],"product_tag":[],"class_list":["post-8306","product","type-product","status-publish","has-post-thumbnail","hentry"],"acf":[],"yoast_head":"<!-- This site is optimized with the Yoast SEO plugin v27.0 - https:\/\/yoast.com\/product\/yoast-seo-wordpress\/ -->\n<title>Bouteille d&#039;eau 500ml fliptop en acier RCS Avira Ara, noir - Avira<\/title>\n<meta name=\"robots\" content=\"index, follow, max-snippet:-1, max-image-preview:large, max-video-preview:-1\" \/>\n<link rel=\"canonical\" href=\"https:\/\/avira-reusables.com\/fr\/collection\/non%20class\u00e9\/bouteille-deau-500ml-fliptop-en-acier-rcs-avira-ara-noir\/\" \/>\n<meta property=\"og:locale\" content=\"fr_FR\" \/>\n<meta property=\"og:type\" content=\"article\" \/>\n<meta property=\"og:title\" content=\"Bouteille d&#039;eau 500ml fliptop en acier RCS Avira Ara, noir - Avira\" \/>\n<meta property=\"og:description\" content=\"Bouteille Ara 500ml en acier inoxydable recycl\u00e9 RCS avec un couvercle Fliptop innovant et une paille, ce qui la rend parfaite pour le sport ou les activit\u00e9s en d\u00e9placement. Sa double paroi en acier inoxydable recycl\u00e9 permet de conserver l&rsquo;eau fra\u00eeche jusqu&rsquo;\u00e0 20 heures. Cette bouteille s&rsquo;adapte \u00e0 la plupart des porte-gobelets standard des voitures, [&hellip;]\" \/>\n<meta property=\"og:url\" content=\"https:\/\/avira-reusables.com\/fr\/collection\/non class\u00e9\/bouteille-deau-500ml-fliptop-en-acier-rcs-avira-ara-noir\/\" \/>\n<meta property=\"og:site_name\" content=\"Avira\" \/>\n<meta property=\"article:modified_time\" content=\"2026-04-15T23:14:46+00:00\" \/>\n<meta property=\"og:image\" content=\"https:\/\/avira-reusables.com\/wp-content\/uploads\/sites\/2\/2026\/04\/P438.081__S_0__fc4160ef802f4f9e992ec3b13dc84c69.jpg\" \/>\n\t<meta property=\"og:image:width\" content=\"1024\" \/>\n\t<meta property=\"og:image:height\" content=\"1024\" \/>\n\t<meta property=\"og:image:type\" content=\"image\/jpeg\" \/>\n<meta name=\"twitter:card\" content=\"summary_large_image\" \/>\n<meta name=\"twitter:label1\" content=\"Dur\u00e9e de lecture estim\u00e9e\" \/>\n\t<meta name=\"twitter:data1\" content=\"1 minute\" \/>\n<script type=\"application\/ld+json\" class=\"yoast-schema-graph\">{\"@context\":\"https:\/\/schema.org\",\"@graph\":[{\"@type\":\"WebPage\",\"@id\":\"https:\/\/avira-reusables.com\/fr\/collection\/non class\u00e9\/bouteille-deau-500ml-fliptop-en-acier-rcs-avira-ara-noir\/\",\"url\":\"https:\/\/avira-reusables.com\/fr\/collection\/non class\u00e9\/bouteille-deau-500ml-fliptop-en-acier-rcs-avira-ara-noir\/\",\"name\":\"Bouteille d'eau 500ml fliptop en acier RCS Avira Ara, noir - Avira\",\"isPartOf\":{\"@id\":\"https:\/\/avira-reusables.com\/fr\/#website\"},\"primaryImageOfPage\":{\"@id\":\"https:\/\/avira-reusables.com\/fr\/collection\/non class\u00e9\/bouteille-deau-500ml-fliptop-en-acier-rcs-avira-ara-noir\/#primaryimage\"},\"image\":{\"@id\":\"https:\/\/avira-reusables.com\/fr\/collection\/non class\u00e9\/bouteille-deau-500ml-fliptop-en-acier-rcs-avira-ara-noir\/#primaryimage\"},\"thumbnailUrl\":\"https:\/\/avira-reusables.com\/wp-content\/uploads\/sites\/2\/2026\/04\/P438.081__S_0__fc4160ef802f4f9e992ec3b13dc84c69.jpg\",\"datePublished\":\"2024-01-03T00:02:07+00:00\",\"dateModified\":\"2026-04-15T23:14:46+00:00\",\"breadcrumb\":{\"@id\":\"https:\/\/avira-reusables.com\/fr\/collection\/non class\u00e9\/bouteille-deau-500ml-fliptop-en-acier-rcs-avira-ara-noir\/#breadcrumb\"},\"inLanguage\":\"fr-FR\",\"potentialAction\":[{\"@type\":\"ReadAction\",\"target\":[\"https:\/\/avira-reusables.com\/fr\/collection\/non class\u00e9\/bouteille-deau-500ml-fliptop-en-acier-rcs-avira-ara-noir\/\"]}]},{\"@type\":\"ImageObject\",\"inLanguage\":\"fr-FR\",\"@id\":\"https:\/\/avira-reusables.com\/fr\/collection\/non class\u00e9\/bouteille-deau-500ml-fliptop-en-acier-rcs-avira-ara-noir\/#primaryimage\",\"url\":\"https:\/\/avira-reusables.com\/wp-content\/uploads\/sites\/2\/2026\/04\/P438.081__S_0__fc4160ef802f4f9e992ec3b13dc84c69.jpg\",\"contentUrl\":\"https:\/\/avira-reusables.com\/wp-content\/uploads\/sites\/2\/2026\/04\/P438.081__S_0__fc4160ef802f4f9e992ec3b13dc84c69.jpg\",\"width\":1024,\"height\":1024},{\"@type\":\"BreadcrumbList\",\"@id\":\"https:\/\/avira-reusables.com\/fr\/collection\/non class\u00e9\/bouteille-deau-500ml-fliptop-en-acier-rcs-avira-ara-noir\/#breadcrumb\",\"itemListElement\":[{\"@type\":\"ListItem\",\"position\":1,\"name\":\"Home\",\"item\":\"https:\/\/avira-reusables.com\/fr\/\"},{\"@type\":\"ListItem\",\"position\":2,\"name\":\"Collection\",\"item\":\"https:\/\/avira-reusables.com\/fr\/collection\/\"},{\"@type\":\"ListItem\",\"position\":3,\"name\":\"Bouteille d&#8217;eau 500ml fliptop en acier RCS Avira Ara, noir\"}]},{\"@type\":\"WebSite\",\"@id\":\"https:\/\/avira-reusables.com\/fr\/#website\",\"url\":\"https:\/\/avira-reusables.com\/fr\/\",\"name\":\"Avira\",\"description\":\"Made of 100% recycled materials\",\"potentialAction\":[{\"@type\":\"SearchAction\",\"target\":{\"@type\":\"EntryPoint\",\"urlTemplate\":\"https:\/\/avira-reusables.com\/fr\/?s={search_term_string}\"},\"query-input\":{\"@type\":\"PropertyValueSpecification\",\"valueRequired\":true,\"valueName\":\"search_term_string\"}}],\"inLanguage\":\"fr-FR\"}]}<\/script>\n<!-- \/ Yoast SEO plugin. -->","yoast_head_json":{"title":"Bouteille d'eau 500ml fliptop en acier RCS Avira Ara, noir - Avira","robots":{"index":"index","follow":"follow","max-snippet":"max-snippet:-1","max-image-preview":"max-image-preview:large","max-video-preview":"max-video-preview:-1"},"canonical":"https:\/\/avira-reusables.com\/fr\/collection\/non class\u00e9\/bouteille-deau-500ml-fliptop-en-acier-rcs-avira-ara-noir\/","og_locale":"fr_FR","og_type":"article","og_title":"Bouteille d'eau 500ml fliptop en acier RCS Avira Ara, noir - Avira","og_description":"Bouteille Ara 500ml en acier inoxydable recycl\u00e9 RCS avec un couvercle Fliptop innovant et une paille, ce qui la rend parfaite pour le sport ou les activit\u00e9s en d\u00e9placement. Sa double paroi en acier inoxydable recycl\u00e9 permet de conserver l&rsquo;eau fra\u00eeche jusqu&rsquo;\u00e0 20 heures. Cette bouteille s&rsquo;adapte \u00e0 la plupart des porte-gobelets standard des voitures, [&hellip;]","og_url":"https:\/\/avira-reusables.com\/fr\/collection\/non class\u00e9\/bouteille-deau-500ml-fliptop-en-acier-rcs-avira-ara-noir\/","og_site_name":"Avira","article_modified_time":"2026-04-15T23:14:46+00:00","og_image":[{"width":1024,"height":1024,"url":"https:\/\/avira-reusables.com\/wp-content\/uploads\/sites\/2\/2026\/04\/P438.081__S_0__fc4160ef802f4f9e992ec3b13dc84c69.jpg","type":"image\/jpeg"}],"twitter_card":"summary_large_image","twitter_misc":{"Dur\u00e9e de lecture estim\u00e9e":"1 minute"},"schema":{"@context":"https:\/\/schema.org","@graph":[{"@type":"WebPage","@id":"https:\/\/avira-reusables.com\/fr\/collection\/non class\u00e9\/bouteille-deau-500ml-fliptop-en-acier-rcs-avira-ara-noir\/","url":"https:\/\/avira-reusables.com\/fr\/collection\/non class\u00e9\/bouteille-deau-500ml-fliptop-en-acier-rcs-avira-ara-noir\/","name":"Bouteille d'eau 500ml fliptop en acier RCS Avira Ara, noir - Avira","isPartOf":{"@id":"https:\/\/avira-reusables.com\/fr\/#website"},"primaryImageOfPage":{"@id":"https:\/\/avira-reusables.com\/fr\/collection\/non class\u00e9\/bouteille-deau-500ml-fliptop-en-acier-rcs-avira-ara-noir\/#primaryimage"},"image":{"@id":"https:\/\/avira-reusables.com\/fr\/collection\/non class\u00e9\/bouteille-deau-500ml-fliptop-en-acier-rcs-avira-ara-noir\/#primaryimage"},"thumbnailUrl":"https:\/\/avira-reusables.com\/wp-content\/uploads\/sites\/2\/2026\/04\/P438.081__S_0__fc4160ef802f4f9e992ec3b13dc84c69.jpg","datePublished":"2024-01-03T00:02:07+00:00","dateModified":"2026-04-15T23:14:46+00:00","breadcrumb":{"@id":"https:\/\/avira-reusables.com\/fr\/collection\/non class\u00e9\/bouteille-deau-500ml-fliptop-en-acier-rcs-avira-ara-noir\/#breadcrumb"},"inLanguage":"fr-FR","potentialAction":[{"@type":"ReadAction","target":["https:\/\/avira-reusables.com\/fr\/collection\/non class\u00e9\/bouteille-deau-500ml-fliptop-en-acier-rcs-avira-ara-noir\/"]}]},{"@type":"ImageObject","inLanguage":"fr-FR","@id":"https:\/\/avira-reusables.com\/fr\/collection\/non class\u00e9\/bouteille-deau-500ml-fliptop-en-acier-rcs-avira-ara-noir\/#primaryimage","url":"https:\/\/avira-reusables.com\/wp-content\/uploads\/sites\/2\/2026\/04\/P438.081__S_0__fc4160ef802f4f9e992ec3b13dc84c69.jpg","contentUrl":"https:\/\/avira-reusables.com\/wp-content\/uploads\/sites\/2\/2026\/04\/P438.081__S_0__fc4160ef802f4f9e992ec3b13dc84c69.jpg","width":1024,"height":1024},{"@type":"BreadcrumbList","@id":"https:\/\/avira-reusables.com\/fr\/collection\/non class\u00e9\/bouteille-deau-500ml-fliptop-en-acier-rcs-avira-ara-noir\/#breadcrumb","itemListElement":[{"@type":"ListItem","position":1,"name":"Home","item":"https:\/\/avira-reusables.com\/fr\/"},{"@type":"ListItem","position":2,"name":"Collection","item":"https:\/\/avira-reusables.com\/fr\/collection\/"},{"@type":"ListItem","position":3,"name":"Bouteille d&#8217;eau 500ml fliptop en acier RCS Avira Ara, noir"}]},{"@type":"WebSite","@id":"https:\/\/avira-reusables.com\/fr\/#website","url":"https:\/\/avira-reusables.com\/fr\/","name":"Avira","description":"Made of 100% recycled materials","potentialAction":[{"@type":"SearchAction","target":{"@type":"EntryPoint","urlTemplate":"https:\/\/avira-reusables.com\/fr\/?s={search_term_string}"},"query-input":{"@type":"PropertyValueSpecification","valueRequired":true,"valueName":"search_term_string"}}],"inLanguage":"fr-FR"}]}},"_links":{"self":[{"href":"https:\/\/avira-reusables.com\/fr\/wp-json\/wp\/v2\/product\/8306","targetHints":{"allow":["GET"]}}],"collection":[{"href":"https:\/\/avira-reusables.com\/fr\/wp-json\/wp\/v2\/product"}],"about":[{"href":"https:\/\/avira-reusables.com\/fr\/wp-json\/wp\/v2\/types\/product"}],"wp:featuredmedia":[{"embeddable":true,"href":"https:\/\/avira-reusables.com\/fr\/wp-json\/wp\/v2\/media\/23732"}],"wp:attachment":[{"href":"https:\/\/avira-reusables.com\/fr\/wp-json\/wp\/v2\/media?parent=8306"}],"wp:term":[{"taxonomy":"product_cat","embeddable":true,"href":"https:\/\/avira-reusables.com\/fr\/wp-json\/wp\/v2\/product_cat?post=8306"},{"taxonomy":"product_tag","embeddable":true,"href":"https:\/\/avira-reusables.com\/fr\/wp-json\/wp\/v2\/product_tag?post=8306"}],"curies":[{"name":"wp","href":"https:\/\/api.w.org\/{rel}","templated":true}]}}