{"id":22631,"date":"2025-01-25T02:02:08","date_gmt":"2025-01-25T00:02:08","guid":{"rendered":"https:\/\/avira-reusables.com\/collection\/senza-categoria\/bottiglia-avira-alok-in-racciaio-360-rcs-600ml-nero\/"},"modified":"2026-03-12T02:34:31","modified_gmt":"2026-03-12T00:34:31","slug":"bottiglia-avira-alok-in-racciaio-360-rcs-600ml-nero","status":"publish","type":"product","link":"https:\/\/avira-reusables.com\/it\/collection\/senza-categoria\/bottiglia-avira-alok-in-racciaio-360-rcs-600ml-nero\/","title":{"rendered":"Bottiglia Avira Alok in rAcciaio 360 RCS 600ml, nero"},"content":{"rendered":"<p>Alok \u00e8 una versione leggermente pi\u00f9 grande del nostro bestseller, progettata per un&#8217;esperienza di consumo a 360 gradi che esalta l&#8217;aroma del caff\u00e8. Grazie alla facilit\u00e0 di apertura con una sola mano, \u00e8 ideale per uno stile di vita sempre in movimento. Il coperchio \u00e8 facile da pulire e il corpo \u00e8 realizzato in acciaio riciclato certificato RCS, che lo rende sostenibile e privo di BPA. Con una capacit\u00e0 di 600 ml, viene fornita in una confezione kraft certificata FSC\u00ae che pu\u00f2 essere riutilizzata come porta telefono, porta matite o persino come vaso da fiori! Contenuto totale riciclato: 77% in base al peso totale dell&#8217;articolo. Il 2% del ricavato di ogni articolo Impact verr\u00e0 devoluto a Water.org.<\/p>\n","protected":false},"excerpt":{"rendered":"<p>Alok \u00e8 una versione leggermente pi\u00f9 grande del nostro bestseller, progettata per un&#8217;esperienza di consumo a 360 gradi che esalta l&#8217;aroma del caff\u00e8. Grazie alla facilit\u00e0 di apertura con una sola mano, \u00e8 ideale per uno stile di vita sempre in movimento. Il coperchio \u00e8 facile da pulire e il corpo \u00e8 realizzato in acciaio [&hellip;]<\/p>\n","protected":false},"featured_media":22643,"template":"","meta":{"_acf_changed":false},"product_cat":[],"product_tag":[],"class_list":["post-22631","product","type-product","status-publish","has-post-thumbnail","hentry"],"acf":[],"yoast_head":"<!-- This site is optimized with the Yoast SEO plugin v27.0 - https:\/\/yoast.com\/product\/yoast-seo-wordpress\/ -->\n<title>Bottiglia Avira Alok in rAcciaio 360 RCS 600ml, nero - Avira<\/title>\n<meta name=\"robots\" content=\"index, follow, max-snippet:-1, max-image-preview:large, max-video-preview:-1\" \/>\n<link rel=\"canonical\" href=\"https:\/\/avira-reusables.com\/it\/collection\/senza-categoria\/bottiglia-avira-alok-in-racciaio-360-rcs-600ml-nero\/\" \/>\n<meta property=\"og:locale\" content=\"it_IT\" \/>\n<meta property=\"og:type\" content=\"article\" \/>\n<meta property=\"og:title\" content=\"Bottiglia Avira Alok in rAcciaio 360 RCS 600ml, nero - Avira\" \/>\n<meta property=\"og:description\" content=\"Alok \u00e8 una versione leggermente pi\u00f9 grande del nostro bestseller, progettata per un&#8217;esperienza di consumo a 360 gradi che esalta l&#8217;aroma del caff\u00e8. Grazie alla facilit\u00e0 di apertura con una sola mano, \u00e8 ideale per uno stile di vita sempre in movimento. Il coperchio \u00e8 facile da pulire e il corpo \u00e8 realizzato in acciaio [&hellip;]\" \/>\n<meta property=\"og:url\" content=\"https:\/\/avira-reusables.com\/it\/collection\/senza-categoria\/bottiglia-avira-alok-in-racciaio-360-rcs-600ml-nero\/\" \/>\n<meta property=\"og:site_name\" content=\"Avira\" \/>\n<meta property=\"article:modified_time\" content=\"2026-03-12T00:34:31+00:00\" \/>\n<meta property=\"og:image\" content=\"https:\/\/avira-reusables.com\/wp-content\/uploads\/sites\/2\/2025\/01\/P438.0901__S_0__1e73d56b5c344ab09c2c779b1f3c5263.jpg\" \/>\n\t<meta property=\"og:image:width\" content=\"1024\" \/>\n\t<meta property=\"og:image:height\" content=\"1024\" \/>\n\t<meta property=\"og:image:type\" content=\"image\/jpeg\" \/>\n<meta name=\"twitter:card\" content=\"summary_large_image\" \/>\n<meta name=\"twitter:label1\" content=\"Tempo di lettura stimato\" \/>\n\t<meta name=\"twitter:data1\" content=\"1 minuto\" \/>\n<script type=\"application\/ld+json\" class=\"yoast-schema-graph\">{\"@context\":\"https:\/\/schema.org\",\"@graph\":[{\"@type\":\"WebPage\",\"@id\":\"https:\/\/avira-reusables.com\/it\/collection\/senza-categoria\/bottiglia-avira-alok-in-racciaio-360-rcs-600ml-nero\/\",\"url\":\"https:\/\/avira-reusables.com\/it\/collection\/senza-categoria\/bottiglia-avira-alok-in-racciaio-360-rcs-600ml-nero\/\",\"name\":\"Bottiglia Avira Alok in rAcciaio 360 RCS 600ml, nero - Avira\",\"isPartOf\":{\"@id\":\"https:\/\/avira-reusables.com\/it\/#website\"},\"primaryImageOfPage\":{\"@id\":\"https:\/\/avira-reusables.com\/it\/collection\/senza-categoria\/bottiglia-avira-alok-in-racciaio-360-rcs-600ml-nero\/#primaryimage\"},\"image\":{\"@id\":\"https:\/\/avira-reusables.com\/it\/collection\/senza-categoria\/bottiglia-avira-alok-in-racciaio-360-rcs-600ml-nero\/#primaryimage\"},\"thumbnailUrl\":\"https:\/\/avira-reusables.com\/wp-content\/uploads\/sites\/2\/2025\/01\/P438.0901__S_0__1e73d56b5c344ab09c2c779b1f3c5263.jpg\",\"datePublished\":\"2025-01-25T00:02:08+00:00\",\"dateModified\":\"2026-03-12T00:34:31+00:00\",\"breadcrumb\":{\"@id\":\"https:\/\/avira-reusables.com\/it\/collection\/senza-categoria\/bottiglia-avira-alok-in-racciaio-360-rcs-600ml-nero\/#breadcrumb\"},\"inLanguage\":\"it-IT\",\"potentialAction\":[{\"@type\":\"ReadAction\",\"target\":[\"https:\/\/avira-reusables.com\/it\/collection\/senza-categoria\/bottiglia-avira-alok-in-racciaio-360-rcs-600ml-nero\/\"]}]},{\"@type\":\"ImageObject\",\"inLanguage\":\"it-IT\",\"@id\":\"https:\/\/avira-reusables.com\/it\/collection\/senza-categoria\/bottiglia-avira-alok-in-racciaio-360-rcs-600ml-nero\/#primaryimage\",\"url\":\"https:\/\/avira-reusables.com\/wp-content\/uploads\/sites\/2\/2025\/01\/P438.0901__S_0__1e73d56b5c344ab09c2c779b1f3c5263.jpg\",\"contentUrl\":\"https:\/\/avira-reusables.com\/wp-content\/uploads\/sites\/2\/2025\/01\/P438.0901__S_0__1e73d56b5c344ab09c2c779b1f3c5263.jpg\",\"width\":1024,\"height\":1024},{\"@type\":\"BreadcrumbList\",\"@id\":\"https:\/\/avira-reusables.com\/it\/collection\/senza-categoria\/bottiglia-avira-alok-in-racciaio-360-rcs-600ml-nero\/#breadcrumb\",\"itemListElement\":[{\"@type\":\"ListItem\",\"position\":1,\"name\":\"Home\",\"item\":\"https:\/\/avira-reusables.com\/it\/\"},{\"@type\":\"ListItem\",\"position\":2,\"name\":\"Collezione\",\"item\":\"https:\/\/avira-reusables.com\/it\/collezione\/\"},{\"@type\":\"ListItem\",\"position\":3,\"name\":\"Bottiglia Avira Alok in rAcciaio 360 RCS 600ml, nero\"}]},{\"@type\":\"WebSite\",\"@id\":\"https:\/\/avira-reusables.com\/it\/#website\",\"url\":\"https:\/\/avira-reusables.com\/it\/\",\"name\":\"Avira\",\"description\":\"Made of 100% recycled materials\",\"potentialAction\":[{\"@type\":\"SearchAction\",\"target\":{\"@type\":\"EntryPoint\",\"urlTemplate\":\"https:\/\/avira-reusables.com\/it\/?s={search_term_string}\"},\"query-input\":{\"@type\":\"PropertyValueSpecification\",\"valueRequired\":true,\"valueName\":\"search_term_string\"}}],\"inLanguage\":\"it-IT\"}]}<\/script>\n<!-- \/ Yoast SEO plugin. -->","yoast_head_json":{"title":"Bottiglia Avira Alok in rAcciaio 360 RCS 600ml, nero - Avira","robots":{"index":"index","follow":"follow","max-snippet":"max-snippet:-1","max-image-preview":"max-image-preview:large","max-video-preview":"max-video-preview:-1"},"canonical":"https:\/\/avira-reusables.com\/it\/collection\/senza-categoria\/bottiglia-avira-alok-in-racciaio-360-rcs-600ml-nero\/","og_locale":"it_IT","og_type":"article","og_title":"Bottiglia Avira Alok in rAcciaio 360 RCS 600ml, nero - Avira","og_description":"Alok \u00e8 una versione leggermente pi\u00f9 grande del nostro bestseller, progettata per un&#8217;esperienza di consumo a 360 gradi che esalta l&#8217;aroma del caff\u00e8. Grazie alla facilit\u00e0 di apertura con una sola mano, \u00e8 ideale per uno stile di vita sempre in movimento. Il coperchio \u00e8 facile da pulire e il corpo \u00e8 realizzato in acciaio [&hellip;]","og_url":"https:\/\/avira-reusables.com\/it\/collection\/senza-categoria\/bottiglia-avira-alok-in-racciaio-360-rcs-600ml-nero\/","og_site_name":"Avira","article_modified_time":"2026-03-12T00:34:31+00:00","og_image":[{"width":1024,"height":1024,"url":"https:\/\/avira-reusables.com\/wp-content\/uploads\/sites\/2\/2025\/01\/P438.0901__S_0__1e73d56b5c344ab09c2c779b1f3c5263.jpg","type":"image\/jpeg"}],"twitter_card":"summary_large_image","twitter_misc":{"Tempo di lettura stimato":"1 minuto"},"schema":{"@context":"https:\/\/schema.org","@graph":[{"@type":"WebPage","@id":"https:\/\/avira-reusables.com\/it\/collection\/senza-categoria\/bottiglia-avira-alok-in-racciaio-360-rcs-600ml-nero\/","url":"https:\/\/avira-reusables.com\/it\/collection\/senza-categoria\/bottiglia-avira-alok-in-racciaio-360-rcs-600ml-nero\/","name":"Bottiglia Avira Alok in rAcciaio 360 RCS 600ml, nero - Avira","isPartOf":{"@id":"https:\/\/avira-reusables.com\/it\/#website"},"primaryImageOfPage":{"@id":"https:\/\/avira-reusables.com\/it\/collection\/senza-categoria\/bottiglia-avira-alok-in-racciaio-360-rcs-600ml-nero\/#primaryimage"},"image":{"@id":"https:\/\/avira-reusables.com\/it\/collection\/senza-categoria\/bottiglia-avira-alok-in-racciaio-360-rcs-600ml-nero\/#primaryimage"},"thumbnailUrl":"https:\/\/avira-reusables.com\/wp-content\/uploads\/sites\/2\/2025\/01\/P438.0901__S_0__1e73d56b5c344ab09c2c779b1f3c5263.jpg","datePublished":"2025-01-25T00:02:08+00:00","dateModified":"2026-03-12T00:34:31+00:00","breadcrumb":{"@id":"https:\/\/avira-reusables.com\/it\/collection\/senza-categoria\/bottiglia-avira-alok-in-racciaio-360-rcs-600ml-nero\/#breadcrumb"},"inLanguage":"it-IT","potentialAction":[{"@type":"ReadAction","target":["https:\/\/avira-reusables.com\/it\/collection\/senza-categoria\/bottiglia-avira-alok-in-racciaio-360-rcs-600ml-nero\/"]}]},{"@type":"ImageObject","inLanguage":"it-IT","@id":"https:\/\/avira-reusables.com\/it\/collection\/senza-categoria\/bottiglia-avira-alok-in-racciaio-360-rcs-600ml-nero\/#primaryimage","url":"https:\/\/avira-reusables.com\/wp-content\/uploads\/sites\/2\/2025\/01\/P438.0901__S_0__1e73d56b5c344ab09c2c779b1f3c5263.jpg","contentUrl":"https:\/\/avira-reusables.com\/wp-content\/uploads\/sites\/2\/2025\/01\/P438.0901__S_0__1e73d56b5c344ab09c2c779b1f3c5263.jpg","width":1024,"height":1024},{"@type":"BreadcrumbList","@id":"https:\/\/avira-reusables.com\/it\/collection\/senza-categoria\/bottiglia-avira-alok-in-racciaio-360-rcs-600ml-nero\/#breadcrumb","itemListElement":[{"@type":"ListItem","position":1,"name":"Home","item":"https:\/\/avira-reusables.com\/it\/"},{"@type":"ListItem","position":2,"name":"Collezione","item":"https:\/\/avira-reusables.com\/it\/collezione\/"},{"@type":"ListItem","position":3,"name":"Bottiglia Avira Alok in rAcciaio 360 RCS 600ml, nero"}]},{"@type":"WebSite","@id":"https:\/\/avira-reusables.com\/it\/#website","url":"https:\/\/avira-reusables.com\/it\/","name":"Avira","description":"Made of 100% recycled materials","potentialAction":[{"@type":"SearchAction","target":{"@type":"EntryPoint","urlTemplate":"https:\/\/avira-reusables.com\/it\/?s={search_term_string}"},"query-input":{"@type":"PropertyValueSpecification","valueRequired":true,"valueName":"search_term_string"}}],"inLanguage":"it-IT"}]}},"_links":{"self":[{"href":"https:\/\/avira-reusables.com\/it\/wp-json\/wp\/v2\/product\/22631","targetHints":{"allow":["GET"]}}],"collection":[{"href":"https:\/\/avira-reusables.com\/it\/wp-json\/wp\/v2\/product"}],"about":[{"href":"https:\/\/avira-reusables.com\/it\/wp-json\/wp\/v2\/types\/product"}],"wp:featuredmedia":[{"embeddable":true,"href":"https:\/\/avira-reusables.com\/it\/wp-json\/wp\/v2\/media\/22643"}],"wp:attachment":[{"href":"https:\/\/avira-reusables.com\/it\/wp-json\/wp\/v2\/media?parent=22631"}],"wp:term":[{"taxonomy":"product_cat","embeddable":true,"href":"https:\/\/avira-reusables.com\/it\/wp-json\/wp\/v2\/product_cat?post=22631"},{"taxonomy":"product_tag","embeddable":true,"href":"https:\/\/avira-reusables.com\/it\/wp-json\/wp\/v2\/product_tag?post=22631"}],"curies":[{"name":"wp","href":"https:\/\/api.w.org\/{rel}","templated":true}]}}