{"id":23422,"date":"2026-01-01T02:02:21","date_gmt":"2026-01-01T00:02:21","guid":{"rendered":"https:\/\/avira-reusables.com\/collection\/senza-categoria\/tazza-con-tracolla-avira-ayala-in-racciaio-rcs-600ml-color-argento\/"},"modified":"2026-04-29T01:32:28","modified_gmt":"2026-04-28T23:32:28","slug":"tazza-con-tracolla-avira-ayala-in-racciaio-rcs-600ml-color-argento","status":"publish","type":"product","link":"https:\/\/avira-reusables.com\/it\/collection\/products\/tazza-con-tracolla-avira-ayala-in-racciaio-rcs-600ml-color-argento\/","title":{"rendered":"Tazza con tracolla Avira Ayala in rAcciaio RCS 600ml, color argento"},"content":{"rendered":"<p>Scopri Ayala, il tuo versatile compagno per matenerti idratato, pensato per la vita in citt\u00e0 e non solo. Il suo sistema di chiusura intelligente, il manico per il trasporto e il cordino rimovibile ti consentono di indossarlo a tracolla per avere le mani libere durante gli spostamenti o di indossarlo comodamente sulla spalla. Con una capacit\u00e0 di 600 ml, ha le dimensioni perfette per mantenerti idratato durante tutta la giornata. Realizzato in acciaio riciclato certificato RCS con una base silenziata in silicone, combina la resistenza con un design accurato che riduce al minimo l&#8217;impatto . Confezionato in carta kraft ecologica certificata FSC\u00ae, la scatola \u00e8 pi\u00f9 di un semplice imballaggio: \u00e8 progettata per essere riutilizzata come pratico accessorio da scrivania. Contenuto totale riciclato: 58%, basato sul peso totale dell&#8217;articolo. E con ogni prodotto Impact, il 2% dei proventi viene donato a Water.org, contribuendo a fornire acqua potabile a chi ne ha pi\u00f9 bisogno.<\/p>\n","protected":false},"excerpt":{"rendered":"<p>Scopri Ayala, il tuo versatile compagno per matenerti idratato, pensato per la vita in citt\u00e0 e non solo. Il suo sistema di chiusura intelligente, il manico per il trasporto e il cordino rimovibile ti consentono di indossarlo a tracolla per avere le mani libere durante gli spostamenti o di indossarlo comodamente sulla spalla. Con una [&hellip;]<\/p>\n","protected":false},"featured_media":23825,"template":"","meta":{"_acf_changed":false},"product_cat":[28],"product_tag":[],"class_list":["post-23422","product","type-product","status-publish","has-post-thumbnail","hentry","product_cat-products"],"acf":[],"yoast_head":"<!-- This site is optimized with the Yoast SEO plugin v27.0 - https:\/\/yoast.com\/product\/yoast-seo-wordpress\/ -->\n<title>Tazza con tracolla Avira Ayala in rAcciaio RCS 600ml, color argento - Avira<\/title>\n<meta name=\"robots\" content=\"index, follow, max-snippet:-1, max-image-preview:large, max-video-preview:-1\" \/>\n<link rel=\"canonical\" href=\"https:\/\/avira-reusables.com\/it\/collection\/products\/tazza-con-tracolla-avira-ayala-in-racciaio-rcs-600ml-color-argento\/\" \/>\n<meta property=\"og:locale\" content=\"it_IT\" \/>\n<meta property=\"og:type\" content=\"article\" \/>\n<meta property=\"og:title\" content=\"Tazza con tracolla Avira Ayala in rAcciaio RCS 600ml, color argento - Avira\" \/>\n<meta property=\"og:description\" content=\"Scopri Ayala, il tuo versatile compagno per matenerti idratato, pensato per la vita in citt\u00e0 e non solo. Il suo sistema di chiusura intelligente, il manico per il trasporto e il cordino rimovibile ti consentono di indossarlo a tracolla per avere le mani libere durante gli spostamenti o di indossarlo comodamente sulla spalla. Con una [&hellip;]\" \/>\n<meta property=\"og:url\" content=\"https:\/\/avira-reusables.com\/it\/collection\/products\/tazza-con-tracolla-avira-ayala-in-racciaio-rcs-600ml-color-argento\/\" \/>\n<meta property=\"og:site_name\" content=\"Avira\" \/>\n<meta property=\"article:modified_time\" content=\"2026-04-28T23:32:28+00:00\" \/>\n<meta property=\"og:image\" content=\"https:\/\/avira-reusables.com\/wp-content\/uploads\/sites\/2\/2026\/04\/P438.1102__S_0__a6037fb3f316413fbe20f46e5a2d4c70.jpg\" \/>\n\t<meta property=\"og:image:width\" content=\"1024\" \/>\n\t<meta property=\"og:image:height\" content=\"1024\" \/>\n\t<meta property=\"og:image:type\" content=\"image\/jpeg\" \/>\n<meta name=\"twitter:card\" content=\"summary_large_image\" \/>\n<meta name=\"twitter:label1\" content=\"Tempo di lettura stimato\" \/>\n\t<meta name=\"twitter:data1\" content=\"1 minuto\" \/>\n<script type=\"application\/ld+json\" class=\"yoast-schema-graph\">{\"@context\":\"https:\/\/schema.org\",\"@graph\":[{\"@type\":\"WebPage\",\"@id\":\"https:\/\/avira-reusables.com\/it\/collection\/products\/tazza-con-tracolla-avira-ayala-in-racciaio-rcs-600ml-color-argento\/\",\"url\":\"https:\/\/avira-reusables.com\/it\/collection\/products\/tazza-con-tracolla-avira-ayala-in-racciaio-rcs-600ml-color-argento\/\",\"name\":\"Tazza con tracolla Avira Ayala in rAcciaio RCS 600ml, color argento - Avira\",\"isPartOf\":{\"@id\":\"https:\/\/avira-reusables.com\/it\/#website\"},\"primaryImageOfPage\":{\"@id\":\"https:\/\/avira-reusables.com\/it\/collection\/products\/tazza-con-tracolla-avira-ayala-in-racciaio-rcs-600ml-color-argento\/#primaryimage\"},\"image\":{\"@id\":\"https:\/\/avira-reusables.com\/it\/collection\/products\/tazza-con-tracolla-avira-ayala-in-racciaio-rcs-600ml-color-argento\/#primaryimage\"},\"thumbnailUrl\":\"https:\/\/avira-reusables.com\/wp-content\/uploads\/sites\/2\/2026\/04\/P438.1102__S_0__a6037fb3f316413fbe20f46e5a2d4c70.jpg\",\"datePublished\":\"2026-01-01T00:02:21+00:00\",\"dateModified\":\"2026-04-28T23:32:28+00:00\",\"breadcrumb\":{\"@id\":\"https:\/\/avira-reusables.com\/it\/collection\/products\/tazza-con-tracolla-avira-ayala-in-racciaio-rcs-600ml-color-argento\/#breadcrumb\"},\"inLanguage\":\"it-IT\",\"potentialAction\":[{\"@type\":\"ReadAction\",\"target\":[\"https:\/\/avira-reusables.com\/it\/collection\/products\/tazza-con-tracolla-avira-ayala-in-racciaio-rcs-600ml-color-argento\/\"]}]},{\"@type\":\"ImageObject\",\"inLanguage\":\"it-IT\",\"@id\":\"https:\/\/avira-reusables.com\/it\/collection\/products\/tazza-con-tracolla-avira-ayala-in-racciaio-rcs-600ml-color-argento\/#primaryimage\",\"url\":\"https:\/\/avira-reusables.com\/wp-content\/uploads\/sites\/2\/2026\/04\/P438.1102__S_0__a6037fb3f316413fbe20f46e5a2d4c70.jpg\",\"contentUrl\":\"https:\/\/avira-reusables.com\/wp-content\/uploads\/sites\/2\/2026\/04\/P438.1102__S_0__a6037fb3f316413fbe20f46e5a2d4c70.jpg\",\"width\":1024,\"height\":1024},{\"@type\":\"BreadcrumbList\",\"@id\":\"https:\/\/avira-reusables.com\/it\/collection\/products\/tazza-con-tracolla-avira-ayala-in-racciaio-rcs-600ml-color-argento\/#breadcrumb\",\"itemListElement\":[{\"@type\":\"ListItem\",\"position\":1,\"name\":\"Home\",\"item\":\"https:\/\/avira-reusables.com\/it\/\"},{\"@type\":\"ListItem\",\"position\":2,\"name\":\"Collezione\",\"item\":\"https:\/\/avira-reusables.com\/it\/collezione\/\"},{\"@type\":\"ListItem\",\"position\":3,\"name\":\"Tazza con tracolla Avira Ayala in rAcciaio RCS 600ml, color argento\"}]},{\"@type\":\"WebSite\",\"@id\":\"https:\/\/avira-reusables.com\/it\/#website\",\"url\":\"https:\/\/avira-reusables.com\/it\/\",\"name\":\"Avira\",\"description\":\"Made of 100% recycled materials\",\"potentialAction\":[{\"@type\":\"SearchAction\",\"target\":{\"@type\":\"EntryPoint\",\"urlTemplate\":\"https:\/\/avira-reusables.com\/it\/?s={search_term_string}\"},\"query-input\":{\"@type\":\"PropertyValueSpecification\",\"valueRequired\":true,\"valueName\":\"search_term_string\"}}],\"inLanguage\":\"it-IT\"}]}<\/script>\n<!-- \/ Yoast SEO plugin. -->","yoast_head_json":{"title":"Tazza con tracolla Avira Ayala in rAcciaio RCS 600ml, color argento - Avira","robots":{"index":"index","follow":"follow","max-snippet":"max-snippet:-1","max-image-preview":"max-image-preview:large","max-video-preview":"max-video-preview:-1"},"canonical":"https:\/\/avira-reusables.com\/it\/collection\/products\/tazza-con-tracolla-avira-ayala-in-racciaio-rcs-600ml-color-argento\/","og_locale":"it_IT","og_type":"article","og_title":"Tazza con tracolla Avira Ayala in rAcciaio RCS 600ml, color argento - Avira","og_description":"Scopri Ayala, il tuo versatile compagno per matenerti idratato, pensato per la vita in citt\u00e0 e non solo. Il suo sistema di chiusura intelligente, il manico per il trasporto e il cordino rimovibile ti consentono di indossarlo a tracolla per avere le mani libere durante gli spostamenti o di indossarlo comodamente sulla spalla. Con una [&hellip;]","og_url":"https:\/\/avira-reusables.com\/it\/collection\/products\/tazza-con-tracolla-avira-ayala-in-racciaio-rcs-600ml-color-argento\/","og_site_name":"Avira","article_modified_time":"2026-04-28T23:32:28+00:00","og_image":[{"width":1024,"height":1024,"url":"https:\/\/avira-reusables.com\/wp-content\/uploads\/sites\/2\/2026\/04\/P438.1102__S_0__a6037fb3f316413fbe20f46e5a2d4c70.jpg","type":"image\/jpeg"}],"twitter_card":"summary_large_image","twitter_misc":{"Tempo di lettura stimato":"1 minuto"},"schema":{"@context":"https:\/\/schema.org","@graph":[{"@type":"WebPage","@id":"https:\/\/avira-reusables.com\/it\/collection\/products\/tazza-con-tracolla-avira-ayala-in-racciaio-rcs-600ml-color-argento\/","url":"https:\/\/avira-reusables.com\/it\/collection\/products\/tazza-con-tracolla-avira-ayala-in-racciaio-rcs-600ml-color-argento\/","name":"Tazza con tracolla Avira Ayala in rAcciaio RCS 600ml, color argento - Avira","isPartOf":{"@id":"https:\/\/avira-reusables.com\/it\/#website"},"primaryImageOfPage":{"@id":"https:\/\/avira-reusables.com\/it\/collection\/products\/tazza-con-tracolla-avira-ayala-in-racciaio-rcs-600ml-color-argento\/#primaryimage"},"image":{"@id":"https:\/\/avira-reusables.com\/it\/collection\/products\/tazza-con-tracolla-avira-ayala-in-racciaio-rcs-600ml-color-argento\/#primaryimage"},"thumbnailUrl":"https:\/\/avira-reusables.com\/wp-content\/uploads\/sites\/2\/2026\/04\/P438.1102__S_0__a6037fb3f316413fbe20f46e5a2d4c70.jpg","datePublished":"2026-01-01T00:02:21+00:00","dateModified":"2026-04-28T23:32:28+00:00","breadcrumb":{"@id":"https:\/\/avira-reusables.com\/it\/collection\/products\/tazza-con-tracolla-avira-ayala-in-racciaio-rcs-600ml-color-argento\/#breadcrumb"},"inLanguage":"it-IT","potentialAction":[{"@type":"ReadAction","target":["https:\/\/avira-reusables.com\/it\/collection\/products\/tazza-con-tracolla-avira-ayala-in-racciaio-rcs-600ml-color-argento\/"]}]},{"@type":"ImageObject","inLanguage":"it-IT","@id":"https:\/\/avira-reusables.com\/it\/collection\/products\/tazza-con-tracolla-avira-ayala-in-racciaio-rcs-600ml-color-argento\/#primaryimage","url":"https:\/\/avira-reusables.com\/wp-content\/uploads\/sites\/2\/2026\/04\/P438.1102__S_0__a6037fb3f316413fbe20f46e5a2d4c70.jpg","contentUrl":"https:\/\/avira-reusables.com\/wp-content\/uploads\/sites\/2\/2026\/04\/P438.1102__S_0__a6037fb3f316413fbe20f46e5a2d4c70.jpg","width":1024,"height":1024},{"@type":"BreadcrumbList","@id":"https:\/\/avira-reusables.com\/it\/collection\/products\/tazza-con-tracolla-avira-ayala-in-racciaio-rcs-600ml-color-argento\/#breadcrumb","itemListElement":[{"@type":"ListItem","position":1,"name":"Home","item":"https:\/\/avira-reusables.com\/it\/"},{"@type":"ListItem","position":2,"name":"Collezione","item":"https:\/\/avira-reusables.com\/it\/collezione\/"},{"@type":"ListItem","position":3,"name":"Tazza con tracolla Avira Ayala in rAcciaio RCS 600ml, color argento"}]},{"@type":"WebSite","@id":"https:\/\/avira-reusables.com\/it\/#website","url":"https:\/\/avira-reusables.com\/it\/","name":"Avira","description":"Made of 100% recycled materials","potentialAction":[{"@type":"SearchAction","target":{"@type":"EntryPoint","urlTemplate":"https:\/\/avira-reusables.com\/it\/?s={search_term_string}"},"query-input":{"@type":"PropertyValueSpecification","valueRequired":true,"valueName":"search_term_string"}}],"inLanguage":"it-IT"}]}},"_links":{"self":[{"href":"https:\/\/avira-reusables.com\/it\/wp-json\/wp\/v2\/product\/23422","targetHints":{"allow":["GET"]}}],"collection":[{"href":"https:\/\/avira-reusables.com\/it\/wp-json\/wp\/v2\/product"}],"about":[{"href":"https:\/\/avira-reusables.com\/it\/wp-json\/wp\/v2\/types\/product"}],"wp:featuredmedia":[{"embeddable":true,"href":"https:\/\/avira-reusables.com\/it\/wp-json\/wp\/v2\/media\/23825"}],"wp:attachment":[{"href":"https:\/\/avira-reusables.com\/it\/wp-json\/wp\/v2\/media?parent=23422"}],"wp:term":[{"taxonomy":"product_cat","embeddable":true,"href":"https:\/\/avira-reusables.com\/it\/wp-json\/wp\/v2\/product_cat?post=23422"},{"taxonomy":"product_tag","embeddable":true,"href":"https:\/\/avira-reusables.com\/it\/wp-json\/wp\/v2\/product_tag?post=23422"}],"curies":[{"name":"wp","href":"https:\/\/api.w.org\/{rel}","templated":true}]}}