{"id":5542,"date":"2023-01-24T10:37:19","date_gmt":"2023-01-24T08:37:19","guid":{"rendered":"https:\/\/avira-reusables.com\/collection\/senza-categoria\/bottiglia-avira-atik-in-pet-riciclato-rcs-500-ml-blu\/"},"modified":"2026-04-16T01:30:55","modified_gmt":"2026-04-15T23:30:55","slug":"bottiglia-atik-in-pet-riciclato-rcs-500ml-blu","status":"publish","type":"product","link":"https:\/\/avira-reusables.com\/it\/collection\/senza-categoria\/bottiglia-atik-in-pet-riciclato-rcs-500ml-blu\/","title":{"rendered":"Bottiglia Atik in PET riciclato RCS 500ml, blu"},"content":{"rendered":"<p>La bottiglia Atik \u00e8 perfetta per chi apprezza leggerezza e design minimalista. Ti consente di essere idratato tutto il giorno in quando \u00e8 facile da portare sempre con te. Il corpo della bottiglia \u00e8 realizzato in RPET con certificazione RCS al 100%. La certificazione RCS garantisce una filiera completamente certificata dei materiali riciclati. Lavare solo a mano. Questo prodotto \u00e8 adatto solamente alle bevande fredde. Contenuto totale riciclato: 80% in base al peso totale dell&#8217;articolo. Senza BPA. Capacit\u00e0 500 ml. In scatola certificato FSC\u00ae. Riutilizza la scatola come supporto per telefono, portapenne o come porta vaso di fiori! Il 2% del ricavato di ogni articolo Impact verr\u00e0 devoluto a Water.org.<\/p>\n","protected":false},"excerpt":{"rendered":"<p>La bottiglia Atik \u00e8 perfetta per chi apprezza leggerezza e design minimalista. Ti consente di essere idratato tutto il giorno in quando \u00e8 facile da portare sempre con te. Il corpo della bottiglia \u00e8 realizzato in RPET con certificazione RCS al 100%. La certificazione RCS garantisce una filiera completamente certificata dei materiali riciclati. Lavare solo [&hellip;]<\/p>\n","protected":false},"featured_media":23608,"template":"","meta":{"_acf_changed":false},"product_cat":[],"product_tag":[],"class_list":["post-5542","product","type-product","status-publish","has-post-thumbnail","hentry"],"acf":[],"yoast_head":"<!-- This site is optimized with the Yoast SEO plugin v27.0 - https:\/\/yoast.com\/product\/yoast-seo-wordpress\/ -->\n<title>Bottiglia Atik in PET riciclato RCS 500ml, blu - Avira<\/title>\n<meta name=\"robots\" content=\"index, follow, max-snippet:-1, max-image-preview:large, max-video-preview:-1\" \/>\n<link rel=\"canonical\" href=\"https:\/\/avira-reusables.com\/it\/collection\/senza-categoria\/bottiglia-atik-in-pet-riciclato-rcs-500ml-blu\/\" \/>\n<meta property=\"og:locale\" content=\"it_IT\" \/>\n<meta property=\"og:type\" content=\"article\" \/>\n<meta property=\"og:title\" content=\"Bottiglia Atik in PET riciclato RCS 500ml, blu - Avira\" \/>\n<meta property=\"og:description\" content=\"La bottiglia Atik \u00e8 perfetta per chi apprezza leggerezza e design minimalista. Ti consente di essere idratato tutto il giorno in quando \u00e8 facile da portare sempre con te. Il corpo della bottiglia \u00e8 realizzato in RPET con certificazione RCS al 100%. La certificazione RCS garantisce una filiera completamente certificata dei materiali riciclati. Lavare solo [&hellip;]\" \/>\n<meta property=\"og:url\" content=\"https:\/\/avira-reusables.com\/it\/collection\/senza-categoria\/bottiglia-atik-in-pet-riciclato-rcs-500ml-blu\/\" \/>\n<meta property=\"og:site_name\" content=\"Avira\" \/>\n<meta property=\"article:modified_time\" content=\"2026-04-15T23:30:55+00:00\" \/>\n<meta property=\"og:image\" content=\"https:\/\/avira-reusables.com\/wp-content\/uploads\/sites\/2\/2026\/04\/P438.035__S_0__b69e5912adbe40348670421269b71bdc.jpg\" \/>\n\t<meta property=\"og:image:width\" content=\"1024\" \/>\n\t<meta property=\"og:image:height\" content=\"1024\" \/>\n\t<meta property=\"og:image:type\" content=\"image\/jpeg\" \/>\n<meta name=\"twitter:card\" content=\"summary_large_image\" \/>\n<meta name=\"twitter:label1\" content=\"Tempo di lettura stimato\" \/>\n\t<meta name=\"twitter:data1\" content=\"1 minuto\" \/>\n<script type=\"application\/ld+json\" class=\"yoast-schema-graph\">{\"@context\":\"https:\/\/schema.org\",\"@graph\":[{\"@type\":\"WebPage\",\"@id\":\"https:\/\/avira-reusables.com\/it\/collection\/senza-categoria\/bottiglia-atik-in-pet-riciclato-rcs-500ml-blu\/\",\"url\":\"https:\/\/avira-reusables.com\/it\/collection\/senza-categoria\/bottiglia-atik-in-pet-riciclato-rcs-500ml-blu\/\",\"name\":\"Bottiglia Atik in PET riciclato RCS 500ml, blu - Avira\",\"isPartOf\":{\"@id\":\"https:\/\/avira-reusables.com\/it\/#website\"},\"primaryImageOfPage\":{\"@id\":\"https:\/\/avira-reusables.com\/it\/collection\/senza-categoria\/bottiglia-atik-in-pet-riciclato-rcs-500ml-blu\/#primaryimage\"},\"image\":{\"@id\":\"https:\/\/avira-reusables.com\/it\/collection\/senza-categoria\/bottiglia-atik-in-pet-riciclato-rcs-500ml-blu\/#primaryimage\"},\"thumbnailUrl\":\"https:\/\/avira-reusables.com\/wp-content\/uploads\/sites\/2\/2026\/04\/P438.035__S_0__b69e5912adbe40348670421269b71bdc.jpg\",\"datePublished\":\"2023-01-24T08:37:19+00:00\",\"dateModified\":\"2026-04-15T23:30:55+00:00\",\"breadcrumb\":{\"@id\":\"https:\/\/avira-reusables.com\/it\/collection\/senza-categoria\/bottiglia-atik-in-pet-riciclato-rcs-500ml-blu\/#breadcrumb\"},\"inLanguage\":\"it-IT\",\"potentialAction\":[{\"@type\":\"ReadAction\",\"target\":[\"https:\/\/avira-reusables.com\/it\/collection\/senza-categoria\/bottiglia-atik-in-pet-riciclato-rcs-500ml-blu\/\"]}]},{\"@type\":\"ImageObject\",\"inLanguage\":\"it-IT\",\"@id\":\"https:\/\/avira-reusables.com\/it\/collection\/senza-categoria\/bottiglia-atik-in-pet-riciclato-rcs-500ml-blu\/#primaryimage\",\"url\":\"https:\/\/avira-reusables.com\/wp-content\/uploads\/sites\/2\/2026\/04\/P438.035__S_0__b69e5912adbe40348670421269b71bdc.jpg\",\"contentUrl\":\"https:\/\/avira-reusables.com\/wp-content\/uploads\/sites\/2\/2026\/04\/P438.035__S_0__b69e5912adbe40348670421269b71bdc.jpg\",\"width\":1024,\"height\":1024},{\"@type\":\"BreadcrumbList\",\"@id\":\"https:\/\/avira-reusables.com\/it\/collection\/senza-categoria\/bottiglia-atik-in-pet-riciclato-rcs-500ml-blu\/#breadcrumb\",\"itemListElement\":[{\"@type\":\"ListItem\",\"position\":1,\"name\":\"Home\",\"item\":\"https:\/\/avira-reusables.com\/it\/\"},{\"@type\":\"ListItem\",\"position\":2,\"name\":\"Collezione\",\"item\":\"https:\/\/avira-reusables.com\/it\/collezione\/\"},{\"@type\":\"ListItem\",\"position\":3,\"name\":\"Bottiglia Atik in PET riciclato RCS 500ml, blu\"}]},{\"@type\":\"WebSite\",\"@id\":\"https:\/\/avira-reusables.com\/it\/#website\",\"url\":\"https:\/\/avira-reusables.com\/it\/\",\"name\":\"Avira\",\"description\":\"Made of 100% recycled materials\",\"potentialAction\":[{\"@type\":\"SearchAction\",\"target\":{\"@type\":\"EntryPoint\",\"urlTemplate\":\"https:\/\/avira-reusables.com\/it\/?s={search_term_string}\"},\"query-input\":{\"@type\":\"PropertyValueSpecification\",\"valueRequired\":true,\"valueName\":\"search_term_string\"}}],\"inLanguage\":\"it-IT\"}]}<\/script>\n<!-- \/ Yoast SEO plugin. -->","yoast_head_json":{"title":"Bottiglia Atik in PET riciclato RCS 500ml, blu - Avira","robots":{"index":"index","follow":"follow","max-snippet":"max-snippet:-1","max-image-preview":"max-image-preview:large","max-video-preview":"max-video-preview:-1"},"canonical":"https:\/\/avira-reusables.com\/it\/collection\/senza-categoria\/bottiglia-atik-in-pet-riciclato-rcs-500ml-blu\/","og_locale":"it_IT","og_type":"article","og_title":"Bottiglia Atik in PET riciclato RCS 500ml, blu - Avira","og_description":"La bottiglia Atik \u00e8 perfetta per chi apprezza leggerezza e design minimalista. Ti consente di essere idratato tutto il giorno in quando \u00e8 facile da portare sempre con te. Il corpo della bottiglia \u00e8 realizzato in RPET con certificazione RCS al 100%. La certificazione RCS garantisce una filiera completamente certificata dei materiali riciclati. Lavare solo [&hellip;]","og_url":"https:\/\/avira-reusables.com\/it\/collection\/senza-categoria\/bottiglia-atik-in-pet-riciclato-rcs-500ml-blu\/","og_site_name":"Avira","article_modified_time":"2026-04-15T23:30:55+00:00","og_image":[{"width":1024,"height":1024,"url":"https:\/\/avira-reusables.com\/wp-content\/uploads\/sites\/2\/2026\/04\/P438.035__S_0__b69e5912adbe40348670421269b71bdc.jpg","type":"image\/jpeg"}],"twitter_card":"summary_large_image","twitter_misc":{"Tempo di lettura stimato":"1 minuto"},"schema":{"@context":"https:\/\/schema.org","@graph":[{"@type":"WebPage","@id":"https:\/\/avira-reusables.com\/it\/collection\/senza-categoria\/bottiglia-atik-in-pet-riciclato-rcs-500ml-blu\/","url":"https:\/\/avira-reusables.com\/it\/collection\/senza-categoria\/bottiglia-atik-in-pet-riciclato-rcs-500ml-blu\/","name":"Bottiglia Atik in PET riciclato RCS 500ml, blu - Avira","isPartOf":{"@id":"https:\/\/avira-reusables.com\/it\/#website"},"primaryImageOfPage":{"@id":"https:\/\/avira-reusables.com\/it\/collection\/senza-categoria\/bottiglia-atik-in-pet-riciclato-rcs-500ml-blu\/#primaryimage"},"image":{"@id":"https:\/\/avira-reusables.com\/it\/collection\/senza-categoria\/bottiglia-atik-in-pet-riciclato-rcs-500ml-blu\/#primaryimage"},"thumbnailUrl":"https:\/\/avira-reusables.com\/wp-content\/uploads\/sites\/2\/2026\/04\/P438.035__S_0__b69e5912adbe40348670421269b71bdc.jpg","datePublished":"2023-01-24T08:37:19+00:00","dateModified":"2026-04-15T23:30:55+00:00","breadcrumb":{"@id":"https:\/\/avira-reusables.com\/it\/collection\/senza-categoria\/bottiglia-atik-in-pet-riciclato-rcs-500ml-blu\/#breadcrumb"},"inLanguage":"it-IT","potentialAction":[{"@type":"ReadAction","target":["https:\/\/avira-reusables.com\/it\/collection\/senza-categoria\/bottiglia-atik-in-pet-riciclato-rcs-500ml-blu\/"]}]},{"@type":"ImageObject","inLanguage":"it-IT","@id":"https:\/\/avira-reusables.com\/it\/collection\/senza-categoria\/bottiglia-atik-in-pet-riciclato-rcs-500ml-blu\/#primaryimage","url":"https:\/\/avira-reusables.com\/wp-content\/uploads\/sites\/2\/2026\/04\/P438.035__S_0__b69e5912adbe40348670421269b71bdc.jpg","contentUrl":"https:\/\/avira-reusables.com\/wp-content\/uploads\/sites\/2\/2026\/04\/P438.035__S_0__b69e5912adbe40348670421269b71bdc.jpg","width":1024,"height":1024},{"@type":"BreadcrumbList","@id":"https:\/\/avira-reusables.com\/it\/collection\/senza-categoria\/bottiglia-atik-in-pet-riciclato-rcs-500ml-blu\/#breadcrumb","itemListElement":[{"@type":"ListItem","position":1,"name":"Home","item":"https:\/\/avira-reusables.com\/it\/"},{"@type":"ListItem","position":2,"name":"Collezione","item":"https:\/\/avira-reusables.com\/it\/collezione\/"},{"@type":"ListItem","position":3,"name":"Bottiglia Atik in PET riciclato RCS 500ml, blu"}]},{"@type":"WebSite","@id":"https:\/\/avira-reusables.com\/it\/#website","url":"https:\/\/avira-reusables.com\/it\/","name":"Avira","description":"Made of 100% recycled materials","potentialAction":[{"@type":"SearchAction","target":{"@type":"EntryPoint","urlTemplate":"https:\/\/avira-reusables.com\/it\/?s={search_term_string}"},"query-input":{"@type":"PropertyValueSpecification","valueRequired":true,"valueName":"search_term_string"}}],"inLanguage":"it-IT"}]}},"_links":{"self":[{"href":"https:\/\/avira-reusables.com\/it\/wp-json\/wp\/v2\/product\/5542","targetHints":{"allow":["GET"]}}],"collection":[{"href":"https:\/\/avira-reusables.com\/it\/wp-json\/wp\/v2\/product"}],"about":[{"href":"https:\/\/avira-reusables.com\/it\/wp-json\/wp\/v2\/types\/product"}],"wp:featuredmedia":[{"embeddable":true,"href":"https:\/\/avira-reusables.com\/it\/wp-json\/wp\/v2\/media\/23608"}],"wp:attachment":[{"href":"https:\/\/avira-reusables.com\/it\/wp-json\/wp\/v2\/media?parent=5542"}],"wp:term":[{"taxonomy":"product_cat","embeddable":true,"href":"https:\/\/avira-reusables.com\/it\/wp-json\/wp\/v2\/product_cat?post=5542"},{"taxonomy":"product_tag","embeddable":true,"href":"https:\/\/avira-reusables.com\/it\/wp-json\/wp\/v2\/product_tag?post=5542"}],"curies":[{"name":"wp","href":"https:\/\/api.w.org\/{rel}","templated":true}]}}