{"id":22598,"date":"2025-01-25T02:02:08","date_gmt":"2025-01-25T00:02:08","guid":{"rendered":"https:\/\/avira-reusables.com\/collection\/niet-gecategoriseerd\/avira-alix-rcs-recycled-staal-klik-beker-400ml-donkerblauw\/"},"modified":"2026-03-12T02:09:10","modified_gmt":"2026-03-12T00:09:10","slug":"avira-alix-rcs-recycled-staal-klik-beker-400ml-donkerblauw","status":"publish","type":"product","link":"https:\/\/avira-reusables.com\/nl\/collection\/niet-gecategoriseerd\/avira-alix-rcs-recycled-staal-klik-beker-400ml-donkerblauw\/","title":{"rendered":"Avira Alix RCS recycled staal klik beker 400ML, donkerblauw"},"content":{"rendered":"<p>Maak kennis met de Alix\u2014de ultieme koffiebeker, ontworpen voor mensen die altijd onderweg zijn. Met een moeiteloze \u00e9\u00e9n-klik, \u00e9\u00e9n-hand opening is hij perfect voor snelle slokjes tijdens je autorit of dagelijkse woon-werkverkeer. Het slanke, gemakkelijk schoon te maken deksel past bij de body, gemaakt van hoogwaardig RCS-gecertificeerd gerecycled staal, en combineert duurzaamheid met stijl. Met een inhoud van 400 ml is hij ideaal voor je favoriete warme dranken. De beker wordt geleverd in FSC\u00ae-gecertificeerd kraftpapier dat meer is dan alleen verpakking\u2014het transformeert in een stijlvolle telefoonhouder, pennenbakje, of zelfs een mini bloempot. Totaal gerecycled materiaal: 64% op basis van het totale gewicht van het item. 2% van de opbrengst van elk verkocht product wordt gedoneerd aan Water.org.<\/p>\n","protected":false},"excerpt":{"rendered":"<p>Maak kennis met de Alix\u2014de ultieme koffiebeker, ontworpen voor mensen die altijd onderweg zijn. Met een moeiteloze \u00e9\u00e9n-klik, \u00e9\u00e9n-hand opening is hij perfect voor snelle slokjes tijdens je autorit of dagelijkse woon-werkverkeer. Het slanke, gemakkelijk schoon te maken deksel past bij de body, gemaakt van hoogwaardig RCS-gecertificeerd gerecycled staal, en combineert duurzaamheid met stijl. Met [&hellip;]<\/p>\n","protected":false},"featured_media":22689,"template":"","meta":{"_acf_changed":false},"product_cat":[],"product_tag":[],"class_list":["post-22598","product","type-product","status-publish","has-post-thumbnail","hentry"],"acf":[],"yoast_head":"<!-- This site is optimized with the Yoast SEO plugin v27.0 - https:\/\/yoast.com\/product\/yoast-seo-wordpress\/ -->\n<title>Avira Alix RCS recycled staal klik beker 400ML, donkerblauw - Avira<\/title>\n<meta name=\"robots\" content=\"index, follow, max-snippet:-1, max-image-preview:large, max-video-preview:-1\" \/>\n<link rel=\"canonical\" href=\"https:\/\/avira-reusables.com\/nl\/collection\/niet-gecategoriseerd\/avira-alix-rcs-recycled-staal-klik-beker-400ml-donkerblauw\/\" \/>\n<meta property=\"og:locale\" content=\"nl_NL\" \/>\n<meta property=\"og:type\" content=\"article\" \/>\n<meta property=\"og:title\" content=\"Avira Alix RCS recycled staal klik beker 400ML, donkerblauw - Avira\" \/>\n<meta property=\"og:description\" content=\"Maak kennis met de Alix\u2014de ultieme koffiebeker, ontworpen voor mensen die altijd onderweg zijn. Met een moeiteloze \u00e9\u00e9n-klik, \u00e9\u00e9n-hand opening is hij perfect voor snelle slokjes tijdens je autorit of dagelijkse woon-werkverkeer. Het slanke, gemakkelijk schoon te maken deksel past bij de body, gemaakt van hoogwaardig RCS-gecertificeerd gerecycled staal, en combineert duurzaamheid met stijl. Met [&hellip;]\" \/>\n<meta property=\"og:url\" content=\"https:\/\/avira-reusables.com\/nl\/collection\/niet-gecategoriseerd\/avira-alix-rcs-recycled-staal-klik-beker-400ml-donkerblauw\/\" \/>\n<meta property=\"og:site_name\" content=\"Avira\" \/>\n<meta property=\"article:modified_time\" content=\"2026-03-12T00:09:10+00:00\" \/>\n<meta property=\"og:image\" content=\"https:\/\/avira-reusables.com\/wp-content\/uploads\/sites\/2\/2025\/01\/P438.1025__S_0__a0b874616b0c492a9d7f227892b1cb57.jpg\" \/>\n\t<meta property=\"og:image:width\" content=\"1024\" \/>\n\t<meta property=\"og:image:height\" content=\"1024\" \/>\n\t<meta property=\"og:image:type\" content=\"image\/jpeg\" \/>\n<meta name=\"twitter:card\" content=\"summary_large_image\" \/>\n<meta name=\"twitter:label1\" content=\"Geschatte leestijd\" \/>\n\t<meta name=\"twitter:data1\" content=\"1 minuut\" \/>\n<script type=\"application\/ld+json\" class=\"yoast-schema-graph\">{\"@context\":\"https:\/\/schema.org\",\"@graph\":[{\"@type\":\"WebPage\",\"@id\":\"https:\/\/avira-reusables.com\/nl\/collection\/niet-gecategoriseerd\/avira-alix-rcs-recycled-staal-klik-beker-400ml-donkerblauw\/\",\"url\":\"https:\/\/avira-reusables.com\/nl\/collection\/niet-gecategoriseerd\/avira-alix-rcs-recycled-staal-klik-beker-400ml-donkerblauw\/\",\"name\":\"Avira Alix RCS recycled staal klik beker 400ML, donkerblauw - Avira\",\"isPartOf\":{\"@id\":\"https:\/\/avira-reusables.com\/nl\/#website\"},\"primaryImageOfPage\":{\"@id\":\"https:\/\/avira-reusables.com\/nl\/collection\/niet-gecategoriseerd\/avira-alix-rcs-recycled-staal-klik-beker-400ml-donkerblauw\/#primaryimage\"},\"image\":{\"@id\":\"https:\/\/avira-reusables.com\/nl\/collection\/niet-gecategoriseerd\/avira-alix-rcs-recycled-staal-klik-beker-400ml-donkerblauw\/#primaryimage\"},\"thumbnailUrl\":\"https:\/\/avira-reusables.com\/wp-content\/uploads\/sites\/2\/2025\/01\/P438.1025__S_0__a0b874616b0c492a9d7f227892b1cb57.jpg\",\"datePublished\":\"2025-01-25T00:02:08+00:00\",\"dateModified\":\"2026-03-12T00:09:10+00:00\",\"breadcrumb\":{\"@id\":\"https:\/\/avira-reusables.com\/nl\/collection\/niet-gecategoriseerd\/avira-alix-rcs-recycled-staal-klik-beker-400ml-donkerblauw\/#breadcrumb\"},\"inLanguage\":\"nl-NL\",\"potentialAction\":[{\"@type\":\"ReadAction\",\"target\":[\"https:\/\/avira-reusables.com\/nl\/collection\/niet-gecategoriseerd\/avira-alix-rcs-recycled-staal-klik-beker-400ml-donkerblauw\/\"]}]},{\"@type\":\"ImageObject\",\"inLanguage\":\"nl-NL\",\"@id\":\"https:\/\/avira-reusables.com\/nl\/collection\/niet-gecategoriseerd\/avira-alix-rcs-recycled-staal-klik-beker-400ml-donkerblauw\/#primaryimage\",\"url\":\"https:\/\/avira-reusables.com\/wp-content\/uploads\/sites\/2\/2025\/01\/P438.1025__S_0__a0b874616b0c492a9d7f227892b1cb57.jpg\",\"contentUrl\":\"https:\/\/avira-reusables.com\/wp-content\/uploads\/sites\/2\/2025\/01\/P438.1025__S_0__a0b874616b0c492a9d7f227892b1cb57.jpg\",\"width\":1024,\"height\":1024},{\"@type\":\"BreadcrumbList\",\"@id\":\"https:\/\/avira-reusables.com\/nl\/collection\/niet-gecategoriseerd\/avira-alix-rcs-recycled-staal-klik-beker-400ml-donkerblauw\/#breadcrumb\",\"itemListElement\":[{\"@type\":\"ListItem\",\"position\":1,\"name\":\"Home\",\"item\":\"https:\/\/avira-reusables.com\/nl\/\"},{\"@type\":\"ListItem\",\"position\":2,\"name\":\"Collection\",\"item\":\"https:\/\/avira-reusables.com\/nl\/collection\/\"},{\"@type\":\"ListItem\",\"position\":3,\"name\":\"Avira Alix RCS recycled staal klik beker 400ML, donkerblauw\"}]},{\"@type\":\"WebSite\",\"@id\":\"https:\/\/avira-reusables.com\/nl\/#website\",\"url\":\"https:\/\/avira-reusables.com\/nl\/\",\"name\":\"Avira\",\"description\":\"Made of 100% recycled materials\",\"potentialAction\":[{\"@type\":\"SearchAction\",\"target\":{\"@type\":\"EntryPoint\",\"urlTemplate\":\"https:\/\/avira-reusables.com\/nl\/?s={search_term_string}\"},\"query-input\":{\"@type\":\"PropertyValueSpecification\",\"valueRequired\":true,\"valueName\":\"search_term_string\"}}],\"inLanguage\":\"nl-NL\"}]}<\/script>\n<!-- \/ Yoast SEO plugin. -->","yoast_head_json":{"title":"Avira Alix RCS recycled staal klik beker 400ML, donkerblauw - Avira","robots":{"index":"index","follow":"follow","max-snippet":"max-snippet:-1","max-image-preview":"max-image-preview:large","max-video-preview":"max-video-preview:-1"},"canonical":"https:\/\/avira-reusables.com\/nl\/collection\/niet-gecategoriseerd\/avira-alix-rcs-recycled-staal-klik-beker-400ml-donkerblauw\/","og_locale":"nl_NL","og_type":"article","og_title":"Avira Alix RCS recycled staal klik beker 400ML, donkerblauw - Avira","og_description":"Maak kennis met de Alix\u2014de ultieme koffiebeker, ontworpen voor mensen die altijd onderweg zijn. Met een moeiteloze \u00e9\u00e9n-klik, \u00e9\u00e9n-hand opening is hij perfect voor snelle slokjes tijdens je autorit of dagelijkse woon-werkverkeer. Het slanke, gemakkelijk schoon te maken deksel past bij de body, gemaakt van hoogwaardig RCS-gecertificeerd gerecycled staal, en combineert duurzaamheid met stijl. Met [&hellip;]","og_url":"https:\/\/avira-reusables.com\/nl\/collection\/niet-gecategoriseerd\/avira-alix-rcs-recycled-staal-klik-beker-400ml-donkerblauw\/","og_site_name":"Avira","article_modified_time":"2026-03-12T00:09:10+00:00","og_image":[{"width":1024,"height":1024,"url":"https:\/\/avira-reusables.com\/wp-content\/uploads\/sites\/2\/2025\/01\/P438.1025__S_0__a0b874616b0c492a9d7f227892b1cb57.jpg","type":"image\/jpeg"}],"twitter_card":"summary_large_image","twitter_misc":{"Geschatte leestijd":"1 minuut"},"schema":{"@context":"https:\/\/schema.org","@graph":[{"@type":"WebPage","@id":"https:\/\/avira-reusables.com\/nl\/collection\/niet-gecategoriseerd\/avira-alix-rcs-recycled-staal-klik-beker-400ml-donkerblauw\/","url":"https:\/\/avira-reusables.com\/nl\/collection\/niet-gecategoriseerd\/avira-alix-rcs-recycled-staal-klik-beker-400ml-donkerblauw\/","name":"Avira Alix RCS recycled staal klik beker 400ML, donkerblauw - Avira","isPartOf":{"@id":"https:\/\/avira-reusables.com\/nl\/#website"},"primaryImageOfPage":{"@id":"https:\/\/avira-reusables.com\/nl\/collection\/niet-gecategoriseerd\/avira-alix-rcs-recycled-staal-klik-beker-400ml-donkerblauw\/#primaryimage"},"image":{"@id":"https:\/\/avira-reusables.com\/nl\/collection\/niet-gecategoriseerd\/avira-alix-rcs-recycled-staal-klik-beker-400ml-donkerblauw\/#primaryimage"},"thumbnailUrl":"https:\/\/avira-reusables.com\/wp-content\/uploads\/sites\/2\/2025\/01\/P438.1025__S_0__a0b874616b0c492a9d7f227892b1cb57.jpg","datePublished":"2025-01-25T00:02:08+00:00","dateModified":"2026-03-12T00:09:10+00:00","breadcrumb":{"@id":"https:\/\/avira-reusables.com\/nl\/collection\/niet-gecategoriseerd\/avira-alix-rcs-recycled-staal-klik-beker-400ml-donkerblauw\/#breadcrumb"},"inLanguage":"nl-NL","potentialAction":[{"@type":"ReadAction","target":["https:\/\/avira-reusables.com\/nl\/collection\/niet-gecategoriseerd\/avira-alix-rcs-recycled-staal-klik-beker-400ml-donkerblauw\/"]}]},{"@type":"ImageObject","inLanguage":"nl-NL","@id":"https:\/\/avira-reusables.com\/nl\/collection\/niet-gecategoriseerd\/avira-alix-rcs-recycled-staal-klik-beker-400ml-donkerblauw\/#primaryimage","url":"https:\/\/avira-reusables.com\/wp-content\/uploads\/sites\/2\/2025\/01\/P438.1025__S_0__a0b874616b0c492a9d7f227892b1cb57.jpg","contentUrl":"https:\/\/avira-reusables.com\/wp-content\/uploads\/sites\/2\/2025\/01\/P438.1025__S_0__a0b874616b0c492a9d7f227892b1cb57.jpg","width":1024,"height":1024},{"@type":"BreadcrumbList","@id":"https:\/\/avira-reusables.com\/nl\/collection\/niet-gecategoriseerd\/avira-alix-rcs-recycled-staal-klik-beker-400ml-donkerblauw\/#breadcrumb","itemListElement":[{"@type":"ListItem","position":1,"name":"Home","item":"https:\/\/avira-reusables.com\/nl\/"},{"@type":"ListItem","position":2,"name":"Collection","item":"https:\/\/avira-reusables.com\/nl\/collection\/"},{"@type":"ListItem","position":3,"name":"Avira Alix RCS recycled staal klik beker 400ML, donkerblauw"}]},{"@type":"WebSite","@id":"https:\/\/avira-reusables.com\/nl\/#website","url":"https:\/\/avira-reusables.com\/nl\/","name":"Avira","description":"Made of 100% recycled materials","potentialAction":[{"@type":"SearchAction","target":{"@type":"EntryPoint","urlTemplate":"https:\/\/avira-reusables.com\/nl\/?s={search_term_string}"},"query-input":{"@type":"PropertyValueSpecification","valueRequired":true,"valueName":"search_term_string"}}],"inLanguage":"nl-NL"}]}},"_links":{"self":[{"href":"https:\/\/avira-reusables.com\/nl\/wp-json\/wp\/v2\/product\/22598","targetHints":{"allow":["GET"]}}],"collection":[{"href":"https:\/\/avira-reusables.com\/nl\/wp-json\/wp\/v2\/product"}],"about":[{"href":"https:\/\/avira-reusables.com\/nl\/wp-json\/wp\/v2\/types\/product"}],"wp:featuredmedia":[{"embeddable":true,"href":"https:\/\/avira-reusables.com\/nl\/wp-json\/wp\/v2\/media\/22689"}],"wp:attachment":[{"href":"https:\/\/avira-reusables.com\/nl\/wp-json\/wp\/v2\/media?parent=22598"}],"wp:term":[{"taxonomy":"product_cat","embeddable":true,"href":"https:\/\/avira-reusables.com\/nl\/wp-json\/wp\/v2\/product_cat?post=22598"},{"taxonomy":"product_tag","embeddable":true,"href":"https:\/\/avira-reusables.com\/nl\/wp-json\/wp\/v2\/product_tag?post=22598"}],"curies":[{"name":"wp","href":"https:\/\/api.w.org\/{rel}","templated":true}]}}