{"id":22626,"date":"2025-01-25T02:02:08","date_gmt":"2025-01-25T00:02:08","guid":{"rendered":"https:\/\/avira-reusables.com\/collection\/okategoriserad\/avira-alok-rcs-re-steel-360-vattenflaska-600ml-marinbla\/"},"modified":"2026-04-29T01:26:20","modified_gmt":"2026-04-28T23:26:20","slug":"avira-alok-rcs-re-steel-360-vattenflaska-600ml-marinbla","status":"publish","type":"product","link":"https:\/\/avira-reusables.com\/sv\/collection\/okategoriserad\/avira-alok-rcs-re-steel-360-vattenflaska-600ml-marinbla\/","title":{"rendered":"Avira Alok RCS \u00e5tervunnet st\u00e5l 360 vattenflaska 600ML, marinbl\u00e5"},"content":{"rendered":"<p>Alok \u00e4r en n\u00e5got st\u00f6rre version av v\u00e5r b\u00e4sts\u00e4ljare, utformad f\u00f6r en s\u00f6ml\u00f6s 360-graders dricksupplevelse som f\u00f6rst\u00e4rker kaffets fulla arom. Med enkel \u00f6ppning med en hand \u00e4r den idealisk f\u00f6r en livsstil d\u00e4r man \u00e4r p\u00e5 spr\u00e5ng. Locket \u00e4r l\u00e4tt att reng\u00f6ra och beh\u00e5llaren \u00e4r tillverkad av RCS-certifierat \u00e5tervunnet st\u00e5l, vilket g\u00f6r den b\u00e5de h\u00e5llbar och BPA-fri. Med en kapacitet p\u00e5 600 ml levereras den i en FSC\u00ae-certifierad kraftf\u00f6rpackning som kan anv\u00e4ndas som telefonh\u00e5llare, pennh\u00e5llare eller till och med blomkruka! Totalt \u00e5tervunnet inneh\u00e5ll: 77% baserat p\u00e5 artikelns totala vikt. 2 % av int\u00e4kterna fr\u00e5n varje s\u00e5ld Impact-produkt doneras till Water.org.<\/p>\n","protected":false},"excerpt":{"rendered":"<p>Alok \u00e4r en n\u00e5got st\u00f6rre version av v\u00e5r b\u00e4sts\u00e4ljare, utformad f\u00f6r en s\u00f6ml\u00f6s 360-graders dricksupplevelse som f\u00f6rst\u00e4rker kaffets fulla arom. Med enkel \u00f6ppning med en hand \u00e4r den idealisk f\u00f6r en livsstil d\u00e4r man \u00e4r p\u00e5 spr\u00e5ng. Locket \u00e4r l\u00e4tt att reng\u00f6ra och beh\u00e5llaren \u00e4r tillverkad av RCS-certifierat \u00e5tervunnet st\u00e5l, vilket g\u00f6r den b\u00e5de h\u00e5llbar [&hellip;]<\/p>\n","protected":false},"featured_media":23785,"template":"","meta":{"_acf_changed":false},"product_cat":[],"product_tag":[],"class_list":["post-22626","product","type-product","status-publish","has-post-thumbnail","hentry"],"acf":[],"yoast_head":"<!-- This site is optimized with the Yoast SEO plugin v27.0 - https:\/\/yoast.com\/product\/yoast-seo-wordpress\/ -->\n<title>Avira Alok RCS \u00e5tervunnet st\u00e5l 360 vattenflaska 600ML, marinbl\u00e5 - Avira<\/title>\n<meta name=\"robots\" content=\"index, follow, max-snippet:-1, max-image-preview:large, max-video-preview:-1\" \/>\n<link rel=\"canonical\" href=\"https:\/\/avira-reusables.com\/sv\/collection\/okategoriserad\/avira-alok-rcs-re-steel-360-vattenflaska-600ml-marinbla\/\" \/>\n<meta property=\"og:locale\" content=\"sv_SE\" \/>\n<meta property=\"og:type\" content=\"article\" \/>\n<meta property=\"og:title\" content=\"Avira Alok RCS \u00e5tervunnet st\u00e5l 360 vattenflaska 600ML, marinbl\u00e5 - Avira\" \/>\n<meta property=\"og:description\" content=\"Alok \u00e4r en n\u00e5got st\u00f6rre version av v\u00e5r b\u00e4sts\u00e4ljare, utformad f\u00f6r en s\u00f6ml\u00f6s 360-graders dricksupplevelse som f\u00f6rst\u00e4rker kaffets fulla arom. Med enkel \u00f6ppning med en hand \u00e4r den idealisk f\u00f6r en livsstil d\u00e4r man \u00e4r p\u00e5 spr\u00e5ng. Locket \u00e4r l\u00e4tt att reng\u00f6ra och beh\u00e5llaren \u00e4r tillverkad av RCS-certifierat \u00e5tervunnet st\u00e5l, vilket g\u00f6r den b\u00e5de h\u00e5llbar [&hellip;]\" \/>\n<meta property=\"og:url\" content=\"https:\/\/avira-reusables.com\/sv\/collection\/okategoriserad\/avira-alok-rcs-re-steel-360-vattenflaska-600ml-marinbla\/\" \/>\n<meta property=\"og:site_name\" content=\"Avira\" \/>\n<meta property=\"article:modified_time\" content=\"2026-04-28T23:26:20+00:00\" \/>\n<meta property=\"og:image\" content=\"https:\/\/avira-reusables.com\/wp-content\/uploads\/sites\/2\/2026\/04\/P438.0925__S_0__76c0c69f900f4c279db0a39362ef7b0f.jpg\" \/>\n\t<meta property=\"og:image:width\" content=\"1024\" \/>\n\t<meta property=\"og:image:height\" content=\"1024\" \/>\n\t<meta property=\"og:image:type\" content=\"image\/jpeg\" \/>\n<meta name=\"twitter:card\" content=\"summary_large_image\" \/>\n<meta name=\"twitter:label1\" content=\"Ber\u00e4knad l\u00e4stid\" \/>\n\t<meta name=\"twitter:data1\" content=\"1 minut\" \/>\n<script type=\"application\/ld+json\" class=\"yoast-schema-graph\">{\"@context\":\"https:\/\/schema.org\",\"@graph\":[{\"@type\":\"WebPage\",\"@id\":\"https:\/\/avira-reusables.com\/sv\/collection\/okategoriserad\/avira-alok-rcs-re-steel-360-vattenflaska-600ml-marinbla\/\",\"url\":\"https:\/\/avira-reusables.com\/sv\/collection\/okategoriserad\/avira-alok-rcs-re-steel-360-vattenflaska-600ml-marinbla\/\",\"name\":\"Avira Alok RCS \u00e5tervunnet st\u00e5l 360 vattenflaska 600ML, marinbl\u00e5 - Avira\",\"isPartOf\":{\"@id\":\"https:\/\/avira-reusables.com\/sv\/#website\"},\"primaryImageOfPage\":{\"@id\":\"https:\/\/avira-reusables.com\/sv\/collection\/okategoriserad\/avira-alok-rcs-re-steel-360-vattenflaska-600ml-marinbla\/#primaryimage\"},\"image\":{\"@id\":\"https:\/\/avira-reusables.com\/sv\/collection\/okategoriserad\/avira-alok-rcs-re-steel-360-vattenflaska-600ml-marinbla\/#primaryimage\"},\"thumbnailUrl\":\"https:\/\/avira-reusables.com\/wp-content\/uploads\/sites\/2\/2026\/04\/P438.0925__S_0__76c0c69f900f4c279db0a39362ef7b0f.jpg\",\"datePublished\":\"2025-01-25T00:02:08+00:00\",\"dateModified\":\"2026-04-28T23:26:20+00:00\",\"breadcrumb\":{\"@id\":\"https:\/\/avira-reusables.com\/sv\/collection\/okategoriserad\/avira-alok-rcs-re-steel-360-vattenflaska-600ml-marinbla\/#breadcrumb\"},\"inLanguage\":\"sv-SE\",\"potentialAction\":[{\"@type\":\"ReadAction\",\"target\":[\"https:\/\/avira-reusables.com\/sv\/collection\/okategoriserad\/avira-alok-rcs-re-steel-360-vattenflaska-600ml-marinbla\/\"]}]},{\"@type\":\"ImageObject\",\"inLanguage\":\"sv-SE\",\"@id\":\"https:\/\/avira-reusables.com\/sv\/collection\/okategoriserad\/avira-alok-rcs-re-steel-360-vattenflaska-600ml-marinbla\/#primaryimage\",\"url\":\"https:\/\/avira-reusables.com\/wp-content\/uploads\/sites\/2\/2026\/04\/P438.0925__S_0__76c0c69f900f4c279db0a39362ef7b0f.jpg\",\"contentUrl\":\"https:\/\/avira-reusables.com\/wp-content\/uploads\/sites\/2\/2026\/04\/P438.0925__S_0__76c0c69f900f4c279db0a39362ef7b0f.jpg\",\"width\":1024,\"height\":1024},{\"@type\":\"BreadcrumbList\",\"@id\":\"https:\/\/avira-reusables.com\/sv\/collection\/okategoriserad\/avira-alok-rcs-re-steel-360-vattenflaska-600ml-marinbla\/#breadcrumb\",\"itemListElement\":[{\"@type\":\"ListItem\",\"position\":1,\"name\":\"Home\",\"item\":\"https:\/\/avira-reusables.com\/sv\/\"},{\"@type\":\"ListItem\",\"position\":2,\"name\":\"Samling\",\"item\":\"https:\/\/avira-reusables.com\/sv\/samling\/\"},{\"@type\":\"ListItem\",\"position\":3,\"name\":\"Avira Alok RCS \u00e5tervunnet st\u00e5l 360 vattenflaska 600ML, marinbl\u00e5\"}]},{\"@type\":\"WebSite\",\"@id\":\"https:\/\/avira-reusables.com\/sv\/#website\",\"url\":\"https:\/\/avira-reusables.com\/sv\/\",\"name\":\"Avira\",\"description\":\"Made of 100% recycled materials\",\"potentialAction\":[{\"@type\":\"SearchAction\",\"target\":{\"@type\":\"EntryPoint\",\"urlTemplate\":\"https:\/\/avira-reusables.com\/sv\/?s={search_term_string}\"},\"query-input\":{\"@type\":\"PropertyValueSpecification\",\"valueRequired\":true,\"valueName\":\"search_term_string\"}}],\"inLanguage\":\"sv-SE\"}]}<\/script>\n<!-- \/ Yoast SEO plugin. -->","yoast_head_json":{"title":"Avira Alok RCS \u00e5tervunnet st\u00e5l 360 vattenflaska 600ML, marinbl\u00e5 - Avira","robots":{"index":"index","follow":"follow","max-snippet":"max-snippet:-1","max-image-preview":"max-image-preview:large","max-video-preview":"max-video-preview:-1"},"canonical":"https:\/\/avira-reusables.com\/sv\/collection\/okategoriserad\/avira-alok-rcs-re-steel-360-vattenflaska-600ml-marinbla\/","og_locale":"sv_SE","og_type":"article","og_title":"Avira Alok RCS \u00e5tervunnet st\u00e5l 360 vattenflaska 600ML, marinbl\u00e5 - Avira","og_description":"Alok \u00e4r en n\u00e5got st\u00f6rre version av v\u00e5r b\u00e4sts\u00e4ljare, utformad f\u00f6r en s\u00f6ml\u00f6s 360-graders dricksupplevelse som f\u00f6rst\u00e4rker kaffets fulla arom. Med enkel \u00f6ppning med en hand \u00e4r den idealisk f\u00f6r en livsstil d\u00e4r man \u00e4r p\u00e5 spr\u00e5ng. Locket \u00e4r l\u00e4tt att reng\u00f6ra och beh\u00e5llaren \u00e4r tillverkad av RCS-certifierat \u00e5tervunnet st\u00e5l, vilket g\u00f6r den b\u00e5de h\u00e5llbar [&hellip;]","og_url":"https:\/\/avira-reusables.com\/sv\/collection\/okategoriserad\/avira-alok-rcs-re-steel-360-vattenflaska-600ml-marinbla\/","og_site_name":"Avira","article_modified_time":"2026-04-28T23:26:20+00:00","og_image":[{"width":1024,"height":1024,"url":"https:\/\/avira-reusables.com\/wp-content\/uploads\/sites\/2\/2026\/04\/P438.0925__S_0__76c0c69f900f4c279db0a39362ef7b0f.jpg","type":"image\/jpeg"}],"twitter_card":"summary_large_image","twitter_misc":{"Ber\u00e4knad l\u00e4stid":"1 minut"},"schema":{"@context":"https:\/\/schema.org","@graph":[{"@type":"WebPage","@id":"https:\/\/avira-reusables.com\/sv\/collection\/okategoriserad\/avira-alok-rcs-re-steel-360-vattenflaska-600ml-marinbla\/","url":"https:\/\/avira-reusables.com\/sv\/collection\/okategoriserad\/avira-alok-rcs-re-steel-360-vattenflaska-600ml-marinbla\/","name":"Avira Alok RCS \u00e5tervunnet st\u00e5l 360 vattenflaska 600ML, marinbl\u00e5 - Avira","isPartOf":{"@id":"https:\/\/avira-reusables.com\/sv\/#website"},"primaryImageOfPage":{"@id":"https:\/\/avira-reusables.com\/sv\/collection\/okategoriserad\/avira-alok-rcs-re-steel-360-vattenflaska-600ml-marinbla\/#primaryimage"},"image":{"@id":"https:\/\/avira-reusables.com\/sv\/collection\/okategoriserad\/avira-alok-rcs-re-steel-360-vattenflaska-600ml-marinbla\/#primaryimage"},"thumbnailUrl":"https:\/\/avira-reusables.com\/wp-content\/uploads\/sites\/2\/2026\/04\/P438.0925__S_0__76c0c69f900f4c279db0a39362ef7b0f.jpg","datePublished":"2025-01-25T00:02:08+00:00","dateModified":"2026-04-28T23:26:20+00:00","breadcrumb":{"@id":"https:\/\/avira-reusables.com\/sv\/collection\/okategoriserad\/avira-alok-rcs-re-steel-360-vattenflaska-600ml-marinbla\/#breadcrumb"},"inLanguage":"sv-SE","potentialAction":[{"@type":"ReadAction","target":["https:\/\/avira-reusables.com\/sv\/collection\/okategoriserad\/avira-alok-rcs-re-steel-360-vattenflaska-600ml-marinbla\/"]}]},{"@type":"ImageObject","inLanguage":"sv-SE","@id":"https:\/\/avira-reusables.com\/sv\/collection\/okategoriserad\/avira-alok-rcs-re-steel-360-vattenflaska-600ml-marinbla\/#primaryimage","url":"https:\/\/avira-reusables.com\/wp-content\/uploads\/sites\/2\/2026\/04\/P438.0925__S_0__76c0c69f900f4c279db0a39362ef7b0f.jpg","contentUrl":"https:\/\/avira-reusables.com\/wp-content\/uploads\/sites\/2\/2026\/04\/P438.0925__S_0__76c0c69f900f4c279db0a39362ef7b0f.jpg","width":1024,"height":1024},{"@type":"BreadcrumbList","@id":"https:\/\/avira-reusables.com\/sv\/collection\/okategoriserad\/avira-alok-rcs-re-steel-360-vattenflaska-600ml-marinbla\/#breadcrumb","itemListElement":[{"@type":"ListItem","position":1,"name":"Home","item":"https:\/\/avira-reusables.com\/sv\/"},{"@type":"ListItem","position":2,"name":"Samling","item":"https:\/\/avira-reusables.com\/sv\/samling\/"},{"@type":"ListItem","position":3,"name":"Avira Alok RCS \u00e5tervunnet st\u00e5l 360 vattenflaska 600ML, marinbl\u00e5"}]},{"@type":"WebSite","@id":"https:\/\/avira-reusables.com\/sv\/#website","url":"https:\/\/avira-reusables.com\/sv\/","name":"Avira","description":"Made of 100% recycled materials","potentialAction":[{"@type":"SearchAction","target":{"@type":"EntryPoint","urlTemplate":"https:\/\/avira-reusables.com\/sv\/?s={search_term_string}"},"query-input":{"@type":"PropertyValueSpecification","valueRequired":true,"valueName":"search_term_string"}}],"inLanguage":"sv-SE"}]}},"_links":{"self":[{"href":"https:\/\/avira-reusables.com\/sv\/wp-json\/wp\/v2\/product\/22626","targetHints":{"allow":["GET"]}}],"collection":[{"href":"https:\/\/avira-reusables.com\/sv\/wp-json\/wp\/v2\/product"}],"about":[{"href":"https:\/\/avira-reusables.com\/sv\/wp-json\/wp\/v2\/types\/product"}],"wp:featuredmedia":[{"embeddable":true,"href":"https:\/\/avira-reusables.com\/sv\/wp-json\/wp\/v2\/media\/23785"}],"wp:attachment":[{"href":"https:\/\/avira-reusables.com\/sv\/wp-json\/wp\/v2\/media?parent=22626"}],"wp:term":[{"taxonomy":"product_cat","embeddable":true,"href":"https:\/\/avira-reusables.com\/sv\/wp-json\/wp\/v2\/product_cat?post=22626"},{"taxonomy":"product_tag","embeddable":true,"href":"https:\/\/avira-reusables.com\/sv\/wp-json\/wp\/v2\/product_tag?post=22626"}],"curies":[{"name":"wp","href":"https:\/\/api.w.org\/{rel}","templated":true}]}}