{"id":22628,"date":"2025-01-25T02:02:08","date_gmt":"2025-01-25T00:02:08","guid":{"rendered":"https:\/\/avira-reusables.com\/collection\/okategoriserad\/avira-alix-rcs-re-steel-klickmugg-400ml-silver\/"},"modified":"2026-03-12T02:29:06","modified_gmt":"2026-03-12T00:29:06","slug":"avira-alix-rcs-re-steel-klickmugg-400ml-silver","status":"publish","type":"product","link":"https:\/\/avira-reusables.com\/sv\/collection\/okategoriserad\/avira-alix-rcs-re-steel-klickmugg-400ml-silver\/","title":{"rendered":"Avira Alix RCS \u00e5tervunnet st\u00e5l klickmugg 400ML, silver"},"content":{"rendered":"<p>M\u00f6t Alix &#8211; den ultimata kaffekompisen, skapad f\u00f6r dem som lever livet i farten. Med en enkel \u00f6ppning med ett klick och en hand \u00e4r den utformad f\u00f6r snabba klunkar, vilket g\u00f6r den perfekt f\u00f6r morgonbilen eller den dagliga pendlingen. Det eleganta, l\u00e4ttrengjorda locket kompletterar dess kropp, tillverkad av premium RCS-certifierat \u00e5tervunnet st\u00e5l, som blandar h\u00e5llbarhet med stil. Med sina 400 ml \u00e4r den idealisk f\u00f6r dina varma favoritdrycker. F\u00f6rpackad i milj\u00f6v\u00e4nligt FSC\u00ae-certifierat kraftpapper \u00e4r l\u00e5dan mer \u00e4n bara en f\u00f6rpackning &#8211; den f\u00f6rvandlas till ett elegant telefonst\u00e4ll, pennh\u00e5llare eller till och med en miniblomkruka. Totalt \u00e5tervunnet inneh\u00e5ll: 64%, baserat p\u00e5 artikelns totala vikt. 2% av int\u00e4kterna fr\u00e5n varje s\u00e5ld Impact-produkt doneras till Water.org.<\/p>\n","protected":false},"excerpt":{"rendered":"<p>M\u00f6t Alix &#8211; den ultimata kaffekompisen, skapad f\u00f6r dem som lever livet i farten. Med en enkel \u00f6ppning med ett klick och en hand \u00e4r den utformad f\u00f6r snabba klunkar, vilket g\u00f6r den perfekt f\u00f6r morgonbilen eller den dagliga pendlingen. Det eleganta, l\u00e4ttrengjorda locket kompletterar dess kropp, tillverkad av premium RCS-certifierat \u00e5tervunnet st\u00e5l, som blandar [&hellip;]<\/p>\n","protected":false},"featured_media":22680,"template":"","meta":{"_acf_changed":false},"product_cat":[],"product_tag":[],"class_list":["post-22628","product","type-product","status-publish","has-post-thumbnail","hentry"],"acf":[],"yoast_head":"<!-- This site is optimized with the Yoast SEO plugin v27.0 - https:\/\/yoast.com\/product\/yoast-seo-wordpress\/ -->\n<title>Avira Alix RCS \u00e5tervunnet st\u00e5l klickmugg 400ML, silver - Avira<\/title>\n<meta name=\"robots\" content=\"index, follow, max-snippet:-1, max-image-preview:large, max-video-preview:-1\" \/>\n<link rel=\"canonical\" href=\"https:\/\/avira-reusables.com\/sv\/collection\/okategoriserad\/avira-alix-rcs-re-steel-klickmugg-400ml-silver\/\" \/>\n<meta property=\"og:locale\" content=\"sv_SE\" \/>\n<meta property=\"og:type\" content=\"article\" \/>\n<meta property=\"og:title\" content=\"Avira Alix RCS \u00e5tervunnet st\u00e5l klickmugg 400ML, silver - Avira\" \/>\n<meta property=\"og:description\" content=\"M\u00f6t Alix &#8211; den ultimata kaffekompisen, skapad f\u00f6r dem som lever livet i farten. Med en enkel \u00f6ppning med ett klick och en hand \u00e4r den utformad f\u00f6r snabba klunkar, vilket g\u00f6r den perfekt f\u00f6r morgonbilen eller den dagliga pendlingen. Det eleganta, l\u00e4ttrengjorda locket kompletterar dess kropp, tillverkad av premium RCS-certifierat \u00e5tervunnet st\u00e5l, som blandar [&hellip;]\" \/>\n<meta property=\"og:url\" content=\"https:\/\/avira-reusables.com\/sv\/collection\/okategoriserad\/avira-alix-rcs-re-steel-klickmugg-400ml-silver\/\" \/>\n<meta property=\"og:site_name\" content=\"Avira\" \/>\n<meta property=\"article:modified_time\" content=\"2026-03-12T00:29:06+00:00\" \/>\n<meta property=\"og:image\" content=\"https:\/\/avira-reusables.com\/wp-content\/uploads\/sites\/2\/2025\/01\/P438.1002__S_0__b16fc445ae0c460595f13cf6413ba118.jpg\" \/>\n\t<meta property=\"og:image:width\" content=\"1024\" \/>\n\t<meta property=\"og:image:height\" content=\"1024\" \/>\n\t<meta property=\"og:image:type\" content=\"image\/jpeg\" \/>\n<meta name=\"twitter:card\" content=\"summary_large_image\" \/>\n<meta name=\"twitter:label1\" content=\"Ber\u00e4knad l\u00e4stid\" \/>\n\t<meta name=\"twitter:data1\" content=\"1 minut\" \/>\n<script type=\"application\/ld+json\" class=\"yoast-schema-graph\">{\"@context\":\"https:\/\/schema.org\",\"@graph\":[{\"@type\":\"WebPage\",\"@id\":\"https:\/\/avira-reusables.com\/sv\/collection\/okategoriserad\/avira-alix-rcs-re-steel-klickmugg-400ml-silver\/\",\"url\":\"https:\/\/avira-reusables.com\/sv\/collection\/okategoriserad\/avira-alix-rcs-re-steel-klickmugg-400ml-silver\/\",\"name\":\"Avira Alix RCS \u00e5tervunnet st\u00e5l klickmugg 400ML, silver - Avira\",\"isPartOf\":{\"@id\":\"https:\/\/avira-reusables.com\/sv\/#website\"},\"primaryImageOfPage\":{\"@id\":\"https:\/\/avira-reusables.com\/sv\/collection\/okategoriserad\/avira-alix-rcs-re-steel-klickmugg-400ml-silver\/#primaryimage\"},\"image\":{\"@id\":\"https:\/\/avira-reusables.com\/sv\/collection\/okategoriserad\/avira-alix-rcs-re-steel-klickmugg-400ml-silver\/#primaryimage\"},\"thumbnailUrl\":\"https:\/\/avira-reusables.com\/wp-content\/uploads\/sites\/2\/2025\/01\/P438.1002__S_0__b16fc445ae0c460595f13cf6413ba118.jpg\",\"datePublished\":\"2025-01-25T00:02:08+00:00\",\"dateModified\":\"2026-03-12T00:29:06+00:00\",\"breadcrumb\":{\"@id\":\"https:\/\/avira-reusables.com\/sv\/collection\/okategoriserad\/avira-alix-rcs-re-steel-klickmugg-400ml-silver\/#breadcrumb\"},\"inLanguage\":\"sv-SE\",\"potentialAction\":[{\"@type\":\"ReadAction\",\"target\":[\"https:\/\/avira-reusables.com\/sv\/collection\/okategoriserad\/avira-alix-rcs-re-steel-klickmugg-400ml-silver\/\"]}]},{\"@type\":\"ImageObject\",\"inLanguage\":\"sv-SE\",\"@id\":\"https:\/\/avira-reusables.com\/sv\/collection\/okategoriserad\/avira-alix-rcs-re-steel-klickmugg-400ml-silver\/#primaryimage\",\"url\":\"https:\/\/avira-reusables.com\/wp-content\/uploads\/sites\/2\/2025\/01\/P438.1002__S_0__b16fc445ae0c460595f13cf6413ba118.jpg\",\"contentUrl\":\"https:\/\/avira-reusables.com\/wp-content\/uploads\/sites\/2\/2025\/01\/P438.1002__S_0__b16fc445ae0c460595f13cf6413ba118.jpg\",\"width\":1024,\"height\":1024},{\"@type\":\"BreadcrumbList\",\"@id\":\"https:\/\/avira-reusables.com\/sv\/collection\/okategoriserad\/avira-alix-rcs-re-steel-klickmugg-400ml-silver\/#breadcrumb\",\"itemListElement\":[{\"@type\":\"ListItem\",\"position\":1,\"name\":\"Home\",\"item\":\"https:\/\/avira-reusables.com\/sv\/\"},{\"@type\":\"ListItem\",\"position\":2,\"name\":\"Samling\",\"item\":\"https:\/\/avira-reusables.com\/sv\/samling\/\"},{\"@type\":\"ListItem\",\"position\":3,\"name\":\"Avira Alix RCS \u00e5tervunnet st\u00e5l klickmugg 400ML, silver\"}]},{\"@type\":\"WebSite\",\"@id\":\"https:\/\/avira-reusables.com\/sv\/#website\",\"url\":\"https:\/\/avira-reusables.com\/sv\/\",\"name\":\"Avira\",\"description\":\"Made of 100% recycled materials\",\"potentialAction\":[{\"@type\":\"SearchAction\",\"target\":{\"@type\":\"EntryPoint\",\"urlTemplate\":\"https:\/\/avira-reusables.com\/sv\/?s={search_term_string}\"},\"query-input\":{\"@type\":\"PropertyValueSpecification\",\"valueRequired\":true,\"valueName\":\"search_term_string\"}}],\"inLanguage\":\"sv-SE\"}]}<\/script>\n<!-- \/ Yoast SEO plugin. -->","yoast_head_json":{"title":"Avira Alix RCS \u00e5tervunnet st\u00e5l klickmugg 400ML, silver - Avira","robots":{"index":"index","follow":"follow","max-snippet":"max-snippet:-1","max-image-preview":"max-image-preview:large","max-video-preview":"max-video-preview:-1"},"canonical":"https:\/\/avira-reusables.com\/sv\/collection\/okategoriserad\/avira-alix-rcs-re-steel-klickmugg-400ml-silver\/","og_locale":"sv_SE","og_type":"article","og_title":"Avira Alix RCS \u00e5tervunnet st\u00e5l klickmugg 400ML, silver - Avira","og_description":"M\u00f6t Alix &#8211; den ultimata kaffekompisen, skapad f\u00f6r dem som lever livet i farten. Med en enkel \u00f6ppning med ett klick och en hand \u00e4r den utformad f\u00f6r snabba klunkar, vilket g\u00f6r den perfekt f\u00f6r morgonbilen eller den dagliga pendlingen. Det eleganta, l\u00e4ttrengjorda locket kompletterar dess kropp, tillverkad av premium RCS-certifierat \u00e5tervunnet st\u00e5l, som blandar [&hellip;]","og_url":"https:\/\/avira-reusables.com\/sv\/collection\/okategoriserad\/avira-alix-rcs-re-steel-klickmugg-400ml-silver\/","og_site_name":"Avira","article_modified_time":"2026-03-12T00:29:06+00:00","og_image":[{"width":1024,"height":1024,"url":"https:\/\/avira-reusables.com\/wp-content\/uploads\/sites\/2\/2025\/01\/P438.1002__S_0__b16fc445ae0c460595f13cf6413ba118.jpg","type":"image\/jpeg"}],"twitter_card":"summary_large_image","twitter_misc":{"Ber\u00e4knad l\u00e4stid":"1 minut"},"schema":{"@context":"https:\/\/schema.org","@graph":[{"@type":"WebPage","@id":"https:\/\/avira-reusables.com\/sv\/collection\/okategoriserad\/avira-alix-rcs-re-steel-klickmugg-400ml-silver\/","url":"https:\/\/avira-reusables.com\/sv\/collection\/okategoriserad\/avira-alix-rcs-re-steel-klickmugg-400ml-silver\/","name":"Avira Alix RCS \u00e5tervunnet st\u00e5l klickmugg 400ML, silver - Avira","isPartOf":{"@id":"https:\/\/avira-reusables.com\/sv\/#website"},"primaryImageOfPage":{"@id":"https:\/\/avira-reusables.com\/sv\/collection\/okategoriserad\/avira-alix-rcs-re-steel-klickmugg-400ml-silver\/#primaryimage"},"image":{"@id":"https:\/\/avira-reusables.com\/sv\/collection\/okategoriserad\/avira-alix-rcs-re-steel-klickmugg-400ml-silver\/#primaryimage"},"thumbnailUrl":"https:\/\/avira-reusables.com\/wp-content\/uploads\/sites\/2\/2025\/01\/P438.1002__S_0__b16fc445ae0c460595f13cf6413ba118.jpg","datePublished":"2025-01-25T00:02:08+00:00","dateModified":"2026-03-12T00:29:06+00:00","breadcrumb":{"@id":"https:\/\/avira-reusables.com\/sv\/collection\/okategoriserad\/avira-alix-rcs-re-steel-klickmugg-400ml-silver\/#breadcrumb"},"inLanguage":"sv-SE","potentialAction":[{"@type":"ReadAction","target":["https:\/\/avira-reusables.com\/sv\/collection\/okategoriserad\/avira-alix-rcs-re-steel-klickmugg-400ml-silver\/"]}]},{"@type":"ImageObject","inLanguage":"sv-SE","@id":"https:\/\/avira-reusables.com\/sv\/collection\/okategoriserad\/avira-alix-rcs-re-steel-klickmugg-400ml-silver\/#primaryimage","url":"https:\/\/avira-reusables.com\/wp-content\/uploads\/sites\/2\/2025\/01\/P438.1002__S_0__b16fc445ae0c460595f13cf6413ba118.jpg","contentUrl":"https:\/\/avira-reusables.com\/wp-content\/uploads\/sites\/2\/2025\/01\/P438.1002__S_0__b16fc445ae0c460595f13cf6413ba118.jpg","width":1024,"height":1024},{"@type":"BreadcrumbList","@id":"https:\/\/avira-reusables.com\/sv\/collection\/okategoriserad\/avira-alix-rcs-re-steel-klickmugg-400ml-silver\/#breadcrumb","itemListElement":[{"@type":"ListItem","position":1,"name":"Home","item":"https:\/\/avira-reusables.com\/sv\/"},{"@type":"ListItem","position":2,"name":"Samling","item":"https:\/\/avira-reusables.com\/sv\/samling\/"},{"@type":"ListItem","position":3,"name":"Avira Alix RCS \u00e5tervunnet st\u00e5l klickmugg 400ML, silver"}]},{"@type":"WebSite","@id":"https:\/\/avira-reusables.com\/sv\/#website","url":"https:\/\/avira-reusables.com\/sv\/","name":"Avira","description":"Made of 100% recycled materials","potentialAction":[{"@type":"SearchAction","target":{"@type":"EntryPoint","urlTemplate":"https:\/\/avira-reusables.com\/sv\/?s={search_term_string}"},"query-input":{"@type":"PropertyValueSpecification","valueRequired":true,"valueName":"search_term_string"}}],"inLanguage":"sv-SE"}]}},"_links":{"self":[{"href":"https:\/\/avira-reusables.com\/sv\/wp-json\/wp\/v2\/product\/22628","targetHints":{"allow":["GET"]}}],"collection":[{"href":"https:\/\/avira-reusables.com\/sv\/wp-json\/wp\/v2\/product"}],"about":[{"href":"https:\/\/avira-reusables.com\/sv\/wp-json\/wp\/v2\/types\/product"}],"wp:featuredmedia":[{"embeddable":true,"href":"https:\/\/avira-reusables.com\/sv\/wp-json\/wp\/v2\/media\/22680"}],"wp:attachment":[{"href":"https:\/\/avira-reusables.com\/sv\/wp-json\/wp\/v2\/media?parent=22628"}],"wp:term":[{"taxonomy":"product_cat","embeddable":true,"href":"https:\/\/avira-reusables.com\/sv\/wp-json\/wp\/v2\/product_cat?post=22628"},{"taxonomy":"product_tag","embeddable":true,"href":"https:\/\/avira-reusables.com\/sv\/wp-json\/wp\/v2\/product_tag?post=22628"}],"curies":[{"name":"wp","href":"https:\/\/api.w.org\/{rel}","templated":true}]}}