{"id":23412,"date":"2026-01-01T02:02:10","date_gmt":"2026-01-01T00:02:10","guid":{"rendered":"https:\/\/avira-reusables.com\/collection\/okategoriserad\/avira-ayla-rcs-atervunnet-stal-duosip-lasbar-axelremsmugg-svart\/"},"modified":"2026-04-29T01:26:33","modified_gmt":"2026-04-28T23:26:33","slug":"avira-ayla-rcs-atervunnet-stal-duosip-lasbar-axelremsmugg-svart","status":"publish","type":"product","link":"https:\/\/avira-reusables.com\/sv\/collection\/products\/avira-ayla-rcs-atervunnet-stal-duosip-lasbar-axelremsmugg-svart\/","title":{"rendered":"Avira Ayala RCS \u00e5tervunnet st\u00e5l duosip l\u00e5sbar axelremsmugg, svart"},"content":{"rendered":"<p>M\u00f6t Ayala \u2013 din m\u00e5ngsidiga f\u00f6ljeslagare f\u00f6r v\u00e4tskep\u00e5fyllning, skapad f\u00f6r livet i staden och bortom. Med ett smart l\u00e5ssystem, b\u00e4rhandtag och avtagbar rem kan du b\u00e4ra den som en crossbody f\u00f6r handsfree-pendling eller enkelt h\u00e4nga den \u00f6ver axeln. Med en kapacitet p\u00e5 600 ml \u00e4r den perfekt storlek f\u00f6r att h\u00e5lla dig \u00e5terfuktad hela dagen.<\/p>\n<p>Tillverkad av RCS-certifierat \u00e5tervunnet st\u00e5l med en silikonbas som d\u00e4mpar ljud, kombinerar den h\u00e5llbarhet med en genomt\u00e4nkt design som minimerar milj\u00f6p\u00e5verkan. F\u00f6rpackad i milj\u00f6v\u00e4nlig FSC-certifierad kraftpappersf\u00f6rpackning \u2013 l\u00e5dan \u00e4r mer \u00e4n bara emballage, den \u00e4r utformad f\u00f6r att kunna \u00e5teranv\u00e4ndas som en praktisk skrivbordstillbeh\u00f6r.<\/p>\n<p>Totalt \u00e5tervunnet inneh\u00e5ll: 58 % av produktens totala vikt.<br \/>\nOch med varje Impact-produkt doneras 2 % av int\u00e4kterna till Water.org, som hj\u00e4lper till att ge m\u00e4nniskor i behov tillg\u00e5ng till rent vatten.<\/p>\n","protected":false},"excerpt":{"rendered":"<p>M\u00f6t Ayala \u2013 din m\u00e5ngsidiga f\u00f6ljeslagare f\u00f6r v\u00e4tskep\u00e5fyllning, skapad f\u00f6r livet i staden och bortom. Med ett smart l\u00e5ssystem, b\u00e4rhandtag och avtagbar rem kan du b\u00e4ra den som en crossbody f\u00f6r handsfree-pendling eller enkelt h\u00e4nga den \u00f6ver axeln. Med en kapacitet p\u00e5 600 ml \u00e4r den perfekt storlek f\u00f6r att h\u00e5lla dig \u00e5terfuktad hela dagen. [&hellip;]<\/p>\n","protected":false},"featured_media":23820,"template":"","meta":{"_acf_changed":false},"product_cat":[28],"product_tag":[],"class_list":["post-23412","product","type-product","status-publish","has-post-thumbnail","hentry","product_cat-products"],"acf":[],"yoast_head":"<!-- This site is optimized with the Yoast SEO plugin v27.0 - https:\/\/yoast.com\/product\/yoast-seo-wordpress\/ -->\n<title>Avira Ayala RCS \u00e5tervunnet st\u00e5l duosip l\u00e5sbar axelremsmugg, svart - Avira<\/title>\n<meta name=\"robots\" content=\"index, follow, max-snippet:-1, max-image-preview:large, max-video-preview:-1\" \/>\n<link rel=\"canonical\" href=\"https:\/\/avira-reusables.com\/sv\/collection\/products\/avira-ayla-rcs-atervunnet-stal-duosip-lasbar-axelremsmugg-svart\/\" \/>\n<meta property=\"og:locale\" content=\"sv_SE\" \/>\n<meta property=\"og:type\" content=\"article\" \/>\n<meta property=\"og:title\" content=\"Avira Ayala RCS \u00e5tervunnet st\u00e5l duosip l\u00e5sbar axelremsmugg, svart - Avira\" \/>\n<meta property=\"og:description\" content=\"M\u00f6t Ayala \u2013 din m\u00e5ngsidiga f\u00f6ljeslagare f\u00f6r v\u00e4tskep\u00e5fyllning, skapad f\u00f6r livet i staden och bortom. Med ett smart l\u00e5ssystem, b\u00e4rhandtag och avtagbar rem kan du b\u00e4ra den som en crossbody f\u00f6r handsfree-pendling eller enkelt h\u00e4nga den \u00f6ver axeln. Med en kapacitet p\u00e5 600 ml \u00e4r den perfekt storlek f\u00f6r att h\u00e5lla dig \u00e5terfuktad hela dagen. [&hellip;]\" \/>\n<meta property=\"og:url\" content=\"https:\/\/avira-reusables.com\/sv\/collection\/products\/avira-ayla-rcs-atervunnet-stal-duosip-lasbar-axelremsmugg-svart\/\" \/>\n<meta property=\"og:site_name\" content=\"Avira\" \/>\n<meta property=\"article:modified_time\" content=\"2026-04-28T23:26:33+00:00\" \/>\n<meta property=\"og:image\" content=\"https:\/\/avira-reusables.com\/wp-content\/uploads\/sites\/2\/2026\/04\/P438.1101__S_0__b9b3f65f78fe4213883358240f1df004.jpg\" \/>\n\t<meta property=\"og:image:width\" content=\"1024\" \/>\n\t<meta property=\"og:image:height\" content=\"1024\" \/>\n\t<meta property=\"og:image:type\" content=\"image\/jpeg\" \/>\n<meta name=\"twitter:card\" content=\"summary_large_image\" \/>\n<meta name=\"twitter:label1\" content=\"Ber\u00e4knad l\u00e4stid\" \/>\n\t<meta name=\"twitter:data1\" content=\"1 minut\" \/>\n<script type=\"application\/ld+json\" class=\"yoast-schema-graph\">{\"@context\":\"https:\/\/schema.org\",\"@graph\":[{\"@type\":\"WebPage\",\"@id\":\"https:\/\/avira-reusables.com\/sv\/collection\/products\/avira-ayla-rcs-atervunnet-stal-duosip-lasbar-axelremsmugg-svart\/\",\"url\":\"https:\/\/avira-reusables.com\/sv\/collection\/products\/avira-ayla-rcs-atervunnet-stal-duosip-lasbar-axelremsmugg-svart\/\",\"name\":\"Avira Ayala RCS \u00e5tervunnet st\u00e5l duosip l\u00e5sbar axelremsmugg, svart - Avira\",\"isPartOf\":{\"@id\":\"https:\/\/avira-reusables.com\/sv\/#website\"},\"primaryImageOfPage\":{\"@id\":\"https:\/\/avira-reusables.com\/sv\/collection\/products\/avira-ayla-rcs-atervunnet-stal-duosip-lasbar-axelremsmugg-svart\/#primaryimage\"},\"image\":{\"@id\":\"https:\/\/avira-reusables.com\/sv\/collection\/products\/avira-ayla-rcs-atervunnet-stal-duosip-lasbar-axelremsmugg-svart\/#primaryimage\"},\"thumbnailUrl\":\"https:\/\/avira-reusables.com\/wp-content\/uploads\/sites\/2\/2026\/04\/P438.1101__S_0__b9b3f65f78fe4213883358240f1df004.jpg\",\"datePublished\":\"2026-01-01T00:02:10+00:00\",\"dateModified\":\"2026-04-28T23:26:33+00:00\",\"breadcrumb\":{\"@id\":\"https:\/\/avira-reusables.com\/sv\/collection\/products\/avira-ayla-rcs-atervunnet-stal-duosip-lasbar-axelremsmugg-svart\/#breadcrumb\"},\"inLanguage\":\"sv-SE\",\"potentialAction\":[{\"@type\":\"ReadAction\",\"target\":[\"https:\/\/avira-reusables.com\/sv\/collection\/products\/avira-ayla-rcs-atervunnet-stal-duosip-lasbar-axelremsmugg-svart\/\"]}]},{\"@type\":\"ImageObject\",\"inLanguage\":\"sv-SE\",\"@id\":\"https:\/\/avira-reusables.com\/sv\/collection\/products\/avira-ayla-rcs-atervunnet-stal-duosip-lasbar-axelremsmugg-svart\/#primaryimage\",\"url\":\"https:\/\/avira-reusables.com\/wp-content\/uploads\/sites\/2\/2026\/04\/P438.1101__S_0__b9b3f65f78fe4213883358240f1df004.jpg\",\"contentUrl\":\"https:\/\/avira-reusables.com\/wp-content\/uploads\/sites\/2\/2026\/04\/P438.1101__S_0__b9b3f65f78fe4213883358240f1df004.jpg\",\"width\":1024,\"height\":1024},{\"@type\":\"BreadcrumbList\",\"@id\":\"https:\/\/avira-reusables.com\/sv\/collection\/products\/avira-ayla-rcs-atervunnet-stal-duosip-lasbar-axelremsmugg-svart\/#breadcrumb\",\"itemListElement\":[{\"@type\":\"ListItem\",\"position\":1,\"name\":\"Home\",\"item\":\"https:\/\/avira-reusables.com\/sv\/\"},{\"@type\":\"ListItem\",\"position\":2,\"name\":\"Samling\",\"item\":\"https:\/\/avira-reusables.com\/sv\/samling\/\"},{\"@type\":\"ListItem\",\"position\":3,\"name\":\"Avira Ayala RCS \u00e5tervunnet st\u00e5l duosip l\u00e5sbar axelremsmugg, svart\"}]},{\"@type\":\"WebSite\",\"@id\":\"https:\/\/avira-reusables.com\/sv\/#website\",\"url\":\"https:\/\/avira-reusables.com\/sv\/\",\"name\":\"Avira\",\"description\":\"Made of 100% recycled materials\",\"potentialAction\":[{\"@type\":\"SearchAction\",\"target\":{\"@type\":\"EntryPoint\",\"urlTemplate\":\"https:\/\/avira-reusables.com\/sv\/?s={search_term_string}\"},\"query-input\":{\"@type\":\"PropertyValueSpecification\",\"valueRequired\":true,\"valueName\":\"search_term_string\"}}],\"inLanguage\":\"sv-SE\"}]}<\/script>\n<!-- \/ Yoast SEO plugin. -->","yoast_head_json":{"title":"Avira Ayala RCS \u00e5tervunnet st\u00e5l duosip l\u00e5sbar axelremsmugg, svart - Avira","robots":{"index":"index","follow":"follow","max-snippet":"max-snippet:-1","max-image-preview":"max-image-preview:large","max-video-preview":"max-video-preview:-1"},"canonical":"https:\/\/avira-reusables.com\/sv\/collection\/products\/avira-ayla-rcs-atervunnet-stal-duosip-lasbar-axelremsmugg-svart\/","og_locale":"sv_SE","og_type":"article","og_title":"Avira Ayala RCS \u00e5tervunnet st\u00e5l duosip l\u00e5sbar axelremsmugg, svart - Avira","og_description":"M\u00f6t Ayala \u2013 din m\u00e5ngsidiga f\u00f6ljeslagare f\u00f6r v\u00e4tskep\u00e5fyllning, skapad f\u00f6r livet i staden och bortom. Med ett smart l\u00e5ssystem, b\u00e4rhandtag och avtagbar rem kan du b\u00e4ra den som en crossbody f\u00f6r handsfree-pendling eller enkelt h\u00e4nga den \u00f6ver axeln. Med en kapacitet p\u00e5 600 ml \u00e4r den perfekt storlek f\u00f6r att h\u00e5lla dig \u00e5terfuktad hela dagen. [&hellip;]","og_url":"https:\/\/avira-reusables.com\/sv\/collection\/products\/avira-ayla-rcs-atervunnet-stal-duosip-lasbar-axelremsmugg-svart\/","og_site_name":"Avira","article_modified_time":"2026-04-28T23:26:33+00:00","og_image":[{"width":1024,"height":1024,"url":"https:\/\/avira-reusables.com\/wp-content\/uploads\/sites\/2\/2026\/04\/P438.1101__S_0__b9b3f65f78fe4213883358240f1df004.jpg","type":"image\/jpeg"}],"twitter_card":"summary_large_image","twitter_misc":{"Ber\u00e4knad l\u00e4stid":"1 minut"},"schema":{"@context":"https:\/\/schema.org","@graph":[{"@type":"WebPage","@id":"https:\/\/avira-reusables.com\/sv\/collection\/products\/avira-ayla-rcs-atervunnet-stal-duosip-lasbar-axelremsmugg-svart\/","url":"https:\/\/avira-reusables.com\/sv\/collection\/products\/avira-ayla-rcs-atervunnet-stal-duosip-lasbar-axelremsmugg-svart\/","name":"Avira Ayala RCS \u00e5tervunnet st\u00e5l duosip l\u00e5sbar axelremsmugg, svart - Avira","isPartOf":{"@id":"https:\/\/avira-reusables.com\/sv\/#website"},"primaryImageOfPage":{"@id":"https:\/\/avira-reusables.com\/sv\/collection\/products\/avira-ayla-rcs-atervunnet-stal-duosip-lasbar-axelremsmugg-svart\/#primaryimage"},"image":{"@id":"https:\/\/avira-reusables.com\/sv\/collection\/products\/avira-ayla-rcs-atervunnet-stal-duosip-lasbar-axelremsmugg-svart\/#primaryimage"},"thumbnailUrl":"https:\/\/avira-reusables.com\/wp-content\/uploads\/sites\/2\/2026\/04\/P438.1101__S_0__b9b3f65f78fe4213883358240f1df004.jpg","datePublished":"2026-01-01T00:02:10+00:00","dateModified":"2026-04-28T23:26:33+00:00","breadcrumb":{"@id":"https:\/\/avira-reusables.com\/sv\/collection\/products\/avira-ayla-rcs-atervunnet-stal-duosip-lasbar-axelremsmugg-svart\/#breadcrumb"},"inLanguage":"sv-SE","potentialAction":[{"@type":"ReadAction","target":["https:\/\/avira-reusables.com\/sv\/collection\/products\/avira-ayla-rcs-atervunnet-stal-duosip-lasbar-axelremsmugg-svart\/"]}]},{"@type":"ImageObject","inLanguage":"sv-SE","@id":"https:\/\/avira-reusables.com\/sv\/collection\/products\/avira-ayla-rcs-atervunnet-stal-duosip-lasbar-axelremsmugg-svart\/#primaryimage","url":"https:\/\/avira-reusables.com\/wp-content\/uploads\/sites\/2\/2026\/04\/P438.1101__S_0__b9b3f65f78fe4213883358240f1df004.jpg","contentUrl":"https:\/\/avira-reusables.com\/wp-content\/uploads\/sites\/2\/2026\/04\/P438.1101__S_0__b9b3f65f78fe4213883358240f1df004.jpg","width":1024,"height":1024},{"@type":"BreadcrumbList","@id":"https:\/\/avira-reusables.com\/sv\/collection\/products\/avira-ayla-rcs-atervunnet-stal-duosip-lasbar-axelremsmugg-svart\/#breadcrumb","itemListElement":[{"@type":"ListItem","position":1,"name":"Home","item":"https:\/\/avira-reusables.com\/sv\/"},{"@type":"ListItem","position":2,"name":"Samling","item":"https:\/\/avira-reusables.com\/sv\/samling\/"},{"@type":"ListItem","position":3,"name":"Avira Ayala RCS \u00e5tervunnet st\u00e5l duosip l\u00e5sbar axelremsmugg, svart"}]},{"@type":"WebSite","@id":"https:\/\/avira-reusables.com\/sv\/#website","url":"https:\/\/avira-reusables.com\/sv\/","name":"Avira","description":"Made of 100% recycled materials","potentialAction":[{"@type":"SearchAction","target":{"@type":"EntryPoint","urlTemplate":"https:\/\/avira-reusables.com\/sv\/?s={search_term_string}"},"query-input":{"@type":"PropertyValueSpecification","valueRequired":true,"valueName":"search_term_string"}}],"inLanguage":"sv-SE"}]}},"_links":{"self":[{"href":"https:\/\/avira-reusables.com\/sv\/wp-json\/wp\/v2\/product\/23412","targetHints":{"allow":["GET"]}}],"collection":[{"href":"https:\/\/avira-reusables.com\/sv\/wp-json\/wp\/v2\/product"}],"about":[{"href":"https:\/\/avira-reusables.com\/sv\/wp-json\/wp\/v2\/types\/product"}],"wp:featuredmedia":[{"embeddable":true,"href":"https:\/\/avira-reusables.com\/sv\/wp-json\/wp\/v2\/media\/23820"}],"wp:attachment":[{"href":"https:\/\/avira-reusables.com\/sv\/wp-json\/wp\/v2\/media?parent=23412"}],"wp:term":[{"taxonomy":"product_cat","embeddable":true,"href":"https:\/\/avira-reusables.com\/sv\/wp-json\/wp\/v2\/product_cat?post=23412"},{"taxonomy":"product_tag","embeddable":true,"href":"https:\/\/avira-reusables.com\/sv\/wp-json\/wp\/v2\/product_tag?post=23412"}],"curies":[{"name":"wp","href":"https:\/\/api.w.org\/{rel}","templated":true}]}}