{"id":4652,"date":"2023-01-24T10:37:01","date_gmt":"2023-01-24T08:37:01","guid":{"rendered":"https:\/\/avira-reusables.com\/collection\/okategoriserad\/avira-alya-rcs-re-steel-mugg-300ml-bla\/"},"modified":"2026-04-16T01:26:59","modified_gmt":"2026-04-15T23:26:59","slug":"avira-alya-rcs-re-steel-mugg-300ml-bla","status":"publish","type":"product","link":"https:\/\/avira-reusables.com\/sv\/collection\/products\/avira-alya-rcs-re-steel-mugg-300ml-bla\/","title":{"rendered":"Alya RCS \u00e5tervunnet st\u00e5l mugg 300ml, bl\u00e5"},"content":{"rendered":"<p>Alya dubbelv\u00e4ggig, vakuumisolerad mugg i stainless steel h\u00e5ller din dryck kyld i upp till 8 timmar och varm upp till 6 timmar. Non-slip i botten. Tillverkad av RCS (Recycled Claim Standard) certifierad \u00e5tervunnen stainless steel och \u00e5tervunnen PP. RCS certifiering s\u00e4kerst\u00e4ller en helt certifierad leveranskedja av de \u00e5tervunna materialen. Totalt \u00e5tervunnet inneh\u00e5ll: 63% baserat p\u00e5 total produktvikt. BPA-fri. Volym: 300ml. Levereras i FSC\u00ae-certifierad kraft f\u00f6rpackning. Kasta inte kartongen, den kan anv\u00e4ndas som mobilh\u00e5llare, pennh\u00e5llare eller varf\u00f6r inte en blomkruka! 2 % av int\u00e4kterna fr\u00e5n varje s\u00e5ld Impact-produkt doneras till Water.org.<\/p>\n","protected":false},"excerpt":{"rendered":"<p>Alya dubbelv\u00e4ggig, vakuumisolerad mugg i stainless steel h\u00e5ller din dryck kyld i upp till 8 timmar och varm upp till 6 timmar. Non-slip i botten. Tillverkad av RCS (Recycled Claim Standard) certifierad \u00e5tervunnen stainless steel och \u00e5tervunnen PP. RCS certifiering s\u00e4kerst\u00e4ller en helt certifierad leveranskedja av de \u00e5tervunna materialen. Totalt \u00e5tervunnet inneh\u00e5ll: 63% baserat p\u00e5 [&hellip;]<\/p>\n","protected":false},"featured_media":23568,"template":"","meta":{"_acf_changed":false},"product_cat":[28],"product_tag":[],"class_list":["post-4652","product","type-product","status-publish","has-post-thumbnail","hentry","product_cat-products"],"acf":[],"yoast_head":"<!-- This site is optimized with the Yoast SEO plugin v27.0 - https:\/\/yoast.com\/product\/yoast-seo-wordpress\/ -->\n<title>Alya RCS \u00e5tervunnet st\u00e5l mugg 300ml, bl\u00e5 - Avira<\/title>\n<meta name=\"robots\" content=\"index, follow, max-snippet:-1, max-image-preview:large, max-video-preview:-1\" \/>\n<link rel=\"canonical\" href=\"https:\/\/avira-reusables.com\/sv\/collection\/products\/avira-alya-rcs-re-steel-mugg-300ml-bla\/\" \/>\n<meta property=\"og:locale\" content=\"sv_SE\" \/>\n<meta property=\"og:type\" content=\"article\" \/>\n<meta property=\"og:title\" content=\"Alya RCS \u00e5tervunnet st\u00e5l mugg 300ml, bl\u00e5 - Avira\" \/>\n<meta property=\"og:description\" content=\"Alya dubbelv\u00e4ggig, vakuumisolerad mugg i stainless steel h\u00e5ller din dryck kyld i upp till 8 timmar och varm upp till 6 timmar. Non-slip i botten. Tillverkad av RCS (Recycled Claim Standard) certifierad \u00e5tervunnen stainless steel och \u00e5tervunnen PP. RCS certifiering s\u00e4kerst\u00e4ller en helt certifierad leveranskedja av de \u00e5tervunna materialen. Totalt \u00e5tervunnet inneh\u00e5ll: 63% baserat p\u00e5 [&hellip;]\" \/>\n<meta property=\"og:url\" content=\"https:\/\/avira-reusables.com\/sv\/collection\/products\/avira-alya-rcs-re-steel-mugg-300ml-bla\/\" \/>\n<meta property=\"og:site_name\" content=\"Avira\" \/>\n<meta property=\"article:modified_time\" content=\"2026-04-15T23:26:59+00:00\" \/>\n<meta property=\"og:image\" content=\"https:\/\/avira-reusables.com\/wp-content\/uploads\/sites\/2\/2026\/04\/P438.025__S_0__8467cfb226374852842d4051d8aa367a.jpg\" \/>\n\t<meta property=\"og:image:width\" content=\"1024\" \/>\n\t<meta property=\"og:image:height\" content=\"1024\" \/>\n\t<meta property=\"og:image:type\" content=\"image\/jpeg\" \/>\n<meta name=\"twitter:card\" content=\"summary_large_image\" \/>\n<meta name=\"twitter:label1\" content=\"Ber\u00e4knad l\u00e4stid\" \/>\n\t<meta name=\"twitter:data1\" content=\"1 minut\" \/>\n<script type=\"application\/ld+json\" class=\"yoast-schema-graph\">{\"@context\":\"https:\/\/schema.org\",\"@graph\":[{\"@type\":\"WebPage\",\"@id\":\"https:\/\/avira-reusables.com\/sv\/collection\/products\/avira-alya-rcs-re-steel-mugg-300ml-bla\/\",\"url\":\"https:\/\/avira-reusables.com\/sv\/collection\/products\/avira-alya-rcs-re-steel-mugg-300ml-bla\/\",\"name\":\"Alya RCS \u00e5tervunnet st\u00e5l mugg 300ml, bl\u00e5 - Avira\",\"isPartOf\":{\"@id\":\"https:\/\/avira-reusables.com\/sv\/#website\"},\"primaryImageOfPage\":{\"@id\":\"https:\/\/avira-reusables.com\/sv\/collection\/products\/avira-alya-rcs-re-steel-mugg-300ml-bla\/#primaryimage\"},\"image\":{\"@id\":\"https:\/\/avira-reusables.com\/sv\/collection\/products\/avira-alya-rcs-re-steel-mugg-300ml-bla\/#primaryimage\"},\"thumbnailUrl\":\"https:\/\/avira-reusables.com\/wp-content\/uploads\/sites\/2\/2026\/04\/P438.025__S_0__8467cfb226374852842d4051d8aa367a.jpg\",\"datePublished\":\"2023-01-24T08:37:01+00:00\",\"dateModified\":\"2026-04-15T23:26:59+00:00\",\"breadcrumb\":{\"@id\":\"https:\/\/avira-reusables.com\/sv\/collection\/products\/avira-alya-rcs-re-steel-mugg-300ml-bla\/#breadcrumb\"},\"inLanguage\":\"sv-SE\",\"potentialAction\":[{\"@type\":\"ReadAction\",\"target\":[\"https:\/\/avira-reusables.com\/sv\/collection\/products\/avira-alya-rcs-re-steel-mugg-300ml-bla\/\"]}]},{\"@type\":\"ImageObject\",\"inLanguage\":\"sv-SE\",\"@id\":\"https:\/\/avira-reusables.com\/sv\/collection\/products\/avira-alya-rcs-re-steel-mugg-300ml-bla\/#primaryimage\",\"url\":\"https:\/\/avira-reusables.com\/wp-content\/uploads\/sites\/2\/2026\/04\/P438.025__S_0__8467cfb226374852842d4051d8aa367a.jpg\",\"contentUrl\":\"https:\/\/avira-reusables.com\/wp-content\/uploads\/sites\/2\/2026\/04\/P438.025__S_0__8467cfb226374852842d4051d8aa367a.jpg\",\"width\":1024,\"height\":1024},{\"@type\":\"BreadcrumbList\",\"@id\":\"https:\/\/avira-reusables.com\/sv\/collection\/products\/avira-alya-rcs-re-steel-mugg-300ml-bla\/#breadcrumb\",\"itemListElement\":[{\"@type\":\"ListItem\",\"position\":1,\"name\":\"Home\",\"item\":\"https:\/\/avira-reusables.com\/sv\/\"},{\"@type\":\"ListItem\",\"position\":2,\"name\":\"Samling\",\"item\":\"https:\/\/avira-reusables.com\/sv\/samling\/\"},{\"@type\":\"ListItem\",\"position\":3,\"name\":\"Alya RCS \u00e5tervunnet st\u00e5l mugg 300ml, bl\u00e5\"}]},{\"@type\":\"WebSite\",\"@id\":\"https:\/\/avira-reusables.com\/sv\/#website\",\"url\":\"https:\/\/avira-reusables.com\/sv\/\",\"name\":\"Avira\",\"description\":\"Made of 100% recycled materials\",\"potentialAction\":[{\"@type\":\"SearchAction\",\"target\":{\"@type\":\"EntryPoint\",\"urlTemplate\":\"https:\/\/avira-reusables.com\/sv\/?s={search_term_string}\"},\"query-input\":{\"@type\":\"PropertyValueSpecification\",\"valueRequired\":true,\"valueName\":\"search_term_string\"}}],\"inLanguage\":\"sv-SE\"}]}<\/script>\n<!-- \/ Yoast SEO plugin. -->","yoast_head_json":{"title":"Alya RCS \u00e5tervunnet st\u00e5l mugg 300ml, bl\u00e5 - Avira","robots":{"index":"index","follow":"follow","max-snippet":"max-snippet:-1","max-image-preview":"max-image-preview:large","max-video-preview":"max-video-preview:-1"},"canonical":"https:\/\/avira-reusables.com\/sv\/collection\/products\/avira-alya-rcs-re-steel-mugg-300ml-bla\/","og_locale":"sv_SE","og_type":"article","og_title":"Alya RCS \u00e5tervunnet st\u00e5l mugg 300ml, bl\u00e5 - Avira","og_description":"Alya dubbelv\u00e4ggig, vakuumisolerad mugg i stainless steel h\u00e5ller din dryck kyld i upp till 8 timmar och varm upp till 6 timmar. Non-slip i botten. Tillverkad av RCS (Recycled Claim Standard) certifierad \u00e5tervunnen stainless steel och \u00e5tervunnen PP. RCS certifiering s\u00e4kerst\u00e4ller en helt certifierad leveranskedja av de \u00e5tervunna materialen. Totalt \u00e5tervunnet inneh\u00e5ll: 63% baserat p\u00e5 [&hellip;]","og_url":"https:\/\/avira-reusables.com\/sv\/collection\/products\/avira-alya-rcs-re-steel-mugg-300ml-bla\/","og_site_name":"Avira","article_modified_time":"2026-04-15T23:26:59+00:00","og_image":[{"width":1024,"height":1024,"url":"https:\/\/avira-reusables.com\/wp-content\/uploads\/sites\/2\/2026\/04\/P438.025__S_0__8467cfb226374852842d4051d8aa367a.jpg","type":"image\/jpeg"}],"twitter_card":"summary_large_image","twitter_misc":{"Ber\u00e4knad l\u00e4stid":"1 minut"},"schema":{"@context":"https:\/\/schema.org","@graph":[{"@type":"WebPage","@id":"https:\/\/avira-reusables.com\/sv\/collection\/products\/avira-alya-rcs-re-steel-mugg-300ml-bla\/","url":"https:\/\/avira-reusables.com\/sv\/collection\/products\/avira-alya-rcs-re-steel-mugg-300ml-bla\/","name":"Alya RCS \u00e5tervunnet st\u00e5l mugg 300ml, bl\u00e5 - Avira","isPartOf":{"@id":"https:\/\/avira-reusables.com\/sv\/#website"},"primaryImageOfPage":{"@id":"https:\/\/avira-reusables.com\/sv\/collection\/products\/avira-alya-rcs-re-steel-mugg-300ml-bla\/#primaryimage"},"image":{"@id":"https:\/\/avira-reusables.com\/sv\/collection\/products\/avira-alya-rcs-re-steel-mugg-300ml-bla\/#primaryimage"},"thumbnailUrl":"https:\/\/avira-reusables.com\/wp-content\/uploads\/sites\/2\/2026\/04\/P438.025__S_0__8467cfb226374852842d4051d8aa367a.jpg","datePublished":"2023-01-24T08:37:01+00:00","dateModified":"2026-04-15T23:26:59+00:00","breadcrumb":{"@id":"https:\/\/avira-reusables.com\/sv\/collection\/products\/avira-alya-rcs-re-steel-mugg-300ml-bla\/#breadcrumb"},"inLanguage":"sv-SE","potentialAction":[{"@type":"ReadAction","target":["https:\/\/avira-reusables.com\/sv\/collection\/products\/avira-alya-rcs-re-steel-mugg-300ml-bla\/"]}]},{"@type":"ImageObject","inLanguage":"sv-SE","@id":"https:\/\/avira-reusables.com\/sv\/collection\/products\/avira-alya-rcs-re-steel-mugg-300ml-bla\/#primaryimage","url":"https:\/\/avira-reusables.com\/wp-content\/uploads\/sites\/2\/2026\/04\/P438.025__S_0__8467cfb226374852842d4051d8aa367a.jpg","contentUrl":"https:\/\/avira-reusables.com\/wp-content\/uploads\/sites\/2\/2026\/04\/P438.025__S_0__8467cfb226374852842d4051d8aa367a.jpg","width":1024,"height":1024},{"@type":"BreadcrumbList","@id":"https:\/\/avira-reusables.com\/sv\/collection\/products\/avira-alya-rcs-re-steel-mugg-300ml-bla\/#breadcrumb","itemListElement":[{"@type":"ListItem","position":1,"name":"Home","item":"https:\/\/avira-reusables.com\/sv\/"},{"@type":"ListItem","position":2,"name":"Samling","item":"https:\/\/avira-reusables.com\/sv\/samling\/"},{"@type":"ListItem","position":3,"name":"Alya RCS \u00e5tervunnet st\u00e5l mugg 300ml, bl\u00e5"}]},{"@type":"WebSite","@id":"https:\/\/avira-reusables.com\/sv\/#website","url":"https:\/\/avira-reusables.com\/sv\/","name":"Avira","description":"Made of 100% recycled materials","potentialAction":[{"@type":"SearchAction","target":{"@type":"EntryPoint","urlTemplate":"https:\/\/avira-reusables.com\/sv\/?s={search_term_string}"},"query-input":{"@type":"PropertyValueSpecification","valueRequired":true,"valueName":"search_term_string"}}],"inLanguage":"sv-SE"}]}},"_links":{"self":[{"href":"https:\/\/avira-reusables.com\/sv\/wp-json\/wp\/v2\/product\/4652","targetHints":{"allow":["GET"]}}],"collection":[{"href":"https:\/\/avira-reusables.com\/sv\/wp-json\/wp\/v2\/product"}],"about":[{"href":"https:\/\/avira-reusables.com\/sv\/wp-json\/wp\/v2\/types\/product"}],"wp:featuredmedia":[{"embeddable":true,"href":"https:\/\/avira-reusables.com\/sv\/wp-json\/wp\/v2\/media\/23568"}],"wp:attachment":[{"href":"https:\/\/avira-reusables.com\/sv\/wp-json\/wp\/v2\/media?parent=4652"}],"wp:term":[{"taxonomy":"product_cat","embeddable":true,"href":"https:\/\/avira-reusables.com\/sv\/wp-json\/wp\/v2\/product_cat?post=4652"},{"taxonomy":"product_tag","embeddable":true,"href":"https:\/\/avira-reusables.com\/sv\/wp-json\/wp\/v2\/product_tag?post=4652"}],"curies":[{"name":"wp","href":"https:\/\/api.w.org\/{rel}","templated":true}]}}