{"id":4917,"date":"2023-03-31T01:02:06","date_gmt":"2023-03-30T23:02:06","guid":{"rendered":"https:\/\/avira-reusables.com\/collection\/okategoriserad\/p438-06-product-variation-2\/"},"modified":"2026-04-16T01:28:32","modified_gmt":"2026-04-15T23:28:32","slug":"p438-06-product-variation-2","status":"publish","type":"product","link":"https:\/\/avira-reusables.com\/sv\/collection\/okategoriserad\/p438-06-product-variation-2\/","title":{"rendered":"Avira Alcor RCS \u00e5tervunnet st\u00e5l vattenflaska 600ml, silver"},"content":{"rendered":"<p>Avira Alcor vattenflaska i RCS-certifierat \u00e5tervunnet stainless steel \u00e4r ett p\u00e5litligt val f\u00f6r att h\u00e5lla v\u00e4tskeniv\u00e5n on-the-go. Vattenflaskan hj\u00e4lper till att minska din milj\u00f6p\u00e5verkan samtidigt som den ger l\u00e5ngvarig anv\u00e4ndning. Enkelv\u00e4ggskonstruktionen g\u00f6r att den \u00e4r l\u00e4tt och enkel att b\u00e4ra, och det l\u00e4ckages\u00e4kra locket h\u00e5ller din dryck s\u00e4ker n\u00e4r du \u00e4r p\u00e5 spr\u00e5ng. Tillverkad med RCS-certifierade (Recycled Claim Standard) \u00e5tervunna material. RCS-certifieringen garanterar en fullst\u00e4ndigt certifierad leveranskedja f\u00f6r de \u00e5tervunna materialen. Totalt \u00e5tervunnet inneh\u00e5ll: 91% baserat p\u00e5 total produktvikt. Volym: 600 ml. Inklusive FSC\u00ae-certifierad kraftf\u00f6rpackning. Kasta inte kartongen, den kan anv\u00e4ndas som mobilh\u00e5llare, pennh\u00e5llare eller varf\u00f6r inte en blomkruka! 2 % av int\u00e4kterna fr\u00e5n varje s\u00e5ld Impact-produkt doneras till Water.org.<\/p>\n","protected":false},"excerpt":{"rendered":"<p>Avira Alcor vattenflaska i RCS-certifierat \u00e5tervunnet stainless steel \u00e4r ett p\u00e5litligt val f\u00f6r att h\u00e5lla v\u00e4tskeniv\u00e5n on-the-go. Vattenflaskan hj\u00e4lper till att minska din milj\u00f6p\u00e5verkan samtidigt som den ger l\u00e5ngvarig anv\u00e4ndning. Enkelv\u00e4ggskonstruktionen g\u00f6r att den \u00e4r l\u00e4tt och enkel att b\u00e4ra, och det l\u00e4ckages\u00e4kra locket h\u00e5ller din dryck s\u00e4ker n\u00e4r du \u00e4r p\u00e5 spr\u00e5ng. Tillverkad med [&hellip;]<\/p>\n","protected":false},"featured_media":23694,"template":"","meta":{"_acf_changed":false},"product_cat":[],"product_tag":[],"class_list":["post-4917","product","type-product","status-publish","has-post-thumbnail","hentry"],"acf":[],"yoast_head":"<!-- This site is optimized with the Yoast SEO plugin v27.0 - https:\/\/yoast.com\/product\/yoast-seo-wordpress\/ -->\n<title>Avira Alcor RCS \u00e5tervunnet st\u00e5l vattenflaska 600ml, silver - Avira<\/title>\n<meta name=\"robots\" content=\"index, follow, max-snippet:-1, max-image-preview:large, max-video-preview:-1\" \/>\n<link rel=\"canonical\" href=\"https:\/\/avira-reusables.com\/sv\/collection\/okategoriserad\/p438-06-product-variation-2\/\" \/>\n<meta property=\"og:locale\" content=\"sv_SE\" \/>\n<meta property=\"og:type\" content=\"article\" \/>\n<meta property=\"og:title\" content=\"Avira Alcor RCS \u00e5tervunnet st\u00e5l vattenflaska 600ml, silver - Avira\" \/>\n<meta property=\"og:description\" content=\"Avira Alcor vattenflaska i RCS-certifierat \u00e5tervunnet stainless steel \u00e4r ett p\u00e5litligt val f\u00f6r att h\u00e5lla v\u00e4tskeniv\u00e5n on-the-go. Vattenflaskan hj\u00e4lper till att minska din milj\u00f6p\u00e5verkan samtidigt som den ger l\u00e5ngvarig anv\u00e4ndning. Enkelv\u00e4ggskonstruktionen g\u00f6r att den \u00e4r l\u00e4tt och enkel att b\u00e4ra, och det l\u00e4ckages\u00e4kra locket h\u00e5ller din dryck s\u00e4ker n\u00e4r du \u00e4r p\u00e5 spr\u00e5ng. Tillverkad med [&hellip;]\" \/>\n<meta property=\"og:url\" content=\"https:\/\/avira-reusables.com\/sv\/collection\/okategoriserad\/p438-06-product-variation-2\/\" \/>\n<meta property=\"og:site_name\" content=\"Avira\" \/>\n<meta property=\"article:modified_time\" content=\"2026-04-15T23:28:32+00:00\" \/>\n<meta property=\"og:image\" content=\"https:\/\/avira-reusables.com\/wp-content\/uploads\/sites\/2\/2026\/04\/P438.062__S_0__58443944315e436796cf664a922683b8.jpg\" \/>\n\t<meta property=\"og:image:width\" content=\"1024\" \/>\n\t<meta property=\"og:image:height\" content=\"1024\" \/>\n\t<meta property=\"og:image:type\" content=\"image\/jpeg\" \/>\n<meta name=\"twitter:card\" content=\"summary_large_image\" \/>\n<meta name=\"twitter:label1\" content=\"Ber\u00e4knad l\u00e4stid\" \/>\n\t<meta name=\"twitter:data1\" content=\"1 minut\" \/>\n<script type=\"application\/ld+json\" class=\"yoast-schema-graph\">{\"@context\":\"https:\/\/schema.org\",\"@graph\":[{\"@type\":\"WebPage\",\"@id\":\"https:\/\/avira-reusables.com\/sv\/collection\/okategoriserad\/p438-06-product-variation-2\/\",\"url\":\"https:\/\/avira-reusables.com\/sv\/collection\/okategoriserad\/p438-06-product-variation-2\/\",\"name\":\"Avira Alcor RCS \u00e5tervunnet st\u00e5l vattenflaska 600ml, silver - Avira\",\"isPartOf\":{\"@id\":\"https:\/\/avira-reusables.com\/sv\/#website\"},\"primaryImageOfPage\":{\"@id\":\"https:\/\/avira-reusables.com\/sv\/collection\/okategoriserad\/p438-06-product-variation-2\/#primaryimage\"},\"image\":{\"@id\":\"https:\/\/avira-reusables.com\/sv\/collection\/okategoriserad\/p438-06-product-variation-2\/#primaryimage\"},\"thumbnailUrl\":\"https:\/\/avira-reusables.com\/wp-content\/uploads\/sites\/2\/2026\/04\/P438.062__S_0__58443944315e436796cf664a922683b8.jpg\",\"datePublished\":\"2023-03-30T23:02:06+00:00\",\"dateModified\":\"2026-04-15T23:28:32+00:00\",\"breadcrumb\":{\"@id\":\"https:\/\/avira-reusables.com\/sv\/collection\/okategoriserad\/p438-06-product-variation-2\/#breadcrumb\"},\"inLanguage\":\"sv-SE\",\"potentialAction\":[{\"@type\":\"ReadAction\",\"target\":[\"https:\/\/avira-reusables.com\/sv\/collection\/okategoriserad\/p438-06-product-variation-2\/\"]}]},{\"@type\":\"ImageObject\",\"inLanguage\":\"sv-SE\",\"@id\":\"https:\/\/avira-reusables.com\/sv\/collection\/okategoriserad\/p438-06-product-variation-2\/#primaryimage\",\"url\":\"https:\/\/avira-reusables.com\/wp-content\/uploads\/sites\/2\/2026\/04\/P438.062__S_0__58443944315e436796cf664a922683b8.jpg\",\"contentUrl\":\"https:\/\/avira-reusables.com\/wp-content\/uploads\/sites\/2\/2026\/04\/P438.062__S_0__58443944315e436796cf664a922683b8.jpg\",\"width\":1024,\"height\":1024},{\"@type\":\"BreadcrumbList\",\"@id\":\"https:\/\/avira-reusables.com\/sv\/collection\/okategoriserad\/p438-06-product-variation-2\/#breadcrumb\",\"itemListElement\":[{\"@type\":\"ListItem\",\"position\":1,\"name\":\"Home\",\"item\":\"https:\/\/avira-reusables.com\/sv\/\"},{\"@type\":\"ListItem\",\"position\":2,\"name\":\"Samling\",\"item\":\"https:\/\/avira-reusables.com\/sv\/samling\/\"},{\"@type\":\"ListItem\",\"position\":3,\"name\":\"Avira Alcor RCS \u00e5tervunnet st\u00e5l vattenflaska 600ml, silver\"}]},{\"@type\":\"WebSite\",\"@id\":\"https:\/\/avira-reusables.com\/sv\/#website\",\"url\":\"https:\/\/avira-reusables.com\/sv\/\",\"name\":\"Avira\",\"description\":\"Made of 100% recycled materials\",\"potentialAction\":[{\"@type\":\"SearchAction\",\"target\":{\"@type\":\"EntryPoint\",\"urlTemplate\":\"https:\/\/avira-reusables.com\/sv\/?s={search_term_string}\"},\"query-input\":{\"@type\":\"PropertyValueSpecification\",\"valueRequired\":true,\"valueName\":\"search_term_string\"}}],\"inLanguage\":\"sv-SE\"}]}<\/script>\n<!-- \/ Yoast SEO plugin. -->","yoast_head_json":{"title":"Avira Alcor RCS \u00e5tervunnet st\u00e5l vattenflaska 600ml, silver - Avira","robots":{"index":"index","follow":"follow","max-snippet":"max-snippet:-1","max-image-preview":"max-image-preview:large","max-video-preview":"max-video-preview:-1"},"canonical":"https:\/\/avira-reusables.com\/sv\/collection\/okategoriserad\/p438-06-product-variation-2\/","og_locale":"sv_SE","og_type":"article","og_title":"Avira Alcor RCS \u00e5tervunnet st\u00e5l vattenflaska 600ml, silver - Avira","og_description":"Avira Alcor vattenflaska i RCS-certifierat \u00e5tervunnet stainless steel \u00e4r ett p\u00e5litligt val f\u00f6r att h\u00e5lla v\u00e4tskeniv\u00e5n on-the-go. Vattenflaskan hj\u00e4lper till att minska din milj\u00f6p\u00e5verkan samtidigt som den ger l\u00e5ngvarig anv\u00e4ndning. Enkelv\u00e4ggskonstruktionen g\u00f6r att den \u00e4r l\u00e4tt och enkel att b\u00e4ra, och det l\u00e4ckages\u00e4kra locket h\u00e5ller din dryck s\u00e4ker n\u00e4r du \u00e4r p\u00e5 spr\u00e5ng. Tillverkad med [&hellip;]","og_url":"https:\/\/avira-reusables.com\/sv\/collection\/okategoriserad\/p438-06-product-variation-2\/","og_site_name":"Avira","article_modified_time":"2026-04-15T23:28:32+00:00","og_image":[{"width":1024,"height":1024,"url":"https:\/\/avira-reusables.com\/wp-content\/uploads\/sites\/2\/2026\/04\/P438.062__S_0__58443944315e436796cf664a922683b8.jpg","type":"image\/jpeg"}],"twitter_card":"summary_large_image","twitter_misc":{"Ber\u00e4knad l\u00e4stid":"1 minut"},"schema":{"@context":"https:\/\/schema.org","@graph":[{"@type":"WebPage","@id":"https:\/\/avira-reusables.com\/sv\/collection\/okategoriserad\/p438-06-product-variation-2\/","url":"https:\/\/avira-reusables.com\/sv\/collection\/okategoriserad\/p438-06-product-variation-2\/","name":"Avira Alcor RCS \u00e5tervunnet st\u00e5l vattenflaska 600ml, silver - Avira","isPartOf":{"@id":"https:\/\/avira-reusables.com\/sv\/#website"},"primaryImageOfPage":{"@id":"https:\/\/avira-reusables.com\/sv\/collection\/okategoriserad\/p438-06-product-variation-2\/#primaryimage"},"image":{"@id":"https:\/\/avira-reusables.com\/sv\/collection\/okategoriserad\/p438-06-product-variation-2\/#primaryimage"},"thumbnailUrl":"https:\/\/avira-reusables.com\/wp-content\/uploads\/sites\/2\/2026\/04\/P438.062__S_0__58443944315e436796cf664a922683b8.jpg","datePublished":"2023-03-30T23:02:06+00:00","dateModified":"2026-04-15T23:28:32+00:00","breadcrumb":{"@id":"https:\/\/avira-reusables.com\/sv\/collection\/okategoriserad\/p438-06-product-variation-2\/#breadcrumb"},"inLanguage":"sv-SE","potentialAction":[{"@type":"ReadAction","target":["https:\/\/avira-reusables.com\/sv\/collection\/okategoriserad\/p438-06-product-variation-2\/"]}]},{"@type":"ImageObject","inLanguage":"sv-SE","@id":"https:\/\/avira-reusables.com\/sv\/collection\/okategoriserad\/p438-06-product-variation-2\/#primaryimage","url":"https:\/\/avira-reusables.com\/wp-content\/uploads\/sites\/2\/2026\/04\/P438.062__S_0__58443944315e436796cf664a922683b8.jpg","contentUrl":"https:\/\/avira-reusables.com\/wp-content\/uploads\/sites\/2\/2026\/04\/P438.062__S_0__58443944315e436796cf664a922683b8.jpg","width":1024,"height":1024},{"@type":"BreadcrumbList","@id":"https:\/\/avira-reusables.com\/sv\/collection\/okategoriserad\/p438-06-product-variation-2\/#breadcrumb","itemListElement":[{"@type":"ListItem","position":1,"name":"Home","item":"https:\/\/avira-reusables.com\/sv\/"},{"@type":"ListItem","position":2,"name":"Samling","item":"https:\/\/avira-reusables.com\/sv\/samling\/"},{"@type":"ListItem","position":3,"name":"Avira Alcor RCS \u00e5tervunnet st\u00e5l vattenflaska 600ml, silver"}]},{"@type":"WebSite","@id":"https:\/\/avira-reusables.com\/sv\/#website","url":"https:\/\/avira-reusables.com\/sv\/","name":"Avira","description":"Made of 100% recycled materials","potentialAction":[{"@type":"SearchAction","target":{"@type":"EntryPoint","urlTemplate":"https:\/\/avira-reusables.com\/sv\/?s={search_term_string}"},"query-input":{"@type":"PropertyValueSpecification","valueRequired":true,"valueName":"search_term_string"}}],"inLanguage":"sv-SE"}]}},"_links":{"self":[{"href":"https:\/\/avira-reusables.com\/sv\/wp-json\/wp\/v2\/product\/4917","targetHints":{"allow":["GET"]}}],"collection":[{"href":"https:\/\/avira-reusables.com\/sv\/wp-json\/wp\/v2\/product"}],"about":[{"href":"https:\/\/avira-reusables.com\/sv\/wp-json\/wp\/v2\/types\/product"}],"wp:featuredmedia":[{"embeddable":true,"href":"https:\/\/avira-reusables.com\/sv\/wp-json\/wp\/v2\/media\/23694"}],"wp:attachment":[{"href":"https:\/\/avira-reusables.com\/sv\/wp-json\/wp\/v2\/media?parent=4917"}],"wp:term":[{"taxonomy":"product_cat","embeddable":true,"href":"https:\/\/avira-reusables.com\/sv\/wp-json\/wp\/v2\/product_cat?post=4917"},{"taxonomy":"product_tag","embeddable":true,"href":"https:\/\/avira-reusables.com\/sv\/wp-json\/wp\/v2\/product_tag?post=4917"}],"curies":[{"name":"wp","href":"https:\/\/api.w.org\/{rel}","templated":true}]}}